{"id":36,"date":"2016-03-17T23:05:51","date_gmt":"2016-03-17T22:05:51","guid":{"rendered":"https:\/\/bonifratrzy.pl\/zaklad-aktywnosci-zawodowej\/?page_id=36"},"modified":"2022-06-28T12:52:06","modified_gmt":"2022-06-28T10:52:06","slug":"o-nas","status":"publish","type":"page","link":"https:\/\/bonifratrzy.pl\/zaklad-aktywnosci-zawodowej\/","title":{"rendered":"O nas"},"content":{"rendered":"<p>Zak\u0142ad Aktywno\u015bci Zawodowej zosta\u0142 utworzony przez Konwent Bonifratr\u00f3w w Konarach w maju 2004 r. Poniewa\u017c Konwent znajduje si\u0119 w posiadaniu 36 ha gospodarstwa rolnego, profil dzia\u0142alno\u015bci ZAZ \u015bci\u015ble zwi\u0105zany jest z prac\u0105 w gospodarstwie rolnym.<\/p>\n<p>Pierwotnie w ZAZ zatrudnienie znalaz\u0142o 15 os\u00f3b niepe\u0142nosprawnych, obecnie natomiast pracuje w nim 31 os\u00f3b z orzeczonym znacznym lub umiarkowanym stopniem niepe\u0142nosprawno\u015bci, z czego 8 kobiet oraz 22 m\u0119\u017cczyzn. 22 osoby zaliczane s\u0105 do znacznego stopnia niepe\u0142nosprawno\u015bci, natomiast 9 os\u00f3b posiada orzeczenie o stopniu umiarkowanym. W\u015br\u00f3d os\u00f3b ze znacznym stopniem niepe\u0142nosprawno\u015bci 18 posiada chorob\u0119 psychiczn\u0105 lub umys\u0142ow\u0105, natomiast 4 osoby niepe\u0142nosprawno\u015b\u0107 ruchow\u0105. Osoby z umiarkowanym stopniem niepe\u0142nosprawno\u015bci posiadaj\u0105 schorzenia psychiczne lub umys\u0142owe.<\/p>\n<p>&nbsp;<\/p>\n","protected":false},"excerpt":{"rendered":"<p>Zak\u0142ad Aktywno\u015bci Zawodowej zosta\u0142 utworzony przez Konwent Bonifratr\u00f3w w Konarach w maju 2004 r. Poniewa\u017c Konwent znajduje si\u0119 w posiadaniu 36 ha gospodarstwa rolnego, profil dzia\u0142alno\u015bci ZAZ \u015bci\u015ble zwi\u0105zany jest z prac\u0105 w gospodarstwie rolnym. Pierwotnie w ZAZ zatrudnienie znalaz\u0142o 15 os\u00f3b niepe\u0142nosprawnych, obecnie natomiast pracuje w nim 31 os\u00f3b z orzeczonym znacznym lub umiarkowanym [&hellip;]<\/p>\n","protected":false},"author":1,"featured_media":0,"parent":0,"menu_order":0,"comment_status":"closed","ping_status":"closed","template":"page-home.php","meta":{"footnotes":""},"_links":{"self":[{"href":"https:\/\/bonifratrzy.pl\/zaklad-aktywnosci-zawodowej\/wp-json\/wp\/v2\/pages\/36"}],"collection":[{"href":"https:\/\/bonifratrzy.pl\/zaklad-aktywnosci-zawodowej\/wp-json\/wp\/v2\/pages"}],"about":[{"href":"https:\/\/bonifratrzy.pl\/zaklad-aktywnosci-zawodowej\/wp-json\/wp\/v2\/types\/page"}],"author":[{"embeddable":true,"href":"https:\/\/bonifratrzy.pl\/zaklad-aktywnosci-zawodowej\/wp-json\/wp\/v2\/users\/1"}],"replies":[{"embeddable":true,"href":"https:\/\/bonifratrzy.pl\/zaklad-aktywnosci-zawodowej\/wp-json\/wp\/v2\/comments?post=36"}],"version-history":[{"count":1,"href":"https:\/\/bonifratrzy.pl\/zaklad-aktywnosci-zawodowej\/wp-json\/wp\/v2\/pages\/36\/revisions"}],"predecessor-version":[{"id":115,"href":"https:\/\/bonifratrzy.pl\/zaklad-aktywnosci-zawodowej\/wp-json\/wp\/v2\/pages\/36\/revisions\/115"}],"wp:attachment":[{"href":"https:\/\/bonifratrzy.pl\/zaklad-aktywnosci-zawodowej\/wp-json\/wp\/v2\/media?parent=36"}],"curies":[{"name":"wp","href":"https:\/\/api.w.org\/{rel}","templated":true}]}}