{"id":83,"date":"2020-12-08T23:48:02","date_gmt":"2020-12-08T22:48:02","guid":{"rendered":"https:\/\/bonifratrzy.pl\/wtz-zebrzydowice\/?page_id=83"},"modified":"2020-12-08T23:48:02","modified_gmt":"2020-12-08T22:48:02","slug":"zasady-przyjecia","status":"publish","type":"page","link":"https:\/\/bonifratrzy.pl\/wtz-zebrzydowice\/zasady-przyjecia\/","title":{"rendered":"Zasady przyj\u0119cia"},"content":{"rendered":"<p><strong>KROK 1:<\/strong><br \/>\nPowiniene\u015b posiada\u0107 orzeczenie o stopniu niepe\u0142nosprawno\u015bci ze wskazaniem do uczestnictwa w Warsztacie Terapii\u00a0Zaj\u0119ciowej \u00a0(wydane przez Zesp\u00f3\u0142 ds. Orzekania o stopniu niepe\u0142nosprawno\u015bci).<\/p>\n<p><strong>KROK 2:<\/strong><br \/>\nPowiniene\u015b by\u0107 zameldowany w powiecie wadowickim.<\/p>\n<p><strong>KROK 3:<\/strong><br \/>\nMusisz mie\u0107 uko\u0144czony 18 rok \u017cycia.<\/p>\n<p><strong>KROK 4:\u00a0<\/strong><br \/>\nZg\u0142o\u015b ch\u0119\u0107 uczestnictwa w Warsztatach Terapii Zaj\u0119ciowej kierownikowi o\u015brodka, kt\u00f3ry umie\u015bci Ci\u0119 na li\u015bcie os\u00f3b oczekujacych do uczestnictwa w WTZ (podanie z\u0142\u00f3\u017c w biurze WTZ).<\/p>\n<p><strong>KROK 5:<\/strong><br \/>\nJe\u015bli masz ochot\u0119 przyjd\u017a do nas i zobacz, jak pracujemy.<\/p>\n<p><strong>KROK 6:\u00a0<\/strong><br \/>\nDobrej pracy\u00a0w naszym warsztacie!<\/p>\n<p>&nbsp;<\/p>\n<p><strong>W PRZYPADKU\u00a0JAKICHKOLWIEK PYTA\u0143 PROSIMY O KONTAKT TELEFONICZNY Z NASZYM KIEROWNIKIEM: 33 876\u00a048 96<\/strong><\/p>\n","protected":false},"excerpt":{"rendered":"<p>KROK 1: Powiniene\u015b posiada\u0107 orzeczenie o stopniu niepe\u0142nosprawno\u015bci ze wskazaniem do uczestnictwa w Warsztacie Terapii\u00a0Zaj\u0119ciowej \u00a0(wydane przez Zesp\u00f3\u0142 ds. Orzekania o stopniu niepe\u0142nosprawno\u015bci). KROK 2: Powiniene\u015b by\u0107 zameldowany w powiecie wadowickim. KROK 3: Musisz mie\u0107 uko\u0144czony 18 rok \u017cycia. KROK 4:\u00a0 Zg\u0142o\u015b ch\u0119\u0107 uczestnictwa w Warsztatach Terapii Zaj\u0119ciowej kierownikowi o\u015brodka, kt\u00f3ry umie\u015bci Ci\u0119 na li\u015bcie [&hellip;]<\/p>\n","protected":false},"author":1,"featured_media":0,"parent":0,"menu_order":0,"comment_status":"closed","ping_status":"closed","template":"","meta":{"footnotes":""},"_links":{"self":[{"href":"https:\/\/bonifratrzy.pl\/wtz-zebrzydowice\/wp-json\/wp\/v2\/pages\/83"}],"collection":[{"href":"https:\/\/bonifratrzy.pl\/wtz-zebrzydowice\/wp-json\/wp\/v2\/pages"}],"about":[{"href":"https:\/\/bonifratrzy.pl\/wtz-zebrzydowice\/wp-json\/wp\/v2\/types\/page"}],"author":[{"embeddable":true,"href":"https:\/\/bonifratrzy.pl\/wtz-zebrzydowice\/wp-json\/wp\/v2\/users\/1"}],"replies":[{"embeddable":true,"href":"https:\/\/bonifratrzy.pl\/wtz-zebrzydowice\/wp-json\/wp\/v2\/comments?post=83"}],"version-history":[{"count":1,"href":"https:\/\/bonifratrzy.pl\/wtz-zebrzydowice\/wp-json\/wp\/v2\/pages\/83\/revisions"}],"predecessor-version":[{"id":84,"href":"https:\/\/bonifratrzy.pl\/wtz-zebrzydowice\/wp-json\/wp\/v2\/pages\/83\/revisions\/84"}],"wp:attachment":[{"href":"https:\/\/bonifratrzy.pl\/wtz-zebrzydowice\/wp-json\/wp\/v2\/media?parent=83"}],"curies":[{"name":"wp","href":"https:\/\/api.w.org\/{rel}","templated":true}]}}