{"id":64,"date":"2020-12-08T23:43:08","date_gmt":"2020-12-08T22:43:08","guid":{"rendered":"https:\/\/bonifratrzy.pl\/wtz-zebrzydowice\/?page_id=64"},"modified":"2020-12-08T23:43:08","modified_gmt":"2020-12-08T22:43:08","slug":"pracownia-komputerowa","status":"publish","type":"page","link":"https:\/\/bonifratrzy.pl\/wtz-zebrzydowice\/pracownie\/pracownia-komputerowa\/","title":{"rendered":"Pracownia komputerowa"},"content":{"rendered":"<p>Pracownia technik multimedialnych \u2013 to najm\u0142odsza spo\u015br\u00f3d wszystkich pracowni. Obecnie prowadzi j\u0105 Pani Kamila. Podczas zaj\u0119\u0107 uczestnicy ucz\u0105 si\u0119 obs\u0142ugi komputera, poznaj\u0105 programy informatyczne, korzystaj\u0105 z Internetu. Krok po kroku zapoznaj\u0105 si\u0119 tak\u017ce z dzia\u0142aniem takich urz\u0105dze\u0144 jak: drukarka, skaner, aparat fotograficzny itp.<\/p>\n<p>W tym miejscu komputer staje si\u0119 narz\u0119dziem, za pomoc\u0105 kt\u00f3rego osoby niepe\u0142nosprawne mog\u0105 zdobywa\u0107 wiedz\u0119 o \u015bwiecie i ciekawie j\u0105 przetwarza\u0107. Od niedawna prowadzimy internetowego bloga (&#x77;&#116;&#x7a;&#x7a;&#101;&#x62;&#x72;&#122;&#x79;&#x64;&#111;&#x77;&#x69;c&#x65;&#x40;b&#x6c;&#111;g&#x73;&#112;o&#x74;&#46;c&#x6f;&#109;) oraz redagujemy kwartalnik \u201eMi\u0119ta\u201d. Istotnym zadaniem tej pracowni jest tak\u017ce aktywizacja zawodowa os\u00f3b niepe\u0142nosprawnych. Komputer wykorzystujemy wi\u0119c na przyk\u0142ad podczas nauki pisania CV, odwiedzania portali pracy, tworzenia poczty e-mail.<\/p>\n<div id=\"envira-gallery-wrap-67\" class=\"envira-gallery-wrap envira-gallery-theme-base envira-lightbox-theme-base\" itemscope itemtype=\"https:\/\/schema.org\/ImageGallery\"><div data-row-height=\"\" data-gallery-theme=\"\" id=\"envira-gallery-67\" class=\"envira-gallery-public  envira-gallery-4-columns envira-clear enviratope envira-gallery-css-animations\" data-envira-columns=\"4\"><div id=\"envira-gallery-item-72\" class=\"envira-gallery-item enviratope-item envira-gallery-item-1 envira-lazy-load\" style=\"padding-left: 5px; padding-bottom: 10px; padding-right: 5px;\"  itemscope itemtype=\"https:\/\/schema.org\/ImageObject\"><div class=\"envira-gallery-item-inner\"><div class=\"envira-gallery-position-overlay  envira-gallery-top-left\"><\/div><div class=\"envira-gallery-position-overlay  envira-gallery-top-right\"><\/div><div class=\"envira-gallery-position-overlay  envira-gallery-bottom-left\"><\/div><div class=\"envira-gallery-position-overlay  envira-gallery-bottom-right\"><\/div><a href=\"https:\/\/bonifratrzy.pl\/wtz-zebrzydowice\/wp-content\/uploads\/sites\/54\/2020\/12\/b_b_19.jpg\" class=\"envira-gallery-67 envira-gallery-link\" rel=\"enviragallery67\" title=\"\" data-envira-caption=\"\" data-envira-retina=\"\" data-thumbnail=\"\"  itemprop=\"contentUrl\"><div class=\"envira-lazy\" data-test-width=\"640\" data-test-height=\"480\" style=\"padding-bottom:75%;\"><img decoding=\"async\" id=\"envira-gallery-image-72\" class=\"envira-gallery-image envira-gallery-image-1\" data-envira-index=\"1\" src=\"https:\/\/bonifratrzy.pl\/wtz-zebrzydowice\/wp-content\/uploads\/sites\/54\/2020\/12\/b_b_19-640x480_c.jpg\" data-envira-src=\"https:\/\/bonifratrzy.pl\/wtz-zebrzydowice\/wp-content\/uploads\/sites\/54\/2020\/12\/b_b_19-640x480_c.jpg\" data-envira-gallery-id=\"67\" data-envira-item-id=\"72\" data-envira-caption=\"\" alt=\"\" title=\"\"  itemprop=\"thumbnailUrl\" data-envira-srcset=\"https:\/\/bonifratrzy.pl\/wtz-zebrzydowice\/wp-content\/uploads\/sites\/54\/2020\/12\/b_b_19-640x480_c.jpg 400w,https:\/\/bonifratrzy.pl\/wtz-zebrzydowice\/wp-content\/uploads\/sites\/54\/2020\/12\/b_b_19-640x480_c.jpg 2x\" srcset=\"data:image\/gif;base64,R0lGODlhAQABAIAAAP\/\/\/\/\/\/\/yH5BAEKAAEALAAAAAABAAEAAAICTAEAOw==\" \/><\/div><\/a><\/div><\/div><div id=\"envira-gallery-item-71\" class=\"envira-gallery-item enviratope-item envira-gallery-item-2 envira-lazy-load\" style=\"padding-left: 5px; padding-bottom: 10px; padding-right: 5px;\"  itemscope itemtype=\"https:\/\/schema.org\/ImageObject\"><div class=\"envira-gallery-item-inner\"><div class=\"envira-gallery-position-overlay  envira-gallery-top-left\"><\/div><div class=\"envira-gallery-position-overlay  envira-gallery-top-right\"><\/div><div class=\"envira-gallery-position-overlay  envira-gallery-bottom-left\"><\/div><div class=\"envira-gallery-position-overlay  envira-gallery-bottom-right\"><\/div><a href=\"https:\/\/bonifratrzy.pl\/wtz-zebrzydowice\/wp-content\/uploads\/sites\/54\/2020\/12\/b_b_18.jpg\" class=\"envira-gallery-67 envira-gallery-link\" rel=\"enviragallery67\" title=\"\" data-envira-caption=\"\" data-envira-retina=\"\" data-thumbnail=\"\"  itemprop=\"contentUrl\"><div class=\"envira-lazy\" data-test-width=\"640\" data-test-height=\"480\" style=\"padding-bottom:75%;\"><img decoding=\"async\" id=\"envira-gallery-image-71\" class=\"envira-gallery-image envira-gallery-image-2\" data-envira-index=\"2\" src=\"https:\/\/bonifratrzy.pl\/wtz-zebrzydowice\/wp-content\/uploads\/sites\/54\/2020\/12\/b_b_18-640x480_c.jpg\" data-envira-src=\"https:\/\/bonifratrzy.pl\/wtz-zebrzydowice\/wp-content\/uploads\/sites\/54\/2020\/12\/b_b_18-640x480_c.jpg\" data-envira-gallery-id=\"67\" data-envira-item-id=\"71\" data-envira-caption=\"\" alt=\"\" title=\"\"  itemprop=\"thumbnailUrl\" data-envira-srcset=\"https:\/\/bonifratrzy.pl\/wtz-zebrzydowice\/wp-content\/uploads\/sites\/54\/2020\/12\/b_b_18-640x480_c.jpg 400w,https:\/\/bonifratrzy.pl\/wtz-zebrzydowice\/wp-content\/uploads\/sites\/54\/2020\/12\/b_b_18-640x480_c.jpg 2x\" srcset=\"data:image\/gif;base64,R0lGODlhAQABAIAAAP\/\/\/\/\/\/\/yH5BAEKAAEALAAAAAABAAEAAAICTAEAOw==\" \/><\/div><\/a><\/div><\/div><div id=\"envira-gallery-item-70\" class=\"envira-gallery-item enviratope-item envira-gallery-item-3 envira-lazy-load\" style=\"padding-left: 5px; padding-bottom: 10px; padding-right: 5px;\"  itemscope itemtype=\"https:\/\/schema.org\/ImageObject\"><div class=\"envira-gallery-item-inner\"><div class=\"envira-gallery-position-overlay  envira-gallery-top-left\"><\/div><div class=\"envira-gallery-position-overlay  envira-gallery-top-right\"><\/div><div class=\"envira-gallery-position-overlay  envira-gallery-bottom-left\"><\/div><div class=\"envira-gallery-position-overlay  envira-gallery-bottom-right\"><\/div><a href=\"https:\/\/bonifratrzy.pl\/wtz-zebrzydowice\/wp-content\/uploads\/sites\/54\/2020\/12\/b_b_17.jpg\" class=\"envira-gallery-67 envira-gallery-link\" rel=\"enviragallery67\" title=\"\" data-envira-caption=\"\" data-envira-retina=\"\" data-thumbnail=\"\"  itemprop=\"contentUrl\"><div class=\"envira-lazy\" data-test-width=\"640\" data-test-height=\"480\" style=\"padding-bottom:75%;\"><img decoding=\"async\" id=\"envira-gallery-image-70\" class=\"envira-gallery-image envira-gallery-image-3\" data-envira-index=\"3\" src=\"https:\/\/bonifratrzy.pl\/wtz-zebrzydowice\/wp-content\/uploads\/sites\/54\/2020\/12\/b_b_17-640x480_c.jpg\" data-envira-src=\"https:\/\/bonifratrzy.pl\/wtz-zebrzydowice\/wp-content\/uploads\/sites\/54\/2020\/12\/b_b_17-640x480_c.jpg\" data-envira-gallery-id=\"67\" data-envira-item-id=\"70\" data-envira-caption=\"\" alt=\"\" title=\"\"  itemprop=\"thumbnailUrl\" data-envira-srcset=\"https:\/\/bonifratrzy.pl\/wtz-zebrzydowice\/wp-content\/uploads\/sites\/54\/2020\/12\/b_b_17-640x480_c.jpg 400w,https:\/\/bonifratrzy.pl\/wtz-zebrzydowice\/wp-content\/uploads\/sites\/54\/2020\/12\/b_b_17-640x480_c.jpg 2x\" srcset=\"data:image\/gif;base64,R0lGODlhAQABAIAAAP\/\/\/\/\/\/\/yH5BAEKAAEALAAAAAABAAEAAAICTAEAOw==\" \/><\/div><\/a><\/div><\/div><div id=\"envira-gallery-item-69\" class=\"envira-gallery-item enviratope-item envira-gallery-item-4 envira-lazy-load\" style=\"padding-left: 5px; padding-bottom: 10px; padding-right: 5px;\"  itemscope itemtype=\"https:\/\/schema.org\/ImageObject\"><div class=\"envira-gallery-item-inner\"><div class=\"envira-gallery-position-overlay  envira-gallery-top-left\"><\/div><div class=\"envira-gallery-position-overlay  envira-gallery-top-right\"><\/div><div class=\"envira-gallery-position-overlay  envira-gallery-bottom-left\"><\/div><div class=\"envira-gallery-position-overlay  envira-gallery-bottom-right\"><\/div><a href=\"https:\/\/bonifratrzy.pl\/wtz-zebrzydowice\/wp-content\/uploads\/sites\/54\/2020\/12\/b_b_16.jpg\" class=\"envira-gallery-67 envira-gallery-link\" rel=\"enviragallery67\" title=\"\" data-envira-caption=\"\" data-envira-retina=\"\" data-thumbnail=\"\"  itemprop=\"contentUrl\"><div class=\"envira-lazy\" data-test-width=\"640\" data-test-height=\"480\" style=\"padding-bottom:75%;\"><img decoding=\"async\" id=\"envira-gallery-image-69\" class=\"envira-gallery-image envira-gallery-image-4\" data-envira-index=\"4\" src=\"https:\/\/bonifratrzy.pl\/wtz-zebrzydowice\/wp-content\/uploads\/sites\/54\/2020\/12\/b_b_16-640x480_c.jpg\" data-envira-src=\"https:\/\/bonifratrzy.pl\/wtz-zebrzydowice\/wp-content\/uploads\/sites\/54\/2020\/12\/b_b_16-640x480_c.jpg\" data-envira-gallery-id=\"67\" data-envira-item-id=\"69\" data-envira-caption=\"\" alt=\"\" title=\"\"  itemprop=\"thumbnailUrl\" data-envira-srcset=\"https:\/\/bonifratrzy.pl\/wtz-zebrzydowice\/wp-content\/uploads\/sites\/54\/2020\/12\/b_b_16-640x480_c.jpg 400w,https:\/\/bonifratrzy.pl\/wtz-zebrzydowice\/wp-content\/uploads\/sites\/54\/2020\/12\/b_b_16-640x480_c.jpg 2x\" srcset=\"data:image\/gif;base64,R0lGODlhAQABAIAAAP\/\/\/\/\/\/\/yH5BAEKAAEALAAAAAABAAEAAAICTAEAOw==\" \/><\/div><\/a><\/div><\/div><div id=\"envira-gallery-item-68\" class=\"envira-gallery-item enviratope-item envira-gallery-item-5 envira-lazy-load\" style=\"padding-left: 5px; padding-bottom: 10px; padding-right: 5px;\"  itemscope itemtype=\"https:\/\/schema.org\/ImageObject\"><div class=\"envira-gallery-item-inner\"><div class=\"envira-gallery-position-overlay  envira-gallery-top-left\"><\/div><div class=\"envira-gallery-position-overlay  envira-gallery-top-right\"><\/div><div class=\"envira-gallery-position-overlay  envira-gallery-bottom-left\"><\/div><div class=\"envira-gallery-position-overlay  envira-gallery-bottom-right\"><\/div><a href=\"https:\/\/bonifratrzy.pl\/wtz-zebrzydowice\/wp-content\/uploads\/sites\/54\/2020\/12\/b_b_14.jpg\" class=\"envira-gallery-67 envira-gallery-link\" rel=\"enviragallery67\" title=\"\" data-envira-caption=\"\" data-envira-retina=\"\" data-thumbnail=\"\"  itemprop=\"contentUrl\"><div class=\"envira-lazy\" data-test-width=\"640\" data-test-height=\"480\" style=\"padding-bottom:75%;\"><img decoding=\"async\" id=\"envira-gallery-image-68\" class=\"envira-gallery-image envira-gallery-image-5\" data-envira-index=\"5\" src=\"https:\/\/bonifratrzy.pl\/wtz-zebrzydowice\/wp-content\/uploads\/sites\/54\/2020\/12\/b_b_14-640x480_c.jpg\" data-envira-src=\"https:\/\/bonifratrzy.pl\/wtz-zebrzydowice\/wp-content\/uploads\/sites\/54\/2020\/12\/b_b_14-640x480_c.jpg\" data-envira-gallery-id=\"67\" data-envira-item-id=\"68\" data-envira-caption=\"\" alt=\"\" title=\"\"  itemprop=\"thumbnailUrl\" data-envira-srcset=\"https:\/\/bonifratrzy.pl\/wtz-zebrzydowice\/wp-content\/uploads\/sites\/54\/2020\/12\/b_b_14-640x480_c.jpg 400w,https:\/\/bonifratrzy.pl\/wtz-zebrzydowice\/wp-content\/uploads\/sites\/54\/2020\/12\/b_b_14-640x480_c.jpg 2x\" srcset=\"data:image\/gif;base64,R0lGODlhAQABAIAAAP\/\/\/\/\/\/\/yH5BAEKAAEALAAAAAABAAEAAAICTAEAOw==\" \/><\/div><\/a><\/div><\/div><div id=\"envira-gallery-item-66\" class=\"envira-gallery-item enviratope-item envira-gallery-item-6 envira-lazy-load\" style=\"padding-left: 5px; padding-bottom: 10px; padding-right: 5px;\"  itemscope itemtype=\"https:\/\/schema.org\/ImageObject\"><div class=\"envira-gallery-item-inner\"><div class=\"envira-gallery-position-overlay  envira-gallery-top-left\"><\/div><div class=\"envira-gallery-position-overlay  envira-gallery-top-right\"><\/div><div class=\"envira-gallery-position-overlay  envira-gallery-bottom-left\"><\/div><div class=\"envira-gallery-position-overlay  envira-gallery-bottom-right\"><\/div><a href=\"https:\/\/bonifratrzy.pl\/wtz-zebrzydowice\/wp-content\/uploads\/sites\/54\/2020\/12\/b_b_2_nr_miety01.jpg\" class=\"envira-gallery-67 envira-gallery-link\" rel=\"enviragallery67\" title=\"\" data-envira-caption=\"\" data-envira-retina=\"\" data-thumbnail=\"\"  itemprop=\"contentUrl\"><div class=\"envira-lazy\" data-test-width=\"640\" data-test-height=\"480\" style=\"padding-bottom:75%;\"><img decoding=\"async\" id=\"envira-gallery-image-66\" class=\"envira-gallery-image envira-gallery-image-6\" data-envira-index=\"6\" src=\"https:\/\/bonifratrzy.pl\/wtz-zebrzydowice\/wp-content\/uploads\/sites\/54\/2020\/12\/b_b_2_nr_miety01-640x480_c.jpg\" data-envira-src=\"https:\/\/bonifratrzy.pl\/wtz-zebrzydowice\/wp-content\/uploads\/sites\/54\/2020\/12\/b_b_2_nr_miety01-640x480_c.jpg\" data-envira-gallery-id=\"67\" data-envira-item-id=\"66\" data-envira-caption=\"\" alt=\"\" title=\"\"  itemprop=\"thumbnailUrl\" data-envira-srcset=\"https:\/\/bonifratrzy.pl\/wtz-zebrzydowice\/wp-content\/uploads\/sites\/54\/2020\/12\/b_b_2_nr_miety01-640x480_c.jpg 400w,https:\/\/bonifratrzy.pl\/wtz-zebrzydowice\/wp-content\/uploads\/sites\/54\/2020\/12\/b_b_2_nr_miety01-640x480_c.jpg 2x\" srcset=\"data:image\/gif;base64,R0lGODlhAQABAIAAAP\/\/\/\/\/\/\/yH5BAEKAAEALAAAAAABAAEAAAICTAEAOw==\" \/><\/div><\/a><\/div><\/div><div id=\"envira-gallery-item-65\" class=\"envira-gallery-item enviratope-item envira-gallery-item-7 envira-lazy-load\" style=\"padding-left: 5px; padding-bottom: 10px; padding-right: 5px;\"  itemscope itemtype=\"https:\/\/schema.org\/ImageObject\"><div class=\"envira-gallery-item-inner\"><div class=\"envira-gallery-position-overlay  envira-gallery-top-left\"><\/div><div class=\"envira-gallery-position-overlay  envira-gallery-top-right\"><\/div><div class=\"envira-gallery-position-overlay  envira-gallery-bottom-left\"><\/div><div class=\"envira-gallery-position-overlay  envira-gallery-bottom-right\"><\/div><a href=\"https:\/\/bonifratrzy.pl\/wtz-zebrzydowice\/wp-content\/uploads\/sites\/54\/2020\/12\/b_b_20.jpg\" class=\"envira-gallery-67 envira-gallery-link\" rel=\"enviragallery67\" title=\"\" data-envira-caption=\"\" data-envira-retina=\"\" data-thumbnail=\"\"  itemprop=\"contentUrl\"><div class=\"envira-lazy\" data-test-width=\"640\" data-test-height=\"480\" style=\"padding-bottom:75%;\"><img decoding=\"async\" id=\"envira-gallery-image-65\" class=\"envira-gallery-image envira-gallery-image-7\" data-envira-index=\"7\" src=\"https:\/\/bonifratrzy.pl\/wtz-zebrzydowice\/wp-content\/uploads\/sites\/54\/2020\/12\/b_b_20-640x480_c.jpg\" data-envira-src=\"https:\/\/bonifratrzy.pl\/wtz-zebrzydowice\/wp-content\/uploads\/sites\/54\/2020\/12\/b_b_20-640x480_c.jpg\" data-envira-gallery-id=\"67\" data-envira-item-id=\"65\" data-envira-caption=\"\" alt=\"\" title=\"\"  itemprop=\"thumbnailUrl\" data-envira-srcset=\"https:\/\/bonifratrzy.pl\/wtz-zebrzydowice\/wp-content\/uploads\/sites\/54\/2020\/12\/b_b_20-640x480_c.jpg 400w,https:\/\/bonifratrzy.pl\/wtz-zebrzydowice\/wp-content\/uploads\/sites\/54\/2020\/12\/b_b_20-640x480_c.jpg 2x\" srcset=\"data:image\/gif;base64,R0lGODlhAQABAIAAAP\/\/\/\/\/\/\/yH5BAEKAAEALAAAAAABAAEAAAICTAEAOw==\" \/><\/div><\/a><\/div><\/div><\/div><\/div><noscript><img decoding=\"async\" src=\"https:\/\/bonifratrzy.pl\/wtz-zebrzydowice\/wp-content\/uploads\/sites\/54\/2020\/12\/b_b_19.jpg\" alt=\"\" \/><img decoding=\"async\" src=\"https:\/\/bonifratrzy.pl\/wtz-zebrzydowice\/wp-content\/uploads\/sites\/54\/2020\/12\/b_b_18.jpg\" alt=\"\" \/><img decoding=\"async\" src=\"https:\/\/bonifratrzy.pl\/wtz-zebrzydowice\/wp-content\/uploads\/sites\/54\/2020\/12\/b_b_17.jpg\" alt=\"\" \/><img decoding=\"async\" src=\"https:\/\/bonifratrzy.pl\/wtz-zebrzydowice\/wp-content\/uploads\/sites\/54\/2020\/12\/b_b_16.jpg\" alt=\"\" \/><img decoding=\"async\" src=\"https:\/\/bonifratrzy.pl\/wtz-zebrzydowice\/wp-content\/uploads\/sites\/54\/2020\/12\/b_b_14.jpg\" alt=\"\" \/><img decoding=\"async\" src=\"https:\/\/bonifratrzy.pl\/wtz-zebrzydowice\/wp-content\/uploads\/sites\/54\/2020\/12\/b_b_2_nr_miety01.jpg\" alt=\"\" \/><img decoding=\"async\" src=\"https:\/\/bonifratrzy.pl\/wtz-zebrzydowice\/wp-content\/uploads\/sites\/54\/2020\/12\/b_b_20.jpg\" alt=\"\" \/><\/noscript>\n","protected":false},"excerpt":{"rendered":"<p>Pracownia technik multimedialnych \u2013 to najm\u0142odsza spo\u015br\u00f3d wszystkich pracowni. Obecnie prowadzi j\u0105 Pani Kamila. Podczas zaj\u0119\u0107 uczestnicy ucz\u0105 si\u0119 obs\u0142ugi komputera, poznaj\u0105 programy informatyczne, korzystaj\u0105 z Internetu. Krok po kroku zapoznaj\u0105 si\u0119 tak\u017ce z dzia\u0142aniem takich urz\u0105dze\u0144 jak: drukarka, skaner, aparat fotograficzny itp. W tym miejscu komputer staje si\u0119 narz\u0119dziem, za pomoc\u0105 kt\u00f3rego osoby niepe\u0142nosprawne [&hellip;]<\/p>\n","protected":false},"author":1,"featured_media":0,"parent":23,"menu_order":0,"comment_status":"closed","ping_status":"closed","template":"","meta":{"footnotes":""},"_links":{"self":[{"href":"https:\/\/bonifratrzy.pl\/wtz-zebrzydowice\/wp-json\/wp\/v2\/pages\/64"}],"collection":[{"href":"https:\/\/bonifratrzy.pl\/wtz-zebrzydowice\/wp-json\/wp\/v2\/pages"}],"about":[{"href":"https:\/\/bonifratrzy.pl\/wtz-zebrzydowice\/wp-json\/wp\/v2\/types\/page"}],"author":[{"embeddable":true,"href":"https:\/\/bonifratrzy.pl\/wtz-zebrzydowice\/wp-json\/wp\/v2\/users\/1"}],"replies":[{"embeddable":true,"href":"https:\/\/bonifratrzy.pl\/wtz-zebrzydowice\/wp-json\/wp\/v2\/comments?post=64"}],"version-history":[{"count":1,"href":"https:\/\/bonifratrzy.pl\/wtz-zebrzydowice\/wp-json\/wp\/v2\/pages\/64\/revisions"}],"predecessor-version":[{"id":73,"href":"https:\/\/bonifratrzy.pl\/wtz-zebrzydowice\/wp-json\/wp\/v2\/pages\/64\/revisions\/73"}],"up":[{"embeddable":true,"href":"https:\/\/bonifratrzy.pl\/wtz-zebrzydowice\/wp-json\/wp\/v2\/pages\/23"}],"wp:attachment":[{"href":"https:\/\/bonifratrzy.pl\/wtz-zebrzydowice\/wp-json\/wp\/v2\/media?parent=64"}],"curies":[{"name":"wp","href":"https:\/\/api.w.org\/{rel}","templated":true}]}}