{"id":57,"date":"2020-12-08T23:38:42","date_gmt":"2020-12-08T22:38:42","guid":{"rendered":"https:\/\/bonifratrzy.pl\/wtz-zebrzydowice\/?page_id=57"},"modified":"2020-12-08T23:38:42","modified_gmt":"2020-12-08T22:38:42","slug":"pracownia-stolarska","status":"publish","type":"page","link":"https:\/\/bonifratrzy.pl\/wtz-zebrzydowice\/pracownie\/pracownia-stolarska\/","title":{"rendered":"Pracownia stolarska"},"content":{"rendered":"<p>Pracownia stolarska prowadzona jest przez Pani\u0105 Jol\u0119, kt\u00f3ra z drewna potrafi wyczarowa\u0107 prawdziwe cuda. W stolarni uczestnicy wykonuj\u0105 ramki na obrazy, koszyki, stroiki, naprawiaj\u0105 stare meble oraz pomagaj\u0105 wykona\u0107 nowe. Podopieczni lubi\u0105 zaj\u0119cia w tym warsztacie, poniewa\u017c daj\u0105 im one mo\u017cliwo\u015bci zapoznania si\u0119 z obs\u0142ug\u0105 wielu dot\u0105d nieznanych narz\u0119dzi, urz\u0105dze\u0144 i maszyn.<\/p>\n<p>Nale\u017cy doda\u0107, \u017ce w tej pracowni projektowane i tworzone s\u0105 wyj\u0105tkowe rekwizyty wykorzystywane podczas spektakli teatralnych. Czarodziejskie r\u00f3\u017cd\u017cki, magiczne kapelusze, anielskie skrzyd\u0142a, czy diabelskie wid\u0142y tutaj wyobra\u017ania Pani Joli nie zna granic!<\/p>\n<div id=\"envira-gallery-wrap-62\" class=\"envira-gallery-wrap envira-gallery-theme-base envira-lightbox-theme-base\" itemscope itemtype=\"https:\/\/schema.org\/ImageGallery\"><div data-row-height=\"\" data-gallery-theme=\"\" id=\"envira-gallery-62\" class=\"envira-gallery-public  envira-gallery-4-columns envira-clear enviratope envira-gallery-css-animations\" data-envira-columns=\"4\"><div id=\"envira-gallery-item-61\" class=\"envira-gallery-item enviratope-item envira-gallery-item-1 envira-lazy-load\" style=\"padding-left: 5px; padding-bottom: 10px; padding-right: 5px;\"  itemscope itemtype=\"https:\/\/schema.org\/ImageObject\"><div class=\"envira-gallery-item-inner\"><div class=\"envira-gallery-position-overlay  envira-gallery-top-left\"><\/div><div class=\"envira-gallery-position-overlay  envira-gallery-top-right\"><\/div><div class=\"envira-gallery-position-overlay  envira-gallery-bottom-left\"><\/div><div class=\"envira-gallery-position-overlay  envira-gallery-bottom-right\"><\/div><a href=\"https:\/\/bonifratrzy.pl\/wtz-zebrzydowice\/wp-content\/uploads\/sites\/54\/2020\/12\/b_b_j.jpg\" class=\"envira-gallery-62 envira-gallery-link\" rel=\"enviragallery62\" title=\"\" data-envira-caption=\"\" data-envira-retina=\"\" data-thumbnail=\"\"  itemprop=\"contentUrl\"><div class=\"envira-lazy\" data-test-width=\"640\" data-test-height=\"480\" style=\"padding-bottom:75%;\"><img decoding=\"async\" id=\"envira-gallery-image-61\" class=\"envira-gallery-image envira-gallery-image-1\" data-envira-index=\"1\" src=\"https:\/\/bonifratrzy.pl\/wtz-zebrzydowice\/wp-content\/uploads\/sites\/54\/2020\/12\/b_b_j-640x480_c.jpg\" data-envira-src=\"https:\/\/bonifratrzy.pl\/wtz-zebrzydowice\/wp-content\/uploads\/sites\/54\/2020\/12\/b_b_j-640x480_c.jpg\" data-envira-gallery-id=\"62\" data-envira-item-id=\"61\" data-envira-caption=\"\" alt=\"\" title=\"\"  itemprop=\"thumbnailUrl\" data-envira-srcset=\"https:\/\/bonifratrzy.pl\/wtz-zebrzydowice\/wp-content\/uploads\/sites\/54\/2020\/12\/b_b_j-640x480_c.jpg 400w,https:\/\/bonifratrzy.pl\/wtz-zebrzydowice\/wp-content\/uploads\/sites\/54\/2020\/12\/b_b_j-640x480_c.jpg 2x\" srcset=\"data:image\/gif;base64,R0lGODlhAQABAIAAAP\/\/\/\/\/\/\/yH5BAEKAAEALAAAAAABAAEAAAICTAEAOw==\" \/><\/div><\/a><\/div><\/div><div id=\"envira-gallery-item-60\" class=\"envira-gallery-item enviratope-item envira-gallery-item-2 envira-lazy-load\" style=\"padding-left: 5px; padding-bottom: 10px; padding-right: 5px;\"  itemscope itemtype=\"https:\/\/schema.org\/ImageObject\"><div class=\"envira-gallery-item-inner\"><div class=\"envira-gallery-position-overlay  envira-gallery-top-left\"><\/div><div class=\"envira-gallery-position-overlay  envira-gallery-top-right\"><\/div><div class=\"envira-gallery-position-overlay  envira-gallery-bottom-left\"><\/div><div class=\"envira-gallery-position-overlay  envira-gallery-bottom-right\"><\/div><a href=\"https:\/\/bonifratrzy.pl\/wtz-zebrzydowice\/wp-content\/uploads\/sites\/54\/2020\/12\/b_b_gg.jpg\" class=\"envira-gallery-62 envira-gallery-link\" rel=\"enviragallery62\" title=\"\" data-envira-caption=\"\" data-envira-retina=\"\" data-thumbnail=\"\"  itemprop=\"contentUrl\"><div class=\"envira-lazy\" data-test-width=\"640\" data-test-height=\"480\" style=\"padding-bottom:75%;\"><img decoding=\"async\" id=\"envira-gallery-image-60\" class=\"envira-gallery-image envira-gallery-image-2\" data-envira-index=\"2\" src=\"https:\/\/bonifratrzy.pl\/wtz-zebrzydowice\/wp-content\/uploads\/sites\/54\/2020\/12\/b_b_gg-640x480_c.jpg\" data-envira-src=\"https:\/\/bonifratrzy.pl\/wtz-zebrzydowice\/wp-content\/uploads\/sites\/54\/2020\/12\/b_b_gg-640x480_c.jpg\" data-envira-gallery-id=\"62\" data-envira-item-id=\"60\" data-envira-caption=\"\" alt=\"\" title=\"\"  itemprop=\"thumbnailUrl\" data-envira-srcset=\"https:\/\/bonifratrzy.pl\/wtz-zebrzydowice\/wp-content\/uploads\/sites\/54\/2020\/12\/b_b_gg-640x480_c.jpg 400w,https:\/\/bonifratrzy.pl\/wtz-zebrzydowice\/wp-content\/uploads\/sites\/54\/2020\/12\/b_b_gg-640x480_c.jpg 2x\" srcset=\"data:image\/gif;base64,R0lGODlhAQABAIAAAP\/\/\/\/\/\/\/yH5BAEKAAEALAAAAAABAAEAAAICTAEAOw==\" \/><\/div><\/a><\/div><\/div><div id=\"envira-gallery-item-58\" class=\"envira-gallery-item enviratope-item envira-gallery-item-3 envira-lazy-load\" style=\"padding-left: 5px; padding-bottom: 10px; padding-right: 5px;\"  itemscope itemtype=\"https:\/\/schema.org\/ImageObject\"><div class=\"envira-gallery-item-inner\"><div class=\"envira-gallery-position-overlay  envira-gallery-top-left\"><\/div><div class=\"envira-gallery-position-overlay  envira-gallery-top-right\"><\/div><div class=\"envira-gallery-position-overlay  envira-gallery-bottom-left\"><\/div><div class=\"envira-gallery-position-overlay  envira-gallery-bottom-right\"><\/div><a href=\"https:\/\/bonifratrzy.pl\/wtz-zebrzydowice\/wp-content\/uploads\/sites\/54\/2020\/12\/b_b_jjj.jpg\" class=\"envira-gallery-62 envira-gallery-link\" rel=\"enviragallery62\" title=\"\" data-envira-caption=\"\" data-envira-retina=\"\" data-thumbnail=\"\"  itemprop=\"contentUrl\"><div class=\"envira-lazy\" data-test-width=\"640\" data-test-height=\"480\" style=\"padding-bottom:75%;\"><img decoding=\"async\" id=\"envira-gallery-image-58\" class=\"envira-gallery-image envira-gallery-image-3\" data-envira-index=\"3\" src=\"https:\/\/bonifratrzy.pl\/wtz-zebrzydowice\/wp-content\/uploads\/sites\/54\/2020\/12\/b_b_jjj-640x480_c.jpg\" data-envira-src=\"https:\/\/bonifratrzy.pl\/wtz-zebrzydowice\/wp-content\/uploads\/sites\/54\/2020\/12\/b_b_jjj-640x480_c.jpg\" data-envira-gallery-id=\"62\" data-envira-item-id=\"58\" data-envira-caption=\"\" alt=\"\" title=\"\"  itemprop=\"thumbnailUrl\" data-envira-srcset=\"https:\/\/bonifratrzy.pl\/wtz-zebrzydowice\/wp-content\/uploads\/sites\/54\/2020\/12\/b_b_jjj-640x480_c.jpg 400w,https:\/\/bonifratrzy.pl\/wtz-zebrzydowice\/wp-content\/uploads\/sites\/54\/2020\/12\/b_b_jjj-640x480_c.jpg 2x\" srcset=\"data:image\/gif;base64,R0lGODlhAQABAIAAAP\/\/\/\/\/\/\/yH5BAEKAAEALAAAAAABAAEAAAICTAEAOw==\" \/><\/div><\/a><\/div><\/div><div id=\"envira-gallery-item-59\" class=\"envira-gallery-item enviratope-item envira-gallery-item-4 envira-lazy-load\" style=\"padding-left: 5px; padding-bottom: 10px; padding-right: 5px;\"  itemscope itemtype=\"https:\/\/schema.org\/ImageObject\"><div class=\"envira-gallery-item-inner\"><div class=\"envira-gallery-position-overlay  envira-gallery-top-left\"><\/div><div class=\"envira-gallery-position-overlay  envira-gallery-top-right\"><\/div><div class=\"envira-gallery-position-overlay  envira-gallery-bottom-left\"><\/div><div class=\"envira-gallery-position-overlay  envira-gallery-bottom-right\"><\/div><a href=\"https:\/\/bonifratrzy.pl\/wtz-zebrzydowice\/wp-content\/uploads\/sites\/54\/2020\/12\/b_b_9.jpg\" class=\"envira-gallery-62 envira-gallery-link\" rel=\"enviragallery62\" title=\"\" data-envira-caption=\"\" data-envira-retina=\"\" data-thumbnail=\"\"  itemprop=\"contentUrl\"><div class=\"envira-lazy\" data-test-width=\"640\" data-test-height=\"480\" style=\"padding-bottom:75%;\"><img decoding=\"async\" id=\"envira-gallery-image-59\" class=\"envira-gallery-image envira-gallery-image-4\" data-envira-index=\"4\" src=\"https:\/\/bonifratrzy.pl\/wtz-zebrzydowice\/wp-content\/uploads\/sites\/54\/2020\/12\/b_b_9-640x480_c.jpg\" data-envira-src=\"https:\/\/bonifratrzy.pl\/wtz-zebrzydowice\/wp-content\/uploads\/sites\/54\/2020\/12\/b_b_9-640x480_c.jpg\" data-envira-gallery-id=\"62\" data-envira-item-id=\"59\" data-envira-caption=\"\" alt=\"\" title=\"\"  itemprop=\"thumbnailUrl\" data-envira-srcset=\"https:\/\/bonifratrzy.pl\/wtz-zebrzydowice\/wp-content\/uploads\/sites\/54\/2020\/12\/b_b_9-640x480_c.jpg 400w,https:\/\/bonifratrzy.pl\/wtz-zebrzydowice\/wp-content\/uploads\/sites\/54\/2020\/12\/b_b_9-640x480_c.jpg 2x\" srcset=\"data:image\/gif;base64,R0lGODlhAQABAIAAAP\/\/\/\/\/\/\/yH5BAEKAAEALAAAAAABAAEAAAICTAEAOw==\" \/><\/div><\/a><\/div><\/div><\/div><\/div><noscript><img decoding=\"async\" src=\"https:\/\/bonifratrzy.pl\/wtz-zebrzydowice\/wp-content\/uploads\/sites\/54\/2020\/12\/b_b_j.jpg\" alt=\"\" \/><img decoding=\"async\" src=\"https:\/\/bonifratrzy.pl\/wtz-zebrzydowice\/wp-content\/uploads\/sites\/54\/2020\/12\/b_b_gg.jpg\" alt=\"\" \/><img decoding=\"async\" src=\"https:\/\/bonifratrzy.pl\/wtz-zebrzydowice\/wp-content\/uploads\/sites\/54\/2020\/12\/b_b_jjj.jpg\" alt=\"\" \/><img decoding=\"async\" src=\"https:\/\/bonifratrzy.pl\/wtz-zebrzydowice\/wp-content\/uploads\/sites\/54\/2020\/12\/b_b_9.jpg\" alt=\"\" \/><\/noscript>\n","protected":false},"excerpt":{"rendered":"<p>Pracownia stolarska prowadzona jest przez Pani\u0105 Jol\u0119, kt\u00f3ra z drewna potrafi wyczarowa\u0107 prawdziwe cuda. W stolarni uczestnicy wykonuj\u0105 ramki na obrazy, koszyki, stroiki, naprawiaj\u0105 stare meble oraz pomagaj\u0105 wykona\u0107 nowe. Podopieczni lubi\u0105 zaj\u0119cia w tym warsztacie, poniewa\u017c daj\u0105 im one mo\u017cliwo\u015bci zapoznania si\u0119 z obs\u0142ug\u0105 wielu dot\u0105d nieznanych narz\u0119dzi, urz\u0105dze\u0144 i maszyn. Nale\u017cy doda\u0107, \u017ce [&hellip;]<\/p>\n","protected":false},"author":1,"featured_media":0,"parent":23,"menu_order":0,"comment_status":"closed","ping_status":"closed","template":"","meta":{"footnotes":""},"_links":{"self":[{"href":"https:\/\/bonifratrzy.pl\/wtz-zebrzydowice\/wp-json\/wp\/v2\/pages\/57"}],"collection":[{"href":"https:\/\/bonifratrzy.pl\/wtz-zebrzydowice\/wp-json\/wp\/v2\/pages"}],"about":[{"href":"https:\/\/bonifratrzy.pl\/wtz-zebrzydowice\/wp-json\/wp\/v2\/types\/page"}],"author":[{"embeddable":true,"href":"https:\/\/bonifratrzy.pl\/wtz-zebrzydowice\/wp-json\/wp\/v2\/users\/1"}],"replies":[{"embeddable":true,"href":"https:\/\/bonifratrzy.pl\/wtz-zebrzydowice\/wp-json\/wp\/v2\/comments?post=57"}],"version-history":[{"count":1,"href":"https:\/\/bonifratrzy.pl\/wtz-zebrzydowice\/wp-json\/wp\/v2\/pages\/57\/revisions"}],"predecessor-version":[{"id":63,"href":"https:\/\/bonifratrzy.pl\/wtz-zebrzydowice\/wp-json\/wp\/v2\/pages\/57\/revisions\/63"}],"up":[{"embeddable":true,"href":"https:\/\/bonifratrzy.pl\/wtz-zebrzydowice\/wp-json\/wp\/v2\/pages\/23"}],"wp:attachment":[{"href":"https:\/\/bonifratrzy.pl\/wtz-zebrzydowice\/wp-json\/wp\/v2\/media?parent=57"}],"curies":[{"name":"wp","href":"https:\/\/api.w.org\/{rel}","templated":true}]}}