{"id":41,"date":"2020-12-08T23:31:24","date_gmt":"2020-12-08T22:31:24","guid":{"rendered":"https:\/\/bonifratrzy.pl\/wtz-zebrzydowice\/?page_id=41"},"modified":"2020-12-08T23:31:24","modified_gmt":"2020-12-08T22:31:24","slug":"pracownia-krawiecka","status":"publish","type":"page","link":"https:\/\/bonifratrzy.pl\/wtz-zebrzydowice\/pracownie\/pracownia-krawiecka\/","title":{"rendered":"Pracownia krawiecka"},"content":{"rendered":"<p>Pracownia krawiecka to kr\u00f3lestwo Pani Doroty, kt\u00f3re cieszy si\u0119 du\u017c\u0105 popularno\u015bci\u0105 w\u015br\u00f3d uczestnik\u00f3w Warsztatu. To tutaj powstaj\u0105 przepi\u0119kne obrusy, narzuty, poduszki, fartuszki, serwetki\u2026 Pod okiem Pani Doroty podopieczni ucz\u0105 si\u0119 najpierw nawlekania ig\u0142y, wi\u0105zania supe\u0142ka, stopniowo przechodz\u0105c do odrysowywania element\u00f3w wed\u0142ug szablonu, wycinania ich, fastrygowania.<\/p>\n<p>Najtrudniejszym etapem nauki jest oczywi\u015bcie szycie na maszynie. Warto si\u0119 pochwali\u0107, \u017ce naszywanie aplikacji, zszywanie kawa\u0142k\u00f3w materia\u0142\u00f3w, szycie na owerloku, przyszywanie guzik\u00f3w, lam\u00f3wek to czynno\u015bci, kt\u00f3re opanowa\u0142o ju\u017c wielu naszych podopiecznych. W pracowni tej szyte s\u0105 r\u00f3wnie\u017c przepi\u0119kne kostiumy teatralne, w kt\u00f3rych aktorzy z WTZ na scenie prezentuj\u0105 si\u0119 doskonale.<\/p>\n<div id=\"envira-gallery-wrap-47\" class=\"envira-gallery-wrap envira-gallery-theme-base envira-lightbox-theme-base\" itemscope itemtype=\"https:\/\/schema.org\/ImageGallery\"><div data-row-height=\"\" data-gallery-theme=\"\" id=\"envira-gallery-47\" class=\"envira-gallery-public  envira-gallery-5-columns envira-clear enviratope envira-gallery-css-animations\" data-envira-columns=\"5\"><div id=\"envira-gallery-item-45\" class=\"envira-gallery-item enviratope-item envira-gallery-item-1 envira-lazy-load\" style=\"padding-left: 5px; padding-bottom: 10px; padding-right: 5px;\"  itemscope itemtype=\"https:\/\/schema.org\/ImageObject\"><div class=\"envira-gallery-item-inner\"><div class=\"envira-gallery-position-overlay  envira-gallery-top-left\"><\/div><div class=\"envira-gallery-position-overlay  envira-gallery-top-right\"><\/div><div class=\"envira-gallery-position-overlay  envira-gallery-bottom-left\"><\/div><div class=\"envira-gallery-position-overlay  envira-gallery-bottom-right\"><\/div><a href=\"https:\/\/bonifratrzy.pl\/wtz-zebrzydowice\/wp-content\/uploads\/sites\/54\/2020\/12\/b_b_24.jpg\" class=\"envira-gallery-47 envira-gallery-link\" rel=\"enviragallery47\" title=\"\" data-envira-caption=\"\" data-envira-retina=\"\" data-thumbnail=\"\"  itemprop=\"contentUrl\"><div class=\"envira-lazy\" data-test-width=\"640\" data-test-height=\"480\" style=\"padding-bottom:75%;\"><img decoding=\"async\" id=\"envira-gallery-image-45\" class=\"envira-gallery-image envira-gallery-image-1\" data-envira-index=\"1\" src=\"https:\/\/bonifratrzy.pl\/wtz-zebrzydowice\/wp-content\/uploads\/sites\/54\/2020\/12\/b_b_24-640x480_c.jpg\" data-envira-src=\"https:\/\/bonifratrzy.pl\/wtz-zebrzydowice\/wp-content\/uploads\/sites\/54\/2020\/12\/b_b_24-640x480_c.jpg\" data-envira-gallery-id=\"47\" data-envira-item-id=\"45\" data-envira-caption=\"\" alt=\"\" title=\"\"  itemprop=\"thumbnailUrl\" data-envira-srcset=\"https:\/\/bonifratrzy.pl\/wtz-zebrzydowice\/wp-content\/uploads\/sites\/54\/2020\/12\/b_b_24-640x480_c.jpg 400w,https:\/\/bonifratrzy.pl\/wtz-zebrzydowice\/wp-content\/uploads\/sites\/54\/2020\/12\/b_b_24-640x480_c.jpg 2x\" srcset=\"data:image\/gif;base64,R0lGODlhAQABAIAAAP\/\/\/\/\/\/\/yH5BAEKAAEALAAAAAABAAEAAAICTAEAOw==\" \/><\/div><\/a><\/div><\/div><div id=\"envira-gallery-item-46\" class=\"envira-gallery-item enviratope-item envira-gallery-item-2 envira-lazy-load\" style=\"padding-left: 5px; padding-bottom: 10px; padding-right: 5px;\"  itemscope itemtype=\"https:\/\/schema.org\/ImageObject\"><div class=\"envira-gallery-item-inner\"><div class=\"envira-gallery-position-overlay  envira-gallery-top-left\"><\/div><div class=\"envira-gallery-position-overlay  envira-gallery-top-right\"><\/div><div class=\"envira-gallery-position-overlay  envira-gallery-bottom-left\"><\/div><div class=\"envira-gallery-position-overlay  envira-gallery-bottom-right\"><\/div><a href=\"https:\/\/bonifratrzy.pl\/wtz-zebrzydowice\/wp-content\/uploads\/sites\/54\/2020\/12\/b_b_b.2.2.2.3.f.jpg\" class=\"envira-gallery-47 envira-gallery-link\" rel=\"enviragallery47\" title=\"\" data-envira-caption=\"\" data-envira-retina=\"\" data-thumbnail=\"\"  itemprop=\"contentUrl\"><div class=\"envira-lazy\" data-test-width=\"640\" data-test-height=\"480\" style=\"padding-bottom:75%;\"><img decoding=\"async\" id=\"envira-gallery-image-46\" class=\"envira-gallery-image envira-gallery-image-2\" data-envira-index=\"2\" src=\"https:\/\/bonifratrzy.pl\/wtz-zebrzydowice\/wp-content\/uploads\/sites\/54\/2020\/12\/b_b_b.2.2.2.3.f-640x480_c.jpg\" data-envira-src=\"https:\/\/bonifratrzy.pl\/wtz-zebrzydowice\/wp-content\/uploads\/sites\/54\/2020\/12\/b_b_b.2.2.2.3.f-640x480_c.jpg\" data-envira-gallery-id=\"47\" data-envira-item-id=\"46\" data-envira-caption=\"\" alt=\"\" title=\"\"  itemprop=\"thumbnailUrl\" data-envira-srcset=\"https:\/\/bonifratrzy.pl\/wtz-zebrzydowice\/wp-content\/uploads\/sites\/54\/2020\/12\/b_b_b.2.2.2.3.f-640x480_c.jpg 400w,https:\/\/bonifratrzy.pl\/wtz-zebrzydowice\/wp-content\/uploads\/sites\/54\/2020\/12\/b_b_b.2.2.2.3.f-640x480_c.jpg 2x\" srcset=\"data:image\/gif;base64,R0lGODlhAQABAIAAAP\/\/\/\/\/\/\/yH5BAEKAAEALAAAAAABAAEAAAICTAEAOw==\" \/><\/div><\/a><\/div><\/div><div id=\"envira-gallery-item-44\" class=\"envira-gallery-item enviratope-item envira-gallery-item-3 envira-lazy-load\" style=\"padding-left: 5px; padding-bottom: 10px; padding-right: 5px;\"  itemscope itemtype=\"https:\/\/schema.org\/ImageObject\"><div class=\"envira-gallery-item-inner\"><div class=\"envira-gallery-position-overlay  envira-gallery-top-left\"><\/div><div class=\"envira-gallery-position-overlay  envira-gallery-top-right\"><\/div><div class=\"envira-gallery-position-overlay  envira-gallery-bottom-left\"><\/div><div class=\"envira-gallery-position-overlay  envira-gallery-bottom-right\"><\/div><a href=\"https:\/\/bonifratrzy.pl\/wtz-zebrzydowice\/wp-content\/uploads\/sites\/54\/2020\/12\/b_b_22.jpg\" class=\"envira-gallery-47 envira-gallery-link\" rel=\"enviragallery47\" title=\"\" data-envira-caption=\"\" data-envira-retina=\"\" data-thumbnail=\"\"  itemprop=\"contentUrl\"><div class=\"envira-lazy\" data-test-width=\"640\" data-test-height=\"480\" style=\"padding-bottom:75%;\"><img decoding=\"async\" id=\"envira-gallery-image-44\" class=\"envira-gallery-image envira-gallery-image-3\" data-envira-index=\"3\" src=\"https:\/\/bonifratrzy.pl\/wtz-zebrzydowice\/wp-content\/uploads\/sites\/54\/2020\/12\/b_b_22-640x480_c.jpg\" data-envira-src=\"https:\/\/bonifratrzy.pl\/wtz-zebrzydowice\/wp-content\/uploads\/sites\/54\/2020\/12\/b_b_22-640x480_c.jpg\" data-envira-gallery-id=\"47\" data-envira-item-id=\"44\" data-envira-caption=\"\" alt=\"\" title=\"\"  itemprop=\"thumbnailUrl\" data-envira-srcset=\"https:\/\/bonifratrzy.pl\/wtz-zebrzydowice\/wp-content\/uploads\/sites\/54\/2020\/12\/b_b_22-640x480_c.jpg 400w,https:\/\/bonifratrzy.pl\/wtz-zebrzydowice\/wp-content\/uploads\/sites\/54\/2020\/12\/b_b_22-640x480_c.jpg 2x\" srcset=\"data:image\/gif;base64,R0lGODlhAQABAIAAAP\/\/\/\/\/\/\/yH5BAEKAAEALAAAAAABAAEAAAICTAEAOw==\" \/><\/div><\/a><\/div><\/div><div id=\"envira-gallery-item-43\" class=\"envira-gallery-item enviratope-item envira-gallery-item-4 envira-lazy-load\" style=\"padding-left: 5px; padding-bottom: 10px; padding-right: 5px;\"  itemscope itemtype=\"https:\/\/schema.org\/ImageObject\"><div class=\"envira-gallery-item-inner\"><div class=\"envira-gallery-position-overlay  envira-gallery-top-left\"><\/div><div class=\"envira-gallery-position-overlay  envira-gallery-top-right\"><\/div><div class=\"envira-gallery-position-overlay  envira-gallery-bottom-left\"><\/div><div class=\"envira-gallery-position-overlay  envira-gallery-bottom-right\"><\/div><a href=\"https:\/\/bonifratrzy.pl\/wtz-zebrzydowice\/wp-content\/uploads\/sites\/54\/2020\/12\/b_b_13.jpg\" class=\"envira-gallery-47 envira-gallery-link\" rel=\"enviragallery47\" title=\"\" data-envira-caption=\"\" data-envira-retina=\"\" data-thumbnail=\"\"  itemprop=\"contentUrl\"><div class=\"envira-lazy\" data-test-width=\"640\" data-test-height=\"480\" style=\"padding-bottom:75%;\"><img decoding=\"async\" id=\"envira-gallery-image-43\" class=\"envira-gallery-image envira-gallery-image-4\" data-envira-index=\"4\" src=\"https:\/\/bonifratrzy.pl\/wtz-zebrzydowice\/wp-content\/uploads\/sites\/54\/2020\/12\/b_b_13-640x480_c.jpg\" data-envira-src=\"https:\/\/bonifratrzy.pl\/wtz-zebrzydowice\/wp-content\/uploads\/sites\/54\/2020\/12\/b_b_13-640x480_c.jpg\" data-envira-gallery-id=\"47\" data-envira-item-id=\"43\" data-envira-caption=\"\" alt=\"\" title=\"\"  itemprop=\"thumbnailUrl\" data-envira-srcset=\"https:\/\/bonifratrzy.pl\/wtz-zebrzydowice\/wp-content\/uploads\/sites\/54\/2020\/12\/b_b_13-640x480_c.jpg 400w,https:\/\/bonifratrzy.pl\/wtz-zebrzydowice\/wp-content\/uploads\/sites\/54\/2020\/12\/b_b_13-640x480_c.jpg 2x\" srcset=\"data:image\/gif;base64,R0lGODlhAQABAIAAAP\/\/\/\/\/\/\/yH5BAEKAAEALAAAAAABAAEAAAICTAEAOw==\" \/><\/div><\/a><\/div><\/div><div id=\"envira-gallery-item-42\" class=\"envira-gallery-item enviratope-item envira-gallery-item-5 envira-lazy-load\" style=\"padding-left: 5px; padding-bottom: 10px; padding-right: 5px;\"  itemscope itemtype=\"https:\/\/schema.org\/ImageObject\"><div class=\"envira-gallery-item-inner\"><div class=\"envira-gallery-position-overlay  envira-gallery-top-left\"><\/div><div class=\"envira-gallery-position-overlay  envira-gallery-top-right\"><\/div><div class=\"envira-gallery-position-overlay  envira-gallery-bottom-left\"><\/div><div class=\"envira-gallery-position-overlay  envira-gallery-bottom-right\"><\/div><a href=\"https:\/\/bonifratrzy.pl\/wtz-zebrzydowice\/wp-content\/uploads\/sites\/54\/2020\/12\/b_b_mm.jpg\" class=\"envira-gallery-47 envira-gallery-link\" rel=\"enviragallery47\" title=\"\" data-envira-caption=\"\" data-envira-retina=\"\" data-thumbnail=\"\"  itemprop=\"contentUrl\"><div class=\"envira-lazy\" data-test-width=\"640\" data-test-height=\"480\" style=\"padding-bottom:75%;\"><img decoding=\"async\" id=\"envira-gallery-image-42\" class=\"envira-gallery-image envira-gallery-image-5\" data-envira-index=\"5\" src=\"https:\/\/bonifratrzy.pl\/wtz-zebrzydowice\/wp-content\/uploads\/sites\/54\/2020\/12\/b_b_mm-640x480_c.jpg\" data-envira-src=\"https:\/\/bonifratrzy.pl\/wtz-zebrzydowice\/wp-content\/uploads\/sites\/54\/2020\/12\/b_b_mm-640x480_c.jpg\" data-envira-gallery-id=\"47\" data-envira-item-id=\"42\" data-envira-caption=\"\" alt=\"\" title=\"\"  itemprop=\"thumbnailUrl\" data-envira-srcset=\"https:\/\/bonifratrzy.pl\/wtz-zebrzydowice\/wp-content\/uploads\/sites\/54\/2020\/12\/b_b_mm-640x480_c.jpg 400w,https:\/\/bonifratrzy.pl\/wtz-zebrzydowice\/wp-content\/uploads\/sites\/54\/2020\/12\/b_b_mm-640x480_c.jpg 2x\" srcset=\"data:image\/gif;base64,R0lGODlhAQABAIAAAP\/\/\/\/\/\/\/yH5BAEKAAEALAAAAAABAAEAAAICTAEAOw==\" \/><\/div><\/a><\/div><\/div><\/div><\/div><noscript><img decoding=\"async\" src=\"https:\/\/bonifratrzy.pl\/wtz-zebrzydowice\/wp-content\/uploads\/sites\/54\/2020\/12\/b_b_24.jpg\" alt=\"\" \/><img decoding=\"async\" src=\"https:\/\/bonifratrzy.pl\/wtz-zebrzydowice\/wp-content\/uploads\/sites\/54\/2020\/12\/b_b_b.2.2.2.3.f.jpg\" alt=\"\" \/><img decoding=\"async\" src=\"https:\/\/bonifratrzy.pl\/wtz-zebrzydowice\/wp-content\/uploads\/sites\/54\/2020\/12\/b_b_22.jpg\" alt=\"\" \/><img decoding=\"async\" src=\"https:\/\/bonifratrzy.pl\/wtz-zebrzydowice\/wp-content\/uploads\/sites\/54\/2020\/12\/b_b_13.jpg\" alt=\"\" \/><img decoding=\"async\" src=\"https:\/\/bonifratrzy.pl\/wtz-zebrzydowice\/wp-content\/uploads\/sites\/54\/2020\/12\/b_b_mm.jpg\" alt=\"\" \/><\/noscript>\n","protected":false},"excerpt":{"rendered":"<p>Pracownia krawiecka to kr\u00f3lestwo Pani Doroty, kt\u00f3re cieszy si\u0119 du\u017c\u0105 popularno\u015bci\u0105 w\u015br\u00f3d uczestnik\u00f3w Warsztatu. To tutaj powstaj\u0105 przepi\u0119kne obrusy, narzuty, poduszki, fartuszki, serwetki\u2026 Pod okiem Pani Doroty podopieczni ucz\u0105 si\u0119 najpierw nawlekania ig\u0142y, wi\u0105zania supe\u0142ka, stopniowo przechodz\u0105c do odrysowywania element\u00f3w wed\u0142ug szablonu, wycinania ich, fastrygowania. Najtrudniejszym etapem nauki jest oczywi\u015bcie szycie na maszynie. Warto si\u0119 [&hellip;]<\/p>\n","protected":false},"author":1,"featured_media":0,"parent":23,"menu_order":0,"comment_status":"closed","ping_status":"closed","template":"","meta":{"footnotes":""},"_links":{"self":[{"href":"https:\/\/bonifratrzy.pl\/wtz-zebrzydowice\/wp-json\/wp\/v2\/pages\/41"}],"collection":[{"href":"https:\/\/bonifratrzy.pl\/wtz-zebrzydowice\/wp-json\/wp\/v2\/pages"}],"about":[{"href":"https:\/\/bonifratrzy.pl\/wtz-zebrzydowice\/wp-json\/wp\/v2\/types\/page"}],"author":[{"embeddable":true,"href":"https:\/\/bonifratrzy.pl\/wtz-zebrzydowice\/wp-json\/wp\/v2\/users\/1"}],"replies":[{"embeddable":true,"href":"https:\/\/bonifratrzy.pl\/wtz-zebrzydowice\/wp-json\/wp\/v2\/comments?post=41"}],"version-history":[{"count":1,"href":"https:\/\/bonifratrzy.pl\/wtz-zebrzydowice\/wp-json\/wp\/v2\/pages\/41\/revisions"}],"predecessor-version":[{"id":48,"href":"https:\/\/bonifratrzy.pl\/wtz-zebrzydowice\/wp-json\/wp\/v2\/pages\/41\/revisions\/48"}],"up":[{"embeddable":true,"href":"https:\/\/bonifratrzy.pl\/wtz-zebrzydowice\/wp-json\/wp\/v2\/pages\/23"}],"wp:attachment":[{"href":"https:\/\/bonifratrzy.pl\/wtz-zebrzydowice\/wp-json\/wp\/v2\/media?parent=41"}],"curies":[{"name":"wp","href":"https:\/\/api.w.org\/{rel}","templated":true}]}}