{"id":35,"date":"2020-12-08T23:26:59","date_gmt":"2020-12-08T22:26:59","guid":{"rendered":"https:\/\/bonifratrzy.pl\/wtz-zebrzydowice\/?page_id=35"},"modified":"2020-12-08T23:26:59","modified_gmt":"2020-12-08T22:26:59","slug":"pracownia-kulinarna","status":"publish","type":"page","link":"https:\/\/bonifratrzy.pl\/wtz-zebrzydowice\/pracownie\/pracownia-kulinarna\/","title":{"rendered":"Pracownia kulinarna"},"content":{"rendered":"<p>Pracowni\u0105 gospodarstwa domowego dowodzi Pani Anita. Stara si\u0119 ona, by uczestniczy radzili sobie w kuchni coraz lepiej i nie bali si\u0119 nowych wyzwa\u0144. Grupa kulinarna zaczyna prac\u0119 od zaplanowania jad\u0142ospisu oraz zakupu potrzebnych produkt\u00f3w do przygotowania posi\u0142k\u00f3w dla wszystkich uczestnik\u00f3w zaj\u0119\u0107 w WTZ. Kolejnym etapem pracy jest samodzielne wykonanie posi\u0142ku oraz nakrycie do sto\u0142u. Po \u015bniadaniu uczestnicy zmywaj\u0105 naczynia i dbaj\u0105 o porz\u0105dek jadalni oraz kuchni.<\/p>\n<p>W trakcie terapii podopieczni poznaj\u0105 zasady racjonalnego \u017cywienia, dekoracji potraw, savoir vivre. Ucz\u0105 si\u0119 obs\u0142ugi zmywarki, kuchenki elektrycznej, czajnika, frytkownicy, miksera, robota kuchennego. Zaj\u0119cia w pracowni gospodarstwa domowego przygotowuj\u0105 uczestnik\u00f3w do samodzielnego \u017cycia w \u015brodowisku rodzinnym.<\/p>\n<div id=\"envira-gallery-wrap-39\" class=\"envira-gallery-wrap envira-gallery-theme-base envira-lightbox-theme-base\" itemscope itemtype=\"https:\/\/schema.org\/ImageGallery\"><div data-row-height=\"\" data-gallery-theme=\"\" id=\"envira-gallery-39\" class=\"envira-gallery-public  envira-gallery-3-columns envira-clear enviratope envira-gallery-css-animations\" data-envira-columns=\"3\"><div id=\"envira-gallery-item-38\" class=\"envira-gallery-item enviratope-item envira-gallery-item-1 envira-lazy-load\" style=\"padding-left: 5px; padding-bottom: 10px; padding-right: 5px;\"  itemscope itemtype=\"https:\/\/schema.org\/ImageObject\"><div class=\"envira-gallery-item-inner\"><div class=\"envira-gallery-position-overlay  envira-gallery-top-left\"><\/div><div class=\"envira-gallery-position-overlay  envira-gallery-top-right\"><\/div><div class=\"envira-gallery-position-overlay  envira-gallery-bottom-left\"><\/div><div class=\"envira-gallery-position-overlay  envira-gallery-bottom-right\"><\/div><a href=\"https:\/\/bonifratrzy.pl\/wtz-zebrzydowice\/wp-content\/uploads\/sites\/54\/2020\/12\/b_b_c.jpg\" class=\"envira-gallery-39 envira-gallery-link\" rel=\"enviragallery39\" title=\"\" data-envira-caption=\"\" data-envira-retina=\"\" data-thumbnail=\"\"  itemprop=\"contentUrl\"><div class=\"envira-lazy\" data-test-width=\"640\" data-test-height=\"480\" style=\"padding-bottom:75%;\"><img decoding=\"async\" id=\"envira-gallery-image-38\" class=\"envira-gallery-image envira-gallery-image-1\" data-envira-index=\"1\" src=\"https:\/\/bonifratrzy.pl\/wtz-zebrzydowice\/wp-content\/uploads\/sites\/54\/2020\/12\/b_b_c-640x480_c.jpg\" data-envira-src=\"https:\/\/bonifratrzy.pl\/wtz-zebrzydowice\/wp-content\/uploads\/sites\/54\/2020\/12\/b_b_c-640x480_c.jpg\" data-envira-gallery-id=\"39\" data-envira-item-id=\"38\" data-envira-caption=\"\" alt=\"\" title=\"\"  itemprop=\"thumbnailUrl\" data-envira-srcset=\"https:\/\/bonifratrzy.pl\/wtz-zebrzydowice\/wp-content\/uploads\/sites\/54\/2020\/12\/b_b_c-640x480_c.jpg 400w,https:\/\/bonifratrzy.pl\/wtz-zebrzydowice\/wp-content\/uploads\/sites\/54\/2020\/12\/b_b_c-640x480_c.jpg 2x\" srcset=\"data:image\/gif;base64,R0lGODlhAQABAIAAAP\/\/\/\/\/\/\/yH5BAEKAAEALAAAAAABAAEAAAICTAEAOw==\" \/><\/div><\/a><\/div><\/div><div id=\"envira-gallery-item-37\" class=\"envira-gallery-item enviratope-item envira-gallery-item-2 envira-lazy-load\" style=\"padding-left: 5px; padding-bottom: 10px; padding-right: 5px;\"  itemscope itemtype=\"https:\/\/schema.org\/ImageObject\"><div class=\"envira-gallery-item-inner\"><div class=\"envira-gallery-position-overlay  envira-gallery-top-left\"><\/div><div class=\"envira-gallery-position-overlay  envira-gallery-top-right\"><\/div><div class=\"envira-gallery-position-overlay  envira-gallery-bottom-left\"><\/div><div class=\"envira-gallery-position-overlay  envira-gallery-bottom-right\"><\/div><a href=\"https:\/\/bonifratrzy.pl\/wtz-zebrzydowice\/wp-content\/uploads\/sites\/54\/2020\/12\/b_b_b.2.2.2.2.f.jpg\" class=\"envira-gallery-39 envira-gallery-link\" rel=\"enviragallery39\" title=\"\" data-envira-caption=\"\" data-envira-retina=\"\" data-thumbnail=\"\"  itemprop=\"contentUrl\"><div class=\"envira-lazy\" data-test-width=\"640\" data-test-height=\"480\" style=\"padding-bottom:75%;\"><img decoding=\"async\" id=\"envira-gallery-image-37\" class=\"envira-gallery-image envira-gallery-image-2\" data-envira-index=\"2\" src=\"https:\/\/bonifratrzy.pl\/wtz-zebrzydowice\/wp-content\/uploads\/sites\/54\/2020\/12\/b_b_b.2.2.2.2.f-683x1024-640x480_c.jpg\" data-envira-src=\"https:\/\/bonifratrzy.pl\/wtz-zebrzydowice\/wp-content\/uploads\/sites\/54\/2020\/12\/b_b_b.2.2.2.2.f-683x1024-640x480_c.jpg\" data-envira-gallery-id=\"39\" data-envira-item-id=\"37\" data-envira-caption=\"\" alt=\"\" title=\"\"  itemprop=\"thumbnailUrl\" data-envira-srcset=\"https:\/\/bonifratrzy.pl\/wtz-zebrzydowice\/wp-content\/uploads\/sites\/54\/2020\/12\/b_b_b.2.2.2.2.f-683x1024-640x480_c.jpg 400w,https:\/\/bonifratrzy.pl\/wtz-zebrzydowice\/wp-content\/uploads\/sites\/54\/2020\/12\/b_b_b.2.2.2.2.f-683x1024-640x480_c.jpg 2x\" srcset=\"data:image\/gif;base64,R0lGODlhAQABAIAAAP\/\/\/\/\/\/\/yH5BAEKAAEALAAAAAABAAEAAAICTAEAOw==\" \/><\/div><\/a><\/div><\/div><div id=\"envira-gallery-item-36\" class=\"envira-gallery-item enviratope-item envira-gallery-item-3 envira-lazy-load\" style=\"padding-left: 5px; padding-bottom: 10px; padding-right: 5px;\"  itemscope itemtype=\"https:\/\/schema.org\/ImageObject\"><div class=\"envira-gallery-item-inner\"><div class=\"envira-gallery-position-overlay  envira-gallery-top-left\"><\/div><div class=\"envira-gallery-position-overlay  envira-gallery-top-right\"><\/div><div class=\"envira-gallery-position-overlay  envira-gallery-bottom-left\"><\/div><div class=\"envira-gallery-position-overlay  envira-gallery-bottom-right\"><\/div><a href=\"https:\/\/bonifratrzy.pl\/wtz-zebrzydowice\/wp-content\/uploads\/sites\/54\/2020\/12\/b_b_d.jpg\" class=\"envira-gallery-39 envira-gallery-link\" rel=\"enviragallery39\" title=\"\" data-envira-caption=\"\" data-envira-retina=\"\" data-thumbnail=\"\"  itemprop=\"contentUrl\"><div class=\"envira-lazy\" data-test-width=\"640\" data-test-height=\"480\" style=\"padding-bottom:75%;\"><img decoding=\"async\" id=\"envira-gallery-image-36\" class=\"envira-gallery-image envira-gallery-image-3\" data-envira-index=\"3\" src=\"https:\/\/bonifratrzy.pl\/wtz-zebrzydowice\/wp-content\/uploads\/sites\/54\/2020\/12\/b_b_d-640x480_c.jpg\" data-envira-src=\"https:\/\/bonifratrzy.pl\/wtz-zebrzydowice\/wp-content\/uploads\/sites\/54\/2020\/12\/b_b_d-640x480_c.jpg\" data-envira-gallery-id=\"39\" data-envira-item-id=\"36\" data-envira-caption=\"\" alt=\"\" title=\"\"  itemprop=\"thumbnailUrl\" data-envira-srcset=\"https:\/\/bonifratrzy.pl\/wtz-zebrzydowice\/wp-content\/uploads\/sites\/54\/2020\/12\/b_b_d-640x480_c.jpg 400w,https:\/\/bonifratrzy.pl\/wtz-zebrzydowice\/wp-content\/uploads\/sites\/54\/2020\/12\/b_b_d-640x480_c.jpg 2x\" srcset=\"data:image\/gif;base64,R0lGODlhAQABAIAAAP\/\/\/\/\/\/\/yH5BAEKAAEALAAAAAABAAEAAAICTAEAOw==\" \/><\/div><\/a><\/div><\/div><\/div><\/div><noscript><img decoding=\"async\" src=\"https:\/\/bonifratrzy.pl\/wtz-zebrzydowice\/wp-content\/uploads\/sites\/54\/2020\/12\/b_b_c.jpg\" alt=\"\" \/><img decoding=\"async\" src=\"https:\/\/bonifratrzy.pl\/wtz-zebrzydowice\/wp-content\/uploads\/sites\/54\/2020\/12\/b_b_b.2.2.2.2.f.jpg\" alt=\"\" \/><img decoding=\"async\" src=\"https:\/\/bonifratrzy.pl\/wtz-zebrzydowice\/wp-content\/uploads\/sites\/54\/2020\/12\/b_b_d.jpg\" alt=\"\" \/><\/noscript>\n","protected":false},"excerpt":{"rendered":"<p>Pracowni\u0105 gospodarstwa domowego dowodzi Pani Anita. Stara si\u0119 ona, by uczestniczy radzili sobie w kuchni coraz lepiej i nie bali si\u0119 nowych wyzwa\u0144. Grupa kulinarna zaczyna prac\u0119 od zaplanowania jad\u0142ospisu oraz zakupu potrzebnych produkt\u00f3w do przygotowania posi\u0142k\u00f3w dla wszystkich uczestnik\u00f3w zaj\u0119\u0107 w WTZ. Kolejnym etapem pracy jest samodzielne wykonanie posi\u0142ku oraz nakrycie do sto\u0142u. Po [&hellip;]<\/p>\n","protected":false},"author":1,"featured_media":0,"parent":23,"menu_order":0,"comment_status":"closed","ping_status":"closed","template":"","meta":{"footnotes":""},"_links":{"self":[{"href":"https:\/\/bonifratrzy.pl\/wtz-zebrzydowice\/wp-json\/wp\/v2\/pages\/35"}],"collection":[{"href":"https:\/\/bonifratrzy.pl\/wtz-zebrzydowice\/wp-json\/wp\/v2\/pages"}],"about":[{"href":"https:\/\/bonifratrzy.pl\/wtz-zebrzydowice\/wp-json\/wp\/v2\/types\/page"}],"author":[{"embeddable":true,"href":"https:\/\/bonifratrzy.pl\/wtz-zebrzydowice\/wp-json\/wp\/v2\/users\/1"}],"replies":[{"embeddable":true,"href":"https:\/\/bonifratrzy.pl\/wtz-zebrzydowice\/wp-json\/wp\/v2\/comments?post=35"}],"version-history":[{"count":1,"href":"https:\/\/bonifratrzy.pl\/wtz-zebrzydowice\/wp-json\/wp\/v2\/pages\/35\/revisions"}],"predecessor-version":[{"id":40,"href":"https:\/\/bonifratrzy.pl\/wtz-zebrzydowice\/wp-json\/wp\/v2\/pages\/35\/revisions\/40"}],"up":[{"embeddable":true,"href":"https:\/\/bonifratrzy.pl\/wtz-zebrzydowice\/wp-json\/wp\/v2\/pages\/23"}],"wp:attachment":[{"href":"https:\/\/bonifratrzy.pl\/wtz-zebrzydowice\/wp-json\/wp\/v2\/media?parent=35"}],"curies":[{"name":"wp","href":"https:\/\/api.w.org\/{rel}","templated":true}]}}