{"id":25,"date":"2020-12-08T13:36:10","date_gmt":"2020-12-08T12:36:10","guid":{"rendered":"https:\/\/bonifratrzy.pl\/wtz-zebrzydowice\/?page_id=25"},"modified":"2020-12-08T13:40:56","modified_gmt":"2020-12-08T12:40:56","slug":"pracownia-plastyczna","status":"publish","type":"page","link":"https:\/\/bonifratrzy.pl\/wtz-zebrzydowice\/pracownie\/pracownia-plastyczna\/","title":{"rendered":"Pracownia plastyczna"},"content":{"rendered":"<p>Pracowni\u0119 plastyczno \u2013 ceramiczn\u0105 prowadzi Brat Ryszard. Uczestnicy Warsztatu ch\u0119tnie podejmuj\u0105 aktywno\u015b\u0107 tw\u00f3rcz\u0105 wykonuj\u0105c r\u00f3\u017cnorodne prace artystyczne. To w tym miejscu powstaj\u0105 oryginalne dzie\u0142a wykonane interesuj\u0105cymi technikami. Poza pracami plastycznymi podopieczni tworz\u0105 tak\u017ce wyroby ceramiczne: anio\u0142y, dzbany, garnuszki, flakony, kt\u00f3re wypalane s\u0105 w specjalnych piecach ceramicznych. Powsta\u0142e prace eksponowane s\u0105 podczas imprez okoliczno\u015bciowych, wystaw, kiermaszy oraz stanowi\u0105 prawdziw\u0105 ozdob\u0119 naszego o\u015brodka.<\/p>\n<p>Terapia przez sztuk\u0119 umo\u017cliwia podopiecznym wyra\u017canie prze\u017cy\u0107, kt\u00f3re s\u0105 trudne do zwerbalizowania a tak\u017ce wzmacnia poczucie w\u0142asnej warto\u015bci. Uczestnicy s\u0105 bardzo dumni ze swoich dzie\u0142.<\/p>\n<div id=\"envira-gallery-wrap-26\" class=\"envira-gallery-wrap envira-gallery-theme-base envira-lightbox-theme-base\" itemscope itemtype=\"https:\/\/schema.org\/ImageGallery\"><div data-row-height=\"\" data-gallery-theme=\"\" id=\"envira-gallery-26\" class=\"envira-gallery-public  envira-gallery-4-columns envira-clear enviratope envira-gallery-css-animations\" data-envira-columns=\"4\"><div id=\"envira-gallery-item-33\" class=\"envira-gallery-item enviratope-item envira-gallery-item-1\" style=\"padding-left: 5px; padding-bottom: 10px; padding-right: 5px;\"  itemscope itemtype=\"https:\/\/schema.org\/ImageObject\"><div class=\"envira-gallery-item-inner\"><div class=\"envira-gallery-position-overlay  envira-gallery-top-left\"><\/div><div class=\"envira-gallery-position-overlay  envira-gallery-top-right\"><\/div><div class=\"envira-gallery-position-overlay  envira-gallery-bottom-left\"><\/div><div class=\"envira-gallery-position-overlay  envira-gallery-bottom-right\"><\/div><a href=\"https:\/\/bonifratrzy.pl\/wtz-zebrzydowice\/wp-content\/uploads\/sites\/54\/2020\/12\/b_b_194913_15052014_3.jpg\" class=\"envira-gallery-26 envira-gallery-link\" rel=\"enviragallery26\" title=\"\" data-envira-caption=\"\" data-envira-retina=\"\" data-thumbnail=\"\"  itemprop=\"contentUrl\"><img decoding=\"async\" id=\"envira-gallery-image-33\" class=\"envira-gallery-image envira-gallery-image-1\" data-envira-index=\"1\" src=\"https:\/\/bonifratrzy.pl\/wtz-zebrzydowice\/wp-content\/uploads\/sites\/54\/2020\/12\/b_b_194913_15052014_3-640x480_c.jpg\" data-envira-src=\"https:\/\/bonifratrzy.pl\/wtz-zebrzydowice\/wp-content\/uploads\/sites\/54\/2020\/12\/b_b_194913_15052014_3-640x480_c.jpg\" data-envira-gallery-id=\"26\" data-envira-item-id=\"33\" data-envira-caption=\"\" alt=\"\" title=\"\"  itemprop=\"thumbnailUrl\" data-envira-srcset=\"https:\/\/bonifratrzy.pl\/wtz-zebrzydowice\/wp-content\/uploads\/sites\/54\/2020\/12\/b_b_194913_15052014_3-640x480_c.jpg 400w,https:\/\/bonifratrzy.pl\/wtz-zebrzydowice\/wp-content\/uploads\/sites\/54\/2020\/12\/b_b_194913_15052014_3-640x480_c.jpg 2x\" srcset=\"https:\/\/bonifratrzy.pl\/wtz-zebrzydowice\/wp-content\/uploads\/sites\/54\/2020\/12\/b_b_194913_15052014_3-1280x960_c.jpg 2x\" \/><\/a><\/div><\/div><div id=\"envira-gallery-item-32\" class=\"envira-gallery-item enviratope-item envira-gallery-item-2\" style=\"padding-left: 5px; padding-bottom: 10px; padding-right: 5px;\"  itemscope itemtype=\"https:\/\/schema.org\/ImageObject\"><div class=\"envira-gallery-item-inner\"><div class=\"envira-gallery-position-overlay  envira-gallery-top-left\"><\/div><div class=\"envira-gallery-position-overlay  envira-gallery-top-right\"><\/div><div class=\"envira-gallery-position-overlay  envira-gallery-bottom-left\"><\/div><div class=\"envira-gallery-position-overlay  envira-gallery-bottom-right\"><\/div><a href=\"https:\/\/bonifratrzy.pl\/wtz-zebrzydowice\/wp-content\/uploads\/sites\/54\/2020\/12\/b_b_194828_15052014_5.jpg\" class=\"envira-gallery-26 envira-gallery-link\" rel=\"enviragallery26\" title=\"\" data-envira-caption=\"\" data-envira-retina=\"\" data-thumbnail=\"\"  itemprop=\"contentUrl\"><img decoding=\"async\" id=\"envira-gallery-image-32\" class=\"envira-gallery-image envira-gallery-image-2\" data-envira-index=\"2\" src=\"https:\/\/bonifratrzy.pl\/wtz-zebrzydowice\/wp-content\/uploads\/sites\/54\/2020\/12\/b_b_194828_15052014_5-640x480_c.jpg\" data-envira-src=\"https:\/\/bonifratrzy.pl\/wtz-zebrzydowice\/wp-content\/uploads\/sites\/54\/2020\/12\/b_b_194828_15052014_5-640x480_c.jpg\" data-envira-gallery-id=\"26\" data-envira-item-id=\"32\" data-envira-caption=\"\" alt=\"\" title=\"\"  itemprop=\"thumbnailUrl\" data-envira-srcset=\"https:\/\/bonifratrzy.pl\/wtz-zebrzydowice\/wp-content\/uploads\/sites\/54\/2020\/12\/b_b_194828_15052014_5-640x480_c.jpg 400w,https:\/\/bonifratrzy.pl\/wtz-zebrzydowice\/wp-content\/uploads\/sites\/54\/2020\/12\/b_b_194828_15052014_5-640x480_c.jpg 2x\" srcset=\"https:\/\/bonifratrzy.pl\/wtz-zebrzydowice\/wp-content\/uploads\/sites\/54\/2020\/12\/b_b_194828_15052014_5-1280x960_c.jpg 2x\" \/><\/a><\/div><\/div><div id=\"envira-gallery-item-31\" class=\"envira-gallery-item enviratope-item envira-gallery-item-3\" style=\"padding-left: 5px; padding-bottom: 10px; padding-right: 5px;\"  itemscope itemtype=\"https:\/\/schema.org\/ImageObject\"><div class=\"envira-gallery-item-inner\"><div class=\"envira-gallery-position-overlay  envira-gallery-top-left\"><\/div><div class=\"envira-gallery-position-overlay  envira-gallery-top-right\"><\/div><div class=\"envira-gallery-position-overlay  envira-gallery-bottom-left\"><\/div><div class=\"envira-gallery-position-overlay  envira-gallery-bottom-right\"><\/div><a href=\"https:\/\/bonifratrzy.pl\/wtz-zebrzydowice\/wp-content\/uploads\/sites\/54\/2020\/12\/b_b_4.jpg\" class=\"envira-gallery-26 envira-gallery-link\" rel=\"enviragallery26\" title=\"\" data-envira-caption=\"\" data-envira-retina=\"\" data-thumbnail=\"\"  itemprop=\"contentUrl\"><img decoding=\"async\" id=\"envira-gallery-image-31\" class=\"envira-gallery-image envira-gallery-image-3\" data-envira-index=\"3\" src=\"https:\/\/bonifratrzy.pl\/wtz-zebrzydowice\/wp-content\/uploads\/sites\/54\/2020\/12\/b_b_4-640x480_c.jpg\" data-envira-src=\"https:\/\/bonifratrzy.pl\/wtz-zebrzydowice\/wp-content\/uploads\/sites\/54\/2020\/12\/b_b_4-640x480_c.jpg\" data-envira-gallery-id=\"26\" data-envira-item-id=\"31\" data-envira-caption=\"\" alt=\"\" title=\"\"  itemprop=\"thumbnailUrl\" data-envira-srcset=\"https:\/\/bonifratrzy.pl\/wtz-zebrzydowice\/wp-content\/uploads\/sites\/54\/2020\/12\/b_b_4-640x480_c.jpg 400w,https:\/\/bonifratrzy.pl\/wtz-zebrzydowice\/wp-content\/uploads\/sites\/54\/2020\/12\/b_b_4-640x480_c.jpg 2x\" srcset=\"https:\/\/bonifratrzy.pl\/wtz-zebrzydowice\/wp-content\/uploads\/sites\/54\/2020\/12\/b_b_4-1280x960_c.jpg 2x\" \/><\/a><\/div><\/div><div id=\"envira-gallery-item-30\" class=\"envira-gallery-item enviratope-item envira-gallery-item-4\" style=\"padding-left: 5px; padding-bottom: 10px; padding-right: 5px;\"  itemscope itemtype=\"https:\/\/schema.org\/ImageObject\"><div class=\"envira-gallery-item-inner\"><div class=\"envira-gallery-position-overlay  envira-gallery-top-left\"><\/div><div class=\"envira-gallery-position-overlay  envira-gallery-top-right\"><\/div><div class=\"envira-gallery-position-overlay  envira-gallery-bottom-left\"><\/div><div class=\"envira-gallery-position-overlay  envira-gallery-bottom-right\"><\/div><a href=\"https:\/\/bonifratrzy.pl\/wtz-zebrzydowice\/wp-content\/uploads\/sites\/54\/2020\/12\/b_b_2.jpg\" class=\"envira-gallery-26 envira-gallery-link\" rel=\"enviragallery26\" title=\"\" data-envira-caption=\"\" data-envira-retina=\"\" data-thumbnail=\"\"  itemprop=\"contentUrl\"><img decoding=\"async\" id=\"envira-gallery-image-30\" class=\"envira-gallery-image envira-gallery-image-4\" data-envira-index=\"4\" src=\"https:\/\/bonifratrzy.pl\/wtz-zebrzydowice\/wp-content\/uploads\/sites\/54\/2020\/12\/b_b_2-640x480_c.jpg\" data-envira-src=\"https:\/\/bonifratrzy.pl\/wtz-zebrzydowice\/wp-content\/uploads\/sites\/54\/2020\/12\/b_b_2-640x480_c.jpg\" data-envira-gallery-id=\"26\" data-envira-item-id=\"30\" data-envira-caption=\"\" alt=\"\" title=\"\"  itemprop=\"thumbnailUrl\" data-envira-srcset=\"https:\/\/bonifratrzy.pl\/wtz-zebrzydowice\/wp-content\/uploads\/sites\/54\/2020\/12\/b_b_2-640x480_c.jpg 400w,https:\/\/bonifratrzy.pl\/wtz-zebrzydowice\/wp-content\/uploads\/sites\/54\/2020\/12\/b_b_2-640x480_c.jpg 2x\" srcset=\"https:\/\/bonifratrzy.pl\/wtz-zebrzydowice\/wp-content\/uploads\/sites\/54\/2020\/12\/b_b_2-1280x960_c.jpg 2x\" \/><\/a><\/div><\/div><div id=\"envira-gallery-item-29\" class=\"envira-gallery-item enviratope-item envira-gallery-item-5\" style=\"padding-left: 5px; padding-bottom: 10px; padding-right: 5px;\"  itemscope itemtype=\"https:\/\/schema.org\/ImageObject\"><div class=\"envira-gallery-item-inner\"><div class=\"envira-gallery-position-overlay  envira-gallery-top-left\"><\/div><div class=\"envira-gallery-position-overlay  envira-gallery-top-right\"><\/div><div class=\"envira-gallery-position-overlay  envira-gallery-bottom-left\"><\/div><div class=\"envira-gallery-position-overlay  envira-gallery-bottom-right\"><\/div><a href=\"https:\/\/bonifratrzy.pl\/wtz-zebrzydowice\/wp-content\/uploads\/sites\/54\/2020\/12\/b_b_vvv.jpg\" class=\"envira-gallery-26 envira-gallery-link\" rel=\"enviragallery26\" title=\"\" data-envira-caption=\"\" data-envira-retina=\"\" data-thumbnail=\"\"  itemprop=\"contentUrl\"><img decoding=\"async\" id=\"envira-gallery-image-29\" class=\"envira-gallery-image envira-gallery-image-5\" data-envira-index=\"5\" src=\"https:\/\/bonifratrzy.pl\/wtz-zebrzydowice\/wp-content\/uploads\/sites\/54\/2020\/12\/b_b_vvv-640x480_c.jpg\" data-envira-src=\"https:\/\/bonifratrzy.pl\/wtz-zebrzydowice\/wp-content\/uploads\/sites\/54\/2020\/12\/b_b_vvv-640x480_c.jpg\" data-envira-gallery-id=\"26\" data-envira-item-id=\"29\" data-envira-caption=\"\" alt=\"\" title=\"\"  itemprop=\"thumbnailUrl\" data-envira-srcset=\"https:\/\/bonifratrzy.pl\/wtz-zebrzydowice\/wp-content\/uploads\/sites\/54\/2020\/12\/b_b_vvv-640x480_c.jpg 400w,https:\/\/bonifratrzy.pl\/wtz-zebrzydowice\/wp-content\/uploads\/sites\/54\/2020\/12\/b_b_vvv-640x480_c.jpg 2x\" srcset=\"https:\/\/bonifratrzy.pl\/wtz-zebrzydowice\/wp-content\/uploads\/sites\/54\/2020\/12\/b_b_vvv-1280x960_c.jpg 2x\" \/><\/a><\/div><\/div><div id=\"envira-gallery-item-28\" class=\"envira-gallery-item enviratope-item envira-gallery-item-6\" style=\"padding-left: 5px; padding-bottom: 10px; padding-right: 5px;\"  itemscope itemtype=\"https:\/\/schema.org\/ImageObject\"><div class=\"envira-gallery-item-inner\"><div class=\"envira-gallery-position-overlay  envira-gallery-top-left\"><\/div><div class=\"envira-gallery-position-overlay  envira-gallery-top-right\"><\/div><div class=\"envira-gallery-position-overlay  envira-gallery-bottom-left\"><\/div><div class=\"envira-gallery-position-overlay  envira-gallery-bottom-right\"><\/div><a href=\"https:\/\/bonifratrzy.pl\/wtz-zebrzydowice\/wp-content\/uploads\/sites\/54\/2020\/12\/b_b_bbb.jpg\" class=\"envira-gallery-26 envira-gallery-link\" rel=\"enviragallery26\" title=\"\" data-envira-caption=\"\" data-envira-retina=\"\" data-thumbnail=\"\"  itemprop=\"contentUrl\"><img decoding=\"async\" id=\"envira-gallery-image-28\" class=\"envira-gallery-image envira-gallery-image-6\" data-envira-index=\"6\" src=\"https:\/\/bonifratrzy.pl\/wtz-zebrzydowice\/wp-content\/uploads\/sites\/54\/2020\/12\/b_b_bbb-640x480_c.jpg\" data-envira-src=\"https:\/\/bonifratrzy.pl\/wtz-zebrzydowice\/wp-content\/uploads\/sites\/54\/2020\/12\/b_b_bbb-640x480_c.jpg\" data-envira-gallery-id=\"26\" data-envira-item-id=\"28\" data-envira-caption=\"\" alt=\"\" title=\"\"  itemprop=\"thumbnailUrl\" data-envira-srcset=\"https:\/\/bonifratrzy.pl\/wtz-zebrzydowice\/wp-content\/uploads\/sites\/54\/2020\/12\/b_b_bbb-640x480_c.jpg 400w,https:\/\/bonifratrzy.pl\/wtz-zebrzydowice\/wp-content\/uploads\/sites\/54\/2020\/12\/b_b_bbb-640x480_c.jpg 2x\" srcset=\"https:\/\/bonifratrzy.pl\/wtz-zebrzydowice\/wp-content\/uploads\/sites\/54\/2020\/12\/b_b_bbb-1280x960_c.jpg 2x\" \/><\/a><\/div><\/div><\/div><\/div><noscript><img decoding=\"async\" src=\"https:\/\/bonifratrzy.pl\/wtz-zebrzydowice\/wp-content\/uploads\/sites\/54\/2020\/12\/b_b_194913_15052014_3.jpg\" alt=\"\" \/><img decoding=\"async\" src=\"https:\/\/bonifratrzy.pl\/wtz-zebrzydowice\/wp-content\/uploads\/sites\/54\/2020\/12\/b_b_194828_15052014_5.jpg\" alt=\"\" \/><img decoding=\"async\" src=\"https:\/\/bonifratrzy.pl\/wtz-zebrzydowice\/wp-content\/uploads\/sites\/54\/2020\/12\/b_b_4.jpg\" alt=\"\" \/><img decoding=\"async\" src=\"https:\/\/bonifratrzy.pl\/wtz-zebrzydowice\/wp-content\/uploads\/sites\/54\/2020\/12\/b_b_2.jpg\" alt=\"\" \/><img decoding=\"async\" src=\"https:\/\/bonifratrzy.pl\/wtz-zebrzydowice\/wp-content\/uploads\/sites\/54\/2020\/12\/b_b_vvv.jpg\" alt=\"\" \/><img decoding=\"async\" src=\"https:\/\/bonifratrzy.pl\/wtz-zebrzydowice\/wp-content\/uploads\/sites\/54\/2020\/12\/b_b_bbb.jpg\" alt=\"\" \/><\/noscript>\n","protected":false},"excerpt":{"rendered":"<p>Pracowni\u0119 plastyczno \u2013 ceramiczn\u0105 prowadzi Brat Ryszard. Uczestnicy Warsztatu ch\u0119tnie podejmuj\u0105 aktywno\u015b\u0107 tw\u00f3rcz\u0105 wykonuj\u0105c r\u00f3\u017cnorodne prace artystyczne. To w tym miejscu powstaj\u0105 oryginalne dzie\u0142a wykonane interesuj\u0105cymi technikami. Poza pracami plastycznymi podopieczni tworz\u0105 tak\u017ce wyroby ceramiczne: anio\u0142y, dzbany, garnuszki, flakony, kt\u00f3re wypalane s\u0105 w specjalnych piecach ceramicznych. Powsta\u0142e prace eksponowane s\u0105 podczas imprez okoliczno\u015bciowych, wystaw, kiermaszy [&hellip;]<\/p>\n","protected":false},"author":1,"featured_media":0,"parent":23,"menu_order":0,"comment_status":"closed","ping_status":"closed","template":"","meta":{"footnotes":""},"_links":{"self":[{"href":"https:\/\/bonifratrzy.pl\/wtz-zebrzydowice\/wp-json\/wp\/v2\/pages\/25"}],"collection":[{"href":"https:\/\/bonifratrzy.pl\/wtz-zebrzydowice\/wp-json\/wp\/v2\/pages"}],"about":[{"href":"https:\/\/bonifratrzy.pl\/wtz-zebrzydowice\/wp-json\/wp\/v2\/types\/page"}],"author":[{"embeddable":true,"href":"https:\/\/bonifratrzy.pl\/wtz-zebrzydowice\/wp-json\/wp\/v2\/users\/1"}],"replies":[{"embeddable":true,"href":"https:\/\/bonifratrzy.pl\/wtz-zebrzydowice\/wp-json\/wp\/v2\/comments?post=25"}],"version-history":[{"count":2,"href":"https:\/\/bonifratrzy.pl\/wtz-zebrzydowice\/wp-json\/wp\/v2\/pages\/25\/revisions"}],"predecessor-version":[{"id":34,"href":"https:\/\/bonifratrzy.pl\/wtz-zebrzydowice\/wp-json\/wp\/v2\/pages\/25\/revisions\/34"}],"up":[{"embeddable":true,"href":"https:\/\/bonifratrzy.pl\/wtz-zebrzydowice\/wp-json\/wp\/v2\/pages\/23"}],"wp:attachment":[{"href":"https:\/\/bonifratrzy.pl\/wtz-zebrzydowice\/wp-json\/wp\/v2\/media?parent=25"}],"curies":[{"name":"wp","href":"https:\/\/api.w.org\/{rel}","templated":true}]}}