{"id":236,"date":"2018-12-12T00:09:03","date_gmt":"2018-12-11T23:09:03","guid":{"rendered":"https:\/\/bonifratrzy.pl\/szpital-wroclaw\/?page_id=236"},"modified":"2020-10-22T14:24:25","modified_gmt":"2020-10-22T12:24:25","slug":"poradnia-ziololecznictwa","status":"publish","type":"page","link":"https:\/\/bonifratrzy.pl\/szpital-wroclaw\/poradnia-ziololecznictwa\/","title":{"rendered":"Poradnia Zio\u0142olecznictwa"},"content":{"rendered":"<p>Zio\u0142olecznictwo Bonifratr\u00f3w w Polsce ma swoje \u017ar\u00f3d\u0142o w ponad 300-letniej tradycji stosowania leczenia opartego na starych recepturach zio\u0142owych. Tak powstawa\u0142y mieszanki sypkie na wszelkie dolegliwo\u015bci, nalewki alkoholowe, ma\u015bci i syropy. Skuteczno\u015b\u0107 dzia\u0142ania tych preparat\u00f3w sprawdzana by\u0142a przez lata tradycji stosowania u wielu pacjent\u00f3w jak i lekarzy.<\/p>\n<p>Obecnie tradycja stosowania zi\u00f3\u0142 jak i pozosta\u0142ych preparat\u00f3w zio\u0142owych Zakonu Bonifratr\u00f3w jest podtrzymywana w szpitalach, domach opieki spo\u0142ecznej, jad\u0142odajniach i polecana w przychodniach porad zio\u0142oleczniczych.<\/p>\n<p>Dzi\u015b bonifraterskie poradnie zio\u0142olecznictwa s\u0142u\u017c\u0105 fachow\u0105 rad\u0105 w zakresie leczenia zio\u0142ami, a specjali\u015bci dobieraj\u0105 odpowiednie mieszanki zio\u0142owe na podstawie wywiadu i bada\u0144 lekarskich. Zielarnie polecaj\u0105 bonifraterskie mikstury i mieszanki zio\u0142owe bardzo pomocne w wielu schorzeniach. pocz\u0105wszy od przezi\u0119bie\u0144, a ko\u0144cz\u0105c na kuracjach w chorobach nowotworowych.<\/p>\n<p>Zio\u0142a dzia\u0142aj\u0105 wolno, ale niezwykle skutecznie. Zalet\u0105 zi\u00f3\u0142 jest naturalny wp\u0142yw i bezpieczne, \u00a0nietoksyczne\u00a0 dzia\u0142anie\u00a0 na\u00a0 organizm cz\u0142owieka, pod warunkiem odpowiedniego komponowania. a jako produkt naturalny s\u0105 \u0142atwo wch\u0142aniane i przyswajane przez nasz organizm. Zawieraj\u0105 one obok witamin, substancje od\u017cywcze, zwi\u0105zki mineralne i wiele mikroelement\u00f3w. Preparaty zio\u0142owe mo\u017cna stosowa\u0107 profilaktycznie, podnosz\u0105c odporno\u015b\u0107 organizmu, stwarzaj\u0105c naturaln\u0105 barier\u0119 dla choroby.<br \/>\nWielkie znaczenie ma fakt, \u017ce stanowi\u0105 one znakomite uzupe\u0142nienie medykament\u00f3w syntetycznych i stosowane mog\u0105 by\u0107 r\u00f3wnolegle z nimi.<\/p>\n<p>Nale\u017cy jednak zwr\u00f3ci\u0107 uwag\u0119, \u00a0 \u017ce wszelka kuracja zio\u0142ami nie mo\u017ce by\u0107 prowadzona bez uprzedniej wizyty u lekarza. Tylko lekarz mo\u017ce ustali\u0107 diagnoz\u0119 i na tej podstawie mo\u017cna dobra\u0107 takie czy inne zio\u0142o lecznicze. Co wi\u0119cej \u2013 pojedynczy preparat zio\u0142owy, wyci\u0105g, czy granulat nie zawsze b\u0119d\u0105 skuteczne w przypadku chor\u00f3b przewlek\u0142ych. I dlatego dopiero po pe\u0142nej ocenie choroby mo\u017cna zdecydowa\u0107 si\u0119 na tak\u0105 lub inn\u0105 kuracj\u0119.<\/p>\n<p>W zakresie przyczyn i rozpoznawania chor\u00f3b Bonifratrzy opieraj\u0105 si\u0119 na gruncie wsp\u00f3\u0142czesnej wiedzy medycznej i czyni\u0105 wszystko, by jak najlepiej wspom\u00f3c powr\u00f3t do zdrowia.<\/p>\n<p>W naszej Poradni Zio\u0142olecznictwa przyjmuj\u0105 \u015bwieccy lekarze specjali\u015bci<\/p>\n<ul>\n<li><span style=\"color: #000099;\"><span style=\"color: #000099;\"><span style=\"color: #000000;\">Dr Joanna Konieczy\u0144ska<br \/>\n<\/span><\/span><\/span><\/li>\n<li>Dr Barbara Stachowiak-Kolosko<\/li>\n<li>Dr Halina Baranowska<\/li>\n<\/ul>\n<h4><span style=\"color: #ff0000;\">Uwaga!!!<\/span><\/h4>\n<p><span style=\"color: #ff0000;\"><i>Szanowni Pa\u0144stwo,<\/i><\/span><\/p>\n<p><span style=\"color: #ff0000;\"><i>Uprzejmie informujemy, i\u017c od dnia 16 pa\u017adziernika 2020 roku dzia\u0142alno\u015b\u0107 Poradni Zio\u0142olecznictwa zostaje zawieszona do odwo\u0142ania.<\/i><\/span><\/p>\n<p><span style=\"color: #ff0000;\">\u00a0<\/span><\/p>\n<p><strong>Poradnia jest czynna w godzinach:<\/strong><\/p>\n<p>poniedzia\u0142ek\u00a0 od 9.00\u00a0 do 17.30<br \/>\nwtorek od 9.00\u00a0 do 16.00<br \/>\n\u015broda od 9.00\u00a0 do 18.00<br \/>\nczwartek od 10.00\u00a0 do 12.00<br \/>\npi\u0105tek od 9.30 do 14.00<br \/>\nsobota od 9.00\u00a0 do 13.00 (III sobota miesi\u0105ca)<\/p>\n<p><strong>Rejestracja telefoniczna: 71\u00a0712 07 04<\/strong>\u00a0 w godzinach:<\/p>\n<p>poniedzia\u0142ek\u00a0 od 9.00\u00a0 do 18.00<br \/>\nwtorek od 9.00\u00a0 do 17.00<br \/>\n\u015broda od 9.00\u00a0 do 18.00<br \/>\nczwartek od 9.00\u00a0 do 15.00<br \/>\npi\u0105tek od 8.00 do 16.00<br \/>\nsobota od 9.00\u00a0 do 13.00 (III sobota miesi\u0105ca)<\/p>\n<p><strong>Od dnia 1 wrze\u015bnia 2019 r. wizyty w Poradni Zio\u0142olecznictwa s\u0105 p\u0142atne.<br \/>\n<\/strong><\/p>\n<p>Oferujemy Pa\u0144stwu nasze us\u0142ugi w formie <span style=\"color: #ff0000;\">poni\u017cszych pakiet\u00f3w:<\/span><\/p>\n<ol>\n<li>PIERWSZA WIZYTA W MIESI\u0104CU 50 z\u0142<\/li>\n<li>PAKIETY DLA RODZINY<\/li>\n<\/ol>\n<p><strong>\u00a0\u00a0\u00a0\u00a0\u00a0\u00a0\u00a0\u00a0\u00a0\u00a0\u00a0\u00a0\u00a0\u00a0\u00a0\u00a0\u00a0\u00a0\u00a0\u00a0\u00a0 WSZYSCY RAZEM<\/strong> (1 wizyt dla 2 os. doros\u0142ych + max. 3 dzieci) 150 z\u0142<\/p>\n<p><strong>\u00a0\u00a0\u00a0\u00a0\u00a0\u00a0\u00a0\u00a0\u00a0\u00a0\u00a0\u00a0\u00a0\u00a0\u00a0\u00a0\u00a0\u00a0\u00a0\u00a0\u00a0 DU\u017bY I MA\u0141Y<\/strong> (1 wizyt dla 1 os. doros\u0142ej + 1 dziecko) 70 z\u0142<\/p>\n<ol start=\"3\">\n<li>PAKIETY DLA AKTYWNYCH<\/li>\n<\/ol>\n<p><strong>\u00a0\u00a0\u00a0\u00a0\u00a0\u00a0\u00a0\u00a0\u00a0\u00a0\u00a0\u00a0\u00a0\u00a0\u00a0\u00a0\u00a0\u00a0\u00a0\u00a0 CZAS ZADBA\u0106 O SIEBIE<\/strong> (2 wizyty dla 1 osoby) 100 z\u0142<\/p>\n<p><strong>\u00a0\u00a0\u00a0\u00a0\u00a0\u00a0\u00a0\u00a0\u00a0\u00a0\u00a0\u00a0\u00a0\u00a0\u00a0\u00a0\u00a0\u00a0\u00a0\u00a0 ZDROWI MY<\/strong> (1 wizyta dla 2 os\u00f3b) 100 z\u0142<\/p>\n<p><strong>\u00a0\u00a0\u00a0\u00a0\u00a0\u00a0\u00a0\u00a0\u00a0\u00a0\u00a0\u00a0\u00a0\u00a0\u00a0\u00a0\u00a0\u00a0\u00a0\u00a0 LECZ\u0118 SI\u0118<\/strong> (pakiet 3 wizyt dla 1 osoby) 120 z\u0142<\/p>\n<ol start=\"4\">\n<li>WIZYTA RECEPTUROWA 10 z\u0142<\/li>\n<\/ol>\n<p>&nbsp;<\/p>\n","protected":false},"excerpt":{"rendered":"<p>Zio\u0142olecznictwo Bonifratr\u00f3w w Polsce ma swoje \u017ar\u00f3d\u0142o w ponad 300-letniej tradycji stosowania leczenia opartego na starych recepturach zio\u0142owych. Tak powstawa\u0142y mieszanki sypkie na wszelkie dolegliwo\u015bci, nalewki alkoholowe, ma\u015bci i syropy. Skuteczno\u015b\u0107 dzia\u0142ania tych preparat\u00f3w sprawdzana by\u0142a przez lata tradycji stosowania u wielu pacjent\u00f3w jak i lekarzy. Obecnie tradycja stosowania zi\u00f3\u0142 jak i pozosta\u0142ych preparat\u00f3w zio\u0142owych [&hellip;]<\/p>\n","protected":false},"author":1,"featured_media":0,"parent":0,"menu_order":17,"comment_status":"closed","ping_status":"closed","template":"page-nosidebar.php","meta":{"_sitemap_exclude":false,"_sitemap_priority":"","_sitemap_frequency":"","footnotes":""},"_links":{"self":[{"href":"https:\/\/bonifratrzy.pl\/szpital-wroclaw\/wp-json\/wp\/v2\/pages\/236"}],"collection":[{"href":"https:\/\/bonifratrzy.pl\/szpital-wroclaw\/wp-json\/wp\/v2\/pages"}],"about":[{"href":"https:\/\/bonifratrzy.pl\/szpital-wroclaw\/wp-json\/wp\/v2\/types\/page"}],"author":[{"embeddable":true,"href":"https:\/\/bonifratrzy.pl\/szpital-wroclaw\/wp-json\/wp\/v2\/users\/1"}],"replies":[{"embeddable":true,"href":"https:\/\/bonifratrzy.pl\/szpital-wroclaw\/wp-json\/wp\/v2\/comments?post=236"}],"version-history":[{"count":14,"href":"https:\/\/bonifratrzy.pl\/szpital-wroclaw\/wp-json\/wp\/v2\/pages\/236\/revisions"}],"predecessor-version":[{"id":606,"href":"https:\/\/bonifratrzy.pl\/szpital-wroclaw\/wp-json\/wp\/v2\/pages\/236\/revisions\/606"}],"wp:attachment":[{"href":"https:\/\/bonifratrzy.pl\/szpital-wroclaw\/wp-json\/wp\/v2\/media?parent=236"}],"curies":[{"name":"wp","href":"https:\/\/api.w.org\/{rel}","templated":true}]}}