{"id":9,"date":"2016-03-17T23:10:09","date_gmt":"2016-03-17T22:10:09","guid":{"rendered":"https:\/\/bonifratrzy.pl\/szkola-opieki-duszpasterskiej\/?page_id=9"},"modified":"2016-03-21T11:45:04","modified_gmt":"2016-03-21T10:45:04","slug":"dolentium-hominum","status":"publish","type":"page","link":"https:\/\/bonifratrzy.pl\/szkola-opieki-duszpasterskiej\/dolentium-hominum\/","title":{"rendered":"Dolentium Hominum"},"content":{"rendered":"<p>Pierwsza w j\u0119zyku polskim publikacja najwa\u017cniejszych artyku\u0142\u00f3w z miesi\u0119cznika Dolentium Hominum, wydawanego przez Papiesk\u0105 Rad\u0119 ds. Duszpasterstwa S\u0142u\u017cby Zdrowia.<\/p>\n<p>Publikacja ukazuje si\u0119 jako dar dla Ko\u015bcio\u0142a w Polsce z okazji Jubileuszu 25 lat dzia\u0142alno\u015bci Papieskiej Rady. Karol Wojty\u0142a &#8211; Jan Pawe\u0142 II, J. Ratzinger \u2013 Benedykt XVI, J.M. Lustiger, A. Sodano, J. O\u2019Connor, D. Tettamanzi, J. Lejeune, E. Sgreccia, F. Angelini, J.L. Barragan, J.H. Redrado, Z. Zimowski i inni m\u00f3wi\u0105 na temat chorych, wolontariuszy, lekarzy, piel\u0119gniarek, farmaceut\u00f3w, kapelan\u00f3w, \u015bwieckich zespo\u0142\u00f3w duszpasterskich, komisji bioetycznych i innych form zaanga\u017cowania chrze\u015bcijan w obr\u0119bie s\u0142u\u017cby zdrowia.<\/p>\n<p>Dolentium Hominum jest zapowiedzi\u0105 rozpocz\u0119cia od pa\u017adziernika 2011 roku dzia\u0142alno\u015bci Szko\u0142y Opieki Duszpasterskiej \u015bw. Jana Bo\u017cego &#8211; owocu Wielkiego Jubileuszu 400-lecia obecno\u015bci Zakonu Bonifratr\u00f3w na ziemiach polskich i wsp\u00f3\u0142pracy na rzecz nowej metody zespo\u0142owego duszpasterstwa w s\u0142u\u017cbie zdrowia i opiece spo\u0142ecznej, podj\u0119tej pomi\u0119dzy Zakonem Bonifratr\u00f3w a Uniwersytetem Papieskim Jana Paw\u0142a II w Krakowie.<\/p>\n<p>Dolentium Hominum wydano staraniem Prowincji Polskiej Zakonu Szpitalnego \u015bw. Jana Bo\u017cego (Bonifratr\u00f3w) we wsp\u00f3\u0142pracy z Uniwersytetem Papieskim Jana Paw\u0142a II, Fundacj\u0105 Lubi\u0119 Pomaga\u0107 i Wydawnictwem Medycyna Praktyczna.<\/p>\n<p>&nbsp;<\/p>\n<p><strong>Publikacj\u0119 mo\u017cna naby\u0107 w ksi\u0119garni internetowej<\/strong><\/p>\n<ul>\n<li><a href=\"http:\/\/www.lubiepomagac.eu\/Dolentium_Hominum-190.html\" target=\"_blank\">Fundacji Lubi\u0119 Pomaga\u0107<\/a><\/li>\n<li><a href=\"http:\/\/www.mp.pl\/ksiegarnia\/info.php?id=7793\" target=\"_blank\">Medycyny Praktycznej<\/a><\/li>\n<\/ul>\n<p>&nbsp;<\/p>\n<p><strong>Przeczytaj r\u00f3wnie\u017c informacje prasowe dotycz\u0105ce Dolentium Hominum. Duchowni i \u015bwieccy wobec ludzkiego cierpienia.<\/strong><\/p>\n<ul>\n<li><a href=\"http:\/\/lubiepomagac.pl\" target=\"_blank\">lubiepomagac.pl<\/a><\/li>\n<li><a href=\"http:\/\/upjp2.pl\/\" target=\"_blank\">strona UPJPII<\/a><\/li>\n<li><a href=\"http:\/\/www.oipip.krosno.pl\/\" target=\"_blank\">strona www Okr\u0119gowej Izbie Piel\u0119gniarek i Po\u0142o\u017cnych w Kro\u015bnie<\/a><\/li>\n<li><a href=\"http:\/\/www.mp.pl\/kurier\/61970\" target=\"_blank\">strona Medycyny Praktycznej<\/a><\/li>\n<li><a href=\"http:\/\/hospicja.pl\/\" target=\"_blank\">strona hospicja.pl<\/a><\/li>\n<li><a href=\"http:\/\/zyciezakonne.pl\" target=\"_blank\">strona zyciezakonne.pl<\/a><\/li>\n<li><a href=\"http:\/\/www.cisi.pl\/mediagallery\/album.php?aid=240\" target=\"_blank\">strona CISI\u00a0 Pracownicy Krzy\u017ca, G\u0142og\u00f3w<\/a><\/li>\n<\/ul>\n","protected":false},"excerpt":{"rendered":"<p>Pierwsza w j\u0119zyku polskim publikacja najwa\u017cniejszych artyku\u0142\u00f3w z miesi\u0119cznika Dolentium Hominum, wydawanego przez Papiesk\u0105 Rad\u0119 ds. Duszpasterstwa S\u0142u\u017cby Zdrowia. Publikacja ukazuje si\u0119 jako dar dla Ko\u015bcio\u0142a w Polsce z okazji Jubileuszu 25 lat dzia\u0142alno\u015bci Papieskiej Rady. Karol Wojty\u0142a &#8211; Jan Pawe\u0142 II, J. Ratzinger \u2013 Benedykt XVI, J.M. Lustiger, A. Sodano, J. O\u2019Connor, D. Tettamanzi, [&hellip;]<\/p>\n","protected":false},"author":1,"featured_media":0,"parent":0,"menu_order":0,"comment_status":"closed","ping_status":"closed","template":"","meta":{"footnotes":""},"_links":{"self":[{"href":"https:\/\/bonifratrzy.pl\/szkola-opieki-duszpasterskiej\/wp-json\/wp\/v2\/pages\/9"}],"collection":[{"href":"https:\/\/bonifratrzy.pl\/szkola-opieki-duszpasterskiej\/wp-json\/wp\/v2\/pages"}],"about":[{"href":"https:\/\/bonifratrzy.pl\/szkola-opieki-duszpasterskiej\/wp-json\/wp\/v2\/types\/page"}],"author":[{"embeddable":true,"href":"https:\/\/bonifratrzy.pl\/szkola-opieki-duszpasterskiej\/wp-json\/wp\/v2\/users\/1"}],"replies":[{"embeddable":true,"href":"https:\/\/bonifratrzy.pl\/szkola-opieki-duszpasterskiej\/wp-json\/wp\/v2\/comments?post=9"}],"version-history":[{"count":3,"href":"https:\/\/bonifratrzy.pl\/szkola-opieki-duszpasterskiej\/wp-json\/wp\/v2\/pages\/9\/revisions"}],"predecessor-version":[{"id":85,"href":"https:\/\/bonifratrzy.pl\/szkola-opieki-duszpasterskiej\/wp-json\/wp\/v2\/pages\/9\/revisions\/85"}],"wp:attachment":[{"href":"https:\/\/bonifratrzy.pl\/szkola-opieki-duszpasterskiej\/wp-json\/wp\/v2\/media?parent=9"}],"curies":[{"name":"wp","href":"https:\/\/api.w.org\/{rel}","templated":true}]}}