{"id":76,"date":"2016-03-21T11:35:25","date_gmt":"2016-03-21T10:35:25","guid":{"rendered":"https:\/\/bonifratrzy.pl\/szkola-opieki-duszpasterskiej\/?page_id=76"},"modified":"2016-03-21T11:35:25","modified_gmt":"2016-03-21T10:35:25","slug":"ankieta","status":"publish","type":"page","link":"https:\/\/bonifratrzy.pl\/szkola-opieki-duszpasterskiej\/rekrutacja\/ankieta\/","title":{"rendered":"Ankieta"},"content":{"rendered":"<p>Ankiet\u0119 prosimy wydrukowa\u0107, wype\u0142ni\u0107 i z\u0142o\u017cy\u0107 wraz z dokumentami w Sekretariacie Instytutu Nauk o Rodzinie UPJP2<br \/>\n<strong>Do pobrania:<\/strong><\/p>\n<ul>\n<li><a href=\"https:\/\/bonifratrzy.pl\/szkola-opieki-duszpasterskiej\/wp-content\/uploads\/sites\/32\/2016\/03\/Ankieta-informacyjna.doc\" rel=\"\">Ankieta informacyjna<\/a> (DOC)<\/li>\n<\/ul>\n","protected":false},"excerpt":{"rendered":"<p>Ankiet\u0119 prosimy wydrukowa\u0107, wype\u0142ni\u0107 i z\u0142o\u017cy\u0107 wraz z dokumentami w Sekretariacie Instytutu Nauk o Rodzinie UPJP2 Do pobrania: Ankieta informacyjna (DOC)<\/p>\n","protected":false},"author":1,"featured_media":0,"parent":11,"menu_order":0,"comment_status":"closed","ping_status":"closed","template":"","meta":{"footnotes":""},"_links":{"self":[{"href":"https:\/\/bonifratrzy.pl\/szkola-opieki-duszpasterskiej\/wp-json\/wp\/v2\/pages\/76"}],"collection":[{"href":"https:\/\/bonifratrzy.pl\/szkola-opieki-duszpasterskiej\/wp-json\/wp\/v2\/pages"}],"about":[{"href":"https:\/\/bonifratrzy.pl\/szkola-opieki-duszpasterskiej\/wp-json\/wp\/v2\/types\/page"}],"author":[{"embeddable":true,"href":"https:\/\/bonifratrzy.pl\/szkola-opieki-duszpasterskiej\/wp-json\/wp\/v2\/users\/1"}],"replies":[{"embeddable":true,"href":"https:\/\/bonifratrzy.pl\/szkola-opieki-duszpasterskiej\/wp-json\/wp\/v2\/comments?post=76"}],"version-history":[{"count":1,"href":"https:\/\/bonifratrzy.pl\/szkola-opieki-duszpasterskiej\/wp-json\/wp\/v2\/pages\/76\/revisions"}],"predecessor-version":[{"id":78,"href":"https:\/\/bonifratrzy.pl\/szkola-opieki-duszpasterskiej\/wp-json\/wp\/v2\/pages\/76\/revisions\/78"}],"up":[{"embeddable":true,"href":"https:\/\/bonifratrzy.pl\/szkola-opieki-duszpasterskiej\/wp-json\/wp\/v2\/pages\/11"}],"wp:attachment":[{"href":"https:\/\/bonifratrzy.pl\/szkola-opieki-duszpasterskiej\/wp-json\/wp\/v2\/media?parent=76"}],"curies":[{"name":"wp","href":"https:\/\/api.w.org\/{rel}","templated":true}]}}