{"id":72,"date":"2016-03-21T11:32:36","date_gmt":"2016-03-21T10:32:36","guid":{"rendered":"https:\/\/bonifratrzy.pl\/szkola-opieki-duszpasterskiej\/?page_id=72"},"modified":"2016-03-21T11:32:36","modified_gmt":"2016-03-21T10:32:36","slug":"termin-naboru","status":"publish","type":"page","link":"https:\/\/bonifratrzy.pl\/szkola-opieki-duszpasterskiej\/rekrutacja\/termin-naboru\/","title":{"rendered":"Termin naboru"},"content":{"rendered":"<p>Nab\u00f3r do Szko\u0142y Opieki Duszpasterskiej \u015aw. Jana Bo\u017cego, rok akademicki 2015\/2016:<\/p>\n<p><strong>UWAGA:\u00a0Oficjalna rekrutacja odbywa si\u0119 poprzez\u00a0stron\u0119 Uniwersytety Papieskiego im. Jana Paw\u0142a II w Krakowie.<\/strong><\/p>\n","protected":false},"excerpt":{"rendered":"<p>Nab\u00f3r do Szko\u0142y Opieki Duszpasterskiej \u015aw. Jana Bo\u017cego, rok akademicki 2015\/2016: UWAGA:\u00a0Oficjalna rekrutacja odbywa si\u0119 poprzez\u00a0stron\u0119 Uniwersytety Papieskiego im. Jana Paw\u0142a II w Krakowie.<\/p>\n","protected":false},"author":1,"featured_media":0,"parent":11,"menu_order":0,"comment_status":"closed","ping_status":"closed","template":"","meta":{"footnotes":""},"_links":{"self":[{"href":"https:\/\/bonifratrzy.pl\/szkola-opieki-duszpasterskiej\/wp-json\/wp\/v2\/pages\/72"}],"collection":[{"href":"https:\/\/bonifratrzy.pl\/szkola-opieki-duszpasterskiej\/wp-json\/wp\/v2\/pages"}],"about":[{"href":"https:\/\/bonifratrzy.pl\/szkola-opieki-duszpasterskiej\/wp-json\/wp\/v2\/types\/page"}],"author":[{"embeddable":true,"href":"https:\/\/bonifratrzy.pl\/szkola-opieki-duszpasterskiej\/wp-json\/wp\/v2\/users\/1"}],"replies":[{"embeddable":true,"href":"https:\/\/bonifratrzy.pl\/szkola-opieki-duszpasterskiej\/wp-json\/wp\/v2\/comments?post=72"}],"version-history":[{"count":1,"href":"https:\/\/bonifratrzy.pl\/szkola-opieki-duszpasterskiej\/wp-json\/wp\/v2\/pages\/72\/revisions"}],"predecessor-version":[{"id":73,"href":"https:\/\/bonifratrzy.pl\/szkola-opieki-duszpasterskiej\/wp-json\/wp\/v2\/pages\/72\/revisions\/73"}],"up":[{"embeddable":true,"href":"https:\/\/bonifratrzy.pl\/szkola-opieki-duszpasterskiej\/wp-json\/wp\/v2\/pages\/11"}],"wp:attachment":[{"href":"https:\/\/bonifratrzy.pl\/szkola-opieki-duszpasterskiej\/wp-json\/wp\/v2\/media?parent=72"}],"curies":[{"name":"wp","href":"https:\/\/api.w.org\/{rel}","templated":true}]}}