{"id":70,"date":"2016-03-21T11:30:53","date_gmt":"2016-03-21T10:30:53","guid":{"rendered":"https:\/\/bonifratrzy.pl\/szkola-opieki-duszpasterskiej\/?page_id=70"},"modified":"2016-03-21T11:30:53","modified_gmt":"2016-03-21T10:30:53","slug":"wymagane-dokumenty","status":"publish","type":"page","link":"https:\/\/bonifratrzy.pl\/szkola-opieki-duszpasterskiej\/rekrutacja\/wymagane-dokumenty\/","title":{"rendered":"Wymagane dokumenty"},"content":{"rendered":"<ul>\n<li>wydrukowana i podpisana karta ewidencyjna;<\/li>\n<li>podanie do Kierownika Studi\u00f3w o przyj\u0119cie na studia;<\/li>\n<li>\u017cyciorys;<\/li>\n<li>dyplom uko\u0144czenia studi\u00f3w I lub II stopnia (licencjata lub magistra);<\/li>\n<li>czytelna kserokopia dowodu osobistego (orygina\u0142 do wgl\u0105du);<\/li>\n<li>1 fotografia na jasnym tle (3,5 cm x 4,5 cm);<\/li>\n<li>w przypadku os\u00f3b zatrudnionych w S\u0142u\u017cbie Zdrowia i Pomocy Spo\u0142ecznej (etat, zlecenie, umowa cywilno-prawna, wolontariat) &#8211; za\u015bwiadczenie z zak\u0142adu pracy;<\/li>\n<li>wype\u0142niona ankieta dla kandydat\u00f3w<\/li>\n<\/ul>\n","protected":false},"excerpt":{"rendered":"<p>wydrukowana i podpisana karta ewidencyjna; podanie do Kierownika Studi\u00f3w o przyj\u0119cie na studia; \u017cyciorys; dyplom uko\u0144czenia studi\u00f3w I lub II stopnia (licencjata lub magistra); czytelna kserokopia dowodu osobistego (orygina\u0142 do wgl\u0105du); 1 fotografia na jasnym tle (3,5 cm x 4,5 cm); w przypadku os\u00f3b zatrudnionych w S\u0142u\u017cbie Zdrowia i Pomocy Spo\u0142ecznej (etat, zlecenie, umowa cywilno-prawna, [&hellip;]<\/p>\n","protected":false},"author":1,"featured_media":0,"parent":11,"menu_order":0,"comment_status":"closed","ping_status":"closed","template":"","meta":{"footnotes":""},"_links":{"self":[{"href":"https:\/\/bonifratrzy.pl\/szkola-opieki-duszpasterskiej\/wp-json\/wp\/v2\/pages\/70"}],"collection":[{"href":"https:\/\/bonifratrzy.pl\/szkola-opieki-duszpasterskiej\/wp-json\/wp\/v2\/pages"}],"about":[{"href":"https:\/\/bonifratrzy.pl\/szkola-opieki-duszpasterskiej\/wp-json\/wp\/v2\/types\/page"}],"author":[{"embeddable":true,"href":"https:\/\/bonifratrzy.pl\/szkola-opieki-duszpasterskiej\/wp-json\/wp\/v2\/users\/1"}],"replies":[{"embeddable":true,"href":"https:\/\/bonifratrzy.pl\/szkola-opieki-duszpasterskiej\/wp-json\/wp\/v2\/comments?post=70"}],"version-history":[{"count":1,"href":"https:\/\/bonifratrzy.pl\/szkola-opieki-duszpasterskiej\/wp-json\/wp\/v2\/pages\/70\/revisions"}],"predecessor-version":[{"id":71,"href":"https:\/\/bonifratrzy.pl\/szkola-opieki-duszpasterskiej\/wp-json\/wp\/v2\/pages\/70\/revisions\/71"}],"up":[{"embeddable":true,"href":"https:\/\/bonifratrzy.pl\/szkola-opieki-duszpasterskiej\/wp-json\/wp\/v2\/pages\/11"}],"wp:attachment":[{"href":"https:\/\/bonifratrzy.pl\/szkola-opieki-duszpasterskiej\/wp-json\/wp\/v2\/media?parent=70"}],"curies":[{"name":"wp","href":"https:\/\/api.w.org\/{rel}","templated":true}]}}