{"id":68,"date":"2016-03-21T11:27:03","date_gmt":"2016-03-21T10:27:03","guid":{"rendered":"https:\/\/bonifratrzy.pl\/szkola-opieki-duszpasterskiej\/?page_id=68"},"modified":"2016-03-21T11:27:03","modified_gmt":"2016-03-21T10:27:03","slug":"kryteria-naboru","status":"publish","type":"page","link":"https:\/\/bonifratrzy.pl\/szkola-opieki-duszpasterskiej\/rekrutacja\/kryteria-naboru\/","title":{"rendered":"Kryteria naboru"},"content":{"rendered":"<p>Rekrutacja prowadzona jest na podstawie z\u0142o\u017conych dokument\u00f3w oraz wype\u0142nionej ankiety z\u0142o\u017conej wraz z dokumentami rekrutacyjnymi. Kierownictwo Studi\u00f3w zastrzega sobie mo\u017cliwo\u015b\u0107 przeprowadzenia rozmowy wst\u0119pnej z kandydatem.<\/p>\n","protected":false},"excerpt":{"rendered":"<p>Rekrutacja prowadzona jest na podstawie z\u0142o\u017conych dokument\u00f3w oraz wype\u0142nionej ankiety z\u0142o\u017conej wraz z dokumentami rekrutacyjnymi. Kierownictwo Studi\u00f3w zastrzega sobie mo\u017cliwo\u015b\u0107 przeprowadzenia rozmowy wst\u0119pnej z kandydatem.<\/p>\n","protected":false},"author":1,"featured_media":0,"parent":11,"menu_order":0,"comment_status":"closed","ping_status":"closed","template":"","meta":{"footnotes":""},"_links":{"self":[{"href":"https:\/\/bonifratrzy.pl\/szkola-opieki-duszpasterskiej\/wp-json\/wp\/v2\/pages\/68"}],"collection":[{"href":"https:\/\/bonifratrzy.pl\/szkola-opieki-duszpasterskiej\/wp-json\/wp\/v2\/pages"}],"about":[{"href":"https:\/\/bonifratrzy.pl\/szkola-opieki-duszpasterskiej\/wp-json\/wp\/v2\/types\/page"}],"author":[{"embeddable":true,"href":"https:\/\/bonifratrzy.pl\/szkola-opieki-duszpasterskiej\/wp-json\/wp\/v2\/users\/1"}],"replies":[{"embeddable":true,"href":"https:\/\/bonifratrzy.pl\/szkola-opieki-duszpasterskiej\/wp-json\/wp\/v2\/comments?post=68"}],"version-history":[{"count":1,"href":"https:\/\/bonifratrzy.pl\/szkola-opieki-duszpasterskiej\/wp-json\/wp\/v2\/pages\/68\/revisions"}],"predecessor-version":[{"id":69,"href":"https:\/\/bonifratrzy.pl\/szkola-opieki-duszpasterskiej\/wp-json\/wp\/v2\/pages\/68\/revisions\/69"}],"up":[{"embeddable":true,"href":"https:\/\/bonifratrzy.pl\/szkola-opieki-duszpasterskiej\/wp-json\/wp\/v2\/pages\/11"}],"wp:attachment":[{"href":"https:\/\/bonifratrzy.pl\/szkola-opieki-duszpasterskiej\/wp-json\/wp\/v2\/media?parent=68"}],"curies":[{"name":"wp","href":"https:\/\/api.w.org\/{rel}","templated":true}]}}