{"id":27,"date":"2016-03-17T23:12:37","date_gmt":"2016-03-17T22:12:37","guid":{"rendered":"https:\/\/bonifratrzy.pl\/szkola-opieki-duszpasterskiej\/?page_id=27"},"modified":"2016-03-20T16:55:46","modified_gmt":"2016-03-20T15:55:46","slug":"sylwetka-absolwenta","status":"publish","type":"page","link":"https:\/\/bonifratrzy.pl\/szkola-opieki-duszpasterskiej\/o-szkole\/sylwetka-absolwenta\/","title":{"rendered":"Sylwetka Absolwenta"},"content":{"rendered":"<p><strong>Celem studi\u00f3w jest nabycie przez studenta umiej\u0119tno\u015bci:<\/strong><\/p>\n<ul>\n<li>nawi\u0105zywania i podtrzymywania komunikacji interpersonalnych oraz duchowej troski o chorego i jego rodzin\u0119;<\/li>\n<li>wsp\u00f3\u0142pracy z dyrekcj\u0105, pracownikami i wolontariuszami zespo\u0142u opieku\u0144czego;<\/li>\n<li>organizowania grup \u015bwieckich pomocnik\u00f3w duszpasterstwa s\u0142u\u017cby zdrowia i pomocy spo\u0142ecznej w lokalnych plac\u00f3wkach we wsp\u00f3\u0142pracy z kapelanem.<\/li>\n<\/ul>\n<p>&nbsp;<\/p>\n<p>W trakcie studi\u00f3w uczestnik nabywa znajomo\u015bci podstaw sakramentologii, teologii pastoralnej, psychologii i bioetyki na takim poziomie, i\u017c mo\u017ce w przysz\u0142o\u015bci wej\u015b\u0107 w sk\u0142ad komitetu bioetycznego.<\/p>\n<p>Absolwent uzyskuje ministerialne \u015bwiadectwo uko\u0144czenia studi\u00f3w podyplomowych wydane przez Uniwersytet Papieski Jana Paw\u0142a II w Krakowie wraz z certyfikatem praktyk klinicznych i opieku\u0144czych Zakonu Bonifratr\u00f3w.<\/p>\n","protected":false},"excerpt":{"rendered":"<p>Celem studi\u00f3w jest nabycie przez studenta umiej\u0119tno\u015bci: nawi\u0105zywania i podtrzymywania komunikacji interpersonalnych oraz duchowej troski o chorego i jego rodzin\u0119; wsp\u00f3\u0142pracy z dyrekcj\u0105, pracownikami i wolontariuszami zespo\u0142u opieku\u0144czego; organizowania grup \u015bwieckich pomocnik\u00f3w duszpasterstwa s\u0142u\u017cby zdrowia i pomocy spo\u0142ecznej w lokalnych plac\u00f3wkach we wsp\u00f3\u0142pracy z kapelanem. &nbsp; W trakcie studi\u00f3w uczestnik nabywa znajomo\u015bci podstaw sakramentologii, teologii [&hellip;]<\/p>\n","protected":false},"author":1,"featured_media":0,"parent":21,"menu_order":0,"comment_status":"closed","ping_status":"closed","template":"","meta":{"footnotes":""},"_links":{"self":[{"href":"https:\/\/bonifratrzy.pl\/szkola-opieki-duszpasterskiej\/wp-json\/wp\/v2\/pages\/27"}],"collection":[{"href":"https:\/\/bonifratrzy.pl\/szkola-opieki-duszpasterskiej\/wp-json\/wp\/v2\/pages"}],"about":[{"href":"https:\/\/bonifratrzy.pl\/szkola-opieki-duszpasterskiej\/wp-json\/wp\/v2\/types\/page"}],"author":[{"embeddable":true,"href":"https:\/\/bonifratrzy.pl\/szkola-opieki-duszpasterskiej\/wp-json\/wp\/v2\/users\/1"}],"replies":[{"embeddable":true,"href":"https:\/\/bonifratrzy.pl\/szkola-opieki-duszpasterskiej\/wp-json\/wp\/v2\/comments?post=27"}],"version-history":[{"count":2,"href":"https:\/\/bonifratrzy.pl\/szkola-opieki-duszpasterskiej\/wp-json\/wp\/v2\/pages\/27\/revisions"}],"predecessor-version":[{"id":46,"href":"https:\/\/bonifratrzy.pl\/szkola-opieki-duszpasterskiej\/wp-json\/wp\/v2\/pages\/27\/revisions\/46"}],"up":[{"embeddable":true,"href":"https:\/\/bonifratrzy.pl\/szkola-opieki-duszpasterskiej\/wp-json\/wp\/v2\/pages\/21"}],"wp:attachment":[{"href":"https:\/\/bonifratrzy.pl\/szkola-opieki-duszpasterskiej\/wp-json\/wp\/v2\/media?parent=27"}],"curies":[{"name":"wp","href":"https:\/\/api.w.org\/{rel}","templated":true}]}}