{"id":23,"date":"2016-03-17T23:12:13","date_gmt":"2016-03-17T22:12:13","guid":{"rendered":"https:\/\/bonifratrzy.pl\/szkola-opieki-duszpasterskiej\/?page_id=23"},"modified":"2016-03-20T16:53:39","modified_gmt":"2016-03-20T15:53:39","slug":"charakterystyka-studiow","status":"publish","type":"page","link":"https:\/\/bonifratrzy.pl\/szkola-opieki-duszpasterskiej\/o-szkole\/charakterystyka-studiow\/","title":{"rendered":"Charakterystyka studi\u00f3w"},"content":{"rendered":"<h2>Podyplomowe studia z zakresu Duszpasterstwa S\u0142u\u017cby Zdrowia i Pomocy Spo\u0142ecznej<br \/>\nSzko\u0142a Opieki Duszpasterskiej \u015bw. Jana Bo\u017cego<\/h2>\n<p>Studia przeznaczone s\u0105 dla absolwent\u00f3w uczelni wy\u017cszych (licencjackich i magisterskich).<\/p>\n<p>Kszta\u0142c\u0105 specjalist\u00f3w w zakresie duszpasterstwa s\u0142u\u017cby zdrowia i pomocy spo\u0142ecznej i przygotowuj\u0105 do pe\u0142nienia funkcji kapelana lub asystenta \u015bwieckiego w pos\u0142udze duszpasterskiej na terenie szpitala, hospicjum lub innej plac\u00f3wki s\u0142u\u017cby zdrowia, jak r\u00f3wnie\u017c w ramach opieki domowej i instytucji pomocy spo\u0142ecznej.<br \/>\nDyplom studi\u00f3w, nadany przez Uniwersytet Papieski Jana Paw\u0142a II w Krakowie, wraz z certyfikatem praktyk klinicznych i opieku\u0144czych Zakonu Bonifratr\u00f3w, b\u0119dzie zako\u0144czeniem tego etapu edukacji. Najlepszym studentom zostanie zaproponowana wsp\u00f3\u0142praca (opiekun praktyk) w praktycznej cz\u0119\u015bci edukacji w kolejnych edycjach podyplomowej Szko\u0142y Opieki Duszpasterskiej \u015bw. Jana Bo\u017cego.<br \/>\nPodyplomowe studia z zakresu duszpasterstwa S\u0142u\u017cby Zdrowia i Pomocy Spo\u0142ecznej zako\u0144cz\u0105 si\u0119 rekolekcjami b\u0119d\u0105cymi zwie\u0144czeniem formacji duchowej dla wszystkich student\u00f3w.<\/p>\n<p>&nbsp;<\/p>\n<p><strong>JEDNOSTKI PROWADZ\u0104CE<\/strong><\/p>\n<p>Wydzia\u0142 Nauk Spo\u0142ecznych Uniwersytetu Papieskiego Jana Paw\u0142a II w Krakowie (UPJPII)<br \/>\nProwincja Polska Zakonu Szpitalnego \u015bw. Jana Bo\u017cego \u2013 \u201eBonifratrzy\u201d<\/p>\n","protected":false},"excerpt":{"rendered":"<p>Podyplomowe studia z zakresu Duszpasterstwa S\u0142u\u017cby Zdrowia i Pomocy Spo\u0142ecznej Szko\u0142a Opieki Duszpasterskiej \u015bw. Jana Bo\u017cego Studia przeznaczone s\u0105 dla absolwent\u00f3w uczelni wy\u017cszych (licencjackich i magisterskich). Kszta\u0142c\u0105 specjalist\u00f3w w zakresie duszpasterstwa s\u0142u\u017cby zdrowia i pomocy spo\u0142ecznej i przygotowuj\u0105 do pe\u0142nienia funkcji kapelana lub asystenta \u015bwieckiego w pos\u0142udze duszpasterskiej na terenie szpitala, hospicjum lub innej plac\u00f3wki [&hellip;]<\/p>\n","protected":false},"author":1,"featured_media":0,"parent":21,"menu_order":0,"comment_status":"closed","ping_status":"closed","template":"","meta":{"footnotes":""},"_links":{"self":[{"href":"https:\/\/bonifratrzy.pl\/szkola-opieki-duszpasterskiej\/wp-json\/wp\/v2\/pages\/23"}],"collection":[{"href":"https:\/\/bonifratrzy.pl\/szkola-opieki-duszpasterskiej\/wp-json\/wp\/v2\/pages"}],"about":[{"href":"https:\/\/bonifratrzy.pl\/szkola-opieki-duszpasterskiej\/wp-json\/wp\/v2\/types\/page"}],"author":[{"embeddable":true,"href":"https:\/\/bonifratrzy.pl\/szkola-opieki-duszpasterskiej\/wp-json\/wp\/v2\/users\/1"}],"replies":[{"embeddable":true,"href":"https:\/\/bonifratrzy.pl\/szkola-opieki-duszpasterskiej\/wp-json\/wp\/v2\/comments?post=23"}],"version-history":[{"count":3,"href":"https:\/\/bonifratrzy.pl\/szkola-opieki-duszpasterskiej\/wp-json\/wp\/v2\/pages\/23\/revisions"}],"predecessor-version":[{"id":44,"href":"https:\/\/bonifratrzy.pl\/szkola-opieki-duszpasterskiej\/wp-json\/wp\/v2\/pages\/23\/revisions\/44"}],"up":[{"embeddable":true,"href":"https:\/\/bonifratrzy.pl\/szkola-opieki-duszpasterskiej\/wp-json\/wp\/v2\/pages\/21"}],"wp:attachment":[{"href":"https:\/\/bonifratrzy.pl\/szkola-opieki-duszpasterskiej\/wp-json\/wp\/v2\/media?parent=23"}],"curies":[{"name":"wp","href":"https:\/\/api.w.org\/{rel}","templated":true}]}}