{"id":17,"date":"2016-03-17T23:11:15","date_gmt":"2016-03-17T22:11:15","guid":{"rendered":"https:\/\/bonifratrzy.pl\/szkola-opieki-duszpasterskiej\/?page_id=17"},"modified":"2016-03-20T19:20:55","modified_gmt":"2016-03-20T18:20:55","slug":"uroczysta-inaguracja","status":"publish","type":"page","link":"https:\/\/bonifratrzy.pl\/szkola-opieki-duszpasterskiej\/inauguracja-szkoly\/uroczysta-inaguracja\/","title":{"rendered":"Uroczysta Inaguracja"},"content":{"rendered":"<p>10 pa\u017adziernika 2011 w Sanktuarium Mi\u0142osierdzia Bo\u017cego w Krakowie-\u0141agiewnikach zosta\u0142y zainaugurowane Podyplomowe Studia Opieki Duszpasterskiej dla S\u0142u\u017cby Zdrowia i Pomocy Spo\u0142ecznej.<\/p>\n<p>Uroczystej liturgii przewodniczy\u0142 kard. Stanis\u0142aw Dziwisz, a s\u0142owo Bo\u017ce wyg\u0142osi\u0142 abp Zygmunt Zimowski,\u201eMinister Zdrowia\u201d z Watykanu. Byli te\u017c obecni Bp L.Redrado \u2013 Bonifrater, Bp St.Regmunt \u2013 odpowiedzialny za duszpasterstwo s\u0142u\u017cby zdrowia przy KEP, ks. prof. W.Zuziak &#8211; Rektor UPJPII i profesorowie tej uczelni, kapelani diecezjalni i zakonni, siostry zakonne i wierni \u015bwieccy.<\/p>\n<p>&nbsp;<\/p>\n<p><iframe loading=\"lazy\" title=\"Uroczysta inauguracja Podyplomowych Studi\u00f3w Opieki Duszpasterskiej \u015aw. Jana Bo\u017cego w Krakowie\" width=\"500\" height=\"281\" src=\"https:\/\/www.youtube.com\/embed\/yzRIYkVd4Us?start=3&#038;feature=oembed\" frameborder=\"0\" allow=\"accelerometer; autoplay; clipboard-write; encrypted-media; gyroscope; picture-in-picture; web-share\" referrerpolicy=\"strict-origin-when-cross-origin\" allowfullscreen><\/iframe><\/p>\n<p>Po wsp\u00f3lnej modlitwie rozpocz\u0119\u0142a si\u0119 mi\u0119dzynarodowa konferencja pod tytu\u0142em \u201eDolentium Hominum. Duchowni i \u015bwieccy wobec ludzkiego cierpienia\u201d. Uczestnik\u00f3w powita\u0142 Prowincja\u0142 Bonifratr\u00f3w, Br Eugeniusz Kret. W\u015br\u00f3d wyk\u0142adowc\u00f3w sympozjum byli hierarchowie Ko\u015bcio\u0142a (abp Zimowski i bp Redrado z Watykanu, br Tripaldi OH z Rzymu), eksperci r\u00f3\u017cnych dziedzin medycyny i piel\u0119gniarstwa (prof. Szczeklik, prof. Imiela, doc. Krajnik, dr Radziwi\u0142\u0142, dr Krzy\u017canowski), specjali\u015bci pozamedycznych aspekt\u00f3w opieki i wolontariatu (prof. Binnebesel, dr Krakowiak). Konferencje prowadzi\u0142 dr Krobicki &#8211; dyrektor ds. integracji i rozwoju Zakonu Bonifratr\u00f3w.<\/p>\n<p>W\u015br\u00f3d wyk\u0142adowc\u00f3w szczeg\u00f3lnie emocjonalne by\u0142o wyst\u0105pienie Biskupa Redrado, Bonifratra, nazwanego \u201eojcem chrzestnym\u201d podyplomowych studi\u00f3w opieki duszpasterskiej im. \u015bw. Jana Bo\u017cego w Krakowie. Jego zas\u0142ug\u0105 by\u0142o rozszerzenie podyplomowej szko\u0142y na siostry i braci zakonnych, a tak\u017ce na katolik\u00f3w \u015bwieckich, gotowych wsp\u00f3\u0142pracowa\u0107 z kap\u0142anami w zespo\u0142ach opieki duszpasterskiej w s\u0142u\u017cbie zdrowia i pomocy spo\u0142ecznej. Biskup-bonifratrer z Hiszpanii, przez 26 lat zaanga\u017cowany w Papieskiej Radzie ds. Duszpasterstwa S\u0142u\u017cby Zdrowia zgodzi\u0142 si\u0119 zosta\u0107 \u201eambasadorem\u201d Podyplomowych Studi\u00f3w Opieki Duszpasterskiej \u015aw. Jana Bo\u017cego i pom\u00f3c w propagowaniu zespo\u0142owej opieki w Polsce. Obieca\u0142 tak\u017ce zapozna\u0107 kierownictwo i wyk\u0142adowc\u00f3w szko\u0142y z dobrymi praktykami edukacji katolickiej w s\u0142u\u017cbie zdrowia, istniej\u0105cych w Hiszpanii, Irlandii i we W\u0142oszech.<\/p>\n<p>Hierarchowie, wyk\u0142adowcy i wszyscy uczestnicy mi\u0119dzynarodowej konferencji zgodnie podkre\u015blali, \u017ce istnienie tych podyplomowych studi\u00f3w jest nagl\u0105c\u0105 potrzeb\u0105 i mo\u017ce stanowi\u0107 pomoc w realizacji pos\u0142ugi Ko\u015bcio\u0142a wobec chorych i cierpi\u0105cych. Arcybiskup Zimowski zaprosi\u0142 pierwszych absolwent\u00f3w tych studi\u00f3w do odwiedzenia Papieskiej Rady ds. Duszpasterstwa S\u0142u\u017cby Zdrowia w Rzymie. Szczeg\u00f3\u0142y na temat studi\u00f3w, a tak\u017ce wyk\u0142ady z konferencji s\u0105 dost\u0119pne na stronie: www.bonifratrzy.pl\/szkola. Biskup Regmunt na zako\u0144czenie powiedzia\u0142, i\u017c najwa\u017cniejszymi owocami podyplomowych studi\u00f3w b\u0119dzie poprawa jako\u015bci opieki nad chorymi i ich rodzinami w instytucjach s\u0142u\u017cby zdrowia i pomocy spo\u0142ecznej, a tak\u017ce w domowej opiece nad przewlekle chorymi i starszymi, kt\u00f3rych przybywa w starzej\u0105cej si\u0119 Polsce i Europie. Podr\u0119cznikami pomocnymi do przygotowania do tych zada\u0144 s\u0105: \u201eDolentium Homimum. Duchowni i \u015bwieccy wobec ludzkiego cierpienia\u201d (Krak\u00f3w 2011), a tak\u017ce podr\u0119cznik dla opiekun\u00f3w nieformalnych w opiece domowej: \u201ePrzewlekle chory w domu\u201d (Gda\u0144sk 2011). S\u0105 one dost\u0119pne na stronie: www.lubiepomagac.eu<\/p>\n<p>&nbsp;<\/p>\n<p><em>Ks. dr Piotr Krakowiak, Kierownik Podyplomowych Studi\u00f3w \u015bw. Jana Bo\u017cego, Krajowy Duszpasterz Hospicj\u00f3w, Fundacja Lubi\u0119 Pomaga\u0107.<\/em><\/p>\n","protected":false},"excerpt":{"rendered":"<p>10 pa\u017adziernika 2011 w Sanktuarium Mi\u0142osierdzia Bo\u017cego w Krakowie-\u0141agiewnikach zosta\u0142y zainaugurowane Podyplomowe Studia Opieki Duszpasterskiej dla S\u0142u\u017cby Zdrowia i Pomocy Spo\u0142ecznej. Uroczystej liturgii przewodniczy\u0142 kard. Stanis\u0142aw Dziwisz, a s\u0142owo Bo\u017ce wyg\u0142osi\u0142 abp Zygmunt Zimowski,\u201eMinister Zdrowia\u201d z Watykanu. Byli te\u017c obecni Bp L.Redrado \u2013 Bonifrater, Bp St.Regmunt \u2013 odpowiedzialny za duszpasterstwo s\u0142u\u017cby zdrowia przy KEP, ks. [&hellip;]<\/p>\n","protected":false},"author":1,"featured_media":0,"parent":15,"menu_order":0,"comment_status":"closed","ping_status":"closed","template":"","meta":{"footnotes":""},"_links":{"self":[{"href":"https:\/\/bonifratrzy.pl\/szkola-opieki-duszpasterskiej\/wp-json\/wp\/v2\/pages\/17"}],"collection":[{"href":"https:\/\/bonifratrzy.pl\/szkola-opieki-duszpasterskiej\/wp-json\/wp\/v2\/pages"}],"about":[{"href":"https:\/\/bonifratrzy.pl\/szkola-opieki-duszpasterskiej\/wp-json\/wp\/v2\/types\/page"}],"author":[{"embeddable":true,"href":"https:\/\/bonifratrzy.pl\/szkola-opieki-duszpasterskiej\/wp-json\/wp\/v2\/users\/1"}],"replies":[{"embeddable":true,"href":"https:\/\/bonifratrzy.pl\/szkola-opieki-duszpasterskiej\/wp-json\/wp\/v2\/comments?post=17"}],"version-history":[{"count":3,"href":"https:\/\/bonifratrzy.pl\/szkola-opieki-duszpasterskiej\/wp-json\/wp\/v2\/pages\/17\/revisions"}],"predecessor-version":[{"id":48,"href":"https:\/\/bonifratrzy.pl\/szkola-opieki-duszpasterskiej\/wp-json\/wp\/v2\/pages\/17\/revisions\/48"}],"up":[{"embeddable":true,"href":"https:\/\/bonifratrzy.pl\/szkola-opieki-duszpasterskiej\/wp-json\/wp\/v2\/pages\/15"}],"wp:attachment":[{"href":"https:\/\/bonifratrzy.pl\/szkola-opieki-duszpasterskiej\/wp-json\/wp\/v2\/media?parent=17"}],"curies":[{"name":"wp","href":"https:\/\/api.w.org\/{rel}","templated":true}]}}