{"id":5,"date":"2016-06-12T23:40:45","date_gmt":"2016-06-12T21:40:45","guid":{"rendered":"https:\/\/bonifratrzy.pl\/stacja-opieki-srodowiskowej-lodz\/?page_id=5"},"modified":"2025-02-26T13:10:17","modified_gmt":"2025-02-26T12:10:17","slug":"stacja-opieki-srodowiskowej-lodz","status":"publish","type":"page","link":"https:\/\/bonifratrzy.pl\/stacja-opieki-srodowiskowej-lodz\/","title":{"rendered":"Stacja Opieki \u015arodowiskowej &#8211; \u0141\u00f3d\u017a"},"content":{"rendered":"<h2 style=\"text-align: left;\">Stacja Opieki \u015arodowiskowej Konwentu Bonifratr\u00f3w w \u0141odzi dzia\u0142a od 1996 roku.<\/h2>\n<p><img loading=\"lazy\" decoding=\"async\" class=\"size-full wp-image-29 alignright\" src=\"https:\/\/bonifratrzy.pl\/stacja-opieki-srodowiskowej-lodz\/wp-content\/uploads\/sites\/41\/2016\/06\/Logo-lodzkiego-MOPSU.jpg\" alt=\"Logo lodzkiego MOPSU\" width=\"125\" height=\"123\" \/>W ramach swojej dzia\u0142alno\u015bci stacja prowadzi jad\u0142odajni\u0119 dla ubogich oraz magazyn z odzie\u017c\u0105.<\/p>\n<p>Pomoc i opieka w zakresie cel\u00f3w realizowanych przez stacj\u0119 dost\u0119pna jest dla ka\u017cdego-szczeg\u00f3lnie dla ludzi \u017cyj\u0105cych w ub\u00f3stwie, chorych, niepe\u0142nosprawnych, samotnych, os\u00f3b pozbawionych pomocy i opieki najbli\u017cszych.<\/p>\n<p>Od 29.04.2009 roku Stacja Opieki \u015arodowiskowej zosta\u0142a zarejestrowana jako Organizacja Po\u017cytku Publicznego w Krajowym Rejestrze S\u0105dowym pod nr 0000218246<\/p>\n<h2 class=\"cl-1\">Godziny otwarcia:<\/h2>\n<p class=\"cl-1\"><strong>Pn \u2013 Pt: 8:<span style=\"line-height: 20px; font-size: 13.33px;\">00<\/span>\u00a0\u2013 16.00<\/strong><br \/>\nTelefony kontaktowe:<\/p>\n<p class=\"cl-1\"><strong>Stacja Opieki \u015arodowiskowej \u2013 42 68 55 175<\/strong><\/p>\n<p class=\"cl-1\"><strong>&#x73;t&#x61;&#99;&#x6a;&#97;&#x40;&#x62;o&#x6e;&#105;&#x66;&#114;&#x61;&#116;r&#x7a;&#121;&#x2e;&#108;&#x6f;&#100;z&#x2e;&#112;&#x6c;<\/strong><\/p>\n<h2 class=\"cl-1\" style=\"text-align: left;\">1 procent<br \/>\nOrganizacje Po\u017cytku Publicznego<\/h2>\n<p><a href=\"https:\/\/bonifratrzy.pl\/stacja-opieki-srodowiskowej-lodz\/wp-content\/uploads\/sites\/41\/2016\/06\/Jadlodajnia-139-Small.jpg\"><img loading=\"lazy\" decoding=\"async\" class=\"alignleft wp-image-28 size-thumbnail\" title=\"Stacja Opieki \u015arodowiskowej Konwentu Bonifratr\u00f3w w \u0141odzi\" src=\"https:\/\/bonifratrzy.pl\/stacja-opieki-srodowiskowej-lodz\/wp-content\/uploads\/sites\/41\/2016\/06\/Jadlodajnia-139-Small-150x150.jpg\" alt=\"Stacja Opieki \u015arodowiskowej - Wypo\u017cyczalnia Sprz\u0119tu Rehabilitacyjnego i Medycznego\" width=\"150\" height=\"150\" \/><\/a> <a href=\"https:\/\/bonifratrzy.pl\/stacja-opieki-srodowiskowej-lodz\/wp-content\/uploads\/sites\/41\/2016\/06\/Jadlodajnia-116-Small.jpg\"><img loading=\"lazy\" decoding=\"async\" class=\"alignnone wp-image-61 size-thumbnail\" title=\"Stacja Opieki \u015arodowiskowej Konwentu Bonifratr\u00f3w w \u0141odzi\" src=\"https:\/\/bonifratrzy.pl\/stacja-opieki-srodowiskowej-lodz\/wp-content\/uploads\/sites\/41\/2016\/06\/Jadlodajnia-116-Small-150x150.jpg\" alt=\"Wypo\u017cyczalnia Sprz\u0119tu Rehabilitacyjnego i Medycznego\" width=\"150\" height=\"150\" \/><\/a>\u00a0<a href=\"https:\/\/bonifratrzy.pl\/stacja-opieki-srodowiskowej-lodz\/wp-content\/uploads\/sites\/41\/2016\/06\/Jadlodajnia-106-Small2.jpg\"><img loading=\"lazy\" decoding=\"async\" class=\"alignnone wp-image-60 size-thumbnail\" title=\"Stacja Opieki \u015arodowiskowej Konwentu Bonifratr\u00f3w w \u0141odzi\" src=\"https:\/\/bonifratrzy.pl\/stacja-opieki-srodowiskowej-lodz\/wp-content\/uploads\/sites\/41\/2016\/06\/Jadlodajnia-106-Small2-150x150.jpg\" alt=\"Wypo\u017cyczalnia Sprz\u0119tu Rehabilitacyjnego i Medycznego\" width=\"150\" height=\"150\" \/><\/a><\/p>\n<p>Dla ch\u0119tnych, chc\u0105cych \u00a0wesprze\u0107 dzia\u0142alno\u015b\u0107 Stacji Opieki \u015arodowiskowej i przekaza\u0107 darowizn\u0119 dla<\/p>\n<p>bezdomnych i podopiecznych Stacji\u00a0 <strong>Nr konta<\/strong>&#8211;\u00a0 78 1440 1231 0000 0000 0344 6287<\/p>\n<p>Za okazan\u0105 pomoc z g\u00f3ry DZI\u0118KUJEMY!<\/p>\n<p><em>\u00a0<\/em><\/p>\n","protected":false},"excerpt":{"rendered":"<p>Stacja Opieki \u015arodowiskowej Konwentu Bonifratr\u00f3w w \u0141odzi dzia\u0142a od 1996 roku. W ramach swojej dzia\u0142alno\u015bci stacja prowadzi jad\u0142odajni\u0119 dla ubogich oraz magazyn z odzie\u017c\u0105. Pomoc i opieka w zakresie cel\u00f3w realizowanych przez stacj\u0119 dost\u0119pna jest dla ka\u017cdego-szczeg\u00f3lnie dla ludzi \u017cyj\u0105cych w ub\u00f3stwie, chorych, niepe\u0142nosprawnych, samotnych, os\u00f3b pozbawionych pomocy i opieki najbli\u017cszych. Od 29.04.2009 roku Stacja [&hellip;]<\/p>\n","protected":false},"author":1,"featured_media":0,"parent":0,"menu_order":0,"comment_status":"closed","ping_status":"closed","template":"page-home.php","meta":{"footnotes":""},"_links":{"self":[{"href":"https:\/\/bonifratrzy.pl\/stacja-opieki-srodowiskowej-lodz\/wp-json\/wp\/v2\/pages\/5"}],"collection":[{"href":"https:\/\/bonifratrzy.pl\/stacja-opieki-srodowiskowej-lodz\/wp-json\/wp\/v2\/pages"}],"about":[{"href":"https:\/\/bonifratrzy.pl\/stacja-opieki-srodowiskowej-lodz\/wp-json\/wp\/v2\/types\/page"}],"author":[{"embeddable":true,"href":"https:\/\/bonifratrzy.pl\/stacja-opieki-srodowiskowej-lodz\/wp-json\/wp\/v2\/users\/1"}],"replies":[{"embeddable":true,"href":"https:\/\/bonifratrzy.pl\/stacja-opieki-srodowiskowej-lodz\/wp-json\/wp\/v2\/comments?post=5"}],"version-history":[{"count":36,"href":"https:\/\/bonifratrzy.pl\/stacja-opieki-srodowiskowej-lodz\/wp-json\/wp\/v2\/pages\/5\/revisions"}],"predecessor-version":[{"id":410,"href":"https:\/\/bonifratrzy.pl\/stacja-opieki-srodowiskowej-lodz\/wp-json\/wp\/v2\/pages\/5\/revisions\/410"}],"wp:attachment":[{"href":"https:\/\/bonifratrzy.pl\/stacja-opieki-srodowiskowej-lodz\/wp-json\/wp\/v2\/media?parent=5"}],"curies":[{"name":"wp","href":"https:\/\/api.w.org\/{rel}","templated":true}]}}