{"id":24,"date":"2016-06-13T00:15:41","date_gmt":"2016-06-12T22:15:41","guid":{"rendered":"https:\/\/bonifratrzy.pl\/stacja-opieki-srodowiskowej-lodz\/?page_id=24"},"modified":"2023-07-07T10:24:21","modified_gmt":"2023-07-07T08:24:21","slug":"kontakt","status":"publish","type":"page","link":"https:\/\/bonifratrzy.pl\/stacja-opieki-srodowiskowej-lodz\/kontakt\/","title":{"rendered":"Kontakt"},"content":{"rendered":"<h2 class=\"cl-1\"><a href=\"https:\/\/bonifratrzy.pl\/stacja-opieki-srodowiskowej-lodz\/\">Stacja Opieki \u015arodowiskowej Konwentu Bonifratr\u00f3w w \u0141odzi<\/a><\/h2>\n<p class=\"cl-1\">ul. Kosynier\u00f3w Gdy\u0144skich 61a<br \/>\n93-357 \u0141\u00f3d\u017a<br \/>\n(wej\u015bcie od ul.Przed\u015bwit)<\/p>\n<p class=\"cl-1\">KRS 0000218246<\/p>\n<p class=\"cl-1\">Konto dla darczy\u0144c\u00f3w: 78 1440 1231 0000 0000 0344 6287<br \/>\nKonto dla wypo\u017cyczaj\u0105cych sprz\u0119t:\u00a0 20 1440 1231 0000 0000 0401 5557<\/p>\n<h2 class=\"cl-1\">Zapraszamy w godzinach:<\/h2>\n<p class=\"cl-1\">pn-pt\u00a0 8.00 &#8211; 16.00<\/p>\n<p class=\"cl-1\">tel. 42 68\u00a0 55 175<\/p>\n","protected":false},"excerpt":{"rendered":"<p>Stacja Opieki \u015arodowiskowej Konwentu Bonifratr\u00f3w w \u0141odzi ul. Kosynier\u00f3w Gdy\u0144skich 61a 93-357 \u0141\u00f3d\u017a (wej\u015bcie od ul.Przed\u015bwit) KRS 0000218246 Konto dla darczy\u0144c\u00f3w: 78 1440 1231 0000 0000 0344 6287 Konto dla wypo\u017cyczaj\u0105cych sprz\u0119t:\u00a0 20 1440 1231 0000 0000 0401 5557 Zapraszamy w godzinach: pn-pt\u00a0 8.00 &#8211; 16.00 tel. 42 68\u00a0 55 175<\/p>\n","protected":false},"author":1,"featured_media":0,"parent":0,"menu_order":0,"comment_status":"closed","ping_status":"closed","template":"","meta":{"footnotes":""},"_links":{"self":[{"href":"https:\/\/bonifratrzy.pl\/stacja-opieki-srodowiskowej-lodz\/wp-json\/wp\/v2\/pages\/24"}],"collection":[{"href":"https:\/\/bonifratrzy.pl\/stacja-opieki-srodowiskowej-lodz\/wp-json\/wp\/v2\/pages"}],"about":[{"href":"https:\/\/bonifratrzy.pl\/stacja-opieki-srodowiskowej-lodz\/wp-json\/wp\/v2\/types\/page"}],"author":[{"embeddable":true,"href":"https:\/\/bonifratrzy.pl\/stacja-opieki-srodowiskowej-lodz\/wp-json\/wp\/v2\/users\/1"}],"replies":[{"embeddable":true,"href":"https:\/\/bonifratrzy.pl\/stacja-opieki-srodowiskowej-lodz\/wp-json\/wp\/v2\/comments?post=24"}],"version-history":[{"count":9,"href":"https:\/\/bonifratrzy.pl\/stacja-opieki-srodowiskowej-lodz\/wp-json\/wp\/v2\/pages\/24\/revisions"}],"predecessor-version":[{"id":406,"href":"https:\/\/bonifratrzy.pl\/stacja-opieki-srodowiskowej-lodz\/wp-json\/wp\/v2\/pages\/24\/revisions\/406"}],"wp:attachment":[{"href":"https:\/\/bonifratrzy.pl\/stacja-opieki-srodowiskowej-lodz\/wp-json\/wp\/v2\/media?parent=24"}],"curies":[{"name":"wp","href":"https:\/\/api.w.org\/{rel}","templated":true}]}}