{"id":21,"date":"2016-06-13T00:14:12","date_gmt":"2016-06-12T22:14:12","guid":{"rendered":"https:\/\/bonifratrzy.pl\/stacja-opieki-srodowiskowej-lodz\/?page_id=21"},"modified":"2017-11-23T12:06:10","modified_gmt":"2017-11-23T11:06:10","slug":"podziekowania","status":"publish","type":"page","link":"https:\/\/bonifratrzy.pl\/stacja-opieki-srodowiskowej-lodz\/podziekowania\/","title":{"rendered":"Podzi\u0119kowania"},"content":{"rendered":"<h3 class=\"cl-1\">Drodzy Darczy\u0144cy<\/h3>\n<p>W imieniu naszym, oraz podopiecznych naszej Organizacji, sk\u0142adamy serdeczne podzi\u0119kowania za okazane wsparcie. Dzi\u0119ki Pa\u0144stwa ogromnej hojno\u015bci mo\u017cemy zwi\u0119ksza\u0107 zakres pomocy dla ludzi ubogich i bezdomnych.<\/p>\n<p align=\"JUSTIFY\">Stacja Opieki \u015arodowiskowej Konwentu Bonifratr\u00f3w w \u0141odzi sk\u0142ada serdeczne podzi\u0119kowania Selgros Cash&amp;Carry ul. 3 Maja 4 \u0141\u00f3d\u017a za bezinteresown\u0105 pomoc i wsparcie poprzez przekazanie produkt\u00f3w \u017cywno\u015bciowych na \u015awiatowy Dzie\u0144 Ubogiego.<\/p>\n<p>Jeste\u015bmy wdzi\u0119czni za okazane serce, \u017cyczliwo\u015b\u0107 i zaanga\u017cowanie dla tych, kt\u00f3rzy tej pomocy najbardziej potrzebuj\u0105, dla najubo\u017cszych mieszka\u0144c\u00f3w naszego miasta. Okazana przez Pa\u0144stwa dobro\u0107 i przyjazna d\u0142o\u0144 stanowi przyk\u0142ad troski i wra\u017cliwo\u015bci na drugiego cz\u0142owieka.<\/p>\n<p class=\"cl-1\">Szczeg\u00f3lne Podzi\u0119kowania dla Pani Roksany B\u0142aut, oraz Jej Przyjaci\u00f3\u0142, za okazane serce i zorganizowanie zakupu zimowego obuwia i bielizny, kt\u00f3r\u0105 otrzyma\u0142o \u0142\u0105cznie 80 os\u00f3b- kobiet i m\u0119\u017cczyzn.<br \/>\nZa okazane serce dzi\u0119kujemy Panu Romualdowi Boguszewskiemu, kt\u00f3ry przekazuj\u0105c \u015brodki finansowe, wspar\u0142 realizacj\u0119 recept, zakup \u017cywno\u015bci, oraz innych artyku\u0142\u00f3w pierwszej potrzeby.<br \/>\nOgromne podzi\u0119kowania dla Pani Aleksandry W\u00f3jt, dzi\u0119ki kt\u00f3rej Firma BSH sprz\u0119t gospodarstwa domowego, przekaza\u0142a na rzecz Stacji Opieki \u015arodowiskowej pralnic\u0119 i suszark\u0119 b\u0119bnow\u0105 do obs\u0142ugi pralni, \u015bwiadcz\u0105cej us\u0142ugi na rzecz os\u00f3b bezdomnych, lub os\u00f3b nie posiadaj\u0105cych wody i pr\u0105du.<\/p>\n<p class=\"cl-1\">Konwent Bonifratr\u00f3w w \u0141odzi od wielu lat zajmuje si\u0119 pomoc\u0105 najubo\u017cszym poprzez prowadzenie Stacji Opieki \u015arodowiskowej, kt\u00f3ra od roku 1996 zapewnia pomoc socjaln\u0105, piel\u0119gniarsk\u0105 i opieku\u0144cz\u0105, otaczaj\u0105c ludzi bezdomnych, chorych, niepe\u0142nosprawnych, oraz dzieci, we wszystkich sferach \u017cycia.<\/p>\n<p class=\"cl-1\">W\u0142a\u015bnie dzi\u0119ki takim Ludziom jak Pa\u0144stwo, jest nam \u0142atwiej wykonywa\u0107 nasz\u0105 dzia\u0142alno\u015b\u0107 i \u015bwiadczy\u0107 pomoc potrzebuj\u0105cym.<\/p>\n<p class=\"cl-1\" style=\"padding-left: 30px\">\u017byczymy Bo\u017cego b\u0142ogos\u0142awie\u0144stwa, z wyrazami szacunku:<br \/>\nBrat\u00a0 Franciszek Salezy Chmiel-\u00a0 Przeor Konwentu Zakonu Bonifratr\u00f3w<br \/>\nMgr Agnieszka Mazur Rzemieniewska &#8211;\u00a0 Kierownik Stacji Opieki \u015arodowiskowej<\/p>\n","protected":false},"excerpt":{"rendered":"<p>Drodzy Darczy\u0144cy W imieniu naszym, oraz podopiecznych naszej Organizacji, sk\u0142adamy serdeczne podzi\u0119kowania za okazane wsparcie. Dzi\u0119ki Pa\u0144stwa ogromnej hojno\u015bci mo\u017cemy zwi\u0119ksza\u0107 zakres pomocy dla ludzi ubogich i bezdomnych. Stacja Opieki \u015arodowiskowej Konwentu Bonifratr\u00f3w w \u0141odzi sk\u0142ada serdeczne podzi\u0119kowania Selgros Cash&amp;Carry ul. 3 Maja 4 \u0141\u00f3d\u017a za bezinteresown\u0105 pomoc i wsparcie poprzez przekazanie produkt\u00f3w \u017cywno\u015bciowych na [&hellip;]<\/p>\n","protected":false},"author":1,"featured_media":0,"parent":0,"menu_order":0,"comment_status":"closed","ping_status":"closed","template":"","meta":{"footnotes":""},"_links":{"self":[{"href":"https:\/\/bonifratrzy.pl\/stacja-opieki-srodowiskowej-lodz\/wp-json\/wp\/v2\/pages\/21"}],"collection":[{"href":"https:\/\/bonifratrzy.pl\/stacja-opieki-srodowiskowej-lodz\/wp-json\/wp\/v2\/pages"}],"about":[{"href":"https:\/\/bonifratrzy.pl\/stacja-opieki-srodowiskowej-lodz\/wp-json\/wp\/v2\/types\/page"}],"author":[{"embeddable":true,"href":"https:\/\/bonifratrzy.pl\/stacja-opieki-srodowiskowej-lodz\/wp-json\/wp\/v2\/users\/1"}],"replies":[{"embeddable":true,"href":"https:\/\/bonifratrzy.pl\/stacja-opieki-srodowiskowej-lodz\/wp-json\/wp\/v2\/comments?post=21"}],"version-history":[{"count":5,"href":"https:\/\/bonifratrzy.pl\/stacja-opieki-srodowiskowej-lodz\/wp-json\/wp\/v2\/pages\/21\/revisions"}],"predecessor-version":[{"id":223,"href":"https:\/\/bonifratrzy.pl\/stacja-opieki-srodowiskowej-lodz\/wp-json\/wp\/v2\/pages\/21\/revisions\/223"}],"wp:attachment":[{"href":"https:\/\/bonifratrzy.pl\/stacja-opieki-srodowiskowej-lodz\/wp-json\/wp\/v2\/media?parent=21"}],"curies":[{"name":"wp","href":"https:\/\/api.w.org\/{rel}","templated":true}]}}