{"id":37,"date":"2016-03-16T22:12:43","date_gmt":"2016-03-16T21:12:43","guid":{"rendered":"https:\/\/bonifratrzy.pl\/ppoz-lodz\/?page_id=37"},"modified":"2016-04-13T16:17:23","modified_gmt":"2016-04-13T14:17:23","slug":"jak-do-nas-trafic","status":"publish","type":"page","link":"https:\/\/bonifratrzy.pl\/ppoz-lodz\/jak-do-nas-trafic\/","title":{"rendered":"Jak do nas trafi\u0107?"},"content":{"rendered":"<h2>BONIFRATRES LODZIENSIS sp. z\u00a0o.o.<\/h2>\n<p><strong>Szpital Zakonu Bonifratr\u00f3w<br \/>\n<\/strong><strong>\u015bw.\u00a0Jana Bo\u017cego w\u00a0\u0141odzi<\/strong><\/p>\n<p>93-357 \u0141\u00f3d\u017a ul.\u00a0Kosynier\u00f3w Gdy\u0144skich 61<\/p>\n<div class=\"su-gmap su-u-responsive-media-yes\"><iframe loading=\"lazy\" width=\"600\" height=\"400\" src=\"\/\/maps.google.com\/maps?q=93-357%20%C5%81%C3%B3d%C5%BA%20ul.%20Kosynier%C3%B3w%20Gdy%C5%84skich%2061&amp;output=embed\" title=\"\"><\/iframe><\/div>\n","protected":false},"excerpt":{"rendered":"<p>BONIFRATRES LODZIENSIS sp. z\u00a0o.o. Szpital Zakonu Bonifratr\u00f3w \u015bw.\u00a0Jana Bo\u017cego w\u00a0\u0141odzi 93-357 \u0141\u00f3d\u017a ul.\u00a0Kosynier\u00f3w Gdy\u0144skich 61<\/p>\n","protected":false},"author":1,"featured_media":0,"parent":0,"menu_order":1,"comment_status":"closed","ping_status":"closed","template":"","meta":{"footnotes":""},"_links":{"self":[{"href":"https:\/\/bonifratrzy.pl\/ppoz-lodz\/wp-json\/wp\/v2\/pages\/37"}],"collection":[{"href":"https:\/\/bonifratrzy.pl\/ppoz-lodz\/wp-json\/wp\/v2\/pages"}],"about":[{"href":"https:\/\/bonifratrzy.pl\/ppoz-lodz\/wp-json\/wp\/v2\/types\/page"}],"author":[{"embeddable":true,"href":"https:\/\/bonifratrzy.pl\/ppoz-lodz\/wp-json\/wp\/v2\/users\/1"}],"replies":[{"embeddable":true,"href":"https:\/\/bonifratrzy.pl\/ppoz-lodz\/wp-json\/wp\/v2\/comments?post=37"}],"version-history":[{"count":4,"href":"https:\/\/bonifratrzy.pl\/ppoz-lodz\/wp-json\/wp\/v2\/pages\/37\/revisions"}],"predecessor-version":[{"id":51,"href":"https:\/\/bonifratrzy.pl\/ppoz-lodz\/wp-json\/wp\/v2\/pages\/37\/revisions\/51"}],"wp:attachment":[{"href":"https:\/\/bonifratrzy.pl\/ppoz-lodz\/wp-json\/wp\/v2\/media?parent=37"}],"curies":[{"name":"wp","href":"https:\/\/api.w.org\/{rel}","templated":true}]}}