{"id":31,"date":"2016-03-16T22:04:31","date_gmt":"2016-03-16T21:04:31","guid":{"rendered":"https:\/\/bonifratrzy.pl\/ppoz-lodz\/?page_id=31"},"modified":"2016-04-14T15:43:47","modified_gmt":"2016-04-14T13:43:47","slug":"rzecznik-praw-pacjenta","status":"publish","type":"page","link":"https:\/\/bonifratrzy.pl\/ppoz-lodz\/rzecznik-praw-pacjenta\/","title":{"rendered":"Rzecznik praw pacjenta"},"content":{"rendered":"<p><strong>Szczeg\u00f3\u0142owych informacji o\u00a0prawach Pacjenta udziela:<\/strong><\/p>\n<p><strong>Biuro Rzecznika Praw Pacjenta<\/strong><br \/>\nul. M\u0142ynarska 46,<br \/>\n01 \u2013 171 Warszawa<br \/>\n<a href=\"http:\/\/www.bpp.gov.pl\" target=\"_blank\">www.bpp.gov.pl<\/a><br \/>\nBezp\u0142atna infolinia Biura: 0-800-190-590<br \/>\ne-mail:<a href=\"mailto: &#x73;&#101;&#107;r&#x65;&#x74;&#97;r&#x69;&#x61;&#116;&#64;&#x62;&#x70;&#112;&#46;&#x67;&#x6f;&#118;&#46;&#x70;&#x6c;\"> &#115;&#x65;&#x6b;&#114;&#x65;&#x74;a&#x72;&#x69;a&#116;&#x40;b&#112;&#x70;&#46;&#103;&#x6f;v&#46;&#x70;l\u00a0<\/a><\/p>\n<p>Pe\u0142nomocnik Praw Pacjent\u00f3w Szpitala Zakonu Bonifratr\u00f3w w\u00a0Krakowie Sp. z\u00a0o. o.<br \/>\nPacjenci przyjmowani s\u0105 we\u00a0wtorki i\u00a0czwartki, w\u00a0godzinach od\u00a011.00 \u2013 13.30<\/p>\n<p>Lokalizacja:<br \/>\nBudynek C, pi\u0119tro II<\/p>\n","protected":false},"excerpt":{"rendered":"<p>Szczeg\u00f3\u0142owych informacji o\u00a0prawach Pacjenta udziela: Biuro Rzecznika Praw Pacjenta ul. M\u0142ynarska 46, 01 \u2013 171 Warszawa www.bpp.gov.pl Bezp\u0142atna infolinia Biura: 0-800-190-590 e-mail: &#x73;&#x65;&#x6b;&#x72;&#x65;&#x74;&#x61;&#x72;&#105;&#97;&#116;&#64;&#98;&#112;&#112;&#46;gov&#x2e;&#x70;&#x6c;\u00a0 Pe\u0142nomocnik Praw Pacjent\u00f3w Szpitala Zakonu Bonifratr\u00f3w w\u00a0Krakowie Sp. z\u00a0o. o. Pacjenci przyjmowani s\u0105 we\u00a0wtorki i\u00a0czwartki, w\u00a0godzinach od\u00a011.00 \u2013 13.30 Lokalizacja: Budynek C, pi\u0119tro II<\/p>\n","protected":false},"author":1,"featured_media":0,"parent":0,"menu_order":6,"comment_status":"closed","ping_status":"closed","template":"","meta":{"footnotes":""},"_links":{"self":[{"href":"https:\/\/bonifratrzy.pl\/ppoz-lodz\/wp-json\/wp\/v2\/pages\/31"}],"collection":[{"href":"https:\/\/bonifratrzy.pl\/ppoz-lodz\/wp-json\/wp\/v2\/pages"}],"about":[{"href":"https:\/\/bonifratrzy.pl\/ppoz-lodz\/wp-json\/wp\/v2\/types\/page"}],"author":[{"embeddable":true,"href":"https:\/\/bonifratrzy.pl\/ppoz-lodz\/wp-json\/wp\/v2\/users\/1"}],"replies":[{"embeddable":true,"href":"https:\/\/bonifratrzy.pl\/ppoz-lodz\/wp-json\/wp\/v2\/comments?post=31"}],"version-history":[{"count":2,"href":"https:\/\/bonifratrzy.pl\/ppoz-lodz\/wp-json\/wp\/v2\/pages\/31\/revisions"}],"predecessor-version":[{"id":52,"href":"https:\/\/bonifratrzy.pl\/ppoz-lodz\/wp-json\/wp\/v2\/pages\/31\/revisions\/52"}],"wp:attachment":[{"href":"https:\/\/bonifratrzy.pl\/ppoz-lodz\/wp-json\/wp\/v2\/media?parent=31"}],"curies":[{"name":"wp","href":"https:\/\/api.w.org\/{rel}","templated":true}]}}