{"id":26,"date":"2016-03-16T21:53:25","date_gmt":"2016-03-16T20:53:25","guid":{"rendered":"https:\/\/bonifratrzy.pl\/ppoz-lodz\/?page_id=26"},"modified":"2016-03-16T21:56:46","modified_gmt":"2016-03-16T20:56:46","slug":"prawa-i-obowiazki-pacjenta","status":"publish","type":"page","link":"https:\/\/bonifratrzy.pl\/ppoz-lodz\/prawa-i-obowiazki-pacjenta\/","title":{"rendered":"Prawa i obowi\u0105zki pacjenta"},"content":{"rendered":"<p>1. Prawo do\u00a0ochrony zdrowia.<br \/>\n2. Prawo do\u00a0r\u00f3wnego dost\u0119pu do\u00a0\u015bwiadcze\u0144 opieki zdrowotnej finansowanych ze\u00a0\u015brodk\u00f3w publicznych.<br \/>\n3. Prawo do\u00a0\u015bwiadcze\u0144 zdrowotnych odpowiadaj\u0105cych wymaganiom aktualnej wiedzy medycznej opartych na\u00a0dost\u0119pnych metodach i\u00a0\u015brodkach leczenia.<br \/>\n4. Prawo do\u00a0natychmiastowej pomocy medycznej w\u00a0zak\u0142adach opieki zdrowotnej, ze\u00a0wzgl\u0119du na\u00a0zagro\u017cenie zdrowia lub \u017cycia Pacjenta.<br \/>\n5. Prawo do\u00a0intymno\u015bci i\u00a0poszanowania godno\u015bci osobistej w\u00a0czasie udzielania \u015bwiadcze\u0144 zdrowotnych.<br \/>\n6. Prawo do\u00a0umierania w\u00a0spokoju i\u00a0godno\u015bci.<br \/>\n7. Prawo do\u00a0uzyskania od\u00a0lekarza informacji o\u00a0swoim stanie zdrowia.<br \/>\n8. Prawo do\u00a0wyra\u017cenia zgody na: przeprowadzenie badania lub udzielenia innych \u015bwiadcze\u0144 zdrowotnych, uczestnictwo w\u00a0eksperymencie medycznym, uczestnictwo w\u00a0badaniu klinicznym.<br \/>\n9. Prawo do\u00a0wyra\u017cenia sprzeciwu na\u00a0pobranie po\u00a0\u015bmierci kom\u00f3rek, tkanek i\u00a0narz\u0105d\u00f3w oraz\u00a0cofni\u0119cia tego sprzeciwu w\u00a0ka\u017cdym czasie.<br \/>\n10. Prawo do\u00a0pomieszczenia i\u00a0wy\u017cywienia odpowiednich do\u00a0stanu zdrowia Pacjenta.<br \/>\n11. Prawo do\u00a0dodatkowej opieki piel\u0119gnacyjnej sprawowanej przez osob\u0119 blisk\u0105 lub inn\u0105 osob\u0119 wskazan\u0105 przez Pacjenta.<br \/>\n12. Prawo do\u00a0opieki duszpasterskiej.<br \/>\n13. Prawo do\u00a0wypisania ze\u00a0Szpitala na\u00a0w\u0142asne \u017c\u0105danie.<br \/>\n14. Prawo do\u00a0wyra\u017cenia sprzeciwu na\u00a0wykonanie sekcji zw\u0142ok.<br \/>\n15. Prawo do\u00a0dost\u0119pu do\u00a0dokumentacji medycznej.<br \/>\n16. Prawo do\u00a0ochrony danych zawartych w\u00a0dokumentacji medycznej oraz\u00a0innych zwi\u0105zanych z\u00a0udzielaniem \u015bwiadcze\u0144 zdrowotnych.<br \/>\n17. Prawo do\u00a0zachowania w\u00a0tajemnicy informacji zwi\u0105zanych z\u00a0Pacjentem uzyskanych przez personel medyczny.<br \/>\n18. Prawo do\u00a0z\u0142o\u017cenia skargi na\u00a0lekarza do\u00a0rzecznika odpowiedzialno\u015bci zawodowej przy w\u0142a\u015bciwej izbie lekarskiej.<br \/>\n19. Prawo do\u00a0z\u0142o\u017cenia skargi na\u00a0piel\u0119gniark\u0119 i\u00a0po\u0142o\u017cn\u0105 do\u00a0rzecznika odpowiedzialno\u015bci zawodowej przy w\u0142a\u015bciwej izbie piel\u0119gniarek i\u00a0po\u0142o\u017cnych.<br \/>\n20. Prawo do\u00a0z\u0142o\u017cenia skargi na\u00a0diagnost\u0119 laboratoryjnego do\u00a0rzecznika dyscyplinarnego w\u00a0Krajowej Izbie Diagnost\u00f3w Laboratoryjnych.<br \/>\n21. Obowi\u0105zek udzielania personelowi medycznemu jak najpe\u0142niejszej informacji na\u00a0temat stanu zdrowia, alergii i\u00a0przebytych chor\u00f3b.<br \/>\n22. Obowi\u0105zek stosowania si\u0119 do\u00a0uzgodnionego planu diagnostyki i\u00a0leczenia oraz\u00a0zalece\u0144 medycznych.<br \/>\n23. Obowi\u0105zek okazywania szacunku dla praw innych pacjent\u00f3w i\u00a0odwiedzaj\u0105cych, i\u00a0godno\u015bci osobistej personelu Szpitala.<br \/>\n24. Obowi\u0105zek przestrzegania zakazu oddalania si\u0119 poza oddzia\u0142 szpitalny bez zgody lekarza lub piel\u0119gniarki oddzia\u0142u.<br \/>\n25. Obowi\u0105zek przestrzegania zakazu przyjmowania lek\u00f3w i\u00a0parafarmaceutyk\u00f3w bez zgody lekarza.<br \/>\n26. Obowi\u0105zek przestrzegania zakazu palenia tytoniu i\u00a0spo\u017cywania alkoholu na\u00a0terenie Szpitala.<br \/>\n27. Obowi\u0105zek szanowania mienia b\u0119d\u0105cego w\u0142asno\u015bci\u0105 Szpitala.<br \/>\n28. Obowi\u0105zek przebywania w\u00a0wyznaczonej sali podczas wizyty lekarskiej, zabieg\u00f3w oraz\u00a0w\u00a0porze podawania posi\u0142k\u00f3w.<br \/>\n29. Obowi\u0105zek przestrzegania zasad higieny osobistej oraz\u00a0czysto\u015bci i\u00a0w\u0142a\u015bciwego stanu sanitarnego swojego otoczenia.<\/p>\n","protected":false},"excerpt":{"rendered":"<p>1. Prawo do\u00a0ochrony zdrowia. 2. Prawo do\u00a0r\u00f3wnego dost\u0119pu do\u00a0\u015bwiadcze\u0144 opieki zdrowotnej finansowanych ze\u00a0\u015brodk\u00f3w publicznych. 3. Prawo do\u00a0\u015bwiadcze\u0144 zdrowotnych odpowiadaj\u0105cych wymaganiom aktualnej wiedzy medycznej opartych na\u00a0dost\u0119pnych metodach i\u00a0\u015brodkach leczenia. 4. Prawo do\u00a0natychmiastowej pomocy medycznej w\u00a0zak\u0142adach opieki zdrowotnej, ze\u00a0wzgl\u0119du na\u00a0zagro\u017cenie zdrowia lub \u017cycia Pacjenta. 5. Prawo do\u00a0intymno\u015bci i\u00a0poszanowania godno\u015bci osobistej w\u00a0czasie udzielania \u015bwiadcze\u0144 zdrowotnych. 6. Prawo do\u00a0umierania [&hellip;]<\/p>\n","protected":false},"author":1,"featured_media":0,"parent":0,"menu_order":4,"comment_status":"closed","ping_status":"closed","template":"","meta":{"footnotes":""},"_links":{"self":[{"href":"https:\/\/bonifratrzy.pl\/ppoz-lodz\/wp-json\/wp\/v2\/pages\/26"}],"collection":[{"href":"https:\/\/bonifratrzy.pl\/ppoz-lodz\/wp-json\/wp\/v2\/pages"}],"about":[{"href":"https:\/\/bonifratrzy.pl\/ppoz-lodz\/wp-json\/wp\/v2\/types\/page"}],"author":[{"embeddable":true,"href":"https:\/\/bonifratrzy.pl\/ppoz-lodz\/wp-json\/wp\/v2\/users\/1"}],"replies":[{"embeddable":true,"href":"https:\/\/bonifratrzy.pl\/ppoz-lodz\/wp-json\/wp\/v2\/comments?post=26"}],"version-history":[{"count":1,"href":"https:\/\/bonifratrzy.pl\/ppoz-lodz\/wp-json\/wp\/v2\/pages\/26\/revisions"}],"predecessor-version":[{"id":27,"href":"https:\/\/bonifratrzy.pl\/ppoz-lodz\/wp-json\/wp\/v2\/pages\/26\/revisions\/27"}],"wp:attachment":[{"href":"https:\/\/bonifratrzy.pl\/ppoz-lodz\/wp-json\/wp\/v2\/media?parent=26"}],"curies":[{"name":"wp","href":"https:\/\/api.w.org\/{rel}","templated":true}]}}