{"id":14,"date":"2016-03-16T21:27:13","date_gmt":"2016-03-16T20:27:13","guid":{"rendered":"https:\/\/bonifratrzy.pl\/ppoz-lodz\/?page_id=14"},"modified":"2016-03-16T21:27:53","modified_gmt":"2016-03-16T20:27:53","slug":"programy-i-szczepienia","status":"publish","type":"page","link":"https:\/\/bonifratrzy.pl\/ppoz-lodz\/programy-i-szczepienia\/","title":{"rendered":"Programy i szczepienia"},"content":{"rendered":"<h2>PROGRAMY PROFILAKTYCZNE<\/h2>\n<p>Poradnia Podstawowej Opieki Zdrowotnej Szpitala Zakonu Bonifratr\u00f3w \u015bw. Jana Bo\u017cego w \u0141odzi realizuje:<\/p>\n<p><strong>Program profilaktyki chor\u00f3b uk\u0142adu kr\u0105\u017cenia<\/strong><\/p>\n<p>adresaci: osoby zadeklarowane do lekarza POZ, w wieku *35, 40, 45, 50 oraz 55 roku \u017cycia*,<br \/>\nw szczeg\u00f3lno\u015bci obci\u0105\u017cone czynnikami ryzyka, u kt\u00f3rych nie zosta\u0142a dotychczas rozpoznana choroba uk\u0142adu kr\u0105\u017cenia i kt\u00f3re w okresie ostatnich 5 lat nie korzysta\u0142y z tych \u015bwiadcze\u0144.<\/p>\n<p><strong>Program profilaktyki gru\u017alicy<\/strong><\/p>\n<p>adresaci: osoby doros\u0142e, zadeklarowane do piel\u0119gniarki POZ, nie posiadaj\u0105ce w dotychczasowym wywiadzie rozpoznanej gru\u017alicy<\/p>\n<h2>SZCZEPIENIA OCHRONNE<\/h2>\n<p>Realizujemy szczepienia obowi\u0105zkowe i zalecane. Zapraszamy osoby zadeklarowane do Poradni POZ na wizyt\u0119 u piel\u0119gniarki lub lekarza w celu uzyskania pe\u0142nej informacji n\/t szczepie\u0144.<\/p>\n","protected":false},"excerpt":{"rendered":"<p>PROGRAMY PROFILAKTYCZNE Poradnia Podstawowej Opieki Zdrowotnej Szpitala Zakonu Bonifratr\u00f3w \u015bw. Jana Bo\u017cego w \u0141odzi realizuje: Program profilaktyki chor\u00f3b uk\u0142adu kr\u0105\u017cenia adresaci: osoby zadeklarowane do lekarza POZ, w wieku *35, 40, 45, 50 oraz 55 roku \u017cycia*, w szczeg\u00f3lno\u015bci obci\u0105\u017cone czynnikami ryzyka, u kt\u00f3rych nie zosta\u0142a dotychczas rozpoznana choroba uk\u0142adu kr\u0105\u017cenia i kt\u00f3re w okresie ostatnich [&hellip;]<\/p>\n","protected":false},"author":1,"featured_media":0,"parent":0,"menu_order":5,"comment_status":"closed","ping_status":"closed","template":"","meta":{"footnotes":""},"_links":{"self":[{"href":"https:\/\/bonifratrzy.pl\/ppoz-lodz\/wp-json\/wp\/v2\/pages\/14"}],"collection":[{"href":"https:\/\/bonifratrzy.pl\/ppoz-lodz\/wp-json\/wp\/v2\/pages"}],"about":[{"href":"https:\/\/bonifratrzy.pl\/ppoz-lodz\/wp-json\/wp\/v2\/types\/page"}],"author":[{"embeddable":true,"href":"https:\/\/bonifratrzy.pl\/ppoz-lodz\/wp-json\/wp\/v2\/users\/1"}],"replies":[{"embeddable":true,"href":"https:\/\/bonifratrzy.pl\/ppoz-lodz\/wp-json\/wp\/v2\/comments?post=14"}],"version-history":[{"count":2,"href":"https:\/\/bonifratrzy.pl\/ppoz-lodz\/wp-json\/wp\/v2\/pages\/14\/revisions"}],"predecessor-version":[{"id":16,"href":"https:\/\/bonifratrzy.pl\/ppoz-lodz\/wp-json\/wp\/v2\/pages\/14\/revisions\/16"}],"wp:attachment":[{"href":"https:\/\/bonifratrzy.pl\/ppoz-lodz\/wp-json\/wp\/v2\/media?parent=14"}],"curies":[{"name":"wp","href":"https:\/\/api.w.org\/{rel}","templated":true}]}}