{"id":12,"date":"2016-03-16T21:26:53","date_gmt":"2016-03-16T20:26:53","guid":{"rendered":"https:\/\/bonifratrzy.pl\/ppoz-lodz\/?page_id=12"},"modified":"2017-07-27T14:36:25","modified_gmt":"2017-07-27T12:36:25","slug":"kontakt","status":"publish","type":"page","link":"https:\/\/bonifratrzy.pl\/ppoz-lodz\/kontakt\/","title":{"rendered":"Kontakt"},"content":{"rendered":"<h2>Poradnia Podstawowej Opieki Zdrowotnej POZ<\/h2>\n<p><strong>Kierownik<\/strong> <strong>Poradni POZ<\/strong> &#8211; lek.med. Anna \u0141yszkowska &#8211; Goli\u0144ska &#8211; specjalista medycyny rodzinnej<\/p>\n<p><strong>Rejestracja telefoniczna pod nr:\u00a0<\/strong>42 685 51 41 w godz. 8:00 &#8211; 18:00<\/p>\n<p><strong>Godziny pracy rejestracji:\u00a0<\/strong>8:00 &#8211; 18:00 (poniedzia\u0142ek &#8211; pi\u0105tek)<\/p>\n<div class=\"su-divider su-divider-style-default\" style=\"margin:15px 0;border-width:1px;border-color:#999999\"><\/div>\n<h2><strong>Sekretariat Dyrekcji<\/strong><\/h2>\n<h2><strong>Szpital Zakonu Bonifratr\u00f3w<br \/>\n<\/strong><strong>\u015bw. Jana Bo\u017cego w \u0141odzi sp. z o.o.<\/strong><\/h2>\n<p>93-357 \u0141\u00f3d\u017a ul. Kosynier\u00f3w Gdy\u0144skich 61 (wej\u015bcie od ul. \u0141azowskiego)<\/p>\n<p>NIP 7292669818 ; REGON 100771970<\/p>\n<p>s&#122;&#112;&#x69;&#x74;&#x61;l&#64;&#98;&#x6f;&#x6e;&#x69;fr&#97;&#x74;&#x72;&#x7a;y&#46;&#108;&#111;&#x64;&#x7a;&#x2e;p&#108;<\/p>\n<p>tel.: +48 42 685 51 63<br \/>\nfax.: +48 42 685\u00a0 51 69<\/p>\n<p>&nbsp;<\/p>\n","protected":false},"excerpt":{"rendered":"<p>Poradnia Podstawowej Opieki Zdrowotnej POZ Kierownik Poradni POZ &#8211; lek.med. Anna \u0141yszkowska &#8211; Goli\u0144ska &#8211; specjalista medycyny rodzinnej Rejestracja telefoniczna pod nr:\u00a042 685 51 41 w godz. 8:00 &#8211; 18:00 Godziny pracy rejestracji:\u00a08:00 &#8211; 18:00 (poniedzia\u0142ek &#8211; pi\u0105tek) Sekretariat Dyrekcji Szpital Zakonu Bonifratr\u00f3w \u015bw. Jana Bo\u017cego w \u0141odzi sp. z o.o. 93-357 \u0141\u00f3d\u017a ul. Kosynier\u00f3w [&hellip;]<\/p>\n","protected":false},"author":1,"featured_media":0,"parent":0,"menu_order":2,"comment_status":"closed","ping_status":"closed","template":"","meta":{"footnotes":""},"_links":{"self":[{"href":"https:\/\/bonifratrzy.pl\/ppoz-lodz\/wp-json\/wp\/v2\/pages\/12"}],"collection":[{"href":"https:\/\/bonifratrzy.pl\/ppoz-lodz\/wp-json\/wp\/v2\/pages"}],"about":[{"href":"https:\/\/bonifratrzy.pl\/ppoz-lodz\/wp-json\/wp\/v2\/types\/page"}],"author":[{"embeddable":true,"href":"https:\/\/bonifratrzy.pl\/ppoz-lodz\/wp-json\/wp\/v2\/users\/1"}],"replies":[{"embeddable":true,"href":"https:\/\/bonifratrzy.pl\/ppoz-lodz\/wp-json\/wp\/v2\/comments?post=12"}],"version-history":[{"count":6,"href":"https:\/\/bonifratrzy.pl\/ppoz-lodz\/wp-json\/wp\/v2\/pages\/12\/revisions"}],"predecessor-version":[{"id":65,"href":"https:\/\/bonifratrzy.pl\/ppoz-lodz\/wp-json\/wp\/v2\/pages\/12\/revisions\/65"}],"wp:attachment":[{"href":"https:\/\/bonifratrzy.pl\/ppoz-lodz\/wp-json\/wp\/v2\/media?parent=12"}],"curies":[{"name":"wp","href":"https:\/\/api.w.org\/{rel}","templated":true}]}}