{"id":10,"date":"2016-03-16T21:26:42","date_gmt":"2016-03-16T20:26:42","guid":{"rendered":"https:\/\/bonifratrzy.pl\/ppoz-lodz\/?page_id=10"},"modified":"2016-03-16T21:32:31","modified_gmt":"2016-03-16T20:32:31","slug":"poradnia-podstawowej-opieki-zdrowotnej","status":"publish","type":"page","link":"https:\/\/bonifratrzy.pl\/ppoz-lodz\/poradnia-podstawowej-opieki-zdrowotnej\/","title":{"rendered":"Poradnia Podstawowej Opieki Zdrowotnej"},"content":{"rendered":"<p>W ramach podstawowej opieki zdrowotnej \u015bwiadczenia udzielane s\u0105 przez lekarza pierwszego kontaktu, czyli lekarza rodzinnego oraz piel\u0119gniark\u0119 \u015brodowiskowo-rodzinn\u0105.<\/p>\n<p><strong>Kadra medyczna:<\/strong><\/p>\n<ul>\n<li>lek. med. Anna \u0141yszkowska-Goli\u0144ska &#8211; specjalista w zakresie medycyny rodzinnej<\/li>\n<li>lek. med. Beata Duraj-Skowron &#8211; specjalista w zakresie medycyny rodzinnej<\/li>\n<li>lek. med. Ewa St\u0119pie\u0144 &#8211; lekarz chor\u00f3b wewn\u0119trznych<\/li>\n<li>dr n. med. Joanna Frankowska &#8211;\u00a0 specjalista\u00a0 w zakresie medycyny rodzinnej<\/li>\n<\/ul>\n<p><strong>Piel\u0119gniarki \u015brodowiskowe:<\/strong><\/p>\n<ul>\n<li>Gra\u017cyna Kujawska-\u0141om\u017ca<\/li>\n<li>Alicja \u0141uczak<\/li>\n<li>Anna Cichocka<\/li>\n<\/ul>\n<p>Ka\u017cdy pacjent ubezpieczony w Narodowym Funduszu Zdrowia, kt\u00f3ry wype\u0142ni\u0142 deklaracj\u0119 wyboru lekarza lub piel\u0119gniarki ma prawo do bezp\u0142atnych \u015bwiadcze\u0144 medycznych.<\/p>\n<p><strong>Dokumentem potwierdzaj\u0105cym ubezpieczenie jest:<\/strong><\/p>\n<ul>\n<li>ostatni odcinek wyp\u0142aty \u015bwiadcze\u0144 emerytalnych\/rentowych,<\/li>\n<li>legitymacja emeryta\/rencisty,<\/li>\n<li>za\u015bwiadczenie od p\u0142atnika sk\u0142adek, za\u015bwiadczenie z Urz\u0119du Pracy, z O\u015brodka Pomocy Spo\u0142ecznej, z Zak\u0142adu Ubezpiecze\u0144 Spo\u0142ecznych (druki: ZUS ZUA, ZUS ZCZA, ZUS RMUA, ZUS DRA, ZUS ZCNA), b\u0105d\u017a te\u017c z Kasy Rolniczego Ubezpieczenia Spo\u0142ecznego.<\/li>\n<li>legitymacja ubezpieczeniowa z aktualn\u0105 dat\u0105 wpisu, wpis widniej\u0105cy w legitymacji ubezpieczeniowej winien by\u0107 dokonany w miesi\u0105cu bie\u017c\u0105cym lub poprzednim.<a href=\"https:\/\/bonifratrzy.pl\/components\/download\/send.php?pos_id=0\"><br \/>\n<\/a><\/li>\n<\/ul>\n<p><strong>Opieka ca\u0142odobowa:<\/strong><\/p>\n<p>Pacjenci, kt\u00f3rzy dokonali wyboru lekarza i piel\u0119gniarki podstawowej opieki zdrowotnej maj\u0105 zapewniony dost\u0119p do \u015bwiadcze\u0144 w Poradni Og\u00f3lnej od poniedzia\u0142ku do pi\u0105tku w godzinach od 8:00 do 18:00.<\/p>\n<p>Wszyscy pacjenci, kt\u00f3rzy dokonali w Poradni Podstawowej Opieki Zdrowotnej\u00a0 wyboru lekarza i piel\u0119gniarki podstawowej opieki zdrowotnej maj\u0105 zagwarantowan\u0105 w nag\u0142ych przypadkach bezp\u0142atn\u0105 opiek\u0119 medyczn\u0105 ca\u0142odobowo w \u015bwi\u0119ta i dni wolne od pracy oraz w godz. od 18:00 do 8:00 w:<\/p>\n<p><strong>Centrum Medycznym Dobry Doktor<\/strong><br \/>\nul. Rzgowska 281\/289 ( ICZMP-pawilon pediatryczny )<br \/>\ntel. 42 687-50-54<\/p>\n<p><strong>Telefony Alarmowe:<\/strong><br \/>\nPogotowie Ratunkowe : 999 lub 112<\/p>\n","protected":false},"excerpt":{"rendered":"<p>W ramach podstawowej opieki zdrowotnej \u015bwiadczenia udzielane s\u0105 przez lekarza pierwszego kontaktu, czyli lekarza rodzinnego oraz piel\u0119gniark\u0119 \u015brodowiskowo-rodzinn\u0105. Kadra medyczna: lek. med. Anna \u0141yszkowska-Goli\u0144ska &#8211; specjalista w zakresie medycyny rodzinnej lek. med. Beata Duraj-Skowron &#8211; specjalista w zakresie medycyny rodzinnej lek. med. Ewa St\u0119pie\u0144 &#8211; lekarz chor\u00f3b wewn\u0119trznych dr n. med. Joanna Frankowska &#8211;\u00a0 specjalista\u00a0 [&hellip;]<\/p>\n","protected":false},"author":1,"featured_media":0,"parent":0,"menu_order":3,"comment_status":"closed","ping_status":"closed","template":"","meta":{"footnotes":""},"_links":{"self":[{"href":"https:\/\/bonifratrzy.pl\/ppoz-lodz\/wp-json\/wp\/v2\/pages\/10"}],"collection":[{"href":"https:\/\/bonifratrzy.pl\/ppoz-lodz\/wp-json\/wp\/v2\/pages"}],"about":[{"href":"https:\/\/bonifratrzy.pl\/ppoz-lodz\/wp-json\/wp\/v2\/types\/page"}],"author":[{"embeddable":true,"href":"https:\/\/bonifratrzy.pl\/ppoz-lodz\/wp-json\/wp\/v2\/users\/1"}],"replies":[{"embeddable":true,"href":"https:\/\/bonifratrzy.pl\/ppoz-lodz\/wp-json\/wp\/v2\/comments?post=10"}],"version-history":[{"count":2,"href":"https:\/\/bonifratrzy.pl\/ppoz-lodz\/wp-json\/wp\/v2\/pages\/10\/revisions"}],"predecessor-version":[{"id":22,"href":"https:\/\/bonifratrzy.pl\/ppoz-lodz\/wp-json\/wp\/v2\/pages\/10\/revisions\/22"}],"wp:attachment":[{"href":"https:\/\/bonifratrzy.pl\/ppoz-lodz\/wp-json\/wp\/v2\/media?parent=10"}],"curies":[{"name":"wp","href":"https:\/\/api.w.org\/{rel}","templated":true}]}}