{"id":98,"date":"2020-12-10T14:12:28","date_gmt":"2020-12-10T13:12:28","guid":{"rendered":"https:\/\/bonifratrzy.pl\/klasztor-zebrzydowice\/?page_id=98"},"modified":"2022-08-29T15:54:13","modified_gmt":"2022-08-29T13:54:13","slug":"wesprzyj-nas","status":"publish","type":"page","link":"https:\/\/bonifratrzy.pl\/klasztor-zebrzydowice\/wesprzyj-nas\/","title":{"rendered":"Pom\u00f3\u017c"},"content":{"rendered":"<p><strong><em>&#8230;a\u017ceby przy ich opiece by\u0142o coraz lepsze, dok\u0142adniejsze i troskliwsze staranie o chorych i szpital nie tylko nie upada\u0142, ale przez dobr\u0105 administracj\u0119 i troskliwo\u015b\u0107 z dnia na dzie\u0144 coraz bardziej si\u0119 rozwija\u0142<br \/>\n<\/em><\/strong><strong><em>\/Miko\u0142aj Zebrzydowski, 1611r.\/<\/em><\/strong><\/p>\n<p><em><br \/>\n<\/em>Do dzi\u015b zdumiewa nas hojno\u015b\u0107, z jak\u0105 Wojewoda Krakowski uposa\u017cy\u0142 szpital, kt\u00f3ry powierzy\u0142 nam Bonifratrom, aby\u015bmy\u00a0 otaczali opiek\u0105 chorych. Niestety burzliwa historia tego regionu wycisn\u0119\u0142a dewastuj\u0105ce pi\u0119tno na tym miejscu. Pragn\u0105c przywr\u00f3ci\u0107 \u015bwietno\u015b\u0107 szlachetnej fundacji Miko\u0142aja, postanowili\u015bmy zrealizowa\u0107 projekt, kt\u00f3ry w przysz\u0142o\u015bci zagwarantowa\u0142by stabilno\u015b\u0107 i rozw\u00f3j prowadzonych dzie\u0142.<\/p>\n<p>Je\u015bli pragniesz wspom\u00f3c nas w poprawie jako\u015bci opieki nad naszymi podopiecznymi, w rozbudowie Domu Pomocy, Warsztatu Terapii czy w restauracji zespo\u0142u dworskiego, z serca dzi\u0119kujemy:<\/p>\n<p>Konwent Bonifratr\u00f3w p.w. \u015bw. Floriana w Zebrzydowicach<\/p>\n<p>Zebrzydowice 1<\/p>\n<p>34-130 Kalwaria Zebrzydowska<\/p>\n<p>Darowizny:<\/p>\n<p>PKO Bank Polski<\/p>\n<p>Nr konta: <b>65 1020 1433 0000 1002 0188 3487<\/b><\/p>\n<p>* \u00a0 * \u00a0 *<\/p>\n<p><b>Dzielenie si\u0119 dobrem procentuje!<\/b><\/p>\n<p>Dlatego prosimy \u2013 przy\u0142\u0105czcie si\u0119 do tworzenia dobra poprzez u\u015bmiech, \u017cyczliwo\u015b\u0107, aktywno\u015b\u0107 wolontaryjn\u0105 i\u00a0 wsparcie naszych projekt\u00f3w.<\/p>\n<p><b>Podaruj sw\u00f3j 1% podatku<\/b><\/p>\n<p><b>Wystarczy kilka prostych krok\u00f3w<\/b><\/p>\n<p>Wype\u0142niaj\u0105c swoj\u0105 deklaracj\u0119 roczn\u0105 PIT (podatki.gov.pl), znajd\u017a rubryk\u0119:<br \/>\n<b>WNIOSEK O\u00a0 PRZEKAZANIE 1% PODATKU NALE\u017bNEGO NA\u00a0 RZECZ ORGANIZACJI PO\u017bYTKU PUBLICZNEGO (OPP).<\/b><\/p>\n<p>W\u00a0 polu numer KRS wpisz, prosimy numer:\u00a0<b>0000134759<\/b>\u00a0a w miejscu wnioskowana kwota \u2013 kwot\u0119 stanowi\u0105c\u0105\u00a0<b>1%<\/b>\u00a0wyliczonego podatku.<\/p>\n<p align=\"JUSTIFY\"><b>W rubryce cel szczeg\u00f3\u0142owy 1% wpisz \u201eDom Pomocy Spo\u0142ecznej w Zebrzydowicach\u201d<\/b><\/p>\n<p>lub\u00a0\u00a0<b>przeka\u017c darowizn\u0119 na\u00a0 konto Fundacji nr 77 1440 1231 0000 0000 0965 4402\u00a0<\/b>z opisem<b>\u00a0Dom Pomocy Spo\u0142ecznej w Zebrzydowicach.<\/b><\/p>\n<p><b>* \u00a0 * \u00a0 *<\/b><\/p>\n","protected":false},"excerpt":{"rendered":"<p>&#8230;a\u017ceby przy ich opiece by\u0142o coraz lepsze, dok\u0142adniejsze i troskliwsze staranie o chorych i szpital nie tylko nie upada\u0142, ale przez dobr\u0105 administracj\u0119 i troskliwo\u015b\u0107 z dnia na dzie\u0144 coraz bardziej si\u0119 rozwija\u0142 \/Miko\u0142aj Zebrzydowski, 1611r.\/ Do dzi\u015b zdumiewa nas hojno\u015b\u0107, z jak\u0105 Wojewoda Krakowski uposa\u017cy\u0142 szpital, kt\u00f3ry powierzy\u0142 nam Bonifratrom, aby\u015bmy\u00a0 otaczali opiek\u0105 chorych. [&hellip;]<\/p>\n","protected":false},"author":1,"featured_media":0,"parent":0,"menu_order":0,"comment_status":"closed","ping_status":"closed","template":"","meta":{"footnotes":""},"_links":{"self":[{"href":"https:\/\/bonifratrzy.pl\/klasztor-zebrzydowice\/wp-json\/wp\/v2\/pages\/98"}],"collection":[{"href":"https:\/\/bonifratrzy.pl\/klasztor-zebrzydowice\/wp-json\/wp\/v2\/pages"}],"about":[{"href":"https:\/\/bonifratrzy.pl\/klasztor-zebrzydowice\/wp-json\/wp\/v2\/types\/page"}],"author":[{"embeddable":true,"href":"https:\/\/bonifratrzy.pl\/klasztor-zebrzydowice\/wp-json\/wp\/v2\/users\/1"}],"replies":[{"embeddable":true,"href":"https:\/\/bonifratrzy.pl\/klasztor-zebrzydowice\/wp-json\/wp\/v2\/comments?post=98"}],"version-history":[{"count":5,"href":"https:\/\/bonifratrzy.pl\/klasztor-zebrzydowice\/wp-json\/wp\/v2\/pages\/98\/revisions"}],"predecessor-version":[{"id":3169,"href":"https:\/\/bonifratrzy.pl\/klasztor-zebrzydowice\/wp-json\/wp\/v2\/pages\/98\/revisions\/3169"}],"wp:attachment":[{"href":"https:\/\/bonifratrzy.pl\/klasztor-zebrzydowice\/wp-json\/wp\/v2\/media?parent=98"}],"curies":[{"name":"wp","href":"https:\/\/api.w.org\/{rel}","templated":true}]}}