{"id":95,"date":"2020-12-10T14:10:37","date_gmt":"2020-12-10T13:10:37","guid":{"rendered":"https:\/\/bonifratrzy.pl\/klasztor-zebrzydowice\/?page_id=95"},"modified":"2020-12-10T14:10:37","modified_gmt":"2020-12-10T13:10:37","slug":"spichlerz","status":"publish","type":"page","link":"https:\/\/bonifratrzy.pl\/klasztor-zebrzydowice\/projekty\/spichlerz\/","title":{"rendered":"Spichlerz"},"content":{"rendered":"<p>Spichlerz w Zebrzydowicach to miejsce, w kt\u00f3rym przez wieki przechowywano ca\u0142oroczne plony umo\u017cliwiaj\u0105ce przetrwanie w\u00a0okresie g\u0142odu, wojen i nieurodzaju.<\/p>\n<p>Dzisiaj chcemy przywr\u00f3ci\u0107 temu miejscu jego dawn\u0105 \u015bwietno\u015b\u0107 i symbolik\u0119, gromadz\u0105c w nim zamiast p\u0142od\u00f3w rolnych, warto\u015bci zwi\u0105zane ponad 400-letni\u0105 obecno\u015bci\u0105 w tym regionie Braci Bonifratr\u00f3w. Pragniemy stworzy\u0107 obiekt \u0142\u0105cz\u0105cy funkcje dziedzictwa kulturowego, regionalnego i z funkcj\u0105 spo\u0142eczn\u0105 i integracyjn\u0105. Nasz projekt zak\u0142ada powstanie w budynku dawnego spichlerza o\u015brodka, w kt\u00f3rym promowane b\u0119d\u0105 lokalne produkty\u00a0 m.in. mleko, sery, tradycyjne piwo zakonne oraz wyroby i techniki r\u0119kodzielnicze.<\/p>\n<p>Prezentowana b\u0119dzie tutaj bogata historia regionu, ale tak\u017ce sztuka wsp\u00f3\u0142czesnych artyst\u00f3w. Szczeg\u00f3lnie pragniemy przedstawia\u0107 tu mo\u017cliwo\u015bci pracy tw\u00f3rczej os\u00f3b niepe\u0142nosprawnych oraz stworzy\u0107 warunki do ich zatrudnienia. Dochody z tej dzia\u0142alno\u015bci przeznaczone zostan\u0105 na cele spo\u0142eczne &#8211; wspomaganie funkcjonowania Domu Pomocy Spo\u0142ecznej, Warsztatu Terapii Zaj\u0119ciowej oraz renowacj\u0119 zabytkowego dworu.<\/p>\n<p>Drzwi spichlerza klasztornego b\u0119d\u0105 otwarte dla okolicznych mieszka\u0144c\u00f3w oraz turyst\u00f3w. B\u0119d\u0105 otwarte r\u00f3wnie\u017c dla Ciebie. Je\u017celi chcesz zainwestowa\u0107 we wsp\u00f3lne dobro, przywr\u00f3ci\u0107 dawn\u0105 okaza\u0142o\u015b\u0107 spichlerza klasztornego\u00a0 i w przysz\u0142o\u015bci czerpa\u0107 z bogactwa jego spi\u017carni pom\u00f3\u017c w jego renowacji.<\/p>\n<p><img loading=\"lazy\" decoding=\"async\" class=\"alignnone size-full wp-image-96\" src=\"https:\/\/bonifratrzy.pl\/klasztor-zebrzydowice\/wp-content\/uploads\/sites\/52\/2020\/12\/b_spichlerz1.jpg\" alt=\"\" width=\"448\" height=\"220\" \/><\/p>\n","protected":false},"excerpt":{"rendered":"<p>Spichlerz w Zebrzydowicach to miejsce, w kt\u00f3rym przez wieki przechowywano ca\u0142oroczne plony umo\u017cliwiaj\u0105ce przetrwanie w\u00a0okresie g\u0142odu, wojen i nieurodzaju. Dzisiaj chcemy przywr\u00f3ci\u0107 temu miejscu jego dawn\u0105 \u015bwietno\u015b\u0107 i symbolik\u0119, gromadz\u0105c w nim zamiast p\u0142od\u00f3w rolnych, warto\u015bci zwi\u0105zane ponad 400-letni\u0105 obecno\u015bci\u0105 w tym regionie Braci Bonifratr\u00f3w. Pragniemy stworzy\u0107 obiekt \u0142\u0105cz\u0105cy funkcje dziedzictwa kulturowego, regionalnego i z [&hellip;]<\/p>\n","protected":false},"author":1,"featured_media":0,"parent":80,"menu_order":0,"comment_status":"closed","ping_status":"closed","template":"","meta":{"footnotes":""},"_links":{"self":[{"href":"https:\/\/bonifratrzy.pl\/klasztor-zebrzydowice\/wp-json\/wp\/v2\/pages\/95"}],"collection":[{"href":"https:\/\/bonifratrzy.pl\/klasztor-zebrzydowice\/wp-json\/wp\/v2\/pages"}],"about":[{"href":"https:\/\/bonifratrzy.pl\/klasztor-zebrzydowice\/wp-json\/wp\/v2\/types\/page"}],"author":[{"embeddable":true,"href":"https:\/\/bonifratrzy.pl\/klasztor-zebrzydowice\/wp-json\/wp\/v2\/users\/1"}],"replies":[{"embeddable":true,"href":"https:\/\/bonifratrzy.pl\/klasztor-zebrzydowice\/wp-json\/wp\/v2\/comments?post=95"}],"version-history":[{"count":1,"href":"https:\/\/bonifratrzy.pl\/klasztor-zebrzydowice\/wp-json\/wp\/v2\/pages\/95\/revisions"}],"predecessor-version":[{"id":97,"href":"https:\/\/bonifratrzy.pl\/klasztor-zebrzydowice\/wp-json\/wp\/v2\/pages\/95\/revisions\/97"}],"up":[{"embeddable":true,"href":"https:\/\/bonifratrzy.pl\/klasztor-zebrzydowice\/wp-json\/wp\/v2\/pages\/80"}],"wp:attachment":[{"href":"https:\/\/bonifratrzy.pl\/klasztor-zebrzydowice\/wp-json\/wp\/v2\/media?parent=95"}],"curies":[{"name":"wp","href":"https:\/\/api.w.org\/{rel}","templated":true}]}}