{"id":90,"date":"2020-12-10T14:08:58","date_gmt":"2020-12-10T13:08:58","guid":{"rendered":"https:\/\/bonifratrzy.pl\/klasztor-zebrzydowice\/?page_id=90"},"modified":"2020-12-10T14:08:58","modified_gmt":"2020-12-10T13:08:58","slug":"dwor","status":"publish","type":"page","link":"https:\/\/bonifratrzy.pl\/klasztor-zebrzydowice\/projekty\/dwor\/","title":{"rendered":"Dw\u00f3r"},"content":{"rendered":"<p>Do 2006 roku zabytkowy budynek zajmowa\u0142 Dom Pomocy Spo\u0142ecznej. Obecnie opracowano koncepcj\u0119 zagospodarowania wn\u0119trza, wedle kt\u00f3rej pomieszczenia dworskie\u00a0maj\u0105 zosta\u0107\u00a0zaadoptowane na pokoje go\u015bcinne.<\/p>\n<p>Ostateczna wizja historycznego Dworu Zebrzydowskich jeszcze si\u0119 nie wyklarowa\u0142a.<\/p>\n<div id=\"envira-gallery-wrap-91\" class=\"envira-gallery-wrap envira-gallery-theme-base envira-lightbox-theme-base\" itemscope itemtype=\"https:\/\/schema.org\/ImageGallery\"><div data-row-height=\"\" data-gallery-theme=\"\" id=\"envira-gallery-91\" class=\"envira-gallery-public  envira-gallery-2-columns envira-clear enviratope envira-gallery-css-animations\" data-envira-columns=\"2\"><div id=\"envira-gallery-item-93\" class=\"envira-gallery-item enviratope-item envira-gallery-item-1 envira-lazy-load\" style=\"padding-left: 5px; padding-bottom: 10px; padding-right: 5px;\"  itemscope itemtype=\"https:\/\/schema.org\/ImageObject\"><div class=\"envira-gallery-item-inner\"><div class=\"envira-gallery-position-overlay  envira-gallery-top-left\"><\/div><div class=\"envira-gallery-position-overlay  envira-gallery-top-right\"><\/div><div class=\"envira-gallery-position-overlay  envira-gallery-bottom-left\"><\/div><div class=\"envira-gallery-position-overlay  envira-gallery-bottom-right\"><\/div><a href=\"https:\/\/bonifratrzy.pl\/klasztor-zebrzydowice\/wp-content\/uploads\/sites\/52\/2020\/12\/b_dwor1.jpg\" class=\"envira-gallery-91 envira-gallery-link\" rel=\"enviragallery91\" title=\"\" data-envira-caption=\"\" data-envira-retina=\"\" data-thumbnail=\"\"  itemprop=\"contentUrl\"><div class=\"envira-lazy\" data-test-width=\"640\" data-test-height=\"480\" style=\"padding-bottom:75%;\"><img decoding=\"async\" id=\"envira-gallery-image-93\" class=\"envira-gallery-image envira-gallery-image-1\" data-envira-index=\"1\" src=\"https:\/\/bonifratrzy.pl\/klasztor-zebrzydowice\/wp-content\/uploads\/sites\/52\/2020\/12\/b_dwor1-640x480_c.jpg\" data-envira-src=\"https:\/\/bonifratrzy.pl\/klasztor-zebrzydowice\/wp-content\/uploads\/sites\/52\/2020\/12\/b_dwor1-640x480_c.jpg\" data-envira-gallery-id=\"91\" data-envira-item-id=\"93\" data-envira-caption=\"\" alt=\"\" title=\"\"  itemprop=\"thumbnailUrl\" data-envira-srcset=\"https:\/\/bonifratrzy.pl\/klasztor-zebrzydowice\/wp-content\/uploads\/sites\/52\/2020\/12\/b_dwor1-640x480_c.jpg 400w,https:\/\/bonifratrzy.pl\/klasztor-zebrzydowice\/wp-content\/uploads\/sites\/52\/2020\/12\/b_dwor1-640x480_c.jpg 2x\" srcset=\"data:image\/gif;base64,R0lGODlhAQABAIAAAP\/\/\/\/\/\/\/yH5BAEKAAEALAAAAAABAAEAAAICTAEAOw==\" \/><\/div><\/a><\/div><\/div><div id=\"envira-gallery-item-92\" class=\"envira-gallery-item enviratope-item envira-gallery-item-2 envira-lazy-load\" style=\"padding-left: 5px; padding-bottom: 10px; padding-right: 5px;\"  itemscope itemtype=\"https:\/\/schema.org\/ImageObject\"><div class=\"envira-gallery-item-inner\"><div class=\"envira-gallery-position-overlay  envira-gallery-top-left\"><\/div><div class=\"envira-gallery-position-overlay  envira-gallery-top-right\"><\/div><div class=\"envira-gallery-position-overlay  envira-gallery-bottom-left\"><\/div><div class=\"envira-gallery-position-overlay  envira-gallery-bottom-right\"><\/div><a href=\"https:\/\/bonifratrzy.pl\/klasztor-zebrzydowice\/wp-content\/uploads\/sites\/52\/2020\/12\/b_dwor2.jpg\" class=\"envira-gallery-91 envira-gallery-link\" rel=\"enviragallery91\" title=\"\" data-envira-caption=\"\" data-envira-retina=\"\" data-thumbnail=\"\"  itemprop=\"contentUrl\"><div class=\"envira-lazy\" data-test-width=\"640\" data-test-height=\"480\" style=\"padding-bottom:75%;\"><img decoding=\"async\" id=\"envira-gallery-image-92\" class=\"envira-gallery-image envira-gallery-image-2\" data-envira-index=\"2\" src=\"https:\/\/bonifratrzy.pl\/klasztor-zebrzydowice\/wp-content\/uploads\/sites\/52\/2020\/12\/b_dwor2-640x480_c.jpg\" data-envira-src=\"https:\/\/bonifratrzy.pl\/klasztor-zebrzydowice\/wp-content\/uploads\/sites\/52\/2020\/12\/b_dwor2-640x480_c.jpg\" data-envira-gallery-id=\"91\" data-envira-item-id=\"92\" data-envira-caption=\"\" alt=\"\" title=\"\"  itemprop=\"thumbnailUrl\" data-envira-srcset=\"https:\/\/bonifratrzy.pl\/klasztor-zebrzydowice\/wp-content\/uploads\/sites\/52\/2020\/12\/b_dwor2-640x480_c.jpg 400w,https:\/\/bonifratrzy.pl\/klasztor-zebrzydowice\/wp-content\/uploads\/sites\/52\/2020\/12\/b_dwor2-640x480_c.jpg 2x\" srcset=\"data:image\/gif;base64,R0lGODlhAQABAIAAAP\/\/\/\/\/\/\/yH5BAEKAAEALAAAAAABAAEAAAICTAEAOw==\" \/><\/div><\/a><\/div><\/div><\/div><\/div><noscript><img decoding=\"async\" src=\"https:\/\/bonifratrzy.pl\/klasztor-zebrzydowice\/wp-content\/uploads\/sites\/52\/2020\/12\/b_dwor1.jpg\" alt=\"\" \/><img decoding=\"async\" src=\"https:\/\/bonifratrzy.pl\/klasztor-zebrzydowice\/wp-content\/uploads\/sites\/52\/2020\/12\/b_dwor2.jpg\" alt=\"\" \/><\/noscript>\n<p>&nbsp;<\/p>\n","protected":false},"excerpt":{"rendered":"<p>Do 2006 roku zabytkowy budynek zajmowa\u0142 Dom Pomocy Spo\u0142ecznej. Obecnie opracowano koncepcj\u0119 zagospodarowania wn\u0119trza, wedle kt\u00f3rej pomieszczenia dworskie\u00a0maj\u0105 zosta\u0107\u00a0zaadoptowane na pokoje go\u015bcinne. Ostateczna wizja historycznego Dworu Zebrzydowskich jeszcze si\u0119 nie wyklarowa\u0142a. &nbsp;<\/p>\n","protected":false},"author":1,"featured_media":0,"parent":80,"menu_order":0,"comment_status":"closed","ping_status":"closed","template":"","meta":{"footnotes":""},"_links":{"self":[{"href":"https:\/\/bonifratrzy.pl\/klasztor-zebrzydowice\/wp-json\/wp\/v2\/pages\/90"}],"collection":[{"href":"https:\/\/bonifratrzy.pl\/klasztor-zebrzydowice\/wp-json\/wp\/v2\/pages"}],"about":[{"href":"https:\/\/bonifratrzy.pl\/klasztor-zebrzydowice\/wp-json\/wp\/v2\/types\/page"}],"author":[{"embeddable":true,"href":"https:\/\/bonifratrzy.pl\/klasztor-zebrzydowice\/wp-json\/wp\/v2\/users\/1"}],"replies":[{"embeddable":true,"href":"https:\/\/bonifratrzy.pl\/klasztor-zebrzydowice\/wp-json\/wp\/v2\/comments?post=90"}],"version-history":[{"count":1,"href":"https:\/\/bonifratrzy.pl\/klasztor-zebrzydowice\/wp-json\/wp\/v2\/pages\/90\/revisions"}],"predecessor-version":[{"id":94,"href":"https:\/\/bonifratrzy.pl\/klasztor-zebrzydowice\/wp-json\/wp\/v2\/pages\/90\/revisions\/94"}],"up":[{"embeddable":true,"href":"https:\/\/bonifratrzy.pl\/klasztor-zebrzydowice\/wp-json\/wp\/v2\/pages\/80"}],"wp:attachment":[{"href":"https:\/\/bonifratrzy.pl\/klasztor-zebrzydowice\/wp-json\/wp\/v2\/media?parent=90"}],"curies":[{"name":"wp","href":"https:\/\/api.w.org\/{rel}","templated":true}]}}