{"id":85,"date":"2020-12-10T14:06:54","date_gmt":"2020-12-10T13:06:54","guid":{"rendered":"https:\/\/bonifratrzy.pl\/klasztor-zebrzydowice\/?page_id=85"},"modified":"2020-12-10T14:06:54","modified_gmt":"2020-12-10T13:06:54","slug":"dom-pomocy-spolecznej","status":"publish","type":"page","link":"https:\/\/bonifratrzy.pl\/klasztor-zebrzydowice\/projekty\/dom-pomocy-spolecznej\/","title":{"rendered":"Dom Pomocy Spo\u0142ecznej"},"content":{"rendered":"<p>Naszym marzeniem jest stworzenie Domu o charakterze rodzinnym, opartym na funkcjonowaniu ma\u0142ych 12-to osobowych grup mieszkalnych, z\u00a0 kt\u00f3rych ka\u017cda b\u0119dzie mia\u0142a do dyspozycji opr\u00f3cz pokoi mieszkalnych i zaplecza sanitarnego w\u0142asn\u0105 jadalni\u0119, podr\u0119czn\u0105 kuchni\u0119 i pralni\u0119 oraz pok\u00f3j dzienny.<\/p>\n<p>Projekt budowlany, na kt\u00f3ry posiadamy pozwolenie na budow\u0119 powsta\u0142 w oparciu o do\u015bwiadczenia bonifraterskich o\u015brodk\u00f3w dla os\u00f3b niepe\u0142nosprawnych w Austrii i Niemczech. Nasze wizyty w tych miejscach przekona\u0142y nas ca\u0142kowicie, \u017ce tylko taka organizacja Domu daje najlepsze, naturalne warunki \u017cycia, zapewniaj\u0105ce bezpiecze\u0144stwo i prywatno\u015b\u0107.<\/p>\n<p>Mieszka\u0144cy w mniejszych grupach b\u0119d\u0105 mogli w wi\u0119kszym stopniu tworzy\u0107 wsp\u00f3lnoty, w kt\u00f3rych b\u0119d\u0105 si\u0119 wspiera\u0107\u00a0 wzajemnie, tworzy\u0107 mi\u0119dzy sob\u0105 rodzinne relacje i czu\u0107 si\u0119 odpowiedzialni za w\u0142asn\u0105 przestrze\u0144 \u017cyciow\u0105.<\/p>\n<div id=\"envira-gallery-wrap-86\" class=\"envira-gallery-wrap envira-gallery-theme-base envira-lightbox-theme-base\" itemscope itemtype=\"https:\/\/schema.org\/ImageGallery\"><div data-row-height=\"\" data-gallery-theme=\"\" id=\"envira-gallery-86\" class=\"envira-gallery-public  envira-gallery-2-columns envira-clear enviratope envira-gallery-css-animations\" data-envira-columns=\"2\"><div id=\"envira-gallery-item-88\" class=\"envira-gallery-item enviratope-item envira-gallery-item-1 envira-lazy-load\" style=\"padding-left: 5px; padding-bottom: 10px; padding-right: 5px;\"  itemscope itemtype=\"https:\/\/schema.org\/ImageObject\"><div class=\"envira-gallery-item-inner\"><div class=\"envira-gallery-position-overlay  envira-gallery-top-left\"><\/div><div class=\"envira-gallery-position-overlay  envira-gallery-top-right\"><\/div><div class=\"envira-gallery-position-overlay  envira-gallery-bottom-left\"><\/div><div class=\"envira-gallery-position-overlay  envira-gallery-bottom-right\"><\/div><a href=\"https:\/\/bonifratrzy.pl\/klasztor-zebrzydowice\/wp-content\/uploads\/sites\/52\/2020\/12\/b_dps1.jpg\" class=\"envira-gallery-86 envira-gallery-link\" rel=\"enviragallery86\" title=\"\" data-envira-caption=\"\" data-envira-retina=\"\" data-thumbnail=\"\"  itemprop=\"contentUrl\"><div class=\"envira-lazy\" data-test-width=\"640\" data-test-height=\"480\" style=\"padding-bottom:75%;\"><img decoding=\"async\" id=\"envira-gallery-image-88\" class=\"envira-gallery-image envira-gallery-image-1\" data-envira-index=\"1\" src=\"https:\/\/bonifratrzy.pl\/klasztor-zebrzydowice\/wp-content\/uploads\/sites\/52\/2020\/12\/b_dps1-640x480_c.jpg\" data-envira-src=\"https:\/\/bonifratrzy.pl\/klasztor-zebrzydowice\/wp-content\/uploads\/sites\/52\/2020\/12\/b_dps1-640x480_c.jpg\" data-envira-gallery-id=\"86\" data-envira-item-id=\"88\" data-envira-caption=\"\" alt=\"\" title=\"\"  itemprop=\"thumbnailUrl\" data-envira-srcset=\"https:\/\/bonifratrzy.pl\/klasztor-zebrzydowice\/wp-content\/uploads\/sites\/52\/2020\/12\/b_dps1-640x480_c.jpg 400w,https:\/\/bonifratrzy.pl\/klasztor-zebrzydowice\/wp-content\/uploads\/sites\/52\/2020\/12\/b_dps1-640x480_c.jpg 2x\" srcset=\"data:image\/gif;base64,R0lGODlhAQABAIAAAP\/\/\/\/\/\/\/yH5BAEKAAEALAAAAAABAAEAAAICTAEAOw==\" \/><\/div><\/a><\/div><\/div><div id=\"envira-gallery-item-87\" class=\"envira-gallery-item enviratope-item envira-gallery-item-2 envira-lazy-load\" style=\"padding-left: 5px; padding-bottom: 10px; padding-right: 5px;\"  itemscope itemtype=\"https:\/\/schema.org\/ImageObject\"><div class=\"envira-gallery-item-inner\"><div class=\"envira-gallery-position-overlay  envira-gallery-top-left\"><\/div><div class=\"envira-gallery-position-overlay  envira-gallery-top-right\"><\/div><div class=\"envira-gallery-position-overlay  envira-gallery-bottom-left\"><\/div><div class=\"envira-gallery-position-overlay  envira-gallery-bottom-right\"><\/div><a href=\"https:\/\/bonifratrzy.pl\/klasztor-zebrzydowice\/wp-content\/uploads\/sites\/52\/2020\/12\/b_dps2.jpg\" class=\"envira-gallery-86 envira-gallery-link\" rel=\"enviragallery86\" title=\"\" data-envira-caption=\"\" data-envira-retina=\"\" data-thumbnail=\"\"  itemprop=\"contentUrl\"><div class=\"envira-lazy\" data-test-width=\"640\" data-test-height=\"480\" style=\"padding-bottom:75%;\"><img decoding=\"async\" id=\"envira-gallery-image-87\" class=\"envira-gallery-image envira-gallery-image-2\" data-envira-index=\"2\" src=\"https:\/\/bonifratrzy.pl\/klasztor-zebrzydowice\/wp-content\/uploads\/sites\/52\/2020\/12\/b_dps2-640x480_c.jpg\" data-envira-src=\"https:\/\/bonifratrzy.pl\/klasztor-zebrzydowice\/wp-content\/uploads\/sites\/52\/2020\/12\/b_dps2-640x480_c.jpg\" data-envira-gallery-id=\"86\" data-envira-item-id=\"87\" data-envira-caption=\"\" alt=\"\" title=\"\"  itemprop=\"thumbnailUrl\" data-envira-srcset=\"https:\/\/bonifratrzy.pl\/klasztor-zebrzydowice\/wp-content\/uploads\/sites\/52\/2020\/12\/b_dps2-640x480_c.jpg 400w,https:\/\/bonifratrzy.pl\/klasztor-zebrzydowice\/wp-content\/uploads\/sites\/52\/2020\/12\/b_dps2-640x480_c.jpg 2x\" srcset=\"data:image\/gif;base64,R0lGODlhAQABAIAAAP\/\/\/\/\/\/\/yH5BAEKAAEALAAAAAABAAEAAAICTAEAOw==\" \/><\/div><\/a><\/div><\/div><\/div><\/div><noscript><img decoding=\"async\" src=\"https:\/\/bonifratrzy.pl\/klasztor-zebrzydowice\/wp-content\/uploads\/sites\/52\/2020\/12\/b_dps1.jpg\" alt=\"\" \/><img decoding=\"async\" src=\"https:\/\/bonifratrzy.pl\/klasztor-zebrzydowice\/wp-content\/uploads\/sites\/52\/2020\/12\/b_dps2.jpg\" alt=\"\" \/><\/noscript>\n","protected":false},"excerpt":{"rendered":"<p>Naszym marzeniem jest stworzenie Domu o charakterze rodzinnym, opartym na funkcjonowaniu ma\u0142ych 12-to osobowych grup mieszkalnych, z\u00a0 kt\u00f3rych ka\u017cda b\u0119dzie mia\u0142a do dyspozycji opr\u00f3cz pokoi mieszkalnych i zaplecza sanitarnego w\u0142asn\u0105 jadalni\u0119, podr\u0119czn\u0105 kuchni\u0119 i pralni\u0119 oraz pok\u00f3j dzienny. Projekt budowlany, na kt\u00f3ry posiadamy pozwolenie na budow\u0119 powsta\u0142 w oparciu o do\u015bwiadczenia bonifraterskich o\u015brodk\u00f3w dla os\u00f3b [&hellip;]<\/p>\n","protected":false},"author":1,"featured_media":0,"parent":80,"menu_order":0,"comment_status":"closed","ping_status":"closed","template":"","meta":{"footnotes":""},"_links":{"self":[{"href":"https:\/\/bonifratrzy.pl\/klasztor-zebrzydowice\/wp-json\/wp\/v2\/pages\/85"}],"collection":[{"href":"https:\/\/bonifratrzy.pl\/klasztor-zebrzydowice\/wp-json\/wp\/v2\/pages"}],"about":[{"href":"https:\/\/bonifratrzy.pl\/klasztor-zebrzydowice\/wp-json\/wp\/v2\/types\/page"}],"author":[{"embeddable":true,"href":"https:\/\/bonifratrzy.pl\/klasztor-zebrzydowice\/wp-json\/wp\/v2\/users\/1"}],"replies":[{"embeddable":true,"href":"https:\/\/bonifratrzy.pl\/klasztor-zebrzydowice\/wp-json\/wp\/v2\/comments?post=85"}],"version-history":[{"count":1,"href":"https:\/\/bonifratrzy.pl\/klasztor-zebrzydowice\/wp-json\/wp\/v2\/pages\/85\/revisions"}],"predecessor-version":[{"id":89,"href":"https:\/\/bonifratrzy.pl\/klasztor-zebrzydowice\/wp-json\/wp\/v2\/pages\/85\/revisions\/89"}],"up":[{"embeddable":true,"href":"https:\/\/bonifratrzy.pl\/klasztor-zebrzydowice\/wp-json\/wp\/v2\/pages\/80"}],"wp:attachment":[{"href":"https:\/\/bonifratrzy.pl\/klasztor-zebrzydowice\/wp-json\/wp\/v2\/media?parent=85"}],"curies":[{"name":"wp","href":"https:\/\/api.w.org\/{rel}","templated":true}]}}