{"id":82,"date":"2020-12-10T14:04:22","date_gmt":"2020-12-10T13:04:22","guid":{"rendered":"https:\/\/bonifratrzy.pl\/klasztor-zebrzydowice\/?page_id=82"},"modified":"2021-07-09T08:08:48","modified_gmt":"2021-07-09T06:08:48","slug":"kaplica","status":"publish","type":"page","link":"https:\/\/bonifratrzy.pl\/klasztor-zebrzydowice\/projekty\/kaplica\/","title":{"rendered":"Kaplica"},"content":{"rendered":"<p>Orzeczeniem\u00a0\u00a0 Oddzia\u0142u\u00a0\u00a0 Sztuki\u00a0\u00a0 Urz\u0119du\u00a0\u00a0 Wojew\u00f3dzkiego\u00a0 w\u00a0 Krakowie\u00a0 z\u00a0 dnia 31 marca 1934 roku, uznano za zabytek prawnie chroniony ca\u0142o\u015b\u0107 zabudowa\u0144 ko\u015bcio\u0142a i konwentu bonifraterskiego wraz z najbli\u017cszym otoczeniem w granicach ogrodzenia stanowi\u0105cych przyk\u0142ad skromnej XVII wiecznej barokowej architektury ko\u015bcielno \u2013 klasztornej posiadaj\u0105cej warto\u015b\u0107 historyczn\u0105, artystyczn\u0105 i kulturaln\u0105.<\/p>\n<p>W lipcu 1934 roku kolejne fale powodziowe wyrz\u0105dzi\u0142y dotkliwe straty polom, ogrodom i zabudowaniom bonifraterskim. W nast\u0119pnych latach urodzaje jednak sprzyja\u0142y rozwojowi gospodarstwa i inwestycjom w Konwencie. W 1938 roku przyst\u0105piono do remontu generalnego kaplicy, w trakcie kt\u00f3rego powsta\u0142a polichromia wykonana przez m\u0142odego w\u00f3wczas studenta Krakowskiej Akademii Stanis\u0142awa Jakubczyka. Ostatni remont mia\u0142 miejsce z pocz\u0105tkiem lat 80-tych.<\/p>\n<p>Obecnie kaplica jest\u00a0 ju\u017c wyremontowana zgodnie z programem prac konserwatorskich.<\/p>\n<p><img loading=\"lazy\" decoding=\"async\" class=\"alignnone size-full wp-image-83\" src=\"https:\/\/bonifratrzy.pl\/klasztor-zebrzydowice\/wp-content\/uploads\/sites\/52\/2020\/12\/b_jerozolima-3.jpg\" alt=\"\" width=\"490\" height=\"227\" \/><\/p>\n","protected":false},"excerpt":{"rendered":"<p>Orzeczeniem\u00a0\u00a0 Oddzia\u0142u\u00a0\u00a0 Sztuki\u00a0\u00a0 Urz\u0119du\u00a0\u00a0 Wojew\u00f3dzkiego\u00a0 w\u00a0 Krakowie\u00a0 z\u00a0 dnia 31 marca 1934 roku, uznano za zabytek prawnie chroniony ca\u0142o\u015b\u0107 zabudowa\u0144 ko\u015bcio\u0142a i konwentu bonifraterskiego wraz z najbli\u017cszym otoczeniem w granicach ogrodzenia stanowi\u0105cych przyk\u0142ad skromnej XVII wiecznej barokowej architektury ko\u015bcielno \u2013 klasztornej posiadaj\u0105cej warto\u015b\u0107 historyczn\u0105, artystyczn\u0105 i kulturaln\u0105. W lipcu 1934 roku kolejne fale powodziowe wyrz\u0105dzi\u0142y [&hellip;]<\/p>\n","protected":false},"author":1,"featured_media":0,"parent":80,"menu_order":0,"comment_status":"closed","ping_status":"closed","template":"","meta":{"footnotes":""},"_links":{"self":[{"href":"https:\/\/bonifratrzy.pl\/klasztor-zebrzydowice\/wp-json\/wp\/v2\/pages\/82"}],"collection":[{"href":"https:\/\/bonifratrzy.pl\/klasztor-zebrzydowice\/wp-json\/wp\/v2\/pages"}],"about":[{"href":"https:\/\/bonifratrzy.pl\/klasztor-zebrzydowice\/wp-json\/wp\/v2\/types\/page"}],"author":[{"embeddable":true,"href":"https:\/\/bonifratrzy.pl\/klasztor-zebrzydowice\/wp-json\/wp\/v2\/users\/1"}],"replies":[{"embeddable":true,"href":"https:\/\/bonifratrzy.pl\/klasztor-zebrzydowice\/wp-json\/wp\/v2\/comments?post=82"}],"version-history":[{"count":2,"href":"https:\/\/bonifratrzy.pl\/klasztor-zebrzydowice\/wp-json\/wp\/v2\/pages\/82\/revisions"}],"predecessor-version":[{"id":2779,"href":"https:\/\/bonifratrzy.pl\/klasztor-zebrzydowice\/wp-json\/wp\/v2\/pages\/82\/revisions\/2779"}],"up":[{"embeddable":true,"href":"https:\/\/bonifratrzy.pl\/klasztor-zebrzydowice\/wp-json\/wp\/v2\/pages\/80"}],"wp:attachment":[{"href":"https:\/\/bonifratrzy.pl\/klasztor-zebrzydowice\/wp-json\/wp\/v2\/media?parent=82"}],"curies":[{"name":"wp","href":"https:\/\/api.w.org\/{rel}","templated":true}]}}