{"id":71,"date":"2020-12-10T14:00:22","date_gmt":"2020-12-10T13:00:22","guid":{"rendered":"https:\/\/bonifratrzy.pl\/klasztor-zebrzydowice\/?page_id=71"},"modified":"2023-05-14T13:20:42","modified_gmt":"2023-05-14T11:20:42","slug":"o-nas","status":"publish","type":"page","link":"https:\/\/bonifratrzy.pl\/klasztor-zebrzydowice\/o-nas\/","title":{"rendered":"O wolontariacie"},"content":{"rendered":"<p>Nie boisz si\u0119 nowych wyzwa\u0144? Chcia\u0142by\u015b prze\u017cy\u0107 przygod\u0119 swojego \u017cycia? Chcesz zdoby\u0107 cenne do\u015bwiadczenia i pozna\u0107 ciekawych ludzi? Pragniesz pomaga\u0107 innym w potrzebie? A mo\u017ce chcia\u0142by\u015b bli\u017cej pozna\u0107 \u017cycie zakonne braci Bonifratr\u00f3w i odpocz\u0105\u0107 od zgie\u0142ku codzienno\u015bci?<\/p>\n<p>Zawsze jest kto\u015b, kto czeka na Twoj\u0105 pomoc, u\u015bmiech, porad\u0119. Opr\u00f3cz konkretnej pracy bardzo cz\u0119sto mo\u017cesz ofiarowa\u0107 tak\u017ce sw\u00f3j czas i zainteresowanie dla naszych mieszka\u0144c\u00f3w czy uczestnik\u00f3w warsztat\u00f3w, pragn\u0105cych rozmowy i bezinteresownej uwagi drugiego cz\u0142owieka. Znajdziemy zadanie dostosowane do Twoich mo\u017cliwo\u015bci, kt\u00f3re b\u0119dziesz m\u00f3g\u0142 wykonywa\u0107.<\/p>\n<p><strong>Kto mo\u017ce zosta\u0107 wolontariuszem?<\/strong><br \/>\nKa\u017cdy ma co\u015b cennego do zaoferowania innym. Wolontariuszem mo\u017ce wi\u0119c zosta\u0107 osoba w ka\u017cdym wieku. Nie musi mie\u0107 \u017cadnych kwalifikacji ani do\u015bwiadczenia. Jedynymi kryteriami s\u0105 silna motywacja, ch\u0119\u0107 niesienia pomocy drugiemu cz\u0142owiekowi oraz czas, kt\u00f3ry jeste\u015b gotowy po\u015bwi\u0119ci\u0107.<\/p>\n<p><strong>Jakie s\u0105 mo\u017cliwe formy pomocy?<\/strong><br \/>\nWolontariat sta\u0142y to deklaracja niesienia pomocy regularnie przez okre\u015blony czas np. jeden lub kilka razy w tygodniu. Wolontariat akcyjny to jednorazowy udzia\u0142 w\u00a0akcji lub jej cykliczne wspieranie.<\/p>\n<p><strong>Pomoc w Domu Pomocy Spo\u0142ecznej:<\/strong><\/p>\n<ul>\n<li>w \u017cyciu codziennym mieszaka\u0144c\u00f3w<\/li>\n<li>w organizowaniu im czasu wolnego<\/li>\n<li>na spacerze oraz w dokonywaniu drobnych zakup\u00f3w<\/li>\n<li>w organizowaniu uroczysto\u015bci<\/li>\n<li>w opiece nad mieszka\u0144cem<\/li>\n<\/ul>\n<p><strong>Pomoc w Warsztacie Terapii Zaj\u0119ciowej:<br \/>\n<\/strong><\/p>\n<ul>\n<li>w zaj\u0119ciach terapeutycznych w wybranych pracowniach<\/li>\n<li>w organizowaniu imprez integracyjno-kulturalnych, np. wystaw, do\u017cynek, piknik\u00f3w, kiermaszy, spotka\u0144 autorskich<\/li>\n<li>w nauce j\u0119zyk\u00f3w obcych<\/li>\n<li>w prowadzeniu gier, zabaw sportowych, zaj\u0119\u0107 artystycznych, muzycznych i teatralnych<\/li>\n<li>w\u00a0 rehabilitacji zawodowej i spo\u0142ecznej<\/li>\n<\/ul>\n<p><strong>Dla wolontariuszy sta\u0142ych spoza regionu wsp\u00f3lnota Braci przygotowa\u0142a miejsce w konwencie, przy o\u0142tarzu i przy stole.<\/strong><\/p>\n","protected":false},"excerpt":{"rendered":"<p>Nie boisz si\u0119 nowych wyzwa\u0144? Chcia\u0142by\u015b prze\u017cy\u0107 przygod\u0119 swojego \u017cycia? Chcesz zdoby\u0107 cenne do\u015bwiadczenia i pozna\u0107 ciekawych ludzi? Pragniesz pomaga\u0107 innym w potrzebie? A mo\u017ce chcia\u0142by\u015b bli\u017cej pozna\u0107 \u017cycie zakonne braci Bonifratr\u00f3w i odpocz\u0105\u0107 od zgie\u0142ku codzienno\u015bci? Zawsze jest kto\u015b, kto czeka na Twoj\u0105 pomoc, u\u015bmiech, porad\u0119. Opr\u00f3cz konkretnej pracy bardzo cz\u0119sto mo\u017cesz ofiarowa\u0107 tak\u017ce [&hellip;]<\/p>\n","protected":false},"author":1,"featured_media":0,"parent":0,"menu_order":0,"comment_status":"closed","ping_status":"closed","template":"","meta":{"footnotes":""},"_links":{"self":[{"href":"https:\/\/bonifratrzy.pl\/klasztor-zebrzydowice\/wp-json\/wp\/v2\/pages\/71"}],"collection":[{"href":"https:\/\/bonifratrzy.pl\/klasztor-zebrzydowice\/wp-json\/wp\/v2\/pages"}],"about":[{"href":"https:\/\/bonifratrzy.pl\/klasztor-zebrzydowice\/wp-json\/wp\/v2\/types\/page"}],"author":[{"embeddable":true,"href":"https:\/\/bonifratrzy.pl\/klasztor-zebrzydowice\/wp-json\/wp\/v2\/users\/1"}],"replies":[{"embeddable":true,"href":"https:\/\/bonifratrzy.pl\/klasztor-zebrzydowice\/wp-json\/wp\/v2\/comments?post=71"}],"version-history":[{"count":3,"href":"https:\/\/bonifratrzy.pl\/klasztor-zebrzydowice\/wp-json\/wp\/v2\/pages\/71\/revisions"}],"predecessor-version":[{"id":3522,"href":"https:\/\/bonifratrzy.pl\/klasztor-zebrzydowice\/wp-json\/wp\/v2\/pages\/71\/revisions\/3522"}],"wp:attachment":[{"href":"https:\/\/bonifratrzy.pl\/klasztor-zebrzydowice\/wp-json\/wp\/v2\/media?parent=71"}],"curies":[{"name":"wp","href":"https:\/\/api.w.org\/{rel}","templated":true}]}}