{"id":69,"date":"2020-12-10T13:58:58","date_gmt":"2020-12-10T12:58:58","guid":{"rendered":"https:\/\/bonifratrzy.pl\/klasztor-zebrzydowice\/?page_id=69"},"modified":"2023-10-11T13:31:54","modified_gmt":"2023-10-11T11:31:54","slug":"wolontariat","status":"publish","type":"page","link":"https:\/\/bonifratrzy.pl\/klasztor-zebrzydowice\/wolontariat\/","title":{"rendered":"Wolontariat"},"content":{"rendered":"<p><strong>Kodeks etyczny<\/strong><\/p>\n<ol>\n<li>Mieszka\u0144cy potrzebuj\u0105 Twojego u\u015bmiechu \u2013 zostaw swoje codzienne sprawy na progu naszego domu.<\/li>\n<li>Po\u015bwi\u0119\u0107 mieszka\u0144com tyle czasu ile jeste\u015b w stanie zaoferowa\u0107.<\/li>\n<li>Nie sk\u0142adaj obietnic bez pokrycia, nie rob fa\u0142szywej nadziei.<\/li>\n<li>S\u0142uchaj ka\u017cdej osoby ze szczeg\u00f3ln\u0105 uwag\u0105. Ka\u017cdy podopieczny jest wyj\u0105tkowy i niepowtarzalny.<\/li>\n<li>Ka\u017cdego traktuj z nale\u017cytym szacunkiem.<\/li>\n<li>Co razem z mieszka\u0144cem robicie, niech wynika z wolnej woli ka\u017cdego z Was. Nie czy\u0144 niczego z przymusu.<\/li>\n<li>Ws\u0142uchaj si\u0119 w potrzeby mieszka\u0144c\u00f3w \u2013 s\u0142uchaj, kiedy chce m\u00f3wi\u0107, milcz, kiedy tego potrzebuje.<\/li>\n<li>B\u0105d\u017a czujny \u2013 cz\u0119sto ma\u0142e znaki wskazuj\u0105 na du\u017ce nieszcz\u0119\u015bcie i cierpienie.<\/li>\n<li>Kiedy masz problem, czego\u015b nie wiesz lub z czym\u015b sobie nie radzisz \u2013 rozmawiaj. Koordynator i zesp\u00f3\u0142 pracownik\u00f3w s\u0105 po to, aby Ci\u0119 wspiera\u0107.<\/li>\n<li>Uwierz w siebie \u2013 jeste\u015b wyj\u0105tkowy \u2013 masz moc pomagania.<\/li>\n<\/ol>\n<p><strong>Krok po kroku<\/strong><\/p>\n<p><strong>KROK 1:<\/strong><br \/>\nPrzed podj\u0119ciem aktywno\u015bci zastan\u00f3w si\u0119, co chcesz robi\u0107 jako wolontariusz, w czym mo\u017cesz by\u0107 pomocny, jakie s\u0105 Twoje oczekiwania.<\/p>\n<p><strong>KROK 2:<\/strong><br \/>\nZg\u0142o\u015b swoj\u0105 ofert\u0119 telefonicznie, mailowo lub osobi\u015bcie u koordynatora wolontariatu, kt\u00f3ry zaproponuje Ci termin rozmowy kwalifikacyjnej, a w razie potrzeby doradzi lub pomo\u017ce wybra\u0107 rodzaj i spos\u00f3b realizacji wolontariatu.<\/p>\n<p><strong>KROK 3:<\/strong><br \/>\nPo wype\u0142nieniu ankiety koordynator podejmie decyzj\u0119 o zatwierdzeniu Twojej kandydatury lub odmowie przyj\u0119cia.<\/p>\n<p><strong>KROK 4:<\/strong><br \/>\nPo uzyskaniu pozytywnej oceny przejdziesz obowi\u0105zkowe szkolenia oraz ustalisz z koordynatorem czas pracy i zakres obowi\u0105zk\u00f3w. Ostatecznie zostanie zawarta pomi\u0119dzy Tob\u0105 a Przeorem Konwentu umowa o uczestnictwie w wolontariacie na czas pr\u00f3bny, a nast\u0119pnie okre\u015blony.<\/p>\n<p>Koordynator: Katarzyna G\u0142owacz<br \/>\ntel.: 33 8756 006<br \/>\ne-mail: <a href=\"&#109;&#x61;&#105;&#x6c;&#116;&#x6f;:&#x77;o&#x6c;o&#110;&#x74;&#97;&#x72;&#105;&#x61;&#116;&#x40;z&#x65;b&#x72;z&#121;&#x64;&#111;&#x77;&#115;&#x6b;&#105;&#x2e;p&#x6c;\">&#100;&#x70;s&#x2e;z&#101;&#x62;&#114;&#x7a;y&#100;&#x6f;&#119;&#x69;c&#x65;&#x40;&#98;&#x6f;n&#x69;f&#114;&#x61;&#116;&#x72;z&#121;&#x2e;&#112;&#x6c;<\/a><\/p>\n<h1>\u015awiadectwa<\/h1>\n<p><strong><span class=\"fb\">Nie\u00a0wiedzia\u0142am, \u017ce\u00a0wolontariat daje tyle rado\u015bci.<\/span>\u00a0<\/strong><\/p>\n<p>Podejmuj\u0105c si\u0119 funkcji wolontariusza nie\u00a0wiedzia\u0142am, \u017ce\u00a0to\u00a0zaj\u0119cie przyniesie mi\u00a0tyle rado\u015bci. Ju\u017c po\u00a0pierwszym spotkaniu nie\u00a0mog\u0142am doczeka\u0107 si\u0119 kolejnego!!! Bardzo zwi\u0105za\u0142am si\u0119 z\u00a0pacjentami , kt\u00f3rzy\u00a0wbrew pozorom s\u0105\u00a0bardzo przyja\u017ani, u\u015bmiechni\u0119ci, pe\u0142ni pozytywnej energii. My\u015bl\u0119, \u017ce\u00a0zg\u0142oszenie si\u0119 tutaj, by\u0142o jedn\u0105 z\u00a0moich\u00a0najlepiej podj\u0119tych decyzji.<\/p>\n<p><em>Natalia<\/em><\/p>\n<p><em><br \/>\n<\/em><strong><span class=\"fb\">Przyszed\u0142em tu\u00a0z\u00a0obaw\u0105\u2026<\/span>\u00a0<\/strong><\/p>\n<p>Pierwsze wra\u017cenie \u2013 obce twarze, inny \u015bwiat. Ale\u00a0mia\u0142em Misj\u0119 \u2013 dzi\u0119ki otwartemu sercu, szlachetnej duszy i\u00a0wrodzonej m\u0105dro\u015bci pomog\u0119 wielu nieszcz\u0119\u015bnikom odnale\u017a\u0107 zdrowie, Boga i\u00a0B\u00f3g wie, co\u00a0jeszcze\u2026 Bonifraterski wolontariat przypomnia\u0142 mi\u00a0o\u00a0cnocie pokory. Nauczy\u0142em si\u0119, \u017ce\u00a0bardzo cz\u0119sto jedyne, co\u00a0mog\u0119 zrobi\u0107 \u2013 to\u00a0nie\u00a0uciec\u2026<\/p>\n<p>Spotka\u0142em \u2013 LUDZI, nie\u00a0mrzonki. Ludzi inteligentniejszych ode mnie. Bardziej pobo\u017cnych. \u017bywych ludzi. \u00a0 To, co\u00a0mo\u017ce wydawa\u0107 si\u0119 kl\u0119sk\u0105, nieodwracaln\u0105 chorob\u0105, wyrokiem, s\u0142u\u017cy prawdziwemu dobru. Nie\u00a0wida\u0107 tego \u2013 ale\u00a0tylko\u00a0na\u00a0powierzchni. Zobaczy\u0142em dzielnych dobrych ludzi. Po\u00a0obu stronach \u201ebarykady\u201d. Bardzo jestem im\u00a0wdzi\u0119czny.<\/p>\n<p><em>B.<\/em><\/p>\n<p><em><br \/>\n<\/em><strong><span class=\"fb\">Wolontariat w\u00a0DPS Zebrzydowice<\/span><\/strong><span class=\"fb\">\u00a0t<\/span><span class=\"fb\">o<\/span><strong><span class=\"fb\">\u00a0ca\u0142a z\u0142o\u017cono\u015b\u0107 dzia\u0142a\u0144\u2026<\/span>\u00a0<\/strong><\/p>\n<p>Wolontariat w\u00a0DPS Zebrzydowice to\u00a0ca\u0142a z\u0142o\u017cono\u015b\u0107 dzia\u0142a\u0144, kt\u00f3re w\u0142a\u015bciwie sprowadzaj\u0105 si\u0119 do\u00a0najprostszej formy, przyj\u015b\u0107 i\u00a0by\u0107 z\u00a0drugim cz\u0142owiekiem. Chocia\u017c wielu potrzebom nie\u00a0mo\u017cemy sprosta\u0107, te\u00a0elementarne, podstawowe mo\u017ce zapewni\u0107 ka\u017cdy wolontariusz, poprzez swoj\u0105 obecno\u015b\u0107.<strong><br \/>\n<\/strong><\/p>\n<p><em>Celina<\/em><\/p>\n<p>&nbsp;<\/p>\n<p>&nbsp;<\/p>\n","protected":false},"excerpt":{"rendered":"<p>Kodeks etyczny Mieszka\u0144cy potrzebuj\u0105 Twojego u\u015bmiechu \u2013 zostaw swoje codzienne sprawy na progu naszego domu. Po\u015bwi\u0119\u0107 mieszka\u0144com tyle czasu ile jeste\u015b w stanie zaoferowa\u0107. Nie sk\u0142adaj obietnic bez pokrycia, nie rob fa\u0142szywej nadziei. S\u0142uchaj ka\u017cdej osoby ze szczeg\u00f3ln\u0105 uwag\u0105. Ka\u017cdy podopieczny jest wyj\u0105tkowy i niepowtarzalny. Ka\u017cdego traktuj z nale\u017cytym szacunkiem. Co razem z mieszka\u0144cem robicie, [&hellip;]<\/p>\n","protected":false},"author":1,"featured_media":0,"parent":0,"menu_order":0,"comment_status":"closed","ping_status":"closed","template":"","meta":{"footnotes":""},"_links":{"self":[{"href":"https:\/\/bonifratrzy.pl\/klasztor-zebrzydowice\/wp-json\/wp\/v2\/pages\/69"}],"collection":[{"href":"https:\/\/bonifratrzy.pl\/klasztor-zebrzydowice\/wp-json\/wp\/v2\/pages"}],"about":[{"href":"https:\/\/bonifratrzy.pl\/klasztor-zebrzydowice\/wp-json\/wp\/v2\/types\/page"}],"author":[{"embeddable":true,"href":"https:\/\/bonifratrzy.pl\/klasztor-zebrzydowice\/wp-json\/wp\/v2\/users\/1"}],"replies":[{"embeddable":true,"href":"https:\/\/bonifratrzy.pl\/klasztor-zebrzydowice\/wp-json\/wp\/v2\/comments?post=69"}],"version-history":[{"count":6,"href":"https:\/\/bonifratrzy.pl\/klasztor-zebrzydowice\/wp-json\/wp\/v2\/pages\/69\/revisions"}],"predecessor-version":[{"id":3817,"href":"https:\/\/bonifratrzy.pl\/klasztor-zebrzydowice\/wp-json\/wp\/v2\/pages\/69\/revisions\/3817"}],"wp:attachment":[{"href":"https:\/\/bonifratrzy.pl\/klasztor-zebrzydowice\/wp-json\/wp\/v2\/media?parent=69"}],"curies":[{"name":"wp","href":"https:\/\/api.w.org\/{rel}","templated":true}]}}