{"id":3646,"date":"2023-08-23T14:36:55","date_gmt":"2023-08-23T12:36:55","guid":{"rendered":"https:\/\/bonifratrzy.pl\/klasztor-zebrzydowice\/?page_id=3646"},"modified":"2024-12-17T13:52:12","modified_gmt":"2024-12-17T12:52:12","slug":"przetargi","status":"publish","type":"page","link":"https:\/\/bonifratrzy.pl\/klasztor-zebrzydowice\/przetargi\/","title":{"rendered":"Przetargi"},"content":{"rendered":"\n<p><strong>Przetargi 2024<\/strong><\/p>\n<p class=\"western\" align=\"center\"><span style=\"font-size: large\"><b>Og\u0142oszenie o zam\u00f3wieniu <\/b><strong><span style=\"font-size: small\">z dnia 17.12.2024 :<\/span><\/strong><\/span><\/p>\n<p class=\"western\" align=\"center\"><span style=\"font-size: large\"><b>Dostawy <\/b><\/span><\/p>\n<p class=\"western\" align=\"center\"><span style=\"font-size: small\"><span style=\"font-size: large\"><b>Zakup mikrobusu 9- osobowego dostosowanego do potrzeb os\u00f3b z niepe\u0142nosprawno\u015bciami \u2013 mieszka\u0144c\u00f3w DPS Zakonu Bonifratr\u00f3w w Zebrzydowicach\u00a0<\/b><\/span><\/span><\/p>\n<p class=\"western\" align=\"center\">\u00a0<\/p>\n<p class=\"western\" align=\"center\"><span style=\"font-size: medium\">Post\u0119powanie udzielane jest w trybie podstawowym na podstawie art. 275 pkt.1 ustawy z dnia 11 wrze\u015bnia 2019 r. Prawo zam\u00f3wie\u0144 publicznych (tekst jednolity \u2013 Dz.U. z 2024 r. poz. 1320 z p\u00f3\u017an. zm.)<\/span><\/p>\n<p class=\"western\" align=\"center\"><span style=\"font-size: small\"><span style=\"font-size: medium\">Post\u0119powanie prowadzone jest przy u\u017cyciu \u015brodk\u00f3w komunikacji elektronicznej. Sk\u0142adanie ofert nast\u0119puj\u0119 przy u\u017cyciu Platformy e-Zam\u00f3wienia, kt\u00f3ra jest dost\u0119pna pod adresem: <\/span><span style=\"color: #0000ff\"><u><a class=\"western\" href=\"https:\/\/ezamowienia.gov.pl\/\"><span style=\"font-size: medium\">https:\/\/ezamowienia.gov.pl<\/span><\/a><\/u><\/span><\/span><\/p>\n<p align=\"center\"><span style=\"font-size: medium\">Specyfikacja Warunk\u00f3w Zam\u00f3wienia (SWZ) oraz inne dokumenty zam\u00f3wienia bezpo\u015brednio zwi\u0105zane z post\u0119powaniem o udzielenie zam\u00f3wienia s\u0105 udost\u0119pnione na stronie internetowej prowadzonego post\u0119powania:<\/span><\/p>\n<p class=\"western\" align=\"center\"><span style=\"font-size: small\"><span style=\"color: #0000ff\"><u><a class=\"western\" href=\"https:\/\/ezamowienia.gov.pl\/mp-client\/search\/list\/ocds-148610-4a5348c9-cd30-4ed3-ac4e-37ce571dcfba\"><span style=\"font-size: medium\">https:\/\/ezamowienia.gov.pl\/mp-client\/search\/list\/ocds-148610-4a5348c9-cd30-4ed3-ac4e-37ce571dcfba<\/span><\/a><\/u><\/span><\/span><\/p>\n\n\n<p><strong>Przetargi 2023<\/strong><\/p>\n<p><blockquote class=\"wp-embedded-content\" data-secret=\"fi3hdO0Kw9\"><a href=\"https:\/\/bonifratrzy.pl\/klasztor-zebrzydowice\/informacja-na-temat-wyboru-najkorzystniejszej-oferty-remont-i-modernizacja-dachu-budynku-warsztatu-terapii-zajeciowej-w-zebrzydowicach\/\">Informacja na temat wyboru najkorzystniejszej oferty: &#8220;Remont i modernizacja dachu budynku Warsztatu Terapii Zaj\u0119ciowej w Zebrzydowicach&#8221;<\/a><\/blockquote><iframe class=\"wp-embedded-content\" sandbox=\"allow-scripts\" security=\"restricted\" style=\"position: absolute; clip: rect(1px, 1px, 1px, 1px);\" title=\"&#8222;Informacja na temat wyboru najkorzystniejszej oferty: &#8220;Remont i modernizacja dachu budynku Warsztatu Terapii Zaj\u0119ciowej w Zebrzydowicach&#8221;&#8221; &#8212; Konwent Bonifratr\u00f3w w Zebrzydowicach\" src=\"https:\/\/bonifratrzy.pl\/klasztor-zebrzydowice\/informacja-na-temat-wyboru-najkorzystniejszej-oferty-remont-i-modernizacja-dachu-budynku-warsztatu-terapii-zajeciowej-w-zebrzydowicach\/embed\/#?secret=Es4649F5qs#?secret=fi3hdO0Kw9\" data-secret=\"fi3hdO0Kw9\" width=\"500\" height=\"282\" frameborder=\"0\" marginwidth=\"0\" marginheight=\"0\" scrolling=\"no\"><\/iframe><\/p>\n<p><blockquote class=\"wp-embedded-content\" data-secret=\"13eKyqA5mV\"><a href=\"https:\/\/bonifratrzy.pl\/klasztor-zebrzydowice\/informacja-o-przetargu-remont-i-modernizacja-dachu-budynku-warsztatu-terapii-zajeciowej-w-zebrzydowicach\/\">Informacja o przetargu: &#8221; Remont i modernizacja dachu budynku Warsztatu Terapii Zaj\u0119ciowej w Zebrzydowicach&#8221;.<\/a><\/blockquote><iframe class=\"wp-embedded-content\" sandbox=\"allow-scripts\" security=\"restricted\" style=\"position: absolute; clip: rect(1px, 1px, 1px, 1px);\" title=\"&#8222;Informacja o przetargu: &#8221; Remont i modernizacja dachu budynku Warsztatu Terapii Zaj\u0119ciowej w Zebrzydowicach&#8221;.&#8221; &#8212; Konwent Bonifratr\u00f3w w Zebrzydowicach\" src=\"https:\/\/bonifratrzy.pl\/klasztor-zebrzydowice\/informacja-o-przetargu-remont-i-modernizacja-dachu-budynku-warsztatu-terapii-zajeciowej-w-zebrzydowicach\/embed\/#?secret=OnM44kfl81#?secret=13eKyqA5mV\" data-secret=\"13eKyqA5mV\" width=\"500\" height=\"282\" frameborder=\"0\" marginwidth=\"0\" marginheight=\"0\" scrolling=\"no\"><\/iframe><\/p>\n<p><blockquote class=\"wp-embedded-content\" data-secret=\"TwirQPUGgg\"><a href=\"https:\/\/bonifratrzy.pl\/klasztor-zebrzydowice\/ogloszenie-przetargu-zakup-autobusu-do-przewozu-osob-niepelnosprawnych-na-zajecia-w-wtz-w-zebrzydowicach\/\">Og\u0142oszenie przetargu: &#8220;Zakup autobusu do przewozu os\u00f3b niepe\u0142nosprawnych na zaj\u0119cia w WTZ w Zebrzydowicach&#8221;<\/a><\/blockquote><iframe class=\"wp-embedded-content\" sandbox=\"allow-scripts\" security=\"restricted\" style=\"position: absolute; clip: rect(1px, 1px, 1px, 1px);\" title=\"&#8222;Og\u0142oszenie przetargu: &#8220;Zakup autobusu do przewozu os\u00f3b niepe\u0142nosprawnych na zaj\u0119cia w WTZ w Zebrzydowicach&#8221;&#8221; &#8212; Konwent Bonifratr\u00f3w w Zebrzydowicach\" src=\"https:\/\/bonifratrzy.pl\/klasztor-zebrzydowice\/ogloszenie-przetargu-zakup-autobusu-do-przewozu-osob-niepelnosprawnych-na-zajecia-w-wtz-w-zebrzydowicach\/embed\/#?secret=bVTNzK56Q0#?secret=TwirQPUGgg\" data-secret=\"TwirQPUGgg\" width=\"500\" height=\"282\" frameborder=\"0\" marginwidth=\"0\" marginheight=\"0\" scrolling=\"no\"><\/iframe><\/p>","protected":false},"excerpt":{"rendered":"<p>Przetargi 2023 Informacja na temat wyboru najkorzystniejszej oferty: &#8220;Remont i modernizacja dachu budynku Warsztatu Terapii Zaj\u0119ciowej w Zebrzydowicach&#8221; Informacja o przetargu: &#8221; Remont i modernizacja dachu budynku Warsztatu Terapii Zaj\u0119ciowej w Zebrzydowicach&#8221;. Og\u0142oszenie przetargu: &#8220;Zakup autobusu do przewozu os\u00f3b niepe\u0142nosprawnych na zaj\u0119cia w WTZ w Zebrzydowicach&#8221;<\/p>\n","protected":false},"author":67,"featured_media":0,"parent":0,"menu_order":0,"comment_status":"closed","ping_status":"closed","template":"page-home.php","meta":{"footnotes":""},"_links":{"self":[{"href":"https:\/\/bonifratrzy.pl\/klasztor-zebrzydowice\/wp-json\/wp\/v2\/pages\/3646"}],"collection":[{"href":"https:\/\/bonifratrzy.pl\/klasztor-zebrzydowice\/wp-json\/wp\/v2\/pages"}],"about":[{"href":"https:\/\/bonifratrzy.pl\/klasztor-zebrzydowice\/wp-json\/wp\/v2\/types\/page"}],"author":[{"embeddable":true,"href":"https:\/\/bonifratrzy.pl\/klasztor-zebrzydowice\/wp-json\/wp\/v2\/users\/67"}],"replies":[{"embeddable":true,"href":"https:\/\/bonifratrzy.pl\/klasztor-zebrzydowice\/wp-json\/wp\/v2\/comments?post=3646"}],"version-history":[{"count":3,"href":"https:\/\/bonifratrzy.pl\/klasztor-zebrzydowice\/wp-json\/wp\/v2\/pages\/3646\/revisions"}],"predecessor-version":[{"id":4025,"href":"https:\/\/bonifratrzy.pl\/klasztor-zebrzydowice\/wp-json\/wp\/v2\/pages\/3646\/revisions\/4025"}],"wp:attachment":[{"href":"https:\/\/bonifratrzy.pl\/klasztor-zebrzydowice\/wp-json\/wp\/v2\/media?parent=3646"}],"curies":[{"name":"wp","href":"https:\/\/api.w.org\/{rel}","templated":true}]}}