{"id":13,"date":"2020-12-10T10:48:48","date_gmt":"2020-12-10T09:48:48","guid":{"rendered":"https:\/\/bonifratrzy.pl\/klasztor-zebrzydowice\/?page_id=13"},"modified":"2020-12-10T10:48:48","modified_gmt":"2020-12-10T09:48:48","slug":"kaplica","status":"publish","type":"page","link":"https:\/\/bonifratrzy.pl\/klasztor-zebrzydowice\/kaplica\/","title":{"rendered":"Kaplica"},"content":{"rendered":"<p>\u015awi\u0105tynia powsta\u0142a na bazie kaplicy dworskiej (obecne prezbiterium), kt\u00f3ra z biegiem czasu zosta\u0142a powi\u0119kszona o cz\u0119\u015b\u0107 sali dworskiej (pozosta\u0142\u0105 cz\u0119\u015b\u0107 stanowi refektarz klasztorny). Centralne miejsce \u015bwi\u0105tyni stanowi s\u0142yn\u0105cy \u0142askami krzy\u017c z 1667 r. W okresie mi\u0119dzywojennym jego kult coraz bardziej si\u0119 o\u017cywia\u0142. Przeor Walenty Dziamski w 1934 r. napisa\u0142: \u201eWizerunek Pana Jezusa Ukrzy\u017cowanego przedstawia si\u0119 wspaniale, a lud tutejszy modli si\u0119 u st\u00f3p Jego&#8230; ustawia si\u0119 kwiaty u st\u00f3p Pana Jezusa i pali si\u0119 \u015bwiat\u0142o przed krzy\u017cem\u201d.<\/p>\n<p>Na uwag\u0119 zas\u0142uguj\u0105 r\u00f3wnie\u017c dwa obrazy w bocznych o\u0142tarzach: \u015bw. Floriana i \u015bw. Jana Bo\u017cego zakupione przez przeora Magnusa Grera w 1897 r. W trakcie remontu generalnego w 1938 r. wymalowano na sklepieniu \u015bwi\u0105tyni freski przedstawiaj\u0105ce \u015bw. Jana Bo\u017cego oraz na tylnej \u015bcianie wizerunek Chrystusa Dobrego Pasterza. Po dzi\u015b dzie\u0144 o godzinie sz\u00f3stej, dwunastej i osiemnastej rozlega si\u0119 g\u0142os dzwon\u00f3w \u2013 Floriana i Micha\u0142a ufundowanych przez przeora Longinusa Horaka w 1904 r.<\/p>\n<div id=\"envira-gallery-wrap-14\" class=\"envira-gallery-wrap envira-gallery-theme-base envira-lightbox-theme-base\" itemscope itemtype=\"https:\/\/schema.org\/ImageGallery\"><div data-row-height=\"\" data-gallery-theme=\"\" id=\"envira-gallery-14\" class=\"envira-gallery-public  envira-gallery-3-columns envira-clear enviratope envira-gallery-css-animations\" data-envira-columns=\"3\"><div id=\"envira-gallery-item-17\" class=\"envira-gallery-item enviratope-item envira-gallery-item-1 envira-lazy-load\" style=\"padding-left: 5px; padding-bottom: 10px; padding-right: 5px;\"  itemscope itemtype=\"https:\/\/schema.org\/ImageObject\"><div class=\"envira-gallery-item-inner\"><div class=\"envira-gallery-position-overlay  envira-gallery-top-left\"><\/div><div class=\"envira-gallery-position-overlay  envira-gallery-top-right\"><\/div><div class=\"envira-gallery-position-overlay  envira-gallery-bottom-left\"><\/div><div class=\"envira-gallery-position-overlay  envira-gallery-bottom-right\"><\/div><a href=\"https:\/\/bonifratrzy.pl\/klasztor-zebrzydowice\/wp-content\/uploads\/sites\/52\/2020\/12\/b_b_img_8446.jpg\" class=\"envira-gallery-14 envira-gallery-link\" rel=\"enviragallery14\" title=\"\" data-envira-caption=\"\" data-envira-retina=\"\" data-thumbnail=\"\"  itemprop=\"contentUrl\"><div class=\"envira-lazy\" data-test-width=\"640\" data-test-height=\"480\" style=\"padding-bottom:75%;\"><img decoding=\"async\" id=\"envira-gallery-image-17\" class=\"envira-gallery-image envira-gallery-image-1\" data-envira-index=\"1\" src=\"https:\/\/bonifratrzy.pl\/klasztor-zebrzydowice\/wp-content\/uploads\/sites\/52\/2020\/12\/b_b_img_8446-640x480_c.jpg\" data-envira-src=\"https:\/\/bonifratrzy.pl\/klasztor-zebrzydowice\/wp-content\/uploads\/sites\/52\/2020\/12\/b_b_img_8446-640x480_c.jpg\" data-envira-gallery-id=\"14\" data-envira-item-id=\"17\" data-envira-caption=\"\" alt=\"\" title=\"\"  itemprop=\"thumbnailUrl\" data-envira-srcset=\"https:\/\/bonifratrzy.pl\/klasztor-zebrzydowice\/wp-content\/uploads\/sites\/52\/2020\/12\/b_b_img_8446-640x480_c.jpg 400w,https:\/\/bonifratrzy.pl\/klasztor-zebrzydowice\/wp-content\/uploads\/sites\/52\/2020\/12\/b_b_img_8446-640x480_c.jpg 2x\" srcset=\"data:image\/gif;base64,R0lGODlhAQABAIAAAP\/\/\/\/\/\/\/yH5BAEKAAEALAAAAAABAAEAAAICTAEAOw==\" \/><\/div><\/a><\/div><\/div><div id=\"envira-gallery-item-16\" class=\"envira-gallery-item enviratope-item envira-gallery-item-2 envira-lazy-load\" style=\"padding-left: 5px; padding-bottom: 10px; padding-right: 5px;\"  itemscope itemtype=\"https:\/\/schema.org\/ImageObject\"><div class=\"envira-gallery-item-inner\"><div class=\"envira-gallery-position-overlay  envira-gallery-top-left\"><\/div><div class=\"envira-gallery-position-overlay  envira-gallery-top-right\"><\/div><div class=\"envira-gallery-position-overlay  envira-gallery-bottom-left\"><\/div><div class=\"envira-gallery-position-overlay  envira-gallery-bottom-right\"><\/div><a href=\"https:\/\/bonifratrzy.pl\/klasztor-zebrzydowice\/wp-content\/uploads\/sites\/52\/2020\/12\/b_b_img_8433-b.jpg\" class=\"envira-gallery-14 envira-gallery-link\" rel=\"enviragallery14\" title=\"\" data-envira-caption=\"\" data-envira-retina=\"\" data-thumbnail=\"\"  itemprop=\"contentUrl\"><div class=\"envira-lazy\" data-test-width=\"640\" data-test-height=\"480\" style=\"padding-bottom:75%;\"><img decoding=\"async\" id=\"envira-gallery-image-16\" class=\"envira-gallery-image envira-gallery-image-2\" data-envira-index=\"2\" src=\"https:\/\/bonifratrzy.pl\/klasztor-zebrzydowice\/wp-content\/uploads\/sites\/52\/2020\/12\/b_b_img_8433-b-640x480_c.jpg\" data-envira-src=\"https:\/\/bonifratrzy.pl\/klasztor-zebrzydowice\/wp-content\/uploads\/sites\/52\/2020\/12\/b_b_img_8433-b-640x480_c.jpg\" data-envira-gallery-id=\"14\" data-envira-item-id=\"16\" data-envira-caption=\"\" alt=\"\" title=\"\"  itemprop=\"thumbnailUrl\" data-envira-srcset=\"https:\/\/bonifratrzy.pl\/klasztor-zebrzydowice\/wp-content\/uploads\/sites\/52\/2020\/12\/b_b_img_8433-b-640x480_c.jpg 400w,https:\/\/bonifratrzy.pl\/klasztor-zebrzydowice\/wp-content\/uploads\/sites\/52\/2020\/12\/b_b_img_8433-b-640x480_c.jpg 2x\" srcset=\"data:image\/gif;base64,R0lGODlhAQABAIAAAP\/\/\/\/\/\/\/yH5BAEKAAEALAAAAAABAAEAAAICTAEAOw==\" \/><\/div><\/a><\/div><\/div><div id=\"envira-gallery-item-15\" class=\"envira-gallery-item enviratope-item envira-gallery-item-3 envira-lazy-load\" style=\"padding-left: 5px; padding-bottom: 10px; padding-right: 5px;\"  itemscope itemtype=\"https:\/\/schema.org\/ImageObject\"><div class=\"envira-gallery-item-inner\"><div class=\"envira-gallery-position-overlay  envira-gallery-top-left\"><\/div><div class=\"envira-gallery-position-overlay  envira-gallery-top-right\"><\/div><div class=\"envira-gallery-position-overlay  envira-gallery-bottom-left\"><\/div><div class=\"envira-gallery-position-overlay  envira-gallery-bottom-right\"><\/div><a href=\"https:\/\/bonifratrzy.pl\/klasztor-zebrzydowice\/wp-content\/uploads\/sites\/52\/2020\/12\/b_b_img_8447.jpg\" class=\"envira-gallery-14 envira-gallery-link\" rel=\"enviragallery14\" title=\"\" data-envira-caption=\"\" data-envira-retina=\"\" data-thumbnail=\"\"  itemprop=\"contentUrl\"><div class=\"envira-lazy\" data-test-width=\"640\" data-test-height=\"480\" style=\"padding-bottom:75%;\"><img decoding=\"async\" id=\"envira-gallery-image-15\" class=\"envira-gallery-image envira-gallery-image-3\" data-envira-index=\"3\" src=\"https:\/\/bonifratrzy.pl\/klasztor-zebrzydowice\/wp-content\/uploads\/sites\/52\/2020\/12\/b_b_img_8447-640x480_c.jpg\" data-envira-src=\"https:\/\/bonifratrzy.pl\/klasztor-zebrzydowice\/wp-content\/uploads\/sites\/52\/2020\/12\/b_b_img_8447-640x480_c.jpg\" data-envira-gallery-id=\"14\" data-envira-item-id=\"15\" data-envira-caption=\"\" alt=\"\" title=\"\"  itemprop=\"thumbnailUrl\" data-envira-srcset=\"https:\/\/bonifratrzy.pl\/klasztor-zebrzydowice\/wp-content\/uploads\/sites\/52\/2020\/12\/b_b_img_8447-640x480_c.jpg 400w,https:\/\/bonifratrzy.pl\/klasztor-zebrzydowice\/wp-content\/uploads\/sites\/52\/2020\/12\/b_b_img_8447-640x480_c.jpg 2x\" srcset=\"data:image\/gif;base64,R0lGODlhAQABAIAAAP\/\/\/\/\/\/\/yH5BAEKAAEALAAAAAABAAEAAAICTAEAOw==\" \/><\/div><\/a><\/div><\/div><\/div><\/div><noscript><img decoding=\"async\" src=\"https:\/\/bonifratrzy.pl\/klasztor-zebrzydowice\/wp-content\/uploads\/sites\/52\/2020\/12\/b_b_img_8446.jpg\" alt=\"\" \/><img decoding=\"async\" src=\"https:\/\/bonifratrzy.pl\/klasztor-zebrzydowice\/wp-content\/uploads\/sites\/52\/2020\/12\/b_b_img_8433-b.jpg\" alt=\"\" \/><img decoding=\"async\" src=\"https:\/\/bonifratrzy.pl\/klasztor-zebrzydowice\/wp-content\/uploads\/sites\/52\/2020\/12\/b_b_img_8447.jpg\" alt=\"\" \/><\/noscript>\n<p>&nbsp;<\/p>\n","protected":false},"excerpt":{"rendered":"<p>\u015awi\u0105tynia powsta\u0142a na bazie kaplicy dworskiej (obecne prezbiterium), kt\u00f3ra z biegiem czasu zosta\u0142a powi\u0119kszona o cz\u0119\u015b\u0107 sali dworskiej (pozosta\u0142\u0105 cz\u0119\u015b\u0107 stanowi refektarz klasztorny). Centralne miejsce \u015bwi\u0105tyni stanowi s\u0142yn\u0105cy \u0142askami krzy\u017c z 1667 r. W okresie mi\u0119dzywojennym jego kult coraz bardziej si\u0119 o\u017cywia\u0142. Przeor Walenty Dziamski w 1934 r. napisa\u0142: \u201eWizerunek Pana Jezusa Ukrzy\u017cowanego przedstawia si\u0119 [&hellip;]<\/p>\n","protected":false},"author":1,"featured_media":0,"parent":0,"menu_order":0,"comment_status":"closed","ping_status":"closed","template":"","meta":{"footnotes":""},"_links":{"self":[{"href":"https:\/\/bonifratrzy.pl\/klasztor-zebrzydowice\/wp-json\/wp\/v2\/pages\/13"}],"collection":[{"href":"https:\/\/bonifratrzy.pl\/klasztor-zebrzydowice\/wp-json\/wp\/v2\/pages"}],"about":[{"href":"https:\/\/bonifratrzy.pl\/klasztor-zebrzydowice\/wp-json\/wp\/v2\/types\/page"}],"author":[{"embeddable":true,"href":"https:\/\/bonifratrzy.pl\/klasztor-zebrzydowice\/wp-json\/wp\/v2\/users\/1"}],"replies":[{"embeddable":true,"href":"https:\/\/bonifratrzy.pl\/klasztor-zebrzydowice\/wp-json\/wp\/v2\/comments?post=13"}],"version-history":[{"count":1,"href":"https:\/\/bonifratrzy.pl\/klasztor-zebrzydowice\/wp-json\/wp\/v2\/pages\/13\/revisions"}],"predecessor-version":[{"id":18,"href":"https:\/\/bonifratrzy.pl\/klasztor-zebrzydowice\/wp-json\/wp\/v2\/pages\/13\/revisions\/18"}],"wp:attachment":[{"href":"https:\/\/bonifratrzy.pl\/klasztor-zebrzydowice\/wp-json\/wp\/v2\/media?parent=13"}],"curies":[{"name":"wp","href":"https:\/\/api.w.org\/{rel}","templated":true}]}}