{"id":105,"date":"2020-12-10T14:23:30","date_gmt":"2020-12-10T13:23:30","guid":{"rendered":"https:\/\/bonifratrzy.pl\/klasztor-zebrzydowice\/?page_id=105"},"modified":"2020-12-10T14:23:30","modified_gmt":"2020-12-10T13:23:30","slug":"filmy","status":"publish","type":"page","link":"https:\/\/bonifratrzy.pl\/klasztor-zebrzydowice\/filmy\/","title":{"rendered":"Filmy"},"content":{"rendered":"<p>Stowarzyszenie Dobroczynne im. M. Zebrzydowskiego w ramach przygotowa\u0144 do 400-lecia \u015bmierci fundatora szpitala i konwentu zrealizowa\u0142o projekt arteterapii pn. Zebrzydowski 2017-2020, w wyniku kt\u00f3rego zosta\u0142 nakr\u0119cony tryptyk filmowy:<\/p>\n<p style=\"text-align: center;\">kliknij i zobacz:<\/p>\n<p style=\"text-align: center;\"><a href=\"https:\/\/www.youtube.com\/watch?v=k8z5ltNTwpI&amp;feature=youtu.be&amp;ab_channel=ClipStudio\" target=\"_blank\" rel=\"noopener noreferrer\"><img loading=\"lazy\" decoding=\"async\" class=\"alignnone wp-image-108\" src=\"https:\/\/bonifratrzy.pl\/klasztor-zebrzydowice\/wp-content\/uploads\/sites\/52\/2020\/12\/5C204434-3B69-46BC-96A8-BD009302F199..jpeg\" alt=\"\" width=\"501\" height=\"285\" \/><\/a><\/p>\n<p style=\"text-align: center;\"><a href=\"https:\/\/www.youtube.com\/watch?v=OAmVJLE0L_E&amp;feature=youtu.be&amp;ab_channel=SDZebrzydowski\" target=\"_blank\" rel=\"noopener noreferrer\"><img loading=\"lazy\" decoding=\"async\" class=\"alignnone wp-image-109\" src=\"https:\/\/bonifratrzy.pl\/klasztor-zebrzydowice\/wp-content\/uploads\/sites\/52\/2020\/12\/32822A24-83A0-43EB-B9E7-AE4D1DF31651..jpeg\" alt=\"\" width=\"499\" height=\"511\" \/><\/a><\/p>\n<p style=\"text-align: center;\"><a href=\"https:\/\/www.youtube.com\/watch?v=UMphfuh2rU4&amp;feature=youtu.be&amp;ab_channel=CLIPSTUDIO\" target=\"_blank\" rel=\"noopener noreferrer\"><img loading=\"lazy\" decoding=\"async\" class=\"alignnone wp-image-110\" src=\"https:\/\/bonifratrzy.pl\/klasztor-zebrzydowice\/wp-content\/uploads\/sites\/52\/2020\/12\/3489419B-A5C4-4F35-B56B-3617E1D58646..jpeg\" alt=\"\" width=\"499\" height=\"588\" \/><\/a><\/p>\n<p style=\"text-align: center;\"><img loading=\"lazy\" decoding=\"async\" class=\"alignnone wp-image-107\" src=\"https:\/\/bonifratrzy.pl\/klasztor-zebrzydowice\/wp-content\/uploads\/sites\/52\/2020\/12\/B5BDC0DD-D7EE-40DE-914F-7C6D54DB5F70..jpeg\" alt=\"\" width=\"499\" height=\"427\" \/><\/p>\n<p style=\"text-align: center;\">Dokument TVP w trakcie realizacji<\/p>\n","protected":false},"excerpt":{"rendered":"<p>Stowarzyszenie Dobroczynne im. M. Zebrzydowskiego w ramach przygotowa\u0144 do 400-lecia \u015bmierci fundatora szpitala i konwentu zrealizowa\u0142o projekt arteterapii pn. Zebrzydowski 2017-2020, w wyniku kt\u00f3rego zosta\u0142 nakr\u0119cony tryptyk filmowy: kliknij i zobacz: Dokument TVP w trakcie realizacji<\/p>\n","protected":false},"author":1,"featured_media":0,"parent":0,"menu_order":0,"comment_status":"closed","ping_status":"closed","template":"","meta":{"footnotes":""},"_links":{"self":[{"href":"https:\/\/bonifratrzy.pl\/klasztor-zebrzydowice\/wp-json\/wp\/v2\/pages\/105"}],"collection":[{"href":"https:\/\/bonifratrzy.pl\/klasztor-zebrzydowice\/wp-json\/wp\/v2\/pages"}],"about":[{"href":"https:\/\/bonifratrzy.pl\/klasztor-zebrzydowice\/wp-json\/wp\/v2\/types\/page"}],"author":[{"embeddable":true,"href":"https:\/\/bonifratrzy.pl\/klasztor-zebrzydowice\/wp-json\/wp\/v2\/users\/1"}],"replies":[{"embeddable":true,"href":"https:\/\/bonifratrzy.pl\/klasztor-zebrzydowice\/wp-json\/wp\/v2\/comments?post=105"}],"version-history":[{"count":1,"href":"https:\/\/bonifratrzy.pl\/klasztor-zebrzydowice\/wp-json\/wp\/v2\/pages\/105\/revisions"}],"predecessor-version":[{"id":111,"href":"https:\/\/bonifratrzy.pl\/klasztor-zebrzydowice\/wp-json\/wp\/v2\/pages\/105\/revisions\/111"}],"wp:attachment":[{"href":"https:\/\/bonifratrzy.pl\/klasztor-zebrzydowice\/wp-json\/wp\/v2\/media?parent=105"}],"curies":[{"name":"wp","href":"https:\/\/api.w.org\/{rel}","templated":true}]}}