{"id":100,"date":"2020-12-10T14:12:58","date_gmt":"2020-12-10T13:12:58","guid":{"rendered":"https:\/\/bonifratrzy.pl\/klasztor-zebrzydowice\/?page_id=100"},"modified":"2021-07-09T08:04:43","modified_gmt":"2021-07-09T06:04:43","slug":"kontakt","status":"publish","type":"page","link":"https:\/\/bonifratrzy.pl\/klasztor-zebrzydowice\/kontakt\/","title":{"rendered":"Kontakt"},"content":{"rendered":"<p><strong>Konwent Bonifratr\u00f3w p.w. \u015bw. Floriana w Zebrzydowicach<\/strong><br \/>\nZebrzydowice 1<br \/>\n34-130 Kalwaria Zebrzydowska<\/p>\n<p><strong>Mo\u017cliwo\u015b\u0107 spotkania z przeorem:<\/strong><br \/>\nponiedzia\u0142ek w godz. 8:00 -9:00 lub po wcze\u015bniejszym um\u00f3wieniu.<\/p>\n<p>tel.: 338766560<\/p>\n<p><a href=\"&#109;&#x61;&#105;&#x6c;&#116;&#x6f;&#58;&#x6b;&#111;&#x6e;&#119;&#x65;n&#x74;&#46;&#x7a;e&#x62;r&#x7a;y&#x64;o&#119;&#x69;&#99;&#x65;&#64;&#x62;&#111;&#x6e;&#105;&#x66;&#114;&#x61;&#116;&#x72;z&#x79;&#46;&#x70;l\">&#x6b;o&#x6e;&#119;&#x65;&#110;&#x74;&#x2e;z&#x65;&#98;&#x72;&#122;&#x79;&#100;o&#x77;&#105;&#x63;&#101;&#x40;&#98;o&#x6e;&#105;&#x66;&#114;&#x61;&#116;r&#x7a;y&#x2e;&#112;&#x6c;<\/a><\/p>\n<p>Nr\u00a0konta:\u00a0<b>65 1020 1433 0000 1002 0188 3487<\/b><\/p>\n","protected":false},"excerpt":{"rendered":"<p>Konwent Bonifratr\u00f3w p.w. \u015bw. Floriana w Zebrzydowicach Zebrzydowice 1 34-130 Kalwaria Zebrzydowska Mo\u017cliwo\u015b\u0107 spotkania z przeorem: poniedzia\u0142ek w godz. 8:00 -9:00 lub po wcze\u015bniejszym um\u00f3wieniu. tel.: 338766560 &#107;&#x6f;n&#119;&#x65;&#110;&#x74;&#46;&#122;&#x65;b&#x72;&#x7a;&#121;&#x64;o&#119;&#x69;c&#x65;&#x40;&#98;&#x6f;n&#105;&#x66;&#114;&#x61;t&#114;&#x7a;y&#46;&#x70;&#108; Nr\u00a0konta:\u00a065 1020 1433 0000 1002 0188 3487<\/p>\n","protected":false},"author":1,"featured_media":0,"parent":0,"menu_order":0,"comment_status":"closed","ping_status":"closed","template":"","meta":{"footnotes":""},"_links":{"self":[{"href":"https:\/\/bonifratrzy.pl\/klasztor-zebrzydowice\/wp-json\/wp\/v2\/pages\/100"}],"collection":[{"href":"https:\/\/bonifratrzy.pl\/klasztor-zebrzydowice\/wp-json\/wp\/v2\/pages"}],"about":[{"href":"https:\/\/bonifratrzy.pl\/klasztor-zebrzydowice\/wp-json\/wp\/v2\/types\/page"}],"author":[{"embeddable":true,"href":"https:\/\/bonifratrzy.pl\/klasztor-zebrzydowice\/wp-json\/wp\/v2\/users\/1"}],"replies":[{"embeddable":true,"href":"https:\/\/bonifratrzy.pl\/klasztor-zebrzydowice\/wp-json\/wp\/v2\/comments?post=100"}],"version-history":[{"count":3,"href":"https:\/\/bonifratrzy.pl\/klasztor-zebrzydowice\/wp-json\/wp\/v2\/pages\/100\/revisions"}],"predecessor-version":[{"id":2778,"href":"https:\/\/bonifratrzy.pl\/klasztor-zebrzydowice\/wp-json\/wp\/v2\/pages\/100\/revisions\/2778"}],"wp:attachment":[{"href":"https:\/\/bonifratrzy.pl\/klasztor-zebrzydowice\/wp-json\/wp\/v2\/media?parent=100"}],"curies":[{"name":"wp","href":"https:\/\/api.w.org\/{rel}","templated":true}]}}