{"id":17,"date":"2016-01-18T22:13:15","date_gmt":"2016-01-18T21:13:15","guid":{"rendered":"https:\/\/bonifratrzy.pl\/klasztor-zakopane\/?page_id=17"},"modified":"2021-02-28T17:17:38","modified_gmt":"2021-02-28T16:17:38","slug":"kaplica-pw-sw-augustyna","status":"publish","type":"page","link":"https:\/\/bonifratrzy.pl\/klasztor-zakopane\/kaplica-pw-sw-augustyna\/","title":{"rendered":"Kaplica pw. \u015bw. Augustyna"},"content":{"rendered":"<p><strong>Liturgia w Kaplicy p.w. \u015bw. Augustyna<\/strong><\/p>\n<h1>kaplica zamkni\u0119ta ze wzgl\u0119du na remont<\/h1>\n<p><strong>Msze \u015awi\u0119te:<\/strong><br \/>\nW dni powszednie o godz.<br \/>\nW niedziel\u0119 i uroczysto\u015bci o godz.<\/p>\n<p><strong>R\u00f3\u017caniec:<\/strong><br \/>\nw dni powszednie godz.<br \/>\nNabo\u017ce\u0144stwo Godzinek\u00a0 ku czci Niepokalanemu Pocz\u0119ciu NMP:<br \/>\nw niedziel\u0119 o godz.<\/p>\n<p>Patron Konwentu i Kaplicy Zakonu Bonifratr\u00f3w w Zakopanem<br \/>\n\u015awi\u0119ty Augustyna z Hippony, biskup i doktor Ko\u015bcio\u0142a<\/p>\n<p>\u015awi\u0119to patronalne przypada na dzie\u0144 28 sierpnia<\/p>\n<p>Augustyn urodzi\u0142 si\u0119 13 listopada 354 r. w Taga\u015bcie (obok Suk Ahras w Algierii), w rodzinie urz\u0119dnika pa\u0144stwowego Patrycjusza. Matka Augustyna, \u015bw. Monika, pochodzi\u0142a z rodziny o tradycji chrze\u015bcija\u0144skiej i bardzo pragn\u0119\u0142a, by jej syn przyj\u0105\u0142 chrzest. Pragnienie to spe\u0142ni\u0142o si\u0119 jednak dopiero po 33 latach&#8230;\u00a0czytaj dalej<\/p>\n<p>&nbsp;<\/p>\n<p><strong>Uroczysto\u015bci:<\/strong><\/p>\n<p>11 lutego \u2013 \u015awiatowy Dzie\u0144 Chorego<br \/>\n8 marca \u2013 \u015bwi\u0119tego Jana Bo\u017cego, Za\u0142o\u017cyciela Zakonu Szpitalnego, patrona chorych, szpitali i piel\u0119gniarzy<br \/>\n25 marca \u2013 Zwiastowania Naj\u015bwi\u0119tszej Maryi Panny, patronki Polskiej Prowincji Zakonu Bonifratr\u00f3w<br \/>\n6 lipca \u2013 Naj\u015bwi\u0119tszej Maryi Panny Uzdrowienia Chorych<br \/>\n28 sierpnia \u2013 \u015bwi\u0119tego Augustyna,\u00a0patrona domu w Zakopanem<br \/>\nTrzecia sobota listopada \u2013 Naj\u015bwi\u0119tszej Maryi Panny, patronki Zakonu Szpitalnego<\/p>\n","protected":false},"excerpt":{"rendered":"<p>Liturgia w Kaplicy p.w. \u015bw. Augustyna kaplica zamkni\u0119ta ze wzgl\u0119du na remont Msze \u015awi\u0119te: W dni powszednie o godz. W niedziel\u0119 i uroczysto\u015bci o godz. R\u00f3\u017caniec: w dni powszednie godz. Nabo\u017ce\u0144stwo Godzinek\u00a0 ku czci Niepokalanemu Pocz\u0119ciu NMP: w niedziel\u0119 o godz. Patron Konwentu i Kaplicy Zakonu Bonifratr\u00f3w w Zakopanem \u015awi\u0119ty Augustyna z Hippony, biskup i [&hellip;]<\/p>\n","protected":false},"author":1,"featured_media":0,"parent":0,"menu_order":0,"comment_status":"closed","ping_status":"closed","template":"","meta":{"footnotes":""},"_links":{"self":[{"href":"https:\/\/bonifratrzy.pl\/klasztor-zakopane\/wp-json\/wp\/v2\/pages\/17"}],"collection":[{"href":"https:\/\/bonifratrzy.pl\/klasztor-zakopane\/wp-json\/wp\/v2\/pages"}],"about":[{"href":"https:\/\/bonifratrzy.pl\/klasztor-zakopane\/wp-json\/wp\/v2\/types\/page"}],"author":[{"embeddable":true,"href":"https:\/\/bonifratrzy.pl\/klasztor-zakopane\/wp-json\/wp\/v2\/users\/1"}],"replies":[{"embeddable":true,"href":"https:\/\/bonifratrzy.pl\/klasztor-zakopane\/wp-json\/wp\/v2\/comments?post=17"}],"version-history":[{"count":3,"href":"https:\/\/bonifratrzy.pl\/klasztor-zakopane\/wp-json\/wp\/v2\/pages\/17\/revisions"}],"predecessor-version":[{"id":80,"href":"https:\/\/bonifratrzy.pl\/klasztor-zakopane\/wp-json\/wp\/v2\/pages\/17\/revisions\/80"}],"wp:attachment":[{"href":"https:\/\/bonifratrzy.pl\/klasztor-zakopane\/wp-json\/wp\/v2\/media?parent=17"}],"curies":[{"name":"wp","href":"https:\/\/api.w.org\/{rel}","templated":true}]}}