{"id":7,"date":"2016-01-19T12:44:03","date_gmt":"2016-01-19T11:44:03","guid":{"rendered":"https:\/\/bonifratrzy.pl\/klasztor-zabkowice-slaskie\/?page_id=7"},"modified":"2021-07-20T23:16:44","modified_gmt":"2021-07-20T21:16:44","slug":"aktualnosci-i-wydarzenia","status":"publish","type":"page","link":"https:\/\/bonifratrzy.pl\/klasztor-zabkowice-slaskie\/aktualnosci-i-wydarzenia\/","title":{"rendered":"Rehabilitacja"},"content":{"rendered":"<h3 style=\"text-align: center\"><span style=\"color: #003300\">Bonifraterskie Centrum Zdrowia Sp. z o.o.<\/span><\/h3>\n<p style=\"text-align: center\"><span style=\"color: #003300\">realizuje \u015bwiadczenia medyczne w oddziale rehabilitacji dziennej w<strong> <span style=\"text-decoration: underline\">Z\u0105bkowicach \u015al\u0105skich<\/span><\/strong><\/span><\/p>\n<h3><span style=\"color: #003300\"><strong>Zg\u0142osze\u0144 mo\u017cna dokonywa\u0107:<\/strong><\/span><\/h3>\n<ul style=\"list-style-type: circle\">\n<li><span style=\"color: #000080\"><span style=\"color: #003300\">telefonicznie w godzinach pracy o\u015brodka pod numerem telefonu: <\/span><span style=\"color: #ff0000\"><strong>575 991 444<\/strong><\/span><\/span><\/li>\n<li><span style=\"color: #000080\"><span style=\"color: #003300\">e-mailem:<\/span>\u00a0<span style=\"color: #ff0000\"><a style=\"color: #ff0000\" href=\"ma&#105;&#108;&#x74;&#x6f;&#x3a;&#x72;eh&#97;&#98;&#x69;&#x6c;&#x69;&#x74;ac&#106;&#97;&#111;&#x64;&#x64;&#x7a;&#x69;al&#64;&#98;&#x63;&#x7a;&#x77;&#x72;oc&#46;&#112;&#x6c;\"><strong>&#114;&#x65;&#x68;a&#98;&#x69;l&#105;&#x74;a&#99;&#x6a;a&#111;&#x64;&#x64;&#122;&#x69;&#x61;l&#64;&#x62;c&#122;&#x77;r&#111;&#x63;&#x2e;&#112;&#x6c;<\/strong><\/a><\/span><\/span><\/li>\n<li><span style=\"color: #000080\"><span style=\"color: #003300\">Osobi\u015bcie\u00a0\u2013<\/span> <em><strong><span style=\"text-decoration: underline;color: #ff0000\">Z\u0105bkowice \u015al\u0105skie; ul. 1-go Maja 9<\/span><\/strong><\/em><br \/>\n<\/span><\/li>\n<\/ul>\n<div style=\"text-align: justify\"><span style=\"color: #003300\"><strong>Rehabilitacja w o\u015brodku\/oddziale dziennym<\/strong> przys\u0142uguje pacjentowi, kt\u00f3rego stan zdrowia nie pozwala na rehabilitacj\u0119 w warunkach ambulatoryjnych, a pacjent nie wymaga ca\u0142odobowego nadzoru medycznego.<\/span><\/div>\n<p style=\"text-align: justify\"><span style=\"color: #003300\">Czas trwania rehabilitacji og\u00f3lnoustrojowej wynosi od 15 do 30 dni zabiegowych, \u015brednio 5 zabieg\u00f3w fizjoterapeutycznych dziennie.\u00a0Czas trwania rehabilitacji pacjent\u00f3w z obrz\u0119kiem limfatycznym wynosi do 40 dni zabiegowych w roku kalendarzowym.<\/span><\/p>\n<p><span style=\"color: #003300\"><strong>Dokumentami niezb\u0119dnymi do obj\u0119cia pacjenta opiek\u0105 w ramach rehabilitacji w o\u015brodku\/oddziale dziennym s\u0105:<\/strong><\/span><\/p>\n<ul>\n<li><span style=\"color: #000080\"><span style=\"color: #008000\"><span style=\"color: #003300\">skierowanie<\/span> <span style=\"color: #003300\">do<\/span><\/span> <span style=\"color: #ff0000\"><a style=\"color: #ff0000\" href=\"https:\/\/bonifratrzy.pl\/szpital-wroclaw\/wp-content\/uploads\/sites\/51\/2019\/07\/skierowanie-rehabilitacja-dzienna-bcz-1.docx\"><strong>dziennego oddzia\u0142u rehabilitacji og\u00f3lnoustrojowej<\/strong><\/a>,<\/span><\/span><\/li>\n<li><span style=\"color: #003300\">dokumentacja medyczn\u0105 dotycz\u0105c\u0105 schorzenia,<\/span><\/li>\n<li><span style=\"color: #003300\">dokument potwierdzaj\u0105cy to\u017csamo\u015b\u0107,<\/span><\/li>\n<\/ul>\n<p><span style=\"color: #003300\"><strong>Skierowanie wystawia:<\/strong><\/span><\/p>\n<ul>\n<li><span style=\"color: #003300\">lekarz oddzia\u0142u: urazowo-ortopedycznego, chirurgicznego, neurochirurgicznego, neurologicznego, reumatologicznego, chor\u00f3b wewn\u0119trznych, urologicznego, ginekologicznego, rehabilitacji og\u00f3lnoustrojowej, neurologicznej, kardiologicznej;<\/span><\/li>\n<li><span style=\"color: #003300\">lekarz poradni: rehabilitacyjnej, urazowo-ortopedycznej, neurologicznej, reumatologicznej;<\/span><\/li>\n<li><span style=\"color: #003300\">lekarz podstawowej opieki zdrowotnej \u2013 w przypadku zaostrze\u0144 chor\u00f3b przewlek\u0142ych.<\/span><\/li>\n<\/ul>\n","protected":false},"excerpt":{"rendered":"<p>Bonifraterskie Centrum Zdrowia Sp. z o.o. realizuje \u015bwiadczenia medyczne w oddziale rehabilitacji dziennej w Z\u0105bkowicach \u015al\u0105skich Zg\u0142osze\u0144 mo\u017cna dokonywa\u0107: telefonicznie w godzinach pracy o\u015brodka pod numerem telefonu: 575 991 444 e-mailem:\u00a0rehabilitacjaoddzial&#64;bcz&#119;&#114;&#111;&#99;&#46;&#112;&#108; Osobi\u015bcie\u00a0\u2013 Z\u0105bkowice \u015al\u0105skie; ul. 1-go Maja 9 Rehabilitacja w o\u015brodku\/oddziale dziennym przys\u0142uguje pacjentowi, kt\u00f3rego stan zdrowia nie pozwala na rehabilitacj\u0119 w warunkach ambulatoryjnych, a [&hellip;]<\/p>\n","protected":false},"author":12,"featured_media":495,"parent":0,"menu_order":2,"comment_status":"closed","ping_status":"closed","template":"","meta":{"footnotes":""},"_links":{"self":[{"href":"https:\/\/bonifratrzy.pl\/klasztor-zabkowice-slaskie\/wp-json\/wp\/v2\/pages\/7"}],"collection":[{"href":"https:\/\/bonifratrzy.pl\/klasztor-zabkowice-slaskie\/wp-json\/wp\/v2\/pages"}],"about":[{"href":"https:\/\/bonifratrzy.pl\/klasztor-zabkowice-slaskie\/wp-json\/wp\/v2\/types\/page"}],"author":[{"embeddable":true,"href":"https:\/\/bonifratrzy.pl\/klasztor-zabkowice-slaskie\/wp-json\/wp\/v2\/users\/12"}],"replies":[{"embeddable":true,"href":"https:\/\/bonifratrzy.pl\/klasztor-zabkowice-slaskie\/wp-json\/wp\/v2\/comments?post=7"}],"version-history":[{"count":199,"href":"https:\/\/bonifratrzy.pl\/klasztor-zabkowice-slaskie\/wp-json\/wp\/v2\/pages\/7\/revisions"}],"predecessor-version":[{"id":1837,"href":"https:\/\/bonifratrzy.pl\/klasztor-zabkowice-slaskie\/wp-json\/wp\/v2\/pages\/7\/revisions\/1837"}],"wp:featuredmedia":[{"embeddable":true,"href":"https:\/\/bonifratrzy.pl\/klasztor-zabkowice-slaskie\/wp-json\/wp\/v2\/media\/495"}],"wp:attachment":[{"href":"https:\/\/bonifratrzy.pl\/klasztor-zabkowice-slaskie\/wp-json\/wp\/v2\/media?parent=7"}],"curies":[{"name":"wp","href":"https:\/\/api.w.org\/{rel}","templated":true}]}}