{"id":42,"date":"2016-01-19T13:14:13","date_gmt":"2016-01-19T12:14:13","guid":{"rendered":"https:\/\/bonifratrzy.pl\/klasztor-zabkowice-slaskie\/?page_id=42"},"modified":"2020-09-23T12:23:31","modified_gmt":"2020-09-23T10:23:31","slug":"kontakt","status":"publish","type":"page","link":"https:\/\/bonifratrzy.pl\/klasztor-zabkowice-slaskie\/kontakt\/","title":{"rendered":"Kontakt"},"content":{"rendered":"<h2>Konwent Bonifratr\u00f3w<\/h2>\n<p>ul. 1-go Maja 9<br \/>\n57 &#8211; 200 Z\u0105bkowice \u015al\u0105skie<br \/>\ne-mail :\u00a0<a href=\"&#x6d;&#97;i&#x6c;&#x74;&#111;:&#x7a;&#97;b&#x6b;&#x6f;&#119;i&#x63;&#101;&#64;&#x62;&#x6f;&#110;i&#x66;&#x72;&#97;&#x74;&#x72;&#122;y&#x2e;&#x70;&#108;\">za&#98;&#107;&#x6f;&#x77;&#x69;&#x63;e&#64;&#98;&#111;&#x6e;&#x69;&#x66;&#x72;at&#114;&#122;&#121;&#x2e;&#x70;&#x6c;<\/a><\/p>\n<p>&nbsp;<\/p>\n<div class=\"su-gmap su-u-responsive-media-yes\"><iframe loading=\"lazy\" width=\"820\" height=\"400\" src=\"\/\/maps.google.com\/maps?q=1%20Maja%209%2C%20%2057%20%E2%80%93%20200%20Z%C4%85bkowice%20%C5%9Al%C4%85skie&amp;output=embed\" title=\"\"><\/iframe><\/div>\n","protected":false},"excerpt":{"rendered":"<p>Konwent Bonifratr\u00f3w ul. 1-go Maja 9 57 &#8211; 200 Z\u0105bkowice \u015al\u0105skie e-mail :\u00a0&#x7a;&#x61;&#x62;&#x6b;&#x6f;&#x77;&#x69;&#x63;&#x65;&#x40;&#x62;&#x6f;&#x6e;&#x69;&#102;&#114;&#97;&#116;&#114;&#122;&#121;&#46;&#112;&#108; &nbsp;<\/p>\n","protected":false},"author":1,"featured_media":0,"parent":0,"menu_order":12,"comment_status":"closed","ping_status":"closed","template":"","meta":{"footnotes":""},"_links":{"self":[{"href":"https:\/\/bonifratrzy.pl\/klasztor-zabkowice-slaskie\/wp-json\/wp\/v2\/pages\/42"}],"collection":[{"href":"https:\/\/bonifratrzy.pl\/klasztor-zabkowice-slaskie\/wp-json\/wp\/v2\/pages"}],"about":[{"href":"https:\/\/bonifratrzy.pl\/klasztor-zabkowice-slaskie\/wp-json\/wp\/v2\/types\/page"}],"author":[{"embeddable":true,"href":"https:\/\/bonifratrzy.pl\/klasztor-zabkowice-slaskie\/wp-json\/wp\/v2\/users\/1"}],"replies":[{"embeddable":true,"href":"https:\/\/bonifratrzy.pl\/klasztor-zabkowice-slaskie\/wp-json\/wp\/v2\/comments?post=42"}],"version-history":[{"count":8,"href":"https:\/\/bonifratrzy.pl\/klasztor-zabkowice-slaskie\/wp-json\/wp\/v2\/pages\/42\/revisions"}],"predecessor-version":[{"id":1778,"href":"https:\/\/bonifratrzy.pl\/klasztor-zabkowice-slaskie\/wp-json\/wp\/v2\/pages\/42\/revisions\/1778"}],"wp:attachment":[{"href":"https:\/\/bonifratrzy.pl\/klasztor-zabkowice-slaskie\/wp-json\/wp\/v2\/media?parent=42"}],"curies":[{"name":"wp","href":"https:\/\/api.w.org\/{rel}","templated":true}]}}