{"id":36,"date":"2016-01-19T13:10:42","date_gmt":"2016-01-19T12:10:42","guid":{"rendered":"https:\/\/bonifratrzy.pl\/klasztor-zabkowice-slaskie\/?page_id=36"},"modified":"2021-07-29T10:00:16","modified_gmt":"2021-07-29T08:00:16","slug":"panorama-z-wiezy","status":"publish","type":"page","link":"https:\/\/bonifratrzy.pl\/klasztor-zabkowice-slaskie\/panorama-z-wiezy\/","title":{"rendered":"Panorama z wie\u017cy"},"content":{"rendered":"<p>Zakon Bonifratr\u00f3w prowadzi dzia\u0142alno\u015b\u0107 medyczn\u0105 na terenie Polski od 1609 roku.<\/p>\n<p><iframe style=\"width: 741px; height: 417px;\" src=\"https:\/\/streaming.airmax.pl\/zabkowice_panoramab\/embed.html\" frameborder=\"0\" allowfullscreen=\"allowfullscreen\"><\/iframe><\/p>\n<p>Dzi\u015b pos\u0142uga medyczna na Dolnym \u015al\u0105sku i Wielkopolsce jest realizowana poprzez za\u0142o\u017cone przez Zakon:<\/p>\n<h3>Bonifraterskie Centrum Zdrowia Sp. z\u00a0o.o.<\/h3>\n<p>Mo\u017cemy\u00a0 Ci pom\u00f3c wr\u00f3ci\u0107 do sprawno\u015bci i zdrowia poprzez :<\/p>\n<ul style=\"list-style-type: circle;\">\n<li><a href=\"https:\/\/bonifratrzy.pl\/szpital-wroclaw\/oddzial-rehabilitacji-dziennej\/\">Rehabilitacj\u0119 w o\u015brodku dziennym w Z\u0105bkowicach \u015al\u0105skich<\/a><\/li>\n<li><a href=\"https:\/\/bonifratrzy.pl\/szpital-wroclaw\/rehabilitacja-domowa\/\">Rehabilitacj\u0119\u00a0w twoim domu w ramach\u00a0 NFZ<\/a><\/li>\n<li><a href=\"https:\/\/bonifratrzy.pl\/szpital-wroclaw\/dzienny-dom-opieki-medycznej\/\">Dzienny Dom Opieki Medycznej w Z\u0105bkowicach \u015al\u0105skich<\/a><\/li>\n<li><a href=\"https:\/\/bonifratrzy.pl\/bonifraterskie-centrum-zdrowia\/\">Rehabilitacj\u0119 neurologiczn\u0105 i og\u00f3lnoustrojow\u0105 w Piaskach<\/a><\/li>\n<\/ul>\n<p>&nbsp;<\/p>\n<p>Pomo\u017cemy przynie\u015b\u0107 ulg\u0119 w cierpieniu poprzez :<\/p>\n<ul style=\"list-style-type: circle;\">\n<li><a href=\"https:\/\/bonifratrzy.pl\/hospicjum-wroclaw\/hospicjum-domowe\/\">Hospicjum Domowe\u00a0 realizowane w powiatach Dolnego \u015al\u0105ska<\/a><\/li>\n<li><a href=\"https:\/\/bonifratrzy.pl\/hospicjum-wroclaw\/hospicjum-stacjonarne\/\">Hospicjum Stacjonarne we Wroc\u0142awiu<\/a><\/li>\n<\/ul>\n<p>&nbsp;<\/p>\n<p>&nbsp;<\/p>\n","protected":false},"excerpt":{"rendered":"<p>Zakon Bonifratr\u00f3w prowadzi dzia\u0142alno\u015b\u0107 medyczn\u0105 na terenie Polski od 1609 roku. Dzi\u015b pos\u0142uga medyczna na Dolnym \u015al\u0105sku i Wielkopolsce jest realizowana poprzez za\u0142o\u017cone przez Zakon: Bonifraterskie Centrum Zdrowia Sp. z\u00a0o.o. Mo\u017cemy\u00a0 Ci pom\u00f3c wr\u00f3ci\u0107 do sprawno\u015bci i zdrowia poprzez : Rehabilitacj\u0119 w o\u015brodku dziennym w Z\u0105bkowicach \u015al\u0105skich Rehabilitacj\u0119\u00a0w twoim domu w ramach\u00a0 NFZ Dzienny Dom [&hellip;]<\/p>\n","protected":false},"author":1,"featured_media":0,"parent":0,"menu_order":10,"comment_status":"closed","ping_status":"closed","template":"","meta":{"footnotes":""},"_links":{"self":[{"href":"https:\/\/bonifratrzy.pl\/klasztor-zabkowice-slaskie\/wp-json\/wp\/v2\/pages\/36"}],"collection":[{"href":"https:\/\/bonifratrzy.pl\/klasztor-zabkowice-slaskie\/wp-json\/wp\/v2\/pages"}],"about":[{"href":"https:\/\/bonifratrzy.pl\/klasztor-zabkowice-slaskie\/wp-json\/wp\/v2\/types\/page"}],"author":[{"embeddable":true,"href":"https:\/\/bonifratrzy.pl\/klasztor-zabkowice-slaskie\/wp-json\/wp\/v2\/users\/1"}],"replies":[{"embeddable":true,"href":"https:\/\/bonifratrzy.pl\/klasztor-zabkowice-slaskie\/wp-json\/wp\/v2\/comments?post=36"}],"version-history":[{"count":23,"href":"https:\/\/bonifratrzy.pl\/klasztor-zabkowice-slaskie\/wp-json\/wp\/v2\/pages\/36\/revisions"}],"predecessor-version":[{"id":1875,"href":"https:\/\/bonifratrzy.pl\/klasztor-zabkowice-slaskie\/wp-json\/wp\/v2\/pages\/36\/revisions\/1875"}],"wp:attachment":[{"href":"https:\/\/bonifratrzy.pl\/klasztor-zabkowice-slaskie\/wp-json\/wp\/v2\/media?parent=36"}],"curies":[{"name":"wp","href":"https:\/\/api.w.org\/{rel}","templated":true}]}}