{"id":25,"date":"2016-01-19T13:00:49","date_gmt":"2016-01-19T12:00:49","guid":{"rendered":"https:\/\/bonifratrzy.pl\/klasztor-zabkowice-slaskie\/?page_id=25"},"modified":"2023-06-06T22:40:14","modified_gmt":"2023-06-06T20:40:14","slug":"porzadek-nabozenstw","status":"publish","type":"page","link":"https:\/\/bonifratrzy.pl\/klasztor-zabkowice-slaskie\/porzadek-nabozenstw\/","title":{"rendered":"Porz\u0105dek nabo\u017ce\u0144stw"},"content":{"rendered":"<h4 style=\"text-align: center\"><\/h4>\n<h4 style=\"text-align: center\"><span style=\"color: #800000\"><span style=\"text-decoration: underline\">Poniedzia\u0142ek &#8211; Pi\u0105tek <\/span>&#8211;\u00a0 <\/span><span style=\"color: #800000\">Msza \u015bw. o godz. 17.00<br \/>\n<\/span><\/h4>\n<h4 style=\"text-align: center\"><span style=\"color: #000080\"><span style=\"text-decoration: underline\">Sobota<\/span> &#8211;\u00a0 Msza \u015bw. o godz. 8.00<\/span><\/h4>\n<h4 style=\"text-align: center\"><span style=\"color: #ff0000\"><span style=\"text-decoration: underline\">Niedziela\u00a0<\/span><\/span><\/h4>\n<h4 style=\"text-align: center\"><span style=\"color: #ff0000\">Godzinki ku czci NP NMP o godz. 9.10<\/span><\/h4>\n<h4 style=\"text-align: center\"><span style=\"color: #ff0000\">Msze \u015bw. o godz. 9.30 ,\u00a0 13.00\u00a0 i\u00a0 20.00<\/span><\/h4>\n<p align=\"center\">\u2194\u00a0 \u2194\u00a0 \u2194\u00a0 \u2194\u00a0 \u2194\u00a0 \u2194\u00a0 \u2194\u00a0 \u2194\u00a0 \u2194\u00a0 \u2194\u00a0 \u2194\u00a0 \u2194\u00a0 \u2194\u00a0 \u2194\u00a0 \u2194\u00a0 \u2194\u00a0 \u2194\u00a0 \u2194<\/p>\n<p align=\"center\"><strong>Uroczysto\u015b\u0107 Bo\u017cego Cia\u0142a\u00a0<\/strong><\/p>\n<p align=\"center\"><strong>&#8211; msza \u015bw.<\/strong><\/p>\n<p align=\"center\"><strong>9:30\u00a0<\/strong><\/p>\n<p align=\"center\"><strong>13:00<\/strong><\/p>\n<p align=\"center\"><strong>20:00\u00a0<\/strong><\/p>\n<p align=\"center\"><strong>Procesja wyrusza z ko\u015bcio\u0142a \u015bw. Anny po mszy \u015bw. o godz. 10:30<\/strong><\/p>\n<p align=\"center\">\u2194\u00a0 \u2194\u00a0 \u2194\u00a0 \u2194\u00a0 \u2194\u00a0 \u2194\u00a0 \u2194\u00a0 \u2194\u00a0 \u2194\u00a0 \u2194\u00a0 \u2194\u00a0 \u2194\u00a0 \u2194\u00a0 \u2194\u00a0 \u2194\u00a0 \u2194\u00a0 \u2194\u00a0 \u2194<\/p>\n<h3 style=\"text-align: center\"><strong>Wielki Czwartek<\/strong>\u00a0\u2013 msza \u015bw.\u00a0 o\u00a0godz.\u00a0<strong>17:00<\/strong><\/h3>\n<h3 style=\"text-align: center\"><strong>Wielki Pi\u0105tek<\/strong>\u00a0\u2013 Liturgia M\u0119ki Pa\u0144skiej o\u00a0godz.\u00a0<strong>17:00<\/strong><\/h3>\n<h3 style=\"text-align: center\"><strong>Wielka Sobota<\/strong><\/h3>\n<h3 style=\"text-align: center\"><strong>\u015bwi\u0119cenie pokarm\u00f3w 8:00, 10:00, 12:00, 14:00, 16:00<\/strong><br \/>\n<strong>Wigilia Paschalna o\u00a0godz.\u00a018:30<\/strong><\/h3>\n<p style=\"text-align: justify\" align=\"center\"><span style=\"color: #003366\">\u00a0<\/span><\/p>\n<p><span style=\"color: #003366\"><strong>Spowied\u017a <\/strong>:\u00a0 przed msz\u0105 \u015bwi\u0119t\u0105;<\/span><\/p>\n<p><span style=\"color: #003366\"><strong>Nabo\u017ce\u0144stwa<\/strong>: majowe,\u00a0 czerwcowe, pa\u017adziernikowe i listopadowe &#8211; godz.\u00a016.30, \/niedziela godz. 9.00\/;<\/span><\/p>\n<p><span style=\"color: #003366\"><strong>Droga Krzy\u017cowa <\/strong>w okresie Wielkiego Postu\u00a0 \u00a0w\u00a0 ka\u017cdy <\/span><span style=\"color: #003366\"><strong>Pi\u0105tek<\/strong>:<\/span><\/p>\n<p><span style=\"color: #003366\">&#8211;\u00a0 godz. 15.00\u00a0 a po nabo\u017ce\u0144stwie msza \u015bwi\u0119ta oko\u0142o\u00a0 \u00a0 16.00<\/span><\/p>\n<p><span style=\"color: #003366\">&#8211; godz. 16.30\u00a0 a po nabo\u017ce\u0144stwie msza \u015bwi\u0119ta oko\u0142o 17.00<\/span><\/p>\n<p><span style=\"color: #003366\"><strong>Gorzkie \u017bale<\/strong> w okresie Wielkiego Postu &#8211; Niedziela: godz.\u00a09.00.<\/span><\/p>\n","protected":false},"excerpt":{"rendered":"<p>Poniedzia\u0142ek &#8211; Pi\u0105tek &#8211;\u00a0 Msza \u015bw. o godz. 17.00 Sobota &#8211;\u00a0 Msza \u015bw. o godz. 8.00 Niedziela\u00a0 Godzinki ku czci NP NMP o godz. 9.10 Msze \u015bw. o godz. 9.30 ,\u00a0 13.00\u00a0 i\u00a0 20.00 \u2194\u00a0 \u2194\u00a0 \u2194\u00a0 \u2194\u00a0 \u2194\u00a0 \u2194\u00a0 \u2194\u00a0 \u2194\u00a0 \u2194\u00a0 \u2194\u00a0 \u2194\u00a0 \u2194\u00a0 \u2194\u00a0 \u2194\u00a0 \u2194\u00a0 \u2194\u00a0 \u2194\u00a0 \u2194 Uroczysto\u015b\u0107 Bo\u017cego Cia\u0142a\u00a0 [&hellip;]<\/p>\n","protected":false},"author":1,"featured_media":0,"parent":0,"menu_order":17,"comment_status":"closed","ping_status":"closed","template":"","meta":{"footnotes":""},"_links":{"self":[{"href":"https:\/\/bonifratrzy.pl\/klasztor-zabkowice-slaskie\/wp-json\/wp\/v2\/pages\/25"}],"collection":[{"href":"https:\/\/bonifratrzy.pl\/klasztor-zabkowice-slaskie\/wp-json\/wp\/v2\/pages"}],"about":[{"href":"https:\/\/bonifratrzy.pl\/klasztor-zabkowice-slaskie\/wp-json\/wp\/v2\/types\/page"}],"author":[{"embeddable":true,"href":"https:\/\/bonifratrzy.pl\/klasztor-zabkowice-slaskie\/wp-json\/wp\/v2\/users\/1"}],"replies":[{"embeddable":true,"href":"https:\/\/bonifratrzy.pl\/klasztor-zabkowice-slaskie\/wp-json\/wp\/v2\/comments?post=25"}],"version-history":[{"count":142,"href":"https:\/\/bonifratrzy.pl\/klasztor-zabkowice-slaskie\/wp-json\/wp\/v2\/pages\/25\/revisions"}],"predecessor-version":[{"id":1889,"href":"https:\/\/bonifratrzy.pl\/klasztor-zabkowice-slaskie\/wp-json\/wp\/v2\/pages\/25\/revisions\/1889"}],"wp:attachment":[{"href":"https:\/\/bonifratrzy.pl\/klasztor-zabkowice-slaskie\/wp-json\/wp\/v2\/media?parent=25"}],"curies":[{"name":"wp","href":"https:\/\/api.w.org\/{rel}","templated":true}]}}