{"id":23,"date":"2016-01-19T12:57:25","date_gmt":"2016-01-19T11:57:25","guid":{"rendered":"https:\/\/bonifratrzy.pl\/klasztor-zabkowice-slaskie\/?page_id=23"},"modified":"2023-06-06T22:38:43","modified_gmt":"2023-06-06T20:38:43","slug":"ogloszenia-duszpasterskie","status":"publish","type":"page","link":"https:\/\/bonifratrzy.pl\/klasztor-zabkowice-slaskie\/ogloszenia-duszpasterskie\/","title":{"rendered":"Og\u0142oszenia"},"content":{"rendered":"<h2 align=\"center\"><strong>Uroczysto\u015b\u0107 Bo\u017cego Cia\u0142a\u00a0<\/strong><\/h2>\n<h2 align=\"center\"><strong>&#8211; msza \u015bw.<\/strong><\/h2>\n<h2 align=\"center\"><strong>9:30\u00a0<\/strong><\/h2>\n<h2 align=\"center\"><strong>13:00<\/strong><\/h2>\n<h2 align=\"center\"><strong>20:00\u00a0<\/strong><\/h2>\n<h2 align=\"center\"><strong>Procesja wyrusza z ko\u015bcio\u0142a \u015bw. Anny po mszy \u015bw. o godz. 10:30<\/strong><\/h2>\n<p>&nbsp;<\/p>\n<h2><strong>Og\u0142oszenia \u00a0Triduum Paschalne 2023 r.<\/strong><\/h2>\n<h4>W Wielkim Tygodniu Ko\u015bci\u00f3\u0142 wspomina najwa\u017cniejsze wydarzenia w historii zbawienia: ustanowienie Eucharystii, M\u0119k\u0119, \u015amier\u0107 i Zmartwychwstanie Chrystusa.<\/h4>\n<h3><strong>Wielki Czwartek<\/strong> &#8211; msza \u015bw.\u00a0 o godz. <strong>17:00<\/strong><\/h3>\n<h3><strong>Wielki Pi\u0105tek<\/strong> \u2013 Liturgia M\u0119ki Pa\u0144skiej o godz. <strong>17:00<\/strong><\/h3>\n<h3><strong>Wielka Sobota<\/strong><\/h3>\n<h3><strong>\u015bwi\u0119cenie pokarm\u00f3w 8:00, 10:00, 12:00, 14:00, 16:00<\/strong><br \/>\n<strong>Wigilia Paschalna o godz. 18:30<\/strong><\/h3>\n<h3><strong>W Niedziel\u0119 zmartwychwstania i poniedzia\u0142ek Wielkanocny<\/strong> Msze \u015bwi\u0119te zostan\u0105 odprawione tak samo, jak w ka\u017cd\u0105 niedziel\u0119.<\/h3>\n<h3>o godz. <strong>9:30\u00a0 \u00a0i\u00a0 \u00a0 13:00<\/strong>\u00a0 \u00a0a dodatkowo zapraszamy na msz\u0119 \u015bw. o <strong>20:00<\/strong><\/h3>\n<h3><strong>Niedziela Mi\u0142osierdzia Bo\u017cego<\/strong><\/h3>\n<h3>msze \u015bw. o godz.\u00a0 <strong>9:30\u00a0 \u00a0i\u00a0 \u00a0 13:00\u00a0 \u00a0oraz\u00a0 \u00a020:00<\/strong><\/h3>\n<h4><\/h4>\n<h4>Dzi\u0119kujemy za wsp\u00f3ln\u0105 modlitw\u0119 i ofiary sk\u0142adane na tac\u0119.<\/h4>\n<p>&nbsp;<\/p>\n","protected":false},"excerpt":{"rendered":"<p>Uroczysto\u015b\u0107 Bo\u017cego Cia\u0142a\u00a0 &#8211; msza \u015bw. 9:30\u00a0 13:00 20:00\u00a0 Procesja wyrusza z ko\u015bcio\u0142a \u015bw. Anny po mszy \u015bw. o godz. 10:30 &nbsp; Og\u0142oszenia \u00a0Triduum Paschalne 2023 r. W Wielkim Tygodniu Ko\u015bci\u00f3\u0142 wspomina najwa\u017cniejsze wydarzenia w historii zbawienia: ustanowienie Eucharystii, M\u0119k\u0119, \u015amier\u0107 i Zmartwychwstanie Chrystusa. Wielki Czwartek &#8211; msza \u015bw.\u00a0 o godz. 17:00 Wielki Pi\u0105tek \u2013 [&hellip;]<\/p>\n","protected":false},"author":1,"featured_media":1317,"parent":0,"menu_order":16,"comment_status":"closed","ping_status":"closed","template":"","meta":{"footnotes":""},"_links":{"self":[{"href":"https:\/\/bonifratrzy.pl\/klasztor-zabkowice-slaskie\/wp-json\/wp\/v2\/pages\/23"}],"collection":[{"href":"https:\/\/bonifratrzy.pl\/klasztor-zabkowice-slaskie\/wp-json\/wp\/v2\/pages"}],"about":[{"href":"https:\/\/bonifratrzy.pl\/klasztor-zabkowice-slaskie\/wp-json\/wp\/v2\/types\/page"}],"author":[{"embeddable":true,"href":"https:\/\/bonifratrzy.pl\/klasztor-zabkowice-slaskie\/wp-json\/wp\/v2\/users\/1"}],"replies":[{"embeddable":true,"href":"https:\/\/bonifratrzy.pl\/klasztor-zabkowice-slaskie\/wp-json\/wp\/v2\/comments?post=23"}],"version-history":[{"count":430,"href":"https:\/\/bonifratrzy.pl\/klasztor-zabkowice-slaskie\/wp-json\/wp\/v2\/pages\/23\/revisions"}],"predecessor-version":[{"id":1888,"href":"https:\/\/bonifratrzy.pl\/klasztor-zabkowice-slaskie\/wp-json\/wp\/v2\/pages\/23\/revisions\/1888"}],"wp:featuredmedia":[{"embeddable":true,"href":"https:\/\/bonifratrzy.pl\/klasztor-zabkowice-slaskie\/wp-json\/wp\/v2\/media\/1317"}],"wp:attachment":[{"href":"https:\/\/bonifratrzy.pl\/klasztor-zabkowice-slaskie\/wp-json\/wp\/v2\/media?parent=23"}],"curies":[{"name":"wp","href":"https:\/\/api.w.org\/{rel}","templated":true}]}}