{"id":19,"date":"2016-01-19T12:51:27","date_gmt":"2016-01-19T11:51:27","guid":{"rendered":"https:\/\/bonifratrzy.pl\/klasztor-zabkowice-slaskie\/?page_id=19"},"modified":"2021-07-21T09:27:24","modified_gmt":"2021-07-21T07:27:24","slug":"kosciol","status":"publish","type":"page","link":"https:\/\/bonifratrzy.pl\/klasztor-zabkowice-slaskie\/kosciol\/","title":{"rendered":"Ko\u015bci\u00f3\u0142"},"content":{"rendered":"<p style=\"text-align: justify\"><span style=\"color: #003300\"><strong><img decoding=\"async\" class=\"alignleft\" src=\"https:\/\/bonifratrzy.pl\/klasztor-zabkowice-slaskie\/wp-content\/uploads\/sites\/17\/2016\/01\/kosciol2016-132x300.jpg\" \/>Ko\u015bci\u00f3\u0142 pw. \u015aw. J\u00f3zefa Robotnika w Z\u0105bkowicach \u015al\u0105skich<\/strong>\u00a0jest budowl\u0105 neogotyck\u0105 na planie krzy\u017ca \u0142aci\u0144skiego i orientowan\u0105. Posiada jednolite wyposa\u017cenie w stylu klasycystycznym. W niewielkim prezbiterium znajduje si\u0119 o\u0142tarz g\u0142\u00f3wny z obrazem \u015awi\u0119tej Rodziny. Obok obrazu stoj\u0105 rze\u017aby \u015bw. Piotra po stronie po\u0142udniowej i \u015bw. Paw\u0142a po p\u00f3\u0142nocnej. Na \u0142uku ponad obrazem jest umieszczony napis: Ex Decreto Pii IX. Altare privilegiatum, die 26. Jan. 1872. (Na mocy dekretu Piusa IX, o\u0142tarz obdarzony przywilejami, dnia 26 stycznia 1872.) Ponad \u0142ukiem w tr\u00f3jk\u0105tnym polu widniej g\u0142\u00f3wka anio\u0142a. O\u0142tarz jest zwie\u0144czony krzy\u017cem. Poni\u017cej obrazu \u015awi\u0119tej Rodziny znajduje si\u0119 tabernakulum.<\/span><\/p>\n<p style=\"text-align: justify\"><span style=\"color: #003300\">Na po\u0142udniowej \u015bcianie prezbiterium jest zawieszony obraz przedstawiaj\u0105cy \u015bw. Jana Bo\u017cego, za\u0142o\u017cyciela Zakonu Szpitalnego &#8211; Bonifratr\u00f3w. Na przeciwleg\u0142ej \u015bcianie wisi obraz \u015bw. Jana Grande. Na pilastrze na po\u0142udnie od o\u0142tarza stoi na konsoli rze\u017aba przedstawiaj\u0105ca Matk\u0119 Bosk\u0105 Wniebowzi\u0119t\u0105 a na przeciwleg\u0142ym pilastrze stoi figura \u015bw. J\u00f3zefa z Dzieci\u0105tkiem Jezus na r\u0119kach.<\/span><\/p>\n<p style=\"text-align: justify\"><span style=\"color: #003300\">W oknach prezbiterium znajduj\u0105 si\u0119 witra\u017ce: po stronie po\u0142udniowej jest przedstawiona \u015bw. Jadwiga, a po p\u00f3\u0142nocnej \u015bw. El\u017cbieta. Pod postaci\u0105 \u015bw. Jadwigi widnieje napis S. Hedwig o. p. n. (Santa Hedwig ora pro nobis, \u015aw. Jadwigo m\u00f3dl si\u0119 za nami), a pod postaci\u0105 \u015bw. El\u017cbiety: S. Elisabeth o. p. n. (Santa Elisabeth ora pro nobis, \u015awi\u0119ta El\u017cbieto m\u00f3dl si\u0119 za nami).<\/span><\/p>\n<p style=\"text-align: justify\"><span style=\"color: #003300\"><strong>Herb bonifratr\u00f3w &#8211; owoc granatu<\/strong>. Granat jest symbolem miasta Granada w Hiszpanii, w kt\u00f3rym dzia\u0142a\u0142 za\u0142o\u017cyciel zakonu \u015bw. \u00a0Jan Bo\u017cy. Z owocu wy\u0142ania si\u0119 z\u0142oty podw\u00f3jny krzy\u017c papieski z gwiazd\u0105. Krzy\u017c i gwiazda \/jest herbem zakonu dominikan\u00f3w, do kt\u00f3rego nale\u017ca\u0142 papie\u017c\/ znalaz\u0142y si\u0119 w herbie na pami\u0105tk\u0119 papie\u017ca Piusa V, kt\u00f3ry 1 I 1572 zatwierdzi\u0142 regu\u0142\u0119 bonifratr\u00f3w.<\/span><\/p>\n<p style=\"text-align: justify\"><span style=\"color: #003300\">Na zachodniej \u015bcianie po\u0142udniowego ramienia transeptu znajduje si\u0119 o\u0142tarz boczny z obrazem z 1774 r. w nastawie, kt\u00f3ry przedstawia \u015bw. Augustyna nadaj\u0105cego bonifratrom swoj\u0105 regu\u0142\u0119. Na pilastrze na p\u00f3\u0142noc od o\u0142tarza stoi na konsoli rze\u017aba przedstawiaj\u0105ca Matk\u0119 Bosk\u0105 z sercem gorej\u0105cym. Na po\u0142udniowej \u015bcianie transeptu na konsoli stoi rze\u017aba \u015bw. Jana Nepomucena.<\/span><\/p>\n<p style=\"text-align: justify\"><span style=\"color: #003300\">W p\u00f3\u0142nocnym ramieniu transeptu znajduje si\u0119 drugi o\u0142tarz boczny ustawiony symetrycznie do poprzednio opisanego. Obraz w jego centrum, pochodz\u0105cy z ko\u0144ca XVIII w., przedstawia \u015bw. Jana Bo\u017cego umywaj\u0105cego nogi Chrystusowi, kt\u00f3ry pojawi\u0142 si\u0119 przed Nim w postaci chorego. Na filarze na po\u0142udnie od o\u0142tarza na konsoli stoi rze\u017aba przedstawiaj\u0105ca Chrystusa z sercem gorej\u0105cym.<\/span><\/p>\n<p style=\"text-align: justify\"><span style=\"color: #003300\">Po po\u0142udniowej stronie \u015bwi\u0105tyni, na skrzy\u017cowaniu nawy i transeptu znajduje si\u0119 XIX w. ambona, na kt\u00f3rej w p\u0142ycinach s\u0105 umieszczone figury przedstawiaj\u0105ce od wschodu w kierunku zachodnim: \u015bw. Augustyna, \u015bw. Mateusza, \u015bw. Marka, \u015bw. \u0141ukasza, \u015bw. Jana i \u015bw. Miko\u0142aja. Naprzeciw ambony po p\u00f3\u0142nocnej stronie \u015bwi\u0105tyni znajduje si\u0119 rze\u017aba Matki Bo\u017cej \u0141askawej z Dzieci\u0105tkiem.<\/span><\/p>\n<p style=\"text-align: justify\"><span style=\"color: #003300\">Wschodni\u0105 cz\u0119\u015b\u0107 \u015bwi\u0105tyni zajmuje ch\u00f3r muzyczny. Wej\u015bcie na niego prowadzi z pierwszego pi\u0119tra klasztoru. Centrum ch\u00f3ru zajmuj\u0105 organy wykonane przez J. M. V. Haasa z G\u0142ubczyc. Pod ch\u00f3rem na \u015bcianie p\u00f3\u0142nocnej znajduje si\u0119 neobarokowy o\u0142tarz \u015bw. Jana Bo\u017cego. W centrum znajduje si\u0119 nisza, w kt\u00f3rej stoi figura \u015bwi\u0119tego.<\/span><\/p>\n<p style=\"text-align: justify\"><span style=\"color: #003300\">Przed g\u0142\u00f3wnym wej\u015bciem do ko\u015bcio\u0142a po stronie po\u0142udniowej jest ustawiony krzy\u017c z wizerunkiem Jezusa, za\u015b po stronie p\u00f3\u0142nocnej, na <img loading=\"lazy\" decoding=\"async\" class=\"size-medium wp-image-121 alignright\" src=\"https:\/\/bonifratrzy.pl\/klasztor-zabkowice-slaskie\/wp-content\/uploads\/sites\/17\/2016\/01\/Cmentarz-Bonifratro\u0301w-300x210.jpeg\" alt=\"\" width=\"300\" height=\"210\" srcset=\"https:\/\/bonifratrzy.pl\/klasztor-zabkowice-slaskie\/wp-content\/uploads\/sites\/17\/2016\/01\/Cmentarz-Bonifratro\u0301w-300x210.jpeg 300w, https:\/\/bonifratrzy.pl\/klasztor-zabkowice-slaskie\/wp-content\/uploads\/sites\/17\/2016\/01\/Cmentarz-Bonifratro\u0301w.jpeg 640w\" sizes=\"(max-width: 300px) 100vw, 300px\" \/>\u015bcianie, umieszczona jest Tablica pami\u0105tkowa ku czci Erdmanna Josepha Tschirscha \u2013 fundatora klasztoru i ko\u015bcio\u0142a.<\/span><\/p>\n<p style=\"text-align: justify\"><span style=\"color: #003300\">Od strony p\u00f3\u0142nocnej przylegaj\u0105 do ko\u015bcio\u0142a zabudowania klasztoru. Przy po\u0142udniowym naro\u017cniku budynku, przy ul. 1-go Maja, jest ustawiony kamienny krucyfiks. Za ko\u015bcio\u0142em i budynkami poszpitalnymi rozci\u0105ga si\u0119 dawny ogr\u00f3d klasztorny.<br \/>\n<\/span><\/p>\n<p>&nbsp;<\/p>\n","protected":false},"excerpt":{"rendered":"<p>Ko\u015bci\u00f3\u0142 pw. \u015aw. J\u00f3zefa Robotnika w Z\u0105bkowicach \u015al\u0105skich\u00a0jest budowl\u0105 neogotyck\u0105 na planie krzy\u017ca \u0142aci\u0144skiego i orientowan\u0105. Posiada jednolite wyposa\u017cenie w stylu klasycystycznym. W niewielkim prezbiterium znajduje si\u0119 o\u0142tarz g\u0142\u00f3wny z obrazem \u015awi\u0119tej Rodziny. Obok obrazu stoj\u0105 rze\u017aby \u015bw. Piotra po stronie po\u0142udniowej i \u015bw. Paw\u0142a po p\u00f3\u0142nocnej. Na \u0142uku ponad obrazem jest umieszczony napis: Ex [&hellip;]<\/p>\n","protected":false},"author":1,"featured_media":0,"parent":0,"menu_order":13,"comment_status":"closed","ping_status":"closed","template":"","meta":{"footnotes":""},"_links":{"self":[{"href":"https:\/\/bonifratrzy.pl\/klasztor-zabkowice-slaskie\/wp-json\/wp\/v2\/pages\/19"}],"collection":[{"href":"https:\/\/bonifratrzy.pl\/klasztor-zabkowice-slaskie\/wp-json\/wp\/v2\/pages"}],"about":[{"href":"https:\/\/bonifratrzy.pl\/klasztor-zabkowice-slaskie\/wp-json\/wp\/v2\/types\/page"}],"author":[{"embeddable":true,"href":"https:\/\/bonifratrzy.pl\/klasztor-zabkowice-slaskie\/wp-json\/wp\/v2\/users\/1"}],"replies":[{"embeddable":true,"href":"https:\/\/bonifratrzy.pl\/klasztor-zabkowice-slaskie\/wp-json\/wp\/v2\/comments?post=19"}],"version-history":[{"count":18,"href":"https:\/\/bonifratrzy.pl\/klasztor-zabkowice-slaskie\/wp-json\/wp\/v2\/pages\/19\/revisions"}],"predecessor-version":[{"id":1859,"href":"https:\/\/bonifratrzy.pl\/klasztor-zabkowice-slaskie\/wp-json\/wp\/v2\/pages\/19\/revisions\/1859"}],"wp:attachment":[{"href":"https:\/\/bonifratrzy.pl\/klasztor-zabkowice-slaskie\/wp-json\/wp\/v2\/media?parent=19"}],"curies":[{"name":"wp","href":"https:\/\/api.w.org\/{rel}","templated":true}]}}