{"id":1847,"date":"2021-07-21T00:21:26","date_gmt":"2021-07-20T22:21:26","guid":{"rendered":"https:\/\/bonifratrzy.pl\/klasztor-zabkowice-slaskie\/?page_id=1847"},"modified":"2021-07-21T15:13:17","modified_gmt":"2021-07-21T13:13:17","slug":"witraze","status":"publish","type":"page","link":"https:\/\/bonifratrzy.pl\/klasztor-zabkowice-slaskie\/witraze\/","title":{"rendered":"Witra\u017ce"},"content":{"rendered":"<p><a href=\"https:\/\/bonifratrzy.pl\/klasztor-zabkowice-slaskie\/wp-content\/uploads\/sites\/17\/2021\/07\/IMG-20210721-WA0002.jpg\"><img loading=\"lazy\" decoding=\"async\" class=\"alignright size-medium wp-image-1861\" src=\"https:\/\/bonifratrzy.pl\/klasztor-zabkowice-slaskie\/wp-content\/uploads\/sites\/17\/2021\/07\/IMG-20210721-WA0002-264x300.jpg\" alt=\"\" width=\"264\" height=\"300\" srcset=\"https:\/\/bonifratrzy.pl\/klasztor-zabkowice-slaskie\/wp-content\/uploads\/sites\/17\/2021\/07\/IMG-20210721-WA0002-264x300.jpg 264w, https:\/\/bonifratrzy.pl\/klasztor-zabkowice-slaskie\/wp-content\/uploads\/sites\/17\/2021\/07\/IMG-20210721-WA0002-901x1024.jpg 901w, https:\/\/bonifratrzy.pl\/klasztor-zabkowice-slaskie\/wp-content\/uploads\/sites\/17\/2021\/07\/IMG-20210721-WA0002-768x873.jpg 768w, https:\/\/bonifratrzy.pl\/klasztor-zabkowice-slaskie\/wp-content\/uploads\/sites\/17\/2021\/07\/IMG-20210721-WA0002.jpg 912w\" sizes=\"(max-width: 264px) 100vw, 264px\" \/><\/a><a href=\"https:\/\/bonifratrzy.pl\/klasztor-zabkowice-slaskie\/wp-content\/uploads\/sites\/17\/2021\/07\/20210513_183822-1.jpg\"><img loading=\"lazy\" decoding=\"async\" class=\"size-medium wp-image-1862 alignleft\" src=\"https:\/\/bonifratrzy.pl\/klasztor-zabkowice-slaskie\/wp-content\/uploads\/sites\/17\/2021\/07\/20210513_183822-1-211x300.jpg\" alt=\"\" width=\"211\" height=\"300\" srcset=\"https:\/\/bonifratrzy.pl\/klasztor-zabkowice-slaskie\/wp-content\/uploads\/sites\/17\/2021\/07\/20210513_183822-1-211x300.jpg 211w, https:\/\/bonifratrzy.pl\/klasztor-zabkowice-slaskie\/wp-content\/uploads\/sites\/17\/2021\/07\/20210513_183822-1-720x1024.jpg 720w, https:\/\/bonifratrzy.pl\/klasztor-zabkowice-slaskie\/wp-content\/uploads\/sites\/17\/2021\/07\/20210513_183822-1-768x1093.jpg 768w, https:\/\/bonifratrzy.pl\/klasztor-zabkowice-slaskie\/wp-content\/uploads\/sites\/17\/2021\/07\/20210513_183822-1.jpg 1005w\" sizes=\"(max-width: 211px) 100vw, 211px\" \/><\/a>Zakon Bonifratr\u00f3w dzia\u0142a na terenie Z\u0105bkowic \u015al\u0105skich od 1844 roku. Ko\u015bci\u00f3\u0142 powstawa\u0142 w latach 1867-1870.<\/p>\n<p>Ta pi\u0119kna \u015bwi\u0105tynia wymaga remontu i odnowienia witra\u017cy. W prezbiterium s\u0105 dwa du\u017ce i bardzo \u0142adne witra\u017ce: \u015bwi\u0119tej Jadwigi i \u015bwi\u0119tej El\u017cbiety. Na wie\u017cy ko\u015bcielnej jest mniejszy witra\u017c z wizerunkiem krzy\u017ca.<\/p>\n<p>&nbsp;<\/p>\n<p>Prosimy o wsparcie i pomoc, gdy\u017c nie jeste\u015bmy wstanie z ofiar zbieranych w ko\u015bciele odnowi\u0107 tych pi\u0119knych witra\u017cy.<\/p>\n<p>&nbsp;<\/p>\n<p>mo\u017cna nas wspom\u00f3c darowizn\u0105 :<\/p>\n<p>Konwent Bonifratr\u00f3w pw. \u015bw. J\u00f3zefa Robotnika<br \/>\nw\u00a0 Z\u0105bkowicach \u015al\u0105skich<br \/>\nul. 1 Maja 9\u00a0 \u00a0 57-200 Z\u0105bkowice \u015al\u0105skie<\/p>\n<p>Rachunek\u00a0 \u00a0 10 95330004 2001 0013 9524 0004<\/p>\n<p>Bank Sp\u00f3\u0142dzielczy w Z\u0105bkowicach \u015al\u0105skich<\/p>\n<p><a href=\"https:\/\/bonifratrzy.pl\/klasztor-zabkowice-slaskie\/wp-content\/uploads\/sites\/17\/2021\/07\/20210513_183848.jpg\"><img loading=\"lazy\" decoding=\"async\" class=\"alignright size-medium wp-image-1852\" src=\"https:\/\/bonifratrzy.pl\/klasztor-zabkowice-slaskie\/wp-content\/uploads\/sites\/17\/2021\/07\/20210513_183848-300x169.jpg\" alt=\"\" width=\"300\" height=\"169\" srcset=\"https:\/\/bonifratrzy.pl\/klasztor-zabkowice-slaskie\/wp-content\/uploads\/sites\/17\/2021\/07\/20210513_183848-300x169.jpg 300w, https:\/\/bonifratrzy.pl\/klasztor-zabkowice-slaskie\/wp-content\/uploads\/sites\/17\/2021\/07\/20210513_183848-1024x576.jpg 1024w, https:\/\/bonifratrzy.pl\/klasztor-zabkowice-slaskie\/wp-content\/uploads\/sites\/17\/2021\/07\/20210513_183848-768x432.jpg 768w, https:\/\/bonifratrzy.pl\/klasztor-zabkowice-slaskie\/wp-content\/uploads\/sites\/17\/2021\/07\/20210513_183848-1536x864.jpg 1536w, https:\/\/bonifratrzy.pl\/klasztor-zabkowice-slaskie\/wp-content\/uploads\/sites\/17\/2021\/07\/20210513_183848.jpg 2000w\" sizes=\"(max-width: 300px) 100vw, 300px\" \/><\/a><a href=\"https:\/\/bonifratrzy.pl\/klasztor-zabkowice-slaskie\/wp-content\/uploads\/sites\/17\/2021\/07\/20210513_183842.jpg\"><img loading=\"lazy\" decoding=\"async\" class=\"alignright size-medium wp-image-1851\" src=\"https:\/\/bonifratrzy.pl\/klasztor-zabkowice-slaskie\/wp-content\/uploads\/sites\/17\/2021\/07\/20210513_183842-169x300.jpg\" alt=\"\" width=\"169\" height=\"300\" srcset=\"https:\/\/bonifratrzy.pl\/klasztor-zabkowice-slaskie\/wp-content\/uploads\/sites\/17\/2021\/07\/20210513_183842-169x300.jpg 169w, https:\/\/bonifratrzy.pl\/klasztor-zabkowice-slaskie\/wp-content\/uploads\/sites\/17\/2021\/07\/20210513_183842-576x1024.jpg 576w, https:\/\/bonifratrzy.pl\/klasztor-zabkowice-slaskie\/wp-content\/uploads\/sites\/17\/2021\/07\/20210513_183842-768x1365.jpg 768w, https:\/\/bonifratrzy.pl\/klasztor-zabkowice-slaskie\/wp-content\/uploads\/sites\/17\/2021\/07\/20210513_183842-864x1536.jpg 864w, https:\/\/bonifratrzy.pl\/klasztor-zabkowice-slaskie\/wp-content\/uploads\/sites\/17\/2021\/07\/20210513_183842.jpg 1125w\" sizes=\"(max-width: 169px) 100vw, 169px\" \/><\/a><a href=\"https:\/\/bonifratrzy.pl\/klasztor-zabkowice-slaskie\/wp-content\/uploads\/sites\/17\/2021\/07\/20210513_183822.jpg\"><img loading=\"lazy\" decoding=\"async\" class=\"alignright size-medium wp-image-1849\" src=\"https:\/\/bonifratrzy.pl\/klasztor-zabkowice-slaskie\/wp-content\/uploads\/sites\/17\/2021\/07\/20210513_183822-169x300.jpg\" alt=\"\" width=\"169\" height=\"300\" srcset=\"https:\/\/bonifratrzy.pl\/klasztor-zabkowice-slaskie\/wp-content\/uploads\/sites\/17\/2021\/07\/20210513_183822-169x300.jpg 169w, https:\/\/bonifratrzy.pl\/klasztor-zabkowice-slaskie\/wp-content\/uploads\/sites\/17\/2021\/07\/20210513_183822-576x1024.jpg 576w, https:\/\/bonifratrzy.pl\/klasztor-zabkowice-slaskie\/wp-content\/uploads\/sites\/17\/2021\/07\/20210513_183822-768x1365.jpg 768w, https:\/\/bonifratrzy.pl\/klasztor-zabkowice-slaskie\/wp-content\/uploads\/sites\/17\/2021\/07\/20210513_183822-864x1536.jpg 864w, https:\/\/bonifratrzy.pl\/klasztor-zabkowice-slaskie\/wp-content\/uploads\/sites\/17\/2021\/07\/20210513_183822.jpg 1125w\" sizes=\"(max-width: 169px) 100vw, 169px\" \/><\/a><\/p>\n<p><a href=\"https:\/\/bonifratrzy.pl\/klasztor-zabkowice-slaskie\/wp-content\/uploads\/sites\/17\/2021\/07\/20210513_183837.jpg\"><img loading=\"lazy\" decoding=\"async\" class=\"alignright size-medium wp-image-1850\" src=\"https:\/\/bonifratrzy.pl\/klasztor-zabkowice-slaskie\/wp-content\/uploads\/sites\/17\/2021\/07\/20210513_183837-169x300.jpg\" alt=\"\" width=\"169\" height=\"300\" srcset=\"https:\/\/bonifratrzy.pl\/klasztor-zabkowice-slaskie\/wp-content\/uploads\/sites\/17\/2021\/07\/20210513_183837-169x300.jpg 169w, https:\/\/bonifratrzy.pl\/klasztor-zabkowice-slaskie\/wp-content\/uploads\/sites\/17\/2021\/07\/20210513_183837-576x1024.jpg 576w, https:\/\/bonifratrzy.pl\/klasztor-zabkowice-slaskie\/wp-content\/uploads\/sites\/17\/2021\/07\/20210513_183837-768x1365.jpg 768w, https:\/\/bonifratrzy.pl\/klasztor-zabkowice-slaskie\/wp-content\/uploads\/sites\/17\/2021\/07\/20210513_183837-864x1536.jpg 864w, https:\/\/bonifratrzy.pl\/klasztor-zabkowice-slaskie\/wp-content\/uploads\/sites\/17\/2021\/07\/20210513_183837.jpg 1125w\" sizes=\"(max-width: 169px) 100vw, 169px\" \/><\/a><\/p>\n","protected":false},"excerpt":{"rendered":"<p>Zakon Bonifratr\u00f3w dzia\u0142a na terenie Z\u0105bkowic \u015al\u0105skich od 1844 roku. Ko\u015bci\u00f3\u0142 powstawa\u0142 w latach 1867-1870. Ta pi\u0119kna \u015bwi\u0105tynia wymaga remontu i odnowienia witra\u017cy. W prezbiterium s\u0105 dwa du\u017ce i bardzo \u0142adne witra\u017ce: \u015bwi\u0119tej Jadwigi i \u015bwi\u0119tej El\u017cbiety. Na wie\u017cy ko\u015bcielnej jest mniejszy witra\u017c z wizerunkiem krzy\u017ca. &nbsp; Prosimy o wsparcie i pomoc, gdy\u017c nie jeste\u015bmy [&hellip;]<\/p>\n","protected":false},"author":41,"featured_media":0,"parent":0,"menu_order":0,"comment_status":"closed","ping_status":"closed","template":"","meta":{"footnotes":""},"_links":{"self":[{"href":"https:\/\/bonifratrzy.pl\/klasztor-zabkowice-slaskie\/wp-json\/wp\/v2\/pages\/1847"}],"collection":[{"href":"https:\/\/bonifratrzy.pl\/klasztor-zabkowice-slaskie\/wp-json\/wp\/v2\/pages"}],"about":[{"href":"https:\/\/bonifratrzy.pl\/klasztor-zabkowice-slaskie\/wp-json\/wp\/v2\/types\/page"}],"author":[{"embeddable":true,"href":"https:\/\/bonifratrzy.pl\/klasztor-zabkowice-slaskie\/wp-json\/wp\/v2\/users\/41"}],"replies":[{"embeddable":true,"href":"https:\/\/bonifratrzy.pl\/klasztor-zabkowice-slaskie\/wp-json\/wp\/v2\/comments?post=1847"}],"version-history":[{"count":5,"href":"https:\/\/bonifratrzy.pl\/klasztor-zabkowice-slaskie\/wp-json\/wp\/v2\/pages\/1847\/revisions"}],"predecessor-version":[{"id":1865,"href":"https:\/\/bonifratrzy.pl\/klasztor-zabkowice-slaskie\/wp-json\/wp\/v2\/pages\/1847\/revisions\/1865"}],"wp:attachment":[{"href":"https:\/\/bonifratrzy.pl\/klasztor-zabkowice-slaskie\/wp-json\/wp\/v2\/media?parent=1847"}],"curies":[{"name":"wp","href":"https:\/\/api.w.org\/{rel}","templated":true}]}}