{"id":86,"date":"2018-09-11T15:51:40","date_gmt":"2018-09-11T13:51:40","guid":{"rendered":"https:\/\/bonifratrzy.pl\/klasztor-wroclaw\/?page_id=86"},"modified":"2018-09-26T15:38:36","modified_gmt":"2018-09-26T13:38:36","slug":"zapytanie-ofertowe-nr-12018","status":"publish","type":"page","link":"https:\/\/bonifratrzy.pl\/klasztor-wroclaw\/zapytanie-ofertowe-nr-12018\/","title":{"rendered":"Zapytanie ofertowe nr 1\/2018"},"content":{"rendered":"<p><strong><u>OG\u0141OSZENIE O ROZSTRZYGNI\u0118CIU <\/u><\/strong><\/p>\n<p>K<strong>onwent Bonifratr\u00f3w pw. Tr\u00f3jcy Przenaj\u015bwi\u0119tszej we Wroc\u0142awiu<\/strong> og\u0142asza, \u017ce w toku przeprowadzenia post\u0119powania konkursowego dotycz\u0105cego z\u0142o\u017cenia oferty na <strong>Zarz\u0105dzanie projektem \u2013 us\u0142uga zarz\u0105dzania projektem pod nazw\u0105 <\/strong><strong><em><u>Kompleksowa termomodernizacja budynku A przy ul. Traugutta 57\/59 we Wroc\u0142awi<\/u><\/em><\/strong><strong><em>u<\/em><\/strong> w ramach projektu o nr RPDS.03.03.01-02-0024\/17 Regionalnego Programu Operacyjnego Wojew\u00f3dztwa Dolno\u015bl\u0105skiego 2014-2020; Priorytet 3 Gospodarka niskoemisyjna, 3.3 Efektywno\u015b\u0107 energetyczna w budynkach u\u017cyteczno\u015bci publicznej i sektorze mieszkaniowym \u2013 konkurs horyzontalny, wybrano ofert\u0119 z\u0142o\u017con\u0105 przez firm\u0119: <strong>JP GROUP Sp. z o.o.<\/strong><\/p>\n<p><a href=\"https:\/\/bonifratrzy.pl\/klasztor-wroclaw\/wp-content\/uploads\/sites\/16\/2018\/09\/Protok\u00f3\u0142-z-przeprowadzonego-post\u0119powania-o-udzielenie-zam\u00f3wienia.pdf\">Protok\u00f3\u0142 z przeprowadzonego post\u0119powania o udzielenie zam\u00f3wienia.<\/a><\/p>\n<p>&nbsp;<\/p>\n<p>Witam serdecznie,<\/p>\n<p>Konwent Bonifratr\u00f3w pw. Tr\u00f3jcy Przenaj\u015bwi\u0119tszej we Wroc\u0142awiu zaprasza Pa\u0144stwa do z\u0142o\u017cenia oferty na <strong>Zarz\u0105dzanie projektem <\/strong><strong>\u2013 us\u0142uga zarz\u0105dzania projektem pod nazw\u0105 <\/strong><strong><em><u>Kompleksowa termomodernizacja budynku A przy ul. Traugutta 57\/59 we Wroc\u0142awi<\/u><\/em><\/strong><strong><em>u<\/em><\/strong><strong>. <\/strong>W\u00a0ramach projektu o nr RPDS.03.03.01-02-0024\/17 Regionalnego Programu Operacyjnego Wojew\u00f3dztwa Dolno\u015bl\u0105skiego 2014-2020;<\/p>\n<p>Priorytet 3 Gospodarka niskoemisyjna, 3.3 Efektywno\u015b\u0107 energetyczna w budynkach u\u017cyteczno\u015bci publicznej i sektorze mieszkaniowym \u2013 konkurs horyzontalny.<\/p>\n<p>Informacje dotycz\u0105ce przedmiotu zam\u00f3wienia przesy\u0142amy w za\u0142\u0105czniku \u2013 plik \u201ezapytanie zarz\u0105dzanie\u201d.<\/p>\n<ul>\n<li><a href=\"https:\/\/bonifratrzy.pl\/klasztor-wroclaw\/wp-content\/uploads\/sites\/16\/2018\/09\/Zapytanie-zarzadzanie.pdf\" target=\"_blank\" rel=\"noopener noreferrer\">zapytanie zarz\u0105dzanie<\/a><\/li>\n<li><a href=\"https:\/\/bonifratrzy.pl\/klasztor-wroclaw\/wp-content\/uploads\/sites\/16\/2018\/09\/Z_1_Formularz_oferty-1.docx\">Formularz &#8211; doc<\/a><\/li>\n<li><a href=\"https:\/\/bonifratrzy.pl\/klasztor-wroclaw\/wp-content\/uploads\/sites\/16\/2018\/09\/Z_1_Formularz_oferty.pdf\" target=\"_blank\" rel=\"noopener noreferrer\">Formularz- pdf<\/a><\/li>\n<\/ul>\n","protected":false},"excerpt":{"rendered":"<p>OG\u0141OSZENIE O ROZSTRZYGNI\u0118CIU Konwent Bonifratr\u00f3w pw. Tr\u00f3jcy Przenaj\u015bwi\u0119tszej we Wroc\u0142awiu og\u0142asza, \u017ce w toku przeprowadzenia post\u0119powania konkursowego dotycz\u0105cego z\u0142o\u017cenia oferty na Zarz\u0105dzanie projektem \u2013 us\u0142uga zarz\u0105dzania projektem pod nazw\u0105 Kompleksowa termomodernizacja budynku A przy ul. Traugutta 57\/59 we Wroc\u0142awiu w ramach projektu o nr RPDS.03.03.01-02-0024\/17 Regionalnego Programu Operacyjnego Wojew\u00f3dztwa Dolno\u015bl\u0105skiego 2014-2020; Priorytet 3 Gospodarka niskoemisyjna, [&hellip;]<\/p>\n","protected":false},"author":1,"featured_media":0,"parent":0,"menu_order":7,"comment_status":"closed","ping_status":"closed","template":"","meta":{"footnotes":""},"_links":{"self":[{"href":"https:\/\/bonifratrzy.pl\/klasztor-wroclaw\/wp-json\/wp\/v2\/pages\/86"}],"collection":[{"href":"https:\/\/bonifratrzy.pl\/klasztor-wroclaw\/wp-json\/wp\/v2\/pages"}],"about":[{"href":"https:\/\/bonifratrzy.pl\/klasztor-wroclaw\/wp-json\/wp\/v2\/types\/page"}],"author":[{"embeddable":true,"href":"https:\/\/bonifratrzy.pl\/klasztor-wroclaw\/wp-json\/wp\/v2\/users\/1"}],"replies":[{"embeddable":true,"href":"https:\/\/bonifratrzy.pl\/klasztor-wroclaw\/wp-json\/wp\/v2\/comments?post=86"}],"version-history":[{"count":8,"href":"https:\/\/bonifratrzy.pl\/klasztor-wroclaw\/wp-json\/wp\/v2\/pages\/86\/revisions"}],"predecessor-version":[{"id":100,"href":"https:\/\/bonifratrzy.pl\/klasztor-wroclaw\/wp-json\/wp\/v2\/pages\/86\/revisions\/100"}],"wp:attachment":[{"href":"https:\/\/bonifratrzy.pl\/klasztor-wroclaw\/wp-json\/wp\/v2\/media?parent=86"}],"curies":[{"name":"wp","href":"https:\/\/api.w.org\/{rel}","templated":true}]}}