{"id":7,"date":"2016-01-19T11:13:42","date_gmt":"2016-01-19T10:13:42","guid":{"rendered":"https:\/\/bonifratrzy.pl\/klasztor-wroclaw\/?page_id=7"},"modified":"2022-12-05T10:18:38","modified_gmt":"2022-12-05T09:18:38","slug":"aktualnosci-i-wydarzenia","status":"publish","type":"page","link":"https:\/\/bonifratrzy.pl\/klasztor-wroclaw\/aktualnosci-i-wydarzenia\/","title":{"rendered":"Aktualno\u015bci i Wydarzenia"},"content":{"rendered":"<p>Dzi\u0119kujemy br. Sadokowi za jego czteroletni\u0105 pos\u0142ug\u0119 we Wroc\u0142awiu i \u017cyczymy du\u017co si\u0142 i wyobra\u017ani mi\u0142osierdzia w sprawowaniu funkcji przeora w konwencie bonifratr\u00f3w w Katowicach.<\/p>\n<p>Z dniem 3 maja 2022 r. pos\u0142ug\u0119 we Wsp\u00f3lnocie we Wroc\u0142awiu rozpocz\u0105\u0142 brat \u0141ukasz Dmowski, OH.<\/p>\n<div class=\"wpmf-gallerys wpmf-gallerys-life \" ><div id=\"gallery-1\"\n data-gutter-width=\"5\"\n  data-wpmfcolumns=\"3\" class=\"wpmf-gallery gallery-link-file gallery_life gallery-masonry gallery-columns-3 gallery-size-medium wpmf-gallery-bottomspace-default wpmf-gallery-clear wpmf-has-border-radius-0 wpmf-gutterwidth-5\"><div class=\"wpmf-gallery-item\n     wpmf-gallery-item-position-0 wpmf-gallery-item-attachment-207\" data-index=\"0\"><div class=\"wpmf-gallery-icon\"><a class=\" not_video noLightbox\" data-lightbox=\"1\" data-href=\"https:\/\/bonifratrzy.pl\/klasztor-wroclaw\/wp-content\/uploads\/sites\/16\/2022\/05\/Wroc\u0142aw-7-300x225.jpg\" title=\"Wroc\u0142aw (7)\" target=\"_self\" data-index=\"0\"><img decoding=\"async\" class=\"wpmf_img\" alt=\"Wroc\u0142aw (7)\" src=\"https:\/\/bonifratrzy.pl\/klasztor-wroclaw\/wp-content\/uploads\/sites\/16\/2022\/05\/Wroc\u0142aw-7-300x225.jpg\" data-type=\"wpmfgalleryimg\" data-lazy-src=\"https:\/\/bonifratrzy.pl\/klasztor-wroclaw\/wp-content\/uploads\/sites\/16\/2022\/05\/Wroc\u0142aw-7-300x225.jpg\"><\/a><\/div><\/div><div class=\"wpmf-gallery-item\n     wpmf-gallery-item-position-1 wpmf-gallery-item-attachment-206\" data-index=\"1\"><div class=\"wpmf-gallery-icon\"><a class=\" not_video noLightbox\" data-lightbox=\"1\" data-href=\"https:\/\/bonifratrzy.pl\/klasztor-wroclaw\/wp-content\/uploads\/sites\/16\/2022\/05\/Wroc\u0142aw-6-300x225.jpg\" title=\"Wroc\u0142aw (6)\" target=\"_self\" data-index=\"1\"><img decoding=\"async\" class=\"wpmf_img\" alt=\"Wroc\u0142aw (6)\" src=\"https:\/\/bonifratrzy.pl\/klasztor-wroclaw\/wp-content\/uploads\/sites\/16\/2022\/05\/Wroc\u0142aw-6-300x225.jpg\" data-type=\"wpmfgalleryimg\" data-lazy-src=\"https:\/\/bonifratrzy.pl\/klasztor-wroclaw\/wp-content\/uploads\/sites\/16\/2022\/05\/Wroc\u0142aw-6-300x225.jpg\"><\/a><\/div><\/div><div class=\"wpmf-gallery-item\n     wpmf-gallery-item-position-2 wpmf-gallery-item-attachment-203\" data-index=\"2\"><div class=\"wpmf-gallery-icon\"><a class=\" not_video noLightbox\" data-lightbox=\"1\" data-href=\"https:\/\/bonifratrzy.pl\/klasztor-wroclaw\/wp-content\/uploads\/sites\/16\/2022\/05\/Wroc\u0142aw-3-300x225.jpg\" title=\"Wroc\u0142aw (3)\" target=\"_self\" data-index=\"2\"><img decoding=\"async\" class=\"wpmf_img\" alt=\"Wroc\u0142aw (3)\" src=\"https:\/\/bonifratrzy.pl\/klasztor-wroclaw\/wp-content\/uploads\/sites\/16\/2022\/05\/Wroc\u0142aw-3-300x225.jpg\" data-type=\"wpmfgalleryimg\" data-lazy-src=\"https:\/\/bonifratrzy.pl\/klasztor-wroclaw\/wp-content\/uploads\/sites\/16\/2022\/05\/Wroc\u0142aw-3-300x225.jpg\"><\/a><\/div><\/div><div class=\"wpmf-gallery-item\n     wpmf-gallery-item-position-3 wpmf-gallery-item-attachment-201\" data-index=\"3\"><div class=\"wpmf-gallery-icon\"><a class=\" not_video noLightbox\" data-lightbox=\"1\" data-href=\"https:\/\/bonifratrzy.pl\/klasztor-wroclaw\/wp-content\/uploads\/sites\/16\/2022\/05\/Wroc\u0142aw-1-300x225.jpg\" title=\"Wroc\u0142aw (1)\" target=\"_self\" data-index=\"3\"><img decoding=\"async\" class=\"wpmf_img\" alt=\"Wroc\u0142aw (1)\" src=\"https:\/\/bonifratrzy.pl\/klasztor-wroclaw\/wp-content\/uploads\/sites\/16\/2022\/05\/Wroc\u0142aw-1-300x225.jpg\" data-type=\"wpmfgalleryimg\" data-lazy-src=\"https:\/\/bonifratrzy.pl\/klasztor-wroclaw\/wp-content\/uploads\/sites\/16\/2022\/05\/Wroc\u0142aw-1-300x225.jpg\"><\/a><\/div><\/div><div class=\"wpmf-gallery-item\n     wpmf-gallery-item-position-4 wpmf-gallery-item-attachment-200\" data-index=\"4\"><div class=\"wpmf-gallery-icon\"><a class=\" not_video noLightbox\" data-lightbox=\"1\" data-href=\"https:\/\/bonifratrzy.pl\/klasztor-wroclaw\/wp-content\/uploads\/sites\/16\/2022\/05\/Wroc\u0142aw-8-300x225.jpg\" title=\"Wroc\u0142aw (8)\" target=\"_self\" data-index=\"4\"><img decoding=\"async\" class=\"wpmf_img\" alt=\"Wroc\u0142aw (8)\" src=\"https:\/\/bonifratrzy.pl\/klasztor-wroclaw\/wp-content\/uploads\/sites\/16\/2022\/05\/Wroc\u0142aw-8-300x225.jpg\" data-type=\"wpmfgalleryimg\" data-lazy-src=\"https:\/\/bonifratrzy.pl\/klasztor-wroclaw\/wp-content\/uploads\/sites\/16\/2022\/05\/Wroc\u0142aw-8-300x225.jpg\"><\/a><\/div><\/div><\/div><\/div>\n\n<h2><\/h2>\n<h2><\/h2>\n<h3><strong>Przed nami Uroczysto\u015b\u0107 \u015bw. Jana Bo\u017cego \u2013 za\u0142o\u017cyciela Zakonu Bonifratr\u00f3w oraz Patrona chorych.\u00a0 <\/strong><\/h3>\n<h3><strong>W tym roku obchody uroczysto\u015bci zosta\u0142y przeniesione na niedziel\u0119 6 marca 2022 r.\u00a0<\/strong><\/h3>\n<h3><strong>Msza \u015bwi\u0119ta o godz. 10:00 i suma odpustowa o godz. 11:30.<\/strong><\/h3>\n<h4>W sprawie intencji Mszy \u015bw. kontakt do brata przeora:<\/h4>\n<h3>tel: 509 366 333<\/h3>\n<p>&nbsp;<\/p>\n","protected":false},"excerpt":{"rendered":"<p>Dzi\u0119kujemy br. Sadokowi za jego czteroletni\u0105 pos\u0142ug\u0119 we Wroc\u0142awiu i \u017cyczymy du\u017co si\u0142 i wyobra\u017ani mi\u0142osierdzia w sprawowaniu funkcji przeora w konwencie bonifratr\u00f3w w Katowicach. Z dniem 3 maja 2022 r. pos\u0142ug\u0119 we Wsp\u00f3lnocie we Wroc\u0142awiu rozpocz\u0105\u0142 brat \u0141ukasz Dmowski, OH. Przed nami Uroczysto\u015b\u0107 \u015bw. Jana Bo\u017cego \u2013 za\u0142o\u017cyciela Zakonu Bonifratr\u00f3w oraz Patrona chorych.\u00a0 W [&hellip;]<\/p>\n","protected":false},"author":1,"featured_media":201,"parent":0,"menu_order":8,"comment_status":"closed","ping_status":"closed","template":"","meta":{"footnotes":""},"_links":{"self":[{"href":"https:\/\/bonifratrzy.pl\/klasztor-wroclaw\/wp-json\/wp\/v2\/pages\/7"}],"collection":[{"href":"https:\/\/bonifratrzy.pl\/klasztor-wroclaw\/wp-json\/wp\/v2\/pages"}],"about":[{"href":"https:\/\/bonifratrzy.pl\/klasztor-wroclaw\/wp-json\/wp\/v2\/types\/page"}],"author":[{"embeddable":true,"href":"https:\/\/bonifratrzy.pl\/klasztor-wroclaw\/wp-json\/wp\/v2\/users\/1"}],"replies":[{"embeddable":true,"href":"https:\/\/bonifratrzy.pl\/klasztor-wroclaw\/wp-json\/wp\/v2\/comments?post=7"}],"version-history":[{"count":27,"href":"https:\/\/bonifratrzy.pl\/klasztor-wroclaw\/wp-json\/wp\/v2\/pages\/7\/revisions"}],"predecessor-version":[{"id":224,"href":"https:\/\/bonifratrzy.pl\/klasztor-wroclaw\/wp-json\/wp\/v2\/pages\/7\/revisions\/224"}],"wp:featuredmedia":[{"embeddable":true,"href":"https:\/\/bonifratrzy.pl\/klasztor-wroclaw\/wp-json\/wp\/v2\/media\/201"}],"wp:attachment":[{"href":"https:\/\/bonifratrzy.pl\/klasztor-wroclaw\/wp-json\/wp\/v2\/media?parent=7"}],"curies":[{"name":"wp","href":"https:\/\/api.w.org\/{rel}","templated":true}]}}