{"id":333,"date":"2025-02-06T09:33:32","date_gmt":"2025-02-06T08:33:32","guid":{"rendered":"https:\/\/bonifratrzy.pl\/klasztor-wroclaw\/?page_id=333"},"modified":"2025-02-06T13:43:31","modified_gmt":"2025-02-06T12:43:31","slug":"relacja-z-prowadzonych-prac-konserwatorskich","status":"publish","type":"page","link":"https:\/\/bonifratrzy.pl\/klasztor-wroclaw\/wspieranie-dzialan-archiwalnych-2024\/relacja-z-prowadzonych-prac-konserwatorskich\/","title":{"rendered":"Relacja z prowadzonych prac konserwatorskich"},"content":{"rendered":"\n<p><strong>Prace konserwatorskie prowadzone w ramach projektu Prace nad archiwaliami z\u0105bkowickich bonifratr\u00f3w cz. II.<\/strong><\/p>\n\n\n\n<p>Trwaj\u0105 prace konserwatorskie w ramach projektu P<em>race nad archiwaliami z\u0105bkowickich bonifratr\u00f3w cz. II<\/em>. Konserwacji poddawanych jest \u0142\u0105cznie dziewi\u0119\u0107 jednostek archiwalnych. Zakres i z\u0142o\u017cono\u015b\u0107 prowadzonych dzia\u0142a\u0144 konserwatorskich przedstawia materia\u0142 zdj\u0119ciowy.<\/p>\n\n\n\n<p>Prace dofinansowane zosta\u0142y przez Naczelnego Dyrektora Archiw\u00f3w Pa\u0144stwowych w ramach konkursu Wspieranie Dzia\u0142a\u0144 Archiwalnych 2024. \u0141\u0105czny koszt realizacji zadania wynosi 49 732 z\u0142 za\u015b dofinansowanie 43 232 z\u0142 (86,93%).<\/p>\n\n\n\n<p><img loading=\"lazy\" decoding=\"async\" width=\"150\" height=\"108\" class=\"wp-image-280\" style=\"width: 150px;\" src=\"https:\/\/bonifratrzy.pl\/klasztor-wroclaw\/wp-content\/uploads\/sites\/16\/2024\/11\/Logo-do-umieszczenia-na-strone.jpg\" alt=\"\" srcset=\"https:\/\/bonifratrzy.pl\/klasztor-wroclaw\/wp-content\/uploads\/sites\/16\/2024\/11\/Logo-do-umieszczenia-na-strone.jpg 1629w, https:\/\/bonifratrzy.pl\/klasztor-wroclaw\/wp-content\/uploads\/sites\/16\/2024\/11\/Logo-do-umieszczenia-na-strone-300x215.jpg 300w, https:\/\/bonifratrzy.pl\/klasztor-wroclaw\/wp-content\/uploads\/sites\/16\/2024\/11\/Logo-do-umieszczenia-na-strone-1024x735.jpg 1024w, https:\/\/bonifratrzy.pl\/klasztor-wroclaw\/wp-content\/uploads\/sites\/16\/2024\/11\/Logo-do-umieszczenia-na-strone-768x551.jpg 768w, https:\/\/bonifratrzy.pl\/klasztor-wroclaw\/wp-content\/uploads\/sites\/16\/2024\/11\/Logo-do-umieszczenia-na-strone-1536x1102.jpg 1536w\" sizes=\"(max-width: 150px) 100vw, 150px\" \/><\/p>\n\n\n\n<figure class=\"wp-block-gallery has-nested-images columns-default is-cropped wp-block-gallery-1 is-layout-flex wp-block-gallery-is-layout-flex\">\n<figure class=\"wp-block-image size-large\"><a href=\"https:\/\/bonifratrzy.pl\/klasztor-wroclaw\/wp-content\/uploads\/sites\/16\/2025\/02\/Fot.-1.-Poszyt-o-sygn.-AKBW-2-w-czasie-prac-konserwatorskich.jpg\"><img loading=\"lazy\" decoding=\"async\" width=\"1024\" height=\"768\" data-id=\"343\" src=\"https:\/\/bonifratrzy.pl\/klasztor-wroclaw\/wp-content\/uploads\/sites\/16\/2025\/02\/Fot.-1.-Poszyt-o-sygn.-AKBW-2-w-czasie-prac-konserwatorskich-1024x768.jpg\" alt=\"\" class=\"wp-image-343\" srcset=\"https:\/\/bonifratrzy.pl\/klasztor-wroclaw\/wp-content\/uploads\/sites\/16\/2025\/02\/Fot.-1.-Poszyt-o-sygn.-AKBW-2-w-czasie-prac-konserwatorskich-1024x768.jpg 1024w, https:\/\/bonifratrzy.pl\/klasztor-wroclaw\/wp-content\/uploads\/sites\/16\/2025\/02\/Fot.-1.-Poszyt-o-sygn.-AKBW-2-w-czasie-prac-konserwatorskich-300x225.jpg 300w, https:\/\/bonifratrzy.pl\/klasztor-wroclaw\/wp-content\/uploads\/sites\/16\/2025\/02\/Fot.-1.-Poszyt-o-sygn.-AKBW-2-w-czasie-prac-konserwatorskich-768x576.jpg 768w, https:\/\/bonifratrzy.pl\/klasztor-wroclaw\/wp-content\/uploads\/sites\/16\/2025\/02\/Fot.-1.-Poszyt-o-sygn.-AKBW-2-w-czasie-prac-konserwatorskich.jpg 1280w\" sizes=\"(max-width: 1024px) 100vw, 1024px\" \/><\/a><\/figure>\n\n\n\n<figure class=\"wp-block-image size-large\"><a href=\"https:\/\/bonifratrzy.pl\/klasztor-wroclaw\/wp-content\/uploads\/sites\/16\/2025\/02\/Fot.-7.-Plan-o-sygn.-AKBW-78-w-czasie-prac-konserwatorskich.jpg\"><img loading=\"lazy\" decoding=\"async\" width=\"1024\" height=\"768\" data-id=\"344\" src=\"https:\/\/bonifratrzy.pl\/klasztor-wroclaw\/wp-content\/uploads\/sites\/16\/2025\/02\/Fot.-7.-Plan-o-sygn.-AKBW-78-w-czasie-prac-konserwatorskich-1024x768.jpg\" alt=\"\" class=\"wp-image-344\" srcset=\"https:\/\/bonifratrzy.pl\/klasztor-wroclaw\/wp-content\/uploads\/sites\/16\/2025\/02\/Fot.-7.-Plan-o-sygn.-AKBW-78-w-czasie-prac-konserwatorskich-1024x768.jpg 1024w, https:\/\/bonifratrzy.pl\/klasztor-wroclaw\/wp-content\/uploads\/sites\/16\/2025\/02\/Fot.-7.-Plan-o-sygn.-AKBW-78-w-czasie-prac-konserwatorskich-300x225.jpg 300w, https:\/\/bonifratrzy.pl\/klasztor-wroclaw\/wp-content\/uploads\/sites\/16\/2025\/02\/Fot.-7.-Plan-o-sygn.-AKBW-78-w-czasie-prac-konserwatorskich-768x576.jpg 768w, https:\/\/bonifratrzy.pl\/klasztor-wroclaw\/wp-content\/uploads\/sites\/16\/2025\/02\/Fot.-7.-Plan-o-sygn.-AKBW-78-w-czasie-prac-konserwatorskich.jpg 1400w\" sizes=\"(max-width: 1024px) 100vw, 1024px\" \/><\/a><\/figure>\n\n\n\n<figure class=\"wp-block-image size-large\"><a href=\"https:\/\/bonifratrzy.pl\/klasztor-wroclaw\/wp-content\/uploads\/sites\/16\/2025\/02\/Fot.-8.-Plan-o-sygn.-AKBW-78-w-czasie-prac-konserwatorskich.jpg\"><img loading=\"lazy\" decoding=\"async\" width=\"1024\" height=\"768\" data-id=\"345\" src=\"https:\/\/bonifratrzy.pl\/klasztor-wroclaw\/wp-content\/uploads\/sites\/16\/2025\/02\/Fot.-8.-Plan-o-sygn.-AKBW-78-w-czasie-prac-konserwatorskich-1024x768.jpg\" alt=\"\" class=\"wp-image-345\" srcset=\"https:\/\/bonifratrzy.pl\/klasztor-wroclaw\/wp-content\/uploads\/sites\/16\/2025\/02\/Fot.-8.-Plan-o-sygn.-AKBW-78-w-czasie-prac-konserwatorskich-1024x768.jpg 1024w, https:\/\/bonifratrzy.pl\/klasztor-wroclaw\/wp-content\/uploads\/sites\/16\/2025\/02\/Fot.-8.-Plan-o-sygn.-AKBW-78-w-czasie-prac-konserwatorskich-300x225.jpg 300w, https:\/\/bonifratrzy.pl\/klasztor-wroclaw\/wp-content\/uploads\/sites\/16\/2025\/02\/Fot.-8.-Plan-o-sygn.-AKBW-78-w-czasie-prac-konserwatorskich-768x576.jpg 768w, https:\/\/bonifratrzy.pl\/klasztor-wroclaw\/wp-content\/uploads\/sites\/16\/2025\/02\/Fot.-8.-Plan-o-sygn.-AKBW-78-w-czasie-prac-konserwatorskich.jpg 1400w\" sizes=\"(max-width: 1024px) 100vw, 1024px\" \/><\/a><\/figure>\n<\/figure>\n\n\n\n<div style=\"height:100px\" aria-hidden=\"true\" class=\"wp-block-spacer\"><\/div>\n\n\n\n<figure class=\"wp-block-gallery has-nested-images columns-default is-cropped wp-block-gallery-2 is-layout-flex wp-block-gallery-is-layout-flex\">\n<figure class=\"wp-block-image size-large\"><a href=\"https:\/\/bonifratrzy.pl\/klasztor-wroclaw\/wp-content\/uploads\/sites\/16\/2025\/02\/Fot.-2.-Poszyt-o-sygn.-AKBW-2-w-czasie-prac-konserwatorskich.jpg\"><img loading=\"lazy\" decoding=\"async\" width=\"1024\" height=\"768\" data-id=\"350\" src=\"https:\/\/bonifratrzy.pl\/klasztor-wroclaw\/wp-content\/uploads\/sites\/16\/2025\/02\/Fot.-2.-Poszyt-o-sygn.-AKBW-2-w-czasie-prac-konserwatorskich-1024x768.jpg\" alt=\"\" class=\"wp-image-350\" srcset=\"https:\/\/bonifratrzy.pl\/klasztor-wroclaw\/wp-content\/uploads\/sites\/16\/2025\/02\/Fot.-2.-Poszyt-o-sygn.-AKBW-2-w-czasie-prac-konserwatorskich-1024x768.jpg 1024w, https:\/\/bonifratrzy.pl\/klasztor-wroclaw\/wp-content\/uploads\/sites\/16\/2025\/02\/Fot.-2.-Poszyt-o-sygn.-AKBW-2-w-czasie-prac-konserwatorskich-300x225.jpg 300w, https:\/\/bonifratrzy.pl\/klasztor-wroclaw\/wp-content\/uploads\/sites\/16\/2025\/02\/Fot.-2.-Poszyt-o-sygn.-AKBW-2-w-czasie-prac-konserwatorskich-768x576.jpg 768w, https:\/\/bonifratrzy.pl\/klasztor-wroclaw\/wp-content\/uploads\/sites\/16\/2025\/02\/Fot.-2.-Poszyt-o-sygn.-AKBW-2-w-czasie-prac-konserwatorskich.jpg 1400w\" sizes=\"(max-width: 1024px) 100vw, 1024px\" \/><\/a><\/figure>\n\n\n\n<figure class=\"wp-block-image size-large\"><a href=\"https:\/\/bonifratrzy.pl\/klasztor-wroclaw\/wp-content\/uploads\/sites\/16\/2025\/02\/Fot.-3.-Plan-o-sygn.-AKBW-76-w-czasie-prac-konserwatorskich.jpg\"><img loading=\"lazy\" decoding=\"async\" width=\"1024\" height=\"682\" data-id=\"351\" src=\"https:\/\/bonifratrzy.pl\/klasztor-wroclaw\/wp-content\/uploads\/sites\/16\/2025\/02\/Fot.-3.-Plan-o-sygn.-AKBW-76-w-czasie-prac-konserwatorskich-1024x682.jpg\" alt=\"\" class=\"wp-image-351\" srcset=\"https:\/\/bonifratrzy.pl\/klasztor-wroclaw\/wp-content\/uploads\/sites\/16\/2025\/02\/Fot.-3.-Plan-o-sygn.-AKBW-76-w-czasie-prac-konserwatorskich-1024x682.jpg 1024w, https:\/\/bonifratrzy.pl\/klasztor-wroclaw\/wp-content\/uploads\/sites\/16\/2025\/02\/Fot.-3.-Plan-o-sygn.-AKBW-76-w-czasie-prac-konserwatorskich-300x200.jpg 300w, https:\/\/bonifratrzy.pl\/klasztor-wroclaw\/wp-content\/uploads\/sites\/16\/2025\/02\/Fot.-3.-Plan-o-sygn.-AKBW-76-w-czasie-prac-konserwatorskich-768x512.jpg 768w, https:\/\/bonifratrzy.pl\/klasztor-wroclaw\/wp-content\/uploads\/sites\/16\/2025\/02\/Fot.-3.-Plan-o-sygn.-AKBW-76-w-czasie-prac-konserwatorskich.jpg 1400w\" sizes=\"(max-width: 1024px) 100vw, 1024px\" \/><\/a><\/figure>\n\n\n\n<figure class=\"wp-block-image size-large\"><a href=\"https:\/\/bonifratrzy.pl\/klasztor-wroclaw\/wp-content\/uploads\/sites\/16\/2025\/02\/Fot.-4.-Plan-o-sygn.-AKBW-76-w-czasie-prac-konserwatorskich.jpg\"><img loading=\"lazy\" decoding=\"async\" width=\"1024\" height=\"682\" data-id=\"352\" src=\"https:\/\/bonifratrzy.pl\/klasztor-wroclaw\/wp-content\/uploads\/sites\/16\/2025\/02\/Fot.-4.-Plan-o-sygn.-AKBW-76-w-czasie-prac-konserwatorskich-1024x682.jpg\" alt=\"\" class=\"wp-image-352\" srcset=\"https:\/\/bonifratrzy.pl\/klasztor-wroclaw\/wp-content\/uploads\/sites\/16\/2025\/02\/Fot.-4.-Plan-o-sygn.-AKBW-76-w-czasie-prac-konserwatorskich-1024x682.jpg 1024w, https:\/\/bonifratrzy.pl\/klasztor-wroclaw\/wp-content\/uploads\/sites\/16\/2025\/02\/Fot.-4.-Plan-o-sygn.-AKBW-76-w-czasie-prac-konserwatorskich-300x200.jpg 300w, https:\/\/bonifratrzy.pl\/klasztor-wroclaw\/wp-content\/uploads\/sites\/16\/2025\/02\/Fot.-4.-Plan-o-sygn.-AKBW-76-w-czasie-prac-konserwatorskich-768x512.jpg 768w, https:\/\/bonifratrzy.pl\/klasztor-wroclaw\/wp-content\/uploads\/sites\/16\/2025\/02\/Fot.-4.-Plan-o-sygn.-AKBW-76-w-czasie-prac-konserwatorskich.jpg 1400w\" sizes=\"(max-width: 1024px) 100vw, 1024px\" \/><\/a><\/figure>\n\n\n\n<figure class=\"wp-block-image size-large\"><a href=\"https:\/\/bonifratrzy.pl\/klasztor-wroclaw\/wp-content\/uploads\/sites\/16\/2025\/02\/Fot.-5.-Plan-o-sygn.-AKBW-76-w-czasie-prac-konserwatorskich.jpg\"><img loading=\"lazy\" decoding=\"async\" width=\"1024\" height=\"768\" data-id=\"353\" src=\"https:\/\/bonifratrzy.pl\/klasztor-wroclaw\/wp-content\/uploads\/sites\/16\/2025\/02\/Fot.-5.-Plan-o-sygn.-AKBW-76-w-czasie-prac-konserwatorskich-1024x768.jpg\" alt=\"\" class=\"wp-image-353\" srcset=\"https:\/\/bonifratrzy.pl\/klasztor-wroclaw\/wp-content\/uploads\/sites\/16\/2025\/02\/Fot.-5.-Plan-o-sygn.-AKBW-76-w-czasie-prac-konserwatorskich-1024x768.jpg 1024w, https:\/\/bonifratrzy.pl\/klasztor-wroclaw\/wp-content\/uploads\/sites\/16\/2025\/02\/Fot.-5.-Plan-o-sygn.-AKBW-76-w-czasie-prac-konserwatorskich-300x225.jpg 300w, https:\/\/bonifratrzy.pl\/klasztor-wroclaw\/wp-content\/uploads\/sites\/16\/2025\/02\/Fot.-5.-Plan-o-sygn.-AKBW-76-w-czasie-prac-konserwatorskich-768x576.jpg 768w, https:\/\/bonifratrzy.pl\/klasztor-wroclaw\/wp-content\/uploads\/sites\/16\/2025\/02\/Fot.-5.-Plan-o-sygn.-AKBW-76-w-czasie-prac-konserwatorskich.jpg 1400w\" sizes=\"(max-width: 1024px) 100vw, 1024px\" \/><\/a><\/figure>\n\n\n\n<figure class=\"wp-block-image size-large\"><a href=\"https:\/\/bonifratrzy.pl\/klasztor-wroclaw\/wp-content\/uploads\/sites\/16\/2025\/02\/Fot.-6.-Plan-o-sygn.-AKBW-76-w-czasie-prac-konserwatorskich.jpg\"><img loading=\"lazy\" decoding=\"async\" width=\"1024\" height=\"682\" data-id=\"354\" src=\"https:\/\/bonifratrzy.pl\/klasztor-wroclaw\/wp-content\/uploads\/sites\/16\/2025\/02\/Fot.-6.-Plan-o-sygn.-AKBW-76-w-czasie-prac-konserwatorskich-1024x682.jpg\" alt=\"\" class=\"wp-image-354\" srcset=\"https:\/\/bonifratrzy.pl\/klasztor-wroclaw\/wp-content\/uploads\/sites\/16\/2025\/02\/Fot.-6.-Plan-o-sygn.-AKBW-76-w-czasie-prac-konserwatorskich-1024x682.jpg 1024w, https:\/\/bonifratrzy.pl\/klasztor-wroclaw\/wp-content\/uploads\/sites\/16\/2025\/02\/Fot.-6.-Plan-o-sygn.-AKBW-76-w-czasie-prac-konserwatorskich-300x200.jpg 300w, https:\/\/bonifratrzy.pl\/klasztor-wroclaw\/wp-content\/uploads\/sites\/16\/2025\/02\/Fot.-6.-Plan-o-sygn.-AKBW-76-w-czasie-prac-konserwatorskich-768x512.jpg 768w, https:\/\/bonifratrzy.pl\/klasztor-wroclaw\/wp-content\/uploads\/sites\/16\/2025\/02\/Fot.-6.-Plan-o-sygn.-AKBW-76-w-czasie-prac-konserwatorskich.jpg 1400w\" sizes=\"(max-width: 1024px) 100vw, 1024px\" \/><\/a><\/figure>\n\n\n\n<figure class=\"wp-block-image size-large\"><a href=\"https:\/\/bonifratrzy.pl\/klasztor-wroclaw\/wp-content\/uploads\/sites\/16\/2025\/02\/Fot.-9.-Projekt-wnetrza-kaplicy-o-sygn.-AKBW-96-w-czasie-prac-konserwatorskich.jpg\"><img loading=\"lazy\" decoding=\"async\" width=\"1024\" height=\"682\" data-id=\"355\" src=\"https:\/\/bonifratrzy.pl\/klasztor-wroclaw\/wp-content\/uploads\/sites\/16\/2025\/02\/Fot.-9.-Projekt-wnetrza-kaplicy-o-sygn.-AKBW-96-w-czasie-prac-konserwatorskich-1024x682.jpg\" alt=\"\" class=\"wp-image-355\" srcset=\"https:\/\/bonifratrzy.pl\/klasztor-wroclaw\/wp-content\/uploads\/sites\/16\/2025\/02\/Fot.-9.-Projekt-wnetrza-kaplicy-o-sygn.-AKBW-96-w-czasie-prac-konserwatorskich-1024x682.jpg 1024w, https:\/\/bonifratrzy.pl\/klasztor-wroclaw\/wp-content\/uploads\/sites\/16\/2025\/02\/Fot.-9.-Projekt-wnetrza-kaplicy-o-sygn.-AKBW-96-w-czasie-prac-konserwatorskich-300x200.jpg 300w, https:\/\/bonifratrzy.pl\/klasztor-wroclaw\/wp-content\/uploads\/sites\/16\/2025\/02\/Fot.-9.-Projekt-wnetrza-kaplicy-o-sygn.-AKBW-96-w-czasie-prac-konserwatorskich-768x512.jpg 768w, https:\/\/bonifratrzy.pl\/klasztor-wroclaw\/wp-content\/uploads\/sites\/16\/2025\/02\/Fot.-9.-Projekt-wnetrza-kaplicy-o-sygn.-AKBW-96-w-czasie-prac-konserwatorskich.jpg 1400w\" sizes=\"(max-width: 1024px) 100vw, 1024px\" \/><\/a><\/figure>\n\n\n\n<figure class=\"wp-block-image size-large\"><a href=\"https:\/\/bonifratrzy.pl\/klasztor-wroclaw\/wp-content\/uploads\/sites\/16\/2025\/02\/Fot.-10.-Prace-konserwatorskie-nad-map\u00b1-o-sygn.-AKBW-98.jpg\"><img loading=\"lazy\" decoding=\"async\" width=\"1024\" height=\"682\" data-id=\"356\" src=\"https:\/\/bonifratrzy.pl\/klasztor-wroclaw\/wp-content\/uploads\/sites\/16\/2025\/02\/Fot.-10.-Prace-konserwatorskie-nad-map\u00b1-o-sygn.-AKBW-98-1024x682.jpg\" alt=\"\" class=\"wp-image-356\" srcset=\"https:\/\/bonifratrzy.pl\/klasztor-wroclaw\/wp-content\/uploads\/sites\/16\/2025\/02\/Fot.-10.-Prace-konserwatorskie-nad-map\u00b1-o-sygn.-AKBW-98-1024x682.jpg 1024w, https:\/\/bonifratrzy.pl\/klasztor-wroclaw\/wp-content\/uploads\/sites\/16\/2025\/02\/Fot.-10.-Prace-konserwatorskie-nad-map\u00b1-o-sygn.-AKBW-98-300x200.jpg 300w, https:\/\/bonifratrzy.pl\/klasztor-wroclaw\/wp-content\/uploads\/sites\/16\/2025\/02\/Fot.-10.-Prace-konserwatorskie-nad-map\u00b1-o-sygn.-AKBW-98-768x512.jpg 768w, https:\/\/bonifratrzy.pl\/klasztor-wroclaw\/wp-content\/uploads\/sites\/16\/2025\/02\/Fot.-10.-Prace-konserwatorskie-nad-map\u00b1-o-sygn.-AKBW-98.jpg 1400w\" sizes=\"(max-width: 1024px) 100vw, 1024px\" \/><\/a><\/figure>\n\n\n\n<figure class=\"wp-block-image size-large\"><a href=\"https:\/\/bonifratrzy.pl\/klasztor-wroclaw\/wp-content\/uploads\/sites\/16\/2025\/02\/Fot.-11.-Mapa-o-sygn.-AKBW-98-w-czasie-prac-konserwatorskich.jpg\"><img loading=\"lazy\" decoding=\"async\" width=\"1024\" height=\"682\" data-id=\"357\" src=\"https:\/\/bonifratrzy.pl\/klasztor-wroclaw\/wp-content\/uploads\/sites\/16\/2025\/02\/Fot.-11.-Mapa-o-sygn.-AKBW-98-w-czasie-prac-konserwatorskich-1024x682.jpg\" alt=\"\" class=\"wp-image-357\" srcset=\"https:\/\/bonifratrzy.pl\/klasztor-wroclaw\/wp-content\/uploads\/sites\/16\/2025\/02\/Fot.-11.-Mapa-o-sygn.-AKBW-98-w-czasie-prac-konserwatorskich-1024x682.jpg 1024w, https:\/\/bonifratrzy.pl\/klasztor-wroclaw\/wp-content\/uploads\/sites\/16\/2025\/02\/Fot.-11.-Mapa-o-sygn.-AKBW-98-w-czasie-prac-konserwatorskich-300x200.jpg 300w, https:\/\/bonifratrzy.pl\/klasztor-wroclaw\/wp-content\/uploads\/sites\/16\/2025\/02\/Fot.-11.-Mapa-o-sygn.-AKBW-98-w-czasie-prac-konserwatorskich-768x512.jpg 768w, https:\/\/bonifratrzy.pl\/klasztor-wroclaw\/wp-content\/uploads\/sites\/16\/2025\/02\/Fot.-11.-Mapa-o-sygn.-AKBW-98-w-czasie-prac-konserwatorskich.jpg 1400w\" sizes=\"(max-width: 1024px) 100vw, 1024px\" \/><\/a><\/figure>\n<\/figure>\n","protected":false},"excerpt":{"rendered":"<p>Prace konserwatorskie prowadzone w ramach projektu Prace nad archiwaliami z\u0105bkowickich bonifratr\u00f3w cz. II. Trwaj\u0105 prace konserwatorskie w ramach projektu Prace nad archiwaliami z\u0105bkowickich bonifratr\u00f3w cz. II. Konserwacji poddawanych jest \u0142\u0105cznie dziewi\u0119\u0107 jednostek archiwalnych. Zakres i z\u0142o\u017cono\u015b\u0107 prowadzonych dzia\u0142a\u0144 konserwatorskich przedstawia materia\u0142 zdj\u0119ciowy. Prace dofinansowane zosta\u0142y przez Naczelnego Dyrektora Archiw\u00f3w Pa\u0144stwowych w ramach konkursu Wspieranie Dzia\u0142a\u0144 [&hellip;]<\/p>\n","protected":false},"author":1,"featured_media":0,"parent":319,"menu_order":2,"comment_status":"closed","ping_status":"closed","template":"","meta":{"footnotes":""},"_links":{"self":[{"href":"https:\/\/bonifratrzy.pl\/klasztor-wroclaw\/wp-json\/wp\/v2\/pages\/333"}],"collection":[{"href":"https:\/\/bonifratrzy.pl\/klasztor-wroclaw\/wp-json\/wp\/v2\/pages"}],"about":[{"href":"https:\/\/bonifratrzy.pl\/klasztor-wroclaw\/wp-json\/wp\/v2\/types\/page"}],"author":[{"embeddable":true,"href":"https:\/\/bonifratrzy.pl\/klasztor-wroclaw\/wp-json\/wp\/v2\/users\/1"}],"replies":[{"embeddable":true,"href":"https:\/\/bonifratrzy.pl\/klasztor-wroclaw\/wp-json\/wp\/v2\/comments?post=333"}],"version-history":[{"count":5,"href":"https:\/\/bonifratrzy.pl\/klasztor-wroclaw\/wp-json\/wp\/v2\/pages\/333\/revisions"}],"predecessor-version":[{"id":403,"href":"https:\/\/bonifratrzy.pl\/klasztor-wroclaw\/wp-json\/wp\/v2\/pages\/333\/revisions\/403"}],"up":[{"embeddable":true,"href":"https:\/\/bonifratrzy.pl\/klasztor-wroclaw\/wp-json\/wp\/v2\/pages\/319"}],"wp:attachment":[{"href":"https:\/\/bonifratrzy.pl\/klasztor-wroclaw\/wp-json\/wp\/v2\/media?parent=333"}],"curies":[{"name":"wp","href":"https:\/\/api.w.org\/{rel}","templated":true}]}}