{"id":329,"date":"2025-02-06T09:32:03","date_gmt":"2025-02-06T08:32:03","guid":{"rendered":"https:\/\/bonifratrzy.pl\/klasztor-wroclaw\/?page_id=329"},"modified":"2025-02-06T13:47:54","modified_gmt":"2025-02-06T12:47:54","slug":"archiwum-cyfrowe","status":"publish","type":"page","link":"https:\/\/bonifratrzy.pl\/klasztor-wroclaw\/archiwum-cyfrowe\/","title":{"rendered":"Archiwum cyfrowe"},"content":{"rendered":"\n<ul>\n<li><a href=\"https:\/\/bonifratrzy.pl\/klasztor-wroclaw\/wp-content\/uploads\/sites\/16\/2025\/02\/AKBW-2.pdf\" target=\"_blank\" rel=\"noreferrer noopener\">AKBW 2 [400 MB], Miscelania chronicalia.<\/a><\/li>\n\n\n\n<li><a href=\"https:\/\/bonifratrzy.pl\/klasztor-wroclaw\/wp-content\/uploads\/sites\/16\/2025\/02\/AKBW-6.pdf\" target=\"_blank\" rel=\"noreferrer noopener\">AKBW 6 [400 MB], Necrologium Prov. Bor.-Silesiae Ord. Hospit. S. Jo. D. D. Bd. I.<\/a><\/li>\n\n\n\n<li><a href=\"https:\/\/bonifratrzy.pl\/klasztor-wroclaw\/wp-content\/uploads\/sites\/16\/2025\/02\/AKBW-75.pdf\" data-type=\"link\" data-id=\"https:\/\/bonifratrzy.pl\/klasztor-wroclaw\/wp-content\/uploads\/sites\/16\/2025\/02\/AKBW-75.pdf\">AKBW 75 [5 MB], Arbeits\u2013Zeichnung zum Neubau der Tschirschen Kranken\u2013Anstalt zu Frankenstein.<\/a><\/li>\n\n\n\n<li><a href=\"https:\/\/bonifratrzy.pl\/klasztor-wroclaw\/wp-content\/uploads\/sites\/16\/2025\/02\/AKBW-76.pdf\" target=\"_blank\" rel=\"noreferrer noopener\">AKBW 76 [5 MB], [Szkic elewacji konwentu i ko\u015bcio\u0142a]<\/a><\/li>\n\n\n\n<li><a href=\"https:\/\/bonifratrzy.pl\/klasztor-wroclaw\/wp-content\/uploads\/sites\/16\/2025\/02\/AKBW-78.pdf\" data-type=\"link\" data-id=\"https:\/\/bonifratrzy.pl\/klasztor-wroclaw\/wp-content\/uploads\/sites\/16\/2025\/02\/AKBW-78.pdf\" target=\"_blank\" rel=\"noreferrer noopener\">AKBW 78 [6 MB], Bezeichnung zu einem Erweiterungsbau resp. zu einem Siechenhause nebst Kirche des Klosters der Barmherz[igen] Br\u00fcder hierselbst.<\/a><\/li>\n\n\n\n<li><a href=\"https:\/\/bonifratrzy.pl\/klasztor-wroclaw\/wp-content\/uploads\/sites\/16\/2025\/02\/AKBW-83.pdf\" data-type=\"link\" data-id=\"https:\/\/bonifratrzy.pl\/klasztor-wroclaw\/wp-content\/uploads\/sites\/16\/2025\/02\/AKBW-83.pdf\" target=\"_blank\" rel=\"noreferrer noopener\">AKBW 83 [30 MB], [Mapy i plany zabudowa\u0144 klasztornych oraz nale\u017c\u0105cych do konwentu parceli w Z\u0105bkowicach \u015al\u0105skich]<\/a><\/li>\n\n\n\n<li><a href=\"https:\/\/bonifratrzy.pl\/klasztor-wroclaw\/wp-content\/uploads\/sites\/16\/2025\/02\/AKBW-86.pdf\" data-type=\"link\" data-id=\"https:\/\/bonifratrzy.pl\/klasztor-wroclaw\/wp-content\/uploads\/sites\/16\/2025\/02\/AKBW-86.pdf\" target=\"_blank\" rel=\"noreferrer noopener\">AKBW 86 [13 MB], [Mapy i plany zabudowa\u0144 klasztornych oraz nale\u017c\u0105cych do konwentu parceli w Z\u0105bkowicach \u015al\u0105skich oraz Jaworku]<\/a><\/li>\n\n\n\n<li><a href=\"https:\/\/bonifratrzy.pl\/klasztor-wroclaw\/wp-content\/uploads\/sites\/16\/2025\/02\/AKBW-88.pdf\" data-type=\"link\" data-id=\"https:\/\/bonifratrzy.pl\/klasztor-wroclaw\/wp-content\/uploads\/sites\/16\/2025\/02\/AKBW-88.pdf\" target=\"_blank\" rel=\"noreferrer noopener\">AKBW 88 [5 MB], Rein\u2013Karte betreffend die Kanalisation des Barmherzigen Br\u00fcder Klosters in Frankenstein in Schlesien.<\/a><\/li>\n\n\n\n<li><a href=\"https:\/\/bonifratrzy.pl\/klasztor-wroclaw\/wp-content\/uploads\/sites\/16\/2025\/02\/AKBW-96.pdf\" data-type=\"link\" data-id=\"https:\/\/bonifratrzy.pl\/klasztor-wroclaw\/wp-content\/uploads\/sites\/16\/2025\/02\/AKBW-96.pdf\" target=\"_blank\" rel=\"noreferrer noopener\">AKBW 96 [8 MB], Entwurf zum Bau einer Leichenhalle im Br\u00fcderkloster zu Frankenstein.<\/a><\/li>\n<\/ul>\n","protected":false},"excerpt":{"rendered":"","protected":false},"author":1,"featured_media":0,"parent":0,"menu_order":5,"comment_status":"closed","ping_status":"closed","template":"","meta":{"footnotes":""},"_links":{"self":[{"href":"https:\/\/bonifratrzy.pl\/klasztor-wroclaw\/wp-json\/wp\/v2\/pages\/329"}],"collection":[{"href":"https:\/\/bonifratrzy.pl\/klasztor-wroclaw\/wp-json\/wp\/v2\/pages"}],"about":[{"href":"https:\/\/bonifratrzy.pl\/klasztor-wroclaw\/wp-json\/wp\/v2\/types\/page"}],"author":[{"embeddable":true,"href":"https:\/\/bonifratrzy.pl\/klasztor-wroclaw\/wp-json\/wp\/v2\/users\/1"}],"replies":[{"embeddable":true,"href":"https:\/\/bonifratrzy.pl\/klasztor-wroclaw\/wp-json\/wp\/v2\/comments?post=329"}],"version-history":[{"count":5,"href":"https:\/\/bonifratrzy.pl\/klasztor-wroclaw\/wp-json\/wp\/v2\/pages\/329\/revisions"}],"predecessor-version":[{"id":406,"href":"https:\/\/bonifratrzy.pl\/klasztor-wroclaw\/wp-json\/wp\/v2\/pages\/329\/revisions\/406"}],"wp:attachment":[{"href":"https:\/\/bonifratrzy.pl\/klasztor-wroclaw\/wp-json\/wp\/v2\/media?parent=329"}],"curies":[{"name":"wp","href":"https:\/\/api.w.org\/{rel}","templated":true}]}}