{"id":28,"date":"2016-01-19T12:12:20","date_gmt":"2016-01-19T11:12:20","guid":{"rendered":"https:\/\/bonifratrzy.pl\/klasztor-wroclaw\/?page_id=28"},"modified":"2025-10-03T13:34:28","modified_gmt":"2025-10-03T11:34:28","slug":"kontakt","status":"publish","type":"page","link":"https:\/\/bonifratrzy.pl\/klasztor-wroclaw\/kontakt\/","title":{"rendered":"Kontakt"},"content":{"rendered":"<h3>Konwent Bonifratr\u00f3w<br \/>\nul. Traugutta 57\/59<br \/>\n50-417 Wroc\u0142aw<\/h3>\n<p>Archidiecezja Wroc\u0142awska<br \/>\nE-mail: <a href=\"&#x6d;&#x61;&#105;&#108;t&#x6f;&#x3a;&#x6b;&#111;nw&#x65;&#x6e;&#116;&#119;r&#x6f;&#x63;&#x6c;&#97;w&#64;&#x62;&#x6f;&#110;&#105;f&#x72;&#x61;&#x74;&#114;zy&#x2e;&#x70;&#108;\">konwentwroclaw<\/a><a href=\"ma&#105;&#108;&#x74;&#x6f;&#x3a;&#x6b;on&#119;&#101;&#x6e;&#x74;&#x77;&#x72;oc&#108;&#97;&#119;&#x40;&#x62;&#x6f;&#x6e;if&#114;&#97;&#x74;&#x72;&#x7a;&#x79;&#46;p&#108;\">@bonifratrzy.pl<\/a><\/p>\n<p>Uprzejmie informujemy, i\u017c od dnia 16 pa\u017adziernika 2020 roku dzia\u0142alno\u015b\u0107 Poradni Zio\u0142olecznictwa i Apteki zostaje zawieszona do odwo\u0142ania.<br \/>\nDzi\u0119kujemy za korzystanie z naszych produkt\u00f3w bonifraterskich i zach\u0119camy do kupowania przez aptek\u0119 internetow\u0105<\/p>\n<p>Zapraszamy do zakup\u00f3w online:<\/p>\n<p><a href=\"https:\/\/apteka.bonifratrzy.pl\/\"> https:\/\/apteka.bonifratrzy.pl\/<\/a><\/p>\n<p>oraz w sklepie internetowym<\/p>\n<p><a href=\"https:\/\/produktybonifraterskie.pl\/\">https:\/\/produktybonifraterskie.pl<\/a><\/p>\n<p><a href=\"https:\/\/bonifratrzy.pl\/szpital-wroclaw\/\">Bonifraterskie Centrum Zdrowia Sp. z o.o.<\/a><\/p>\n<p><a href=\"https:\/\/bonifratrzy.pl\/szpital-wroclaw\/\">Hospicjum i Rehabilitacja:<\/a><\/p>\n","protected":false},"excerpt":{"rendered":"<p>Konwent Bonifratr\u00f3w ul. Traugutta 57\/59 50-417 Wroc\u0142aw Archidiecezja Wroc\u0142awska E-mail: konw&#101;&#110;&#116;&#119;&#114;&#111;&#99;&#x6c;&#x61;&#x77;&#x40;&#x62;&#x6f;&#x6e;&#x69;&#x66;ratr&#122;&#121;&#46;&#112;&#108; Uprzejmie informujemy, i\u017c od dnia 16 pa\u017adziernika 2020 roku dzia\u0142alno\u015b\u0107 Poradni Zio\u0142olecznictwa i Apteki zostaje zawieszona do odwo\u0142ania. Dzi\u0119kujemy za korzystanie z naszych produkt\u00f3w bonifraterskich i zach\u0119camy do kupowania przez aptek\u0119 internetow\u0105 Zapraszamy do zakup\u00f3w online: https:\/\/apteka.bonifratrzy.pl\/ oraz w sklepie internetowym https:\/\/produktybonifraterskie.pl Bonifraterskie Centrum [&hellip;]<\/p>\n","protected":false},"author":1,"featured_media":0,"parent":0,"menu_order":12,"comment_status":"closed","ping_status":"closed","template":"","meta":{"footnotes":""},"_links":{"self":[{"href":"https:\/\/bonifratrzy.pl\/klasztor-wroclaw\/wp-json\/wp\/v2\/pages\/28"}],"collection":[{"href":"https:\/\/bonifratrzy.pl\/klasztor-wroclaw\/wp-json\/wp\/v2\/pages"}],"about":[{"href":"https:\/\/bonifratrzy.pl\/klasztor-wroclaw\/wp-json\/wp\/v2\/types\/page"}],"author":[{"embeddable":true,"href":"https:\/\/bonifratrzy.pl\/klasztor-wroclaw\/wp-json\/wp\/v2\/users\/1"}],"replies":[{"embeddable":true,"href":"https:\/\/bonifratrzy.pl\/klasztor-wroclaw\/wp-json\/wp\/v2\/comments?post=28"}],"version-history":[{"count":16,"href":"https:\/\/bonifratrzy.pl\/klasztor-wroclaw\/wp-json\/wp\/v2\/pages\/28\/revisions"}],"predecessor-version":[{"id":412,"href":"https:\/\/bonifratrzy.pl\/klasztor-wroclaw\/wp-json\/wp\/v2\/pages\/28\/revisions\/412"}],"wp:attachment":[{"href":"https:\/\/bonifratrzy.pl\/klasztor-wroclaw\/wp-json\/wp\/v2\/media?parent=28"}],"curies":[{"name":"wp","href":"https:\/\/api.w.org\/{rel}","templated":true}]}}