{"id":279,"date":"2024-11-29T16:17:08","date_gmt":"2024-11-29T15:17:08","guid":{"rendered":"https:\/\/bonifratrzy.pl\/klasztor-wroclaw\/?page_id=279"},"modified":"2024-12-03T09:12:39","modified_gmt":"2024-12-03T08:12:39","slug":"wspieranie-dzialan-archiwalnych-2022","status":"publish","type":"page","link":"https:\/\/bonifratrzy.pl\/klasztor-wroclaw\/wspieranie-dzialan-archiwalnych-2022\/","title":{"rendered":"Wspieranie Dzia\u0142a\u0144 Archiwalnych 2022"},"content":{"rendered":"\n\n\n<figure class=\"wp-block-image size-large is-resized\"><img loading=\"lazy\" decoding=\"async\" width=\"1024\" height=\"735\" src=\"https:\/\/bonifratrzy.pl\/klasztor-wroclaw\/wp-content\/uploads\/sites\/16\/2024\/11\/Logo-do-umieszczenia-na-strone-1024x735.jpg\" alt=\"\" class=\"wp-image-280\" style=\"width:840px;height:auto\" srcset=\"https:\/\/bonifratrzy.pl\/klasztor-wroclaw\/wp-content\/uploads\/sites\/16\/2024\/11\/Logo-do-umieszczenia-na-strone-1024x735.jpg 1024w, https:\/\/bonifratrzy.pl\/klasztor-wroclaw\/wp-content\/uploads\/sites\/16\/2024\/11\/Logo-do-umieszczenia-na-strone-300x215.jpg 300w, https:\/\/bonifratrzy.pl\/klasztor-wroclaw\/wp-content\/uploads\/sites\/16\/2024\/11\/Logo-do-umieszczenia-na-strone-768x551.jpg 768w, https:\/\/bonifratrzy.pl\/klasztor-wroclaw\/wp-content\/uploads\/sites\/16\/2024\/11\/Logo-do-umieszczenia-na-strone-1536x1102.jpg 1536w, https:\/\/bonifratrzy.pl\/klasztor-wroclaw\/wp-content\/uploads\/sites\/16\/2024\/11\/Logo-do-umieszczenia-na-strone.jpg 1629w\" sizes=\"(max-width: 1024px) 100vw, 1024px\" \/><\/figure>\n\n\n\n<p><strong>Realizacja projektu <\/strong><strong><em>Kompleksowe prace nad archiwaliami z\u0105bkowickich bonifratr\u00f3w<\/em><\/strong><\/p>\n\n\n\n<p>W okresie od 30 czerwca do 2 grudnia bie\u017c\u0105cego roku konwent realizowa\u0142 projekt <em>Kompleksowe prace nad archiwaliami z\u0105bkowickich bonifratr\u00f3w<\/em>. Ca\u0142o\u015b\u0107 zasobu archiwalnego pochodz\u0105cego z klasztoru w Z\u0105bkowicach \u015al\u0105skich najpierw zosta\u0142a poddana dezynfekcji i czyszczeniu, nast\u0119pnie za\u015b przyst\u0105piono do sporz\u0105dzania inwentarza zespo\u0142u. \u0141\u0105cznie wyodr\u0119bniono 181 jednostek archiwalnych oznaczonych sygnaturami AKBW 1 \u2013 AKBW 181. W ramach zadania wykonano r\u00f3wnie\u017c kompletn\u0105 konserwacj\u0119 rysunku na papierze \u2013 projektu o\u0142tarza p.w. \u015bw. Rodziny dla ko\u015bcio\u0142a bonifratr\u00f3w w Z\u0105bkowicach \u015al\u0105skich. Obiekt zosta\u0142 w sporz\u0105dzonym inwentarzu oznaczony sygnatur\u0105 AKBW 80.&nbsp;<\/p>\n\n\n\n<p>Prace dofinansowane zosta\u0142y przez Naczelnego Dyrektora Archiw\u00f3w Pa\u0144stwowych w ramach konkursu Wspieranie Dzia\u0142a\u0144 Archiwalnych 2022. \u0141\u0105czny koszt realizacji zadania wyni\u00f3s\u0142 33&nbsp;970 z\u0142 za\u015b dofinansowanie 29&nbsp;934 z\u0142 (88,12%).<\/p>\n\n\n\n<p>Zapraszamy do odwiedzenia naszego archiwum oraz do zapoznania si\u0119 z efektem wykonanych prac.<\/p>\n\n\n\n<div style=\"height:30px\" aria-hidden=\"true\" class=\"wp-block-spacer\"><\/div>\n\n\n\n<div class=\"wp-block-file\"><a id=\"wp-block-file--media-9e5b6c58-209a-4c08-b3cf-859f03fcae4c\" href=\"https:\/\/bonifratrzy.pl\/klasztor-wroclaw\/wp-content\/uploads\/sites\/16\/2024\/11\/Archiwum-Konwentu-Bonifratrow-we-Wroc\u00b3awiu-Inwentarz-zespo\u00b3u-archiwaliow-z-klasztoru-bonifratrow-w-Z\u00b1bkowicach-\u00a6l\u00b1skich.pdf\">Archiwum Konwentu Bonifratr\u00f3w We Wroc\u0142awiu Inwentarz Zespo\u0142u Archiwali\u00f3w Z Klasztoru Bonifratr\u00f3w W Z\u0105bkowicach \u015al\u0105skich<\/a><a href=\"https:\/\/bonifratrzy.pl\/klasztor-wroclaw\/wp-content\/uploads\/sites\/16\/2024\/11\/Archiwum-Konwentu-Bonifratrow-we-Wroc\u00b3awiu-Inwentarz-zespo\u00b3u-archiwaliow-z-klasztoru-bonifratrow-w-Z\u00b1bkowicach-\u00a6l\u00b1skich.pdf\" class=\"wp-block-file__button wp-element-button\" download aria-describedby=\"wp-block-file--media-9e5b6c58-209a-4c08-b3cf-859f03fcae4c\">Pobierz<\/a><\/div>\n\n\n\n<div style=\"height:30px\" aria-hidden=\"true\" class=\"wp-block-spacer\"><\/div>\n\n\n\n<figure class=\"wp-block-gallery has-nested-images columns-3 wp-block-gallery-1 is-layout-flex wp-block-gallery-is-layout-flex\">\n<figure class=\"wp-block-image size-large\"><a href=\"https:\/\/bonifratrzy.pl\/klasztor-wroclaw\/wp-content\/uploads\/sites\/16\/2024\/11\/Fot.-1.-Projekt-o\u00b3tarza-p.w.-\u00b6w.-Rodziny-sygn.-AKBW-80-przed-konserwacj\u00b1.jpg\"><img loading=\"lazy\" decoding=\"async\" width=\"542\" height=\"1024\" data-id=\"281\" src=\"https:\/\/bonifratrzy.pl\/klasztor-wroclaw\/wp-content\/uploads\/sites\/16\/2024\/11\/Fot.-1.-Projekt-o\u00b3tarza-p.w.-\u00b6w.-Rodziny-sygn.-AKBW-80-przed-konserwacj\u00b1-542x1024.jpg\" alt=\"\" class=\"wp-image-281\" srcset=\"https:\/\/bonifratrzy.pl\/klasztor-wroclaw\/wp-content\/uploads\/sites\/16\/2024\/11\/Fot.-1.-Projekt-o\u00b3tarza-p.w.-\u00b6w.-Rodziny-sygn.-AKBW-80-przed-konserwacj\u00b1-542x1024.jpg 542w, https:\/\/bonifratrzy.pl\/klasztor-wroclaw\/wp-content\/uploads\/sites\/16\/2024\/11\/Fot.-1.-Projekt-o\u00b3tarza-p.w.-\u00b6w.-Rodziny-sygn.-AKBW-80-przed-konserwacj\u00b1-159x300.jpg 159w, https:\/\/bonifratrzy.pl\/klasztor-wroclaw\/wp-content\/uploads\/sites\/16\/2024\/11\/Fot.-1.-Projekt-o\u00b3tarza-p.w.-\u00b6w.-Rodziny-sygn.-AKBW-80-przed-konserwacj\u00b1.jpg 677w\" sizes=\"(max-width: 542px) 100vw, 542px\" \/><\/a><\/figure>\n\n\n\n<figure class=\"wp-block-image size-large\"><a href=\"https:\/\/bonifratrzy.pl\/klasztor-wroclaw\/wp-content\/uploads\/sites\/16\/2024\/11\/Fot.-2.-Projekt-o\u00b3tarza-p.w.-\u00b6w.-Rodziny-sygn.-AKBW-80-przed-konserwacj\u00b1.jpg\"><img loading=\"lazy\" decoding=\"async\" width=\"1024\" height=\"630\" data-id=\"282\" src=\"https:\/\/bonifratrzy.pl\/klasztor-wroclaw\/wp-content\/uploads\/sites\/16\/2024\/11\/Fot.-2.-Projekt-o\u00b3tarza-p.w.-\u00b6w.-Rodziny-sygn.-AKBW-80-przed-konserwacj\u00b1-1024x630.jpg\" alt=\"\" class=\"wp-image-282\" srcset=\"https:\/\/bonifratrzy.pl\/klasztor-wroclaw\/wp-content\/uploads\/sites\/16\/2024\/11\/Fot.-2.-Projekt-o\u00b3tarza-p.w.-\u00b6w.-Rodziny-sygn.-AKBW-80-przed-konserwacj\u00b1-1024x630.jpg 1024w, https:\/\/bonifratrzy.pl\/klasztor-wroclaw\/wp-content\/uploads\/sites\/16\/2024\/11\/Fot.-2.-Projekt-o\u00b3tarza-p.w.-\u00b6w.-Rodziny-sygn.-AKBW-80-przed-konserwacj\u00b1-300x184.jpg 300w, https:\/\/bonifratrzy.pl\/klasztor-wroclaw\/wp-content\/uploads\/sites\/16\/2024\/11\/Fot.-2.-Projekt-o\u00b3tarza-p.w.-\u00b6w.-Rodziny-sygn.-AKBW-80-przed-konserwacj\u00b1-768x472.jpg 768w, https:\/\/bonifratrzy.pl\/klasztor-wroclaw\/wp-content\/uploads\/sites\/16\/2024\/11\/Fot.-2.-Projekt-o\u00b3tarza-p.w.-\u00b6w.-Rodziny-sygn.-AKBW-80-przed-konserwacj\u00b1.jpg 1280w\" sizes=\"(max-width: 1024px) 100vw, 1024px\" \/><\/a><\/figure>\n\n\n\n<figure class=\"wp-block-image size-large\"><a href=\"https:\/\/bonifratrzy.pl\/klasztor-wroclaw\/wp-content\/uploads\/sites\/16\/2024\/11\/Fot.-3.-Projekt-o\u00b3tarza-p.w.-\u00b6w.-Rodziny-sygn.-AKBW-80-przed-konserwacj\u00b1.jpg\"><img loading=\"lazy\" decoding=\"async\" width=\"609\" height=\"1024\" data-id=\"283\" src=\"https:\/\/bonifratrzy.pl\/klasztor-wroclaw\/wp-content\/uploads\/sites\/16\/2024\/11\/Fot.-3.-Projekt-o\u00b3tarza-p.w.-\u00b6w.-Rodziny-sygn.-AKBW-80-przed-konserwacj\u00b1-609x1024.jpg\" alt=\"\" class=\"wp-image-283\" srcset=\"https:\/\/bonifratrzy.pl\/klasztor-wroclaw\/wp-content\/uploads\/sites\/16\/2024\/11\/Fot.-3.-Projekt-o\u00b3tarza-p.w.-\u00b6w.-Rodziny-sygn.-AKBW-80-przed-konserwacj\u00b1-609x1024.jpg 609w, https:\/\/bonifratrzy.pl\/klasztor-wroclaw\/wp-content\/uploads\/sites\/16\/2024\/11\/Fot.-3.-Projekt-o\u00b3tarza-p.w.-\u00b6w.-Rodziny-sygn.-AKBW-80-przed-konserwacj\u00b1-178x300.jpg 178w, https:\/\/bonifratrzy.pl\/klasztor-wroclaw\/wp-content\/uploads\/sites\/16\/2024\/11\/Fot.-3.-Projekt-o\u00b3tarza-p.w.-\u00b6w.-Rodziny-sygn.-AKBW-80-przed-konserwacj\u00b1.jpg 761w\" sizes=\"(max-width: 609px) 100vw, 609px\" \/><\/a><\/figure>\n\n\n\n<figure class=\"wp-block-image size-large\"><a href=\"https:\/\/bonifratrzy.pl\/klasztor-wroclaw\/wp-content\/uploads\/sites\/16\/2024\/11\/Fot.-4.-Projekt-o\u00b3tarza-p.w.-\u00b6w.-Rodziny-sygn.-AKBW-80-w-czasie-prac-konserwatorskich.jpg\"><img loading=\"lazy\" decoding=\"async\" width=\"1024\" height=\"682\" data-id=\"284\" src=\"https:\/\/bonifratrzy.pl\/klasztor-wroclaw\/wp-content\/uploads\/sites\/16\/2024\/11\/Fot.-4.-Projekt-o\u00b3tarza-p.w.-\u00b6w.-Rodziny-sygn.-AKBW-80-w-czasie-prac-konserwatorskich-1024x682.jpg\" alt=\"\" class=\"wp-image-284\" srcset=\"https:\/\/bonifratrzy.pl\/klasztor-wroclaw\/wp-content\/uploads\/sites\/16\/2024\/11\/Fot.-4.-Projekt-o\u00b3tarza-p.w.-\u00b6w.-Rodziny-sygn.-AKBW-80-w-czasie-prac-konserwatorskich-1024x682.jpg 1024w, https:\/\/bonifratrzy.pl\/klasztor-wroclaw\/wp-content\/uploads\/sites\/16\/2024\/11\/Fot.-4.-Projekt-o\u00b3tarza-p.w.-\u00b6w.-Rodziny-sygn.-AKBW-80-w-czasie-prac-konserwatorskich-300x200.jpg 300w, https:\/\/bonifratrzy.pl\/klasztor-wroclaw\/wp-content\/uploads\/sites\/16\/2024\/11\/Fot.-4.-Projekt-o\u00b3tarza-p.w.-\u00b6w.-Rodziny-sygn.-AKBW-80-w-czasie-prac-konserwatorskich-768x512.jpg 768w, https:\/\/bonifratrzy.pl\/klasztor-wroclaw\/wp-content\/uploads\/sites\/16\/2024\/11\/Fot.-4.-Projekt-o\u00b3tarza-p.w.-\u00b6w.-Rodziny-sygn.-AKBW-80-w-czasie-prac-konserwatorskich-1536x1024.jpg 1536w, https:\/\/bonifratrzy.pl\/klasztor-wroclaw\/wp-content\/uploads\/sites\/16\/2024\/11\/Fot.-4.-Projekt-o\u00b3tarza-p.w.-\u00b6w.-Rodziny-sygn.-AKBW-80-w-czasie-prac-konserwatorskich.jpg 1820w\" sizes=\"(max-width: 1024px) 100vw, 1024px\" \/><\/a><\/figure>\n\n\n\n<figure class=\"wp-block-image size-large\"><a href=\"https:\/\/bonifratrzy.pl\/klasztor-wroclaw\/wp-content\/uploads\/sites\/16\/2024\/11\/Fot.-5.-Projekt-o\u00b3tarza-p.w.-\u00b6w.-Rodziny-sygn.-AKBW-80-w-czasie-prac-konserwatorskich.jpg\"><img loading=\"lazy\" decoding=\"async\" width=\"1024\" height=\"682\" data-id=\"285\" src=\"https:\/\/bonifratrzy.pl\/klasztor-wroclaw\/wp-content\/uploads\/sites\/16\/2024\/11\/Fot.-5.-Projekt-o\u00b3tarza-p.w.-\u00b6w.-Rodziny-sygn.-AKBW-80-w-czasie-prac-konserwatorskich-1024x682.jpg\" alt=\"\" class=\"wp-image-285\" srcset=\"https:\/\/bonifratrzy.pl\/klasztor-wroclaw\/wp-content\/uploads\/sites\/16\/2024\/11\/Fot.-5.-Projekt-o\u00b3tarza-p.w.-\u00b6w.-Rodziny-sygn.-AKBW-80-w-czasie-prac-konserwatorskich-1024x682.jpg 1024w, https:\/\/bonifratrzy.pl\/klasztor-wroclaw\/wp-content\/uploads\/sites\/16\/2024\/11\/Fot.-5.-Projekt-o\u00b3tarza-p.w.-\u00b6w.-Rodziny-sygn.-AKBW-80-w-czasie-prac-konserwatorskich-300x200.jpg 300w, https:\/\/bonifratrzy.pl\/klasztor-wroclaw\/wp-content\/uploads\/sites\/16\/2024\/11\/Fot.-5.-Projekt-o\u00b3tarza-p.w.-\u00b6w.-Rodziny-sygn.-AKBW-80-w-czasie-prac-konserwatorskich-768x512.jpg 768w, https:\/\/bonifratrzy.pl\/klasztor-wroclaw\/wp-content\/uploads\/sites\/16\/2024\/11\/Fot.-5.-Projekt-o\u00b3tarza-p.w.-\u00b6w.-Rodziny-sygn.-AKBW-80-w-czasie-prac-konserwatorskich-1536x1024.jpg 1536w, https:\/\/bonifratrzy.pl\/klasztor-wroclaw\/wp-content\/uploads\/sites\/16\/2024\/11\/Fot.-5.-Projekt-o\u00b3tarza-p.w.-\u00b6w.-Rodziny-sygn.-AKBW-80-w-czasie-prac-konserwatorskich.jpg 1820w\" sizes=\"(max-width: 1024px) 100vw, 1024px\" \/><\/a><\/figure>\n\n\n\n<figure class=\"wp-block-image size-large\"><a href=\"https:\/\/bonifratrzy.pl\/klasztor-wroclaw\/wp-content\/uploads\/sites\/16\/2024\/11\/Fot.-6.-Projekt-o\u00b3tarza-p.w.-\u00b6w.-Rodziny-sygn.-AKBW-80-w-czasie-prac-konserwatorskich.jpg\"><img loading=\"lazy\" decoding=\"async\" width=\"1024\" height=\"682\" data-id=\"286\" src=\"https:\/\/bonifratrzy.pl\/klasztor-wroclaw\/wp-content\/uploads\/sites\/16\/2024\/11\/Fot.-6.-Projekt-o\u00b3tarza-p.w.-\u00b6w.-Rodziny-sygn.-AKBW-80-w-czasie-prac-konserwatorskich-1024x682.jpg\" alt=\"\" class=\"wp-image-286\" srcset=\"https:\/\/bonifratrzy.pl\/klasztor-wroclaw\/wp-content\/uploads\/sites\/16\/2024\/11\/Fot.-6.-Projekt-o\u00b3tarza-p.w.-\u00b6w.-Rodziny-sygn.-AKBW-80-w-czasie-prac-konserwatorskich-1024x682.jpg 1024w, https:\/\/bonifratrzy.pl\/klasztor-wroclaw\/wp-content\/uploads\/sites\/16\/2024\/11\/Fot.-6.-Projekt-o\u00b3tarza-p.w.-\u00b6w.-Rodziny-sygn.-AKBW-80-w-czasie-prac-konserwatorskich-300x200.jpg 300w, https:\/\/bonifratrzy.pl\/klasztor-wroclaw\/wp-content\/uploads\/sites\/16\/2024\/11\/Fot.-6.-Projekt-o\u00b3tarza-p.w.-\u00b6w.-Rodziny-sygn.-AKBW-80-w-czasie-prac-konserwatorskich-768x512.jpg 768w, https:\/\/bonifratrzy.pl\/klasztor-wroclaw\/wp-content\/uploads\/sites\/16\/2024\/11\/Fot.-6.-Projekt-o\u00b3tarza-p.w.-\u00b6w.-Rodziny-sygn.-AKBW-80-w-czasie-prac-konserwatorskich-1536x1024.jpg 1536w, https:\/\/bonifratrzy.pl\/klasztor-wroclaw\/wp-content\/uploads\/sites\/16\/2024\/11\/Fot.-6.-Projekt-o\u00b3tarza-p.w.-\u00b6w.-Rodziny-sygn.-AKBW-80-w-czasie-prac-konserwatorskich.jpg 1820w\" sizes=\"(max-width: 1024px) 100vw, 1024px\" \/><\/a><\/figure>\n\n\n\n<figure class=\"wp-block-image size-large\"><a href=\"https:\/\/bonifratrzy.pl\/klasztor-wroclaw\/wp-content\/uploads\/sites\/16\/2024\/11\/Fot.-7.-Projekt-o\u00b3tarza-p.w.-\u00b6w.-Rodziny-sygn.-AKBW-80-po-konserwacji.jpg\"><img loading=\"lazy\" decoding=\"async\" width=\"587\" height=\"1024\" data-id=\"287\" src=\"https:\/\/bonifratrzy.pl\/klasztor-wroclaw\/wp-content\/uploads\/sites\/16\/2024\/11\/Fot.-7.-Projekt-o\u00b3tarza-p.w.-\u00b6w.-Rodziny-sygn.-AKBW-80-po-konserwacji-587x1024.jpg\" alt=\"\" class=\"wp-image-287\" srcset=\"https:\/\/bonifratrzy.pl\/klasztor-wroclaw\/wp-content\/uploads\/sites\/16\/2024\/11\/Fot.-7.-Projekt-o\u00b3tarza-p.w.-\u00b6w.-Rodziny-sygn.-AKBW-80-po-konserwacji-587x1024.jpg 587w, https:\/\/bonifratrzy.pl\/klasztor-wroclaw\/wp-content\/uploads\/sites\/16\/2024\/11\/Fot.-7.-Projekt-o\u00b3tarza-p.w.-\u00b6w.-Rodziny-sygn.-AKBW-80-po-konserwacji-172x300.jpg 172w, https:\/\/bonifratrzy.pl\/klasztor-wroclaw\/wp-content\/uploads\/sites\/16\/2024\/11\/Fot.-7.-Projekt-o\u00b3tarza-p.w.-\u00b6w.-Rodziny-sygn.-AKBW-80-po-konserwacji-768x1339.jpg 768w, https:\/\/bonifratrzy.pl\/klasztor-wroclaw\/wp-content\/uploads\/sites\/16\/2024\/11\/Fot.-7.-Projekt-o\u00b3tarza-p.w.-\u00b6w.-Rodziny-sygn.-AKBW-80-po-konserwacji-881x1536.jpg 881w, https:\/\/bonifratrzy.pl\/klasztor-wroclaw\/wp-content\/uploads\/sites\/16\/2024\/11\/Fot.-7.-Projekt-o\u00b3tarza-p.w.-\u00b6w.-Rodziny-sygn.-AKBW-80-po-konserwacji.jpg 1044w\" sizes=\"(max-width: 587px) 100vw, 587px\" \/><\/a><\/figure>\n\n\n\n<figure class=\"wp-block-image size-large\"><a href=\"https:\/\/bonifratrzy.pl\/klasztor-wroclaw\/wp-content\/uploads\/sites\/16\/2024\/11\/Fot.-8.-Projekt-o\u00b3tarza-p.w.-\u00b6w.-Rodziny-sygn.-AKBW-80-po-konserwacji.jpg\"><img loading=\"lazy\" decoding=\"async\" width=\"555\" height=\"1024\" data-id=\"288\" src=\"https:\/\/bonifratrzy.pl\/klasztor-wroclaw\/wp-content\/uploads\/sites\/16\/2024\/11\/Fot.-8.-Projekt-o\u00b3tarza-p.w.-\u00b6w.-Rodziny-sygn.-AKBW-80-po-konserwacji-555x1024.jpg\" alt=\"\" class=\"wp-image-288\" srcset=\"https:\/\/bonifratrzy.pl\/klasztor-wroclaw\/wp-content\/uploads\/sites\/16\/2024\/11\/Fot.-8.-Projekt-o\u00b3tarza-p.w.-\u00b6w.-Rodziny-sygn.-AKBW-80-po-konserwacji-555x1024.jpg 555w, https:\/\/bonifratrzy.pl\/klasztor-wroclaw\/wp-content\/uploads\/sites\/16\/2024\/11\/Fot.-8.-Projekt-o\u00b3tarza-p.w.-\u00b6w.-Rodziny-sygn.-AKBW-80-po-konserwacji-163x300.jpg 163w, https:\/\/bonifratrzy.pl\/klasztor-wroclaw\/wp-content\/uploads\/sites\/16\/2024\/11\/Fot.-8.-Projekt-o\u00b3tarza-p.w.-\u00b6w.-Rodziny-sygn.-AKBW-80-po-konserwacji-768x1416.jpg 768w, https:\/\/bonifratrzy.pl\/klasztor-wroclaw\/wp-content\/uploads\/sites\/16\/2024\/11\/Fot.-8.-Projekt-o\u00b3tarza-p.w.-\u00b6w.-Rodziny-sygn.-AKBW-80-po-konserwacji-833x1536.jpg 833w, https:\/\/bonifratrzy.pl\/klasztor-wroclaw\/wp-content\/uploads\/sites\/16\/2024\/11\/Fot.-8.-Projekt-o\u00b3tarza-p.w.-\u00b6w.-Rodziny-sygn.-AKBW-80-po-konserwacji.jpg 987w\" sizes=\"(max-width: 555px) 100vw, 555px\" \/><\/a><\/figure>\n\n\n\n<figure class=\"wp-block-image size-large\"><a href=\"https:\/\/bonifratrzy.pl\/klasztor-wroclaw\/wp-content\/uploads\/sites\/16\/2024\/11\/Fot.-9.-Projekt-o\u00b3tarza-p.w.-\u00b6w.-Rodziny-sygn.-AKBW-80-po-konserwacji.jpg\"><img loading=\"lazy\" decoding=\"async\" width=\"1024\" height=\"630\" data-id=\"289\" src=\"https:\/\/bonifratrzy.pl\/klasztor-wroclaw\/wp-content\/uploads\/sites\/16\/2024\/11\/Fot.-9.-Projekt-o\u00b3tarza-p.w.-\u00b6w.-Rodziny-sygn.-AKBW-80-po-konserwacji-1024x630.jpg\" alt=\"\" class=\"wp-image-289\" srcset=\"https:\/\/bonifratrzy.pl\/klasztor-wroclaw\/wp-content\/uploads\/sites\/16\/2024\/11\/Fot.-9.-Projekt-o\u00b3tarza-p.w.-\u00b6w.-Rodziny-sygn.-AKBW-80-po-konserwacji-1024x630.jpg 1024w, https:\/\/bonifratrzy.pl\/klasztor-wroclaw\/wp-content\/uploads\/sites\/16\/2024\/11\/Fot.-9.-Projekt-o\u00b3tarza-p.w.-\u00b6w.-Rodziny-sygn.-AKBW-80-po-konserwacji-300x184.jpg 300w, https:\/\/bonifratrzy.pl\/klasztor-wroclaw\/wp-content\/uploads\/sites\/16\/2024\/11\/Fot.-9.-Projekt-o\u00b3tarza-p.w.-\u00b6w.-Rodziny-sygn.-AKBW-80-po-konserwacji-768x472.jpg 768w, https:\/\/bonifratrzy.pl\/klasztor-wroclaw\/wp-content\/uploads\/sites\/16\/2024\/11\/Fot.-9.-Projekt-o\u00b3tarza-p.w.-\u00b6w.-Rodziny-sygn.-AKBW-80-po-konserwacji-1536x944.jpg 1536w, https:\/\/bonifratrzy.pl\/klasztor-wroclaw\/wp-content\/uploads\/sites\/16\/2024\/11\/Fot.-9.-Projekt-o\u00b3tarza-p.w.-\u00b6w.-Rodziny-sygn.-AKBW-80-po-konserwacji.jpg 1820w\" sizes=\"(max-width: 1024px) 100vw, 1024px\" \/><\/a><\/figure>\n\n\n\n<figure class=\"wp-block-image size-large\"><a href=\"https:\/\/bonifratrzy.pl\/klasztor-wroclaw\/wp-content\/uploads\/sites\/16\/2024\/11\/Fot.-10.-Projekt-o\u00b3tarza-p.w.-\u00b6w.-Rodziny-sygn.-AKBW-80-po-konserwacji.jpg\"><img loading=\"lazy\" decoding=\"async\" width=\"625\" height=\"1024\" data-id=\"290\" src=\"https:\/\/bonifratrzy.pl\/klasztor-wroclaw\/wp-content\/uploads\/sites\/16\/2024\/11\/Fot.-10.-Projekt-o\u00b3tarza-p.w.-\u00b6w.-Rodziny-sygn.-AKBW-80-po-konserwacji-625x1024.jpg\" alt=\"\" class=\"wp-image-290\" srcset=\"https:\/\/bonifratrzy.pl\/klasztor-wroclaw\/wp-content\/uploads\/sites\/16\/2024\/11\/Fot.-10.-Projekt-o\u00b3tarza-p.w.-\u00b6w.-Rodziny-sygn.-AKBW-80-po-konserwacji-625x1024.jpg 625w, https:\/\/bonifratrzy.pl\/klasztor-wroclaw\/wp-content\/uploads\/sites\/16\/2024\/11\/Fot.-10.-Projekt-o\u00b3tarza-p.w.-\u00b6w.-Rodziny-sygn.-AKBW-80-po-konserwacji-183x300.jpg 183w, https:\/\/bonifratrzy.pl\/klasztor-wroclaw\/wp-content\/uploads\/sites\/16\/2024\/11\/Fot.-10.-Projekt-o\u00b3tarza-p.w.-\u00b6w.-Rodziny-sygn.-AKBW-80-po-konserwacji-768x1258.jpg 768w, https:\/\/bonifratrzy.pl\/klasztor-wroclaw\/wp-content\/uploads\/sites\/16\/2024\/11\/Fot.-10.-Projekt-o\u00b3tarza-p.w.-\u00b6w.-Rodziny-sygn.-AKBW-80-po-konserwacji-938x1536.jpg 938w, https:\/\/bonifratrzy.pl\/klasztor-wroclaw\/wp-content\/uploads\/sites\/16\/2024\/11\/Fot.-10.-Projekt-o\u00b3tarza-p.w.-\u00b6w.-Rodziny-sygn.-AKBW-80-po-konserwacji.jpg 1111w\" sizes=\"(max-width: 625px) 100vw, 625px\" \/><\/a><\/figure>\n\n\n\n<figure class=\"wp-block-image size-large\"><a href=\"https:\/\/bonifratrzy.pl\/klasztor-wroclaw\/wp-content\/uploads\/sites\/16\/2024\/11\/Fot.-11.-Zespo\u00b3-archiwaliow-pochodz\u00b1cy-z-klasztoru-w-Z\u00b1bkowicach-\u00a6l\u00b1skich-po-dezynfekcji-czyszczeniu-oraz-sporz\u00b1dzeniu-inwentarza-archiwalnego-scaled.jpg\"><img loading=\"lazy\" decoding=\"async\" width=\"768\" height=\"1024\" data-id=\"291\" src=\"https:\/\/bonifratrzy.pl\/klasztor-wroclaw\/wp-content\/uploads\/sites\/16\/2024\/11\/Fot.-11.-Zespo\u00b3-archiwaliow-pochodz\u00b1cy-z-klasztoru-w-Z\u00b1bkowicach-\u00a6l\u00b1skich-po-dezynfekcji-czyszczeniu-oraz-sporz\u00b1dzeniu-inwentarza-archiwalnego-768x1024.jpg\" alt=\"\" class=\"wp-image-291\" srcset=\"https:\/\/bonifratrzy.pl\/klasztor-wroclaw\/wp-content\/uploads\/sites\/16\/2024\/11\/Fot.-11.-Zespo\u00b3-archiwaliow-pochodz\u00b1cy-z-klasztoru-w-Z\u00b1bkowicach-\u00a6l\u00b1skich-po-dezynfekcji-czyszczeniu-oraz-sporz\u00b1dzeniu-inwentarza-archiwalnego-768x1024.jpg 768w, https:\/\/bonifratrzy.pl\/klasztor-wroclaw\/wp-content\/uploads\/sites\/16\/2024\/11\/Fot.-11.-Zespo\u00b3-archiwaliow-pochodz\u00b1cy-z-klasztoru-w-Z\u00b1bkowicach-\u00a6l\u00b1skich-po-dezynfekcji-czyszczeniu-oraz-sporz\u00b1dzeniu-inwentarza-archiwalnego-225x300.jpg 225w, https:\/\/bonifratrzy.pl\/klasztor-wroclaw\/wp-content\/uploads\/sites\/16\/2024\/11\/Fot.-11.-Zespo\u00b3-archiwaliow-pochodz\u00b1cy-z-klasztoru-w-Z\u00b1bkowicach-\u00a6l\u00b1skich-po-dezynfekcji-czyszczeniu-oraz-sporz\u00b1dzeniu-inwentarza-archiwalnego-1152x1536.jpg 1152w, https:\/\/bonifratrzy.pl\/klasztor-wroclaw\/wp-content\/uploads\/sites\/16\/2024\/11\/Fot.-11.-Zespo\u00b3-archiwaliow-pochodz\u00b1cy-z-klasztoru-w-Z\u00b1bkowicach-\u00a6l\u00b1skich-po-dezynfekcji-czyszczeniu-oraz-sporz\u00b1dzeniu-inwentarza-archiwalnego-1536x2048.jpg 1536w, https:\/\/bonifratrzy.pl\/klasztor-wroclaw\/wp-content\/uploads\/sites\/16\/2024\/11\/Fot.-11.-Zespo\u00b3-archiwaliow-pochodz\u00b1cy-z-klasztoru-w-Z\u00b1bkowicach-\u00a6l\u00b1skich-po-dezynfekcji-czyszczeniu-oraz-sporz\u00b1dzeniu-inwentarza-archiwalnego-scaled.jpg 1920w\" sizes=\"(max-width: 768px) 100vw, 768px\" \/><\/a><\/figure>\n<\/figure>\n\n\n\n<div style=\"height:30px\" aria-hidden=\"true\" class=\"wp-block-spacer\"><\/div>\n","protected":false},"excerpt":{"rendered":"<p>Realizacja projektu Kompleksowe prace nad archiwaliami z\u0105bkowickich bonifratr\u00f3w W okresie od 30 czerwca do 2 grudnia bie\u017c\u0105cego roku konwent realizowa\u0142 projekt Kompleksowe prace nad archiwaliami z\u0105bkowickich bonifratr\u00f3w. Ca\u0142o\u015b\u0107 zasobu archiwalnego pochodz\u0105cego z klasztoru w Z\u0105bkowicach \u015al\u0105skich najpierw zosta\u0142a poddana dezynfekcji i czyszczeniu, nast\u0119pnie za\u015b przyst\u0105piono do sporz\u0105dzania inwentarza zespo\u0142u. \u0141\u0105cznie wyodr\u0119bniono 181 jednostek archiwalnych oznaczonych [&hellip;]<\/p>\n","protected":false},"author":1,"featured_media":0,"parent":0,"menu_order":6,"comment_status":"closed","ping_status":"closed","template":"","meta":{"footnotes":""},"_links":{"self":[{"href":"https:\/\/bonifratrzy.pl\/klasztor-wroclaw\/wp-json\/wp\/v2\/pages\/279"}],"collection":[{"href":"https:\/\/bonifratrzy.pl\/klasztor-wroclaw\/wp-json\/wp\/v2\/pages"}],"about":[{"href":"https:\/\/bonifratrzy.pl\/klasztor-wroclaw\/wp-json\/wp\/v2\/types\/page"}],"author":[{"embeddable":true,"href":"https:\/\/bonifratrzy.pl\/klasztor-wroclaw\/wp-json\/wp\/v2\/users\/1"}],"replies":[{"embeddable":true,"href":"https:\/\/bonifratrzy.pl\/klasztor-wroclaw\/wp-json\/wp\/v2\/comments?post=279"}],"version-history":[{"count":6,"href":"https:\/\/bonifratrzy.pl\/klasztor-wroclaw\/wp-json\/wp\/v2\/pages\/279\/revisions"}],"predecessor-version":[{"id":325,"href":"https:\/\/bonifratrzy.pl\/klasztor-wroclaw\/wp-json\/wp\/v2\/pages\/279\/revisions\/325"}],"wp:attachment":[{"href":"https:\/\/bonifratrzy.pl\/klasztor-wroclaw\/wp-json\/wp\/v2\/media?parent=279"}],"curies":[{"name":"wp","href":"https:\/\/api.w.org\/{rel}","templated":true}]}}